{"id":1612,"date":"2019-01-03T20:43:36","date_gmt":"2019-01-03T20:43:36","guid":{"rendered":"http:\/\/avicom.icom.cust.oxymium.net\/archives\/2006-2\/constitution-du-jury-international-2\/"},"modified":"2019-01-03T20:46:06","modified_gmt":"2019-01-03T20:46:06","slug":"constitution-du-jury-international-2","status":"publish","type":"page","link":"https:\/\/avicom.mini.icom.museum\/fr\/archives\/2006-2\/constitution-du-jury-international-2\/","title":{"rendered":"Constitution du jury international"},"content":{"rendered":"<div id=\"RTE_CONTENT\"> <!--TYPO3SEARCH_begin--> \t<!--  CONTENT ELEMENT, uid:5992\/textpic [begin] --> \t\t<\/p>\n<div id=\"c5992\"> \t\t<!--  Header: [begin] --> \t\t\t<\/p>\n<h2>Archives<\/h2>\n<p> \t\t<!--  Header: [end] --> \t\t\t \t\t<!--  Image block: [begin] --> \t\t\t<\/p>\n<div>\n<div><img decoding=\"async\" src=\"http:\/\/avicom.mini.icom.museum\/wp-content\/uploads\/sites\/3\/2019\/01\/logo_fiamp_36.jpg\" alt=\"\"><\/div>\n<div> \t\t<!--  Text: [begin] --> \t\t\t<\/p>\n<h2>FIAMP.2006<\/h2>\n<h3> Mus\u00e9e national de la Marine \u00e0 Paris,  12 &#8211; 14 d\u00e9cembre 2006<\/h3>\n<h2>Jury<\/h2>\n<ul>\n<li>\n<p><strong>Marie-Fran\u00e7oise DELVAL<\/strong>, Pr\u00e9sidente d&#8217;AVICOM, Commissaire g\u00e9n\u00e9ral du Fiamp, France<\/p>\n<\/li>\n<li>\n<p><strong>Alain MASS\u00c9<\/strong>, Secr\u00e9taire G\u00e9n\u00e9ral du comit\u00e9 AVICOM, Canada<\/p>\n<\/li>\n<li>\n<p><strong>Anne AVARO<\/strong>, Ecole national du Patrimoine Africain, Cameroun<\/p>\n<\/li>\n<li>\n<p><strong>Anne-Laure SANTERNE<\/strong>, commissaire g\u00e9n\u00e9ral adjoint du Fiamp, France<\/p>\n<\/li>\n<li>\n<p><strong>Carla BONOMI<\/strong>, webmestre du site institutionnel de l&#8217;ICOM, Italie<\/p>\n<\/li>\n<li>\n<p><strong>Marie-Ange LAUMONIER<\/strong>, Charg\u00e9e de mission \u2013 Pr\u00e9sidence d&#8217;ARTE France, France<\/p>\n<\/li>\n<li>\n<p><strong>Eric LANGLOIS<\/strong>, Professeur en design graphique et chercheur en cybermus\u00e9ologie Directeur des programmes en arts, Universit\u00e9 du Qu\u00e9bec en Outaouais, Canada<\/p>\n<\/li>\n<li>\n<p><strong>Pascale MARCHAND<\/strong>, assistante de direction, Mus\u00e9e National de la Marine, France<\/p>\n<\/li>\n<\/ul>\n<p>Le jury s&#8217;est r\u00e9uni au mus\u00e9e national de la Marine \u00e0 Paris, du 12 au 14 d\u00e9cembre 2006, pour visionner les S\u00e9lections Officielles des productions inscrites \u00e0 la comp\u00e9tition.<\/p>\n<p> \t\t<!--  Text: [end] --> \t\t\t<\/div>\n<\/p><\/div>\n<div><!-- --><\/div>\n<p> \t\t<!--  Image block: [end] --> \t\t\t   \t<!--  \t\tBEGIN: Content of extension \"hpo_relatedlink\", plugin \"tx_hporelatedlink_pi1\"  \t--> \t<\/p>\n<div> \t\t \t<\/div>\n<p> \t \t<!-- END: Content of extension \"hpo_relatedlink\", plugin \"tx_hporelatedlink_pi1\" -->  \t<\/div>\n<p> \t<!--  CONTENT ELEMENT, uid:5992\/textpic [end] --> \t\t<!--TYPO3SEARCH_end--> <\/div>\n","protected":false},"excerpt":{"rendered":"<p>Archives FIAMP.2006 Mus\u00e9e national de la Marine \u00e0 Paris, 12 &#8211; 14 d\u00e9cembre 2006 Jury Marie-Fran\u00e7oise DELVAL, Pr\u00e9sidente d&#8217;AVICOM, Commissaire g\u00e9n\u00e9ral du Fiamp, France Alain MASS\u00c9, Secr\u00e9taire G\u00e9n\u00e9ral du comit\u00e9 AVICOM, Canada Anne AVARO, Ecole national du Patrimoine Africain, Cameroun Anne-Laure SANTERNE, commissaire g\u00e9n\u00e9ral adjoint du Fiamp, France Carla BONOMI, webmestre du site institutionnel de [&hellip;]<\/p>\n","protected":false},"author":1,"featured_media":0,"parent":630,"menu_order":10,"comment_status":"closed","ping_status":"closed","template":"","meta":{"footnotes":""},"yst_prominent_words":[],"acf":[],"_links":{"self":[{"href":"https:\/\/avicom.mini.icom.museum\/fr\/wp-json\/wp\/v2\/pages\/1612"}],"collection":[{"href":"https:\/\/avicom.mini.icom.museum\/fr\/wp-json\/wp\/v2\/pages"}],"about":[{"href":"https:\/\/avicom.mini.icom.museum\/fr\/wp-json\/wp\/v2\/types\/page"}],"author":[{"embeddable":true,"href":"https:\/\/avicom.mini.icom.museum\/fr\/wp-json\/wp\/v2\/users\/1"}],"replies":[{"embeddable":true,"href":"https:\/\/avicom.mini.icom.museum\/fr\/wp-json\/wp\/v2\/comments?post=1612"}],"version-history":[{"count":1,"href":"https:\/\/avicom.mini.icom.museum\/fr\/wp-json\/wp\/v2\/pages\/1612\/revisions"}],"predecessor-version":[{"id":1967,"href":"https:\/\/avicom.mini.icom.museum\/fr\/wp-json\/wp\/v2\/pages\/1612\/revisions\/1967"}],"up":[{"embeddable":true,"href":"https:\/\/avicom.mini.icom.museum\/fr\/wp-json\/wp\/v2\/pages\/630"}],"wp:attachment":[{"href":"https:\/\/avicom.mini.icom.museum\/fr\/wp-json\/wp\/v2\/media?parent=1612"}],"wp:term":[{"taxonomy":"yst_prominent_words","embeddable":true,"href":"https:\/\/avicom.mini.icom.museum\/fr\/wp-json\/wp\/v2\/yst_prominent_words?post=1612"}],"curies":[{"name":"wp","href":"https:\/\/api.w.org\/{rel}","templated":true}]}}