{"id":1618,"date":"2019-01-03T20:43:39","date_gmt":"2019-01-03T20:43:39","guid":{"rendered":"http:\/\/avicom.icom.cust.oxymium.net\/archives\/2006-2\/liste-des-productions-et-institutions-inscrites-2\/"},"modified":"2019-01-03T20:46:05","modified_gmt":"2019-01-03T20:46:05","slug":"liste-des-productions-et-institutions-inscrites-2","status":"publish","type":"page","link":"https:\/\/avicom.mini.icom.museum\/fr\/archives\/2006-2\/liste-des-productions-et-institutions-inscrites-2\/","title":{"rendered":"Liste des productions et institutions inscrites"},"content":{"rendered":"<div id=\"RTE_CONTENT\"> <!--TYPO3SEARCH_begin--> \t<!--  CONTENT ELEMENT, uid:5994\/textpic [begin] --> \t\t<\/p>\n<div id=\"c5994\"> \t\t<!--  Header: [begin] --> \t\t\t<\/p>\n<h2>Archives<\/h2>\n<p> \t\t<!--  Header: [end] --> \t\t\t \t\t<!--  Image block: [begin] --> \t\t\t<\/p>\n<div>\n<div><img decoding=\"async\" src=\"http:\/\/avicom.mini.icom.museum\/wp-content\/uploads\/sites\/3\/2019\/01\/logo_fiamp_38.jpg\" alt=\"\"><\/div>\n<div> \t\t<!--  Text: [begin] --> \t\t\t<\/p>\n<h2>FIAMP.2006<\/h2>\n<h3> Mus\u00e9e national de la Marine \u00e0 Paris,  12 &#8211; 14 d\u00e9cembre 2006<\/h3>\n<h2><strong>Bornes<\/strong><\/h2>\n<ul>\n<li>D&#8217;une langue \u00e0 l&#8217;autre, Hyptique &#8211; Paris, France<\/li>\n<li>Afrique, \u00c9tablissement public du Quai Branly &#8211; Paris, France<\/li>\n<li>Am\u00e9riques, \u00c9tablissement public du Quai Branly &#8211; Paris, France<\/li>\n<li>Asie, \u00c9tablissement public du Quai Branly &#8211; Paris, France<\/li>\n<li>Oc\u00e9anie, \u00c9tablissement public du Quai Branly &#8211; Paris, France<\/li>\n<\/ul>\n<h2>CD-ROM<\/h2>\n<ul>\n<li>Alexandrs Caks, DD Laboratory &#8211; Riga, Latvia<\/li>\n<li>Cracking China, National Palace Museum -Taipei, Taiwan<\/li>\n<li>La machine de l&#8217;Empereur, Mus\u00e9e d&#8217;Arles et de la Provence- Arles, France<\/li>\n<li>Ojars Vacietis, DD Laboratory &#8211; Riga, Latvia<\/li>\n<li>Rainis 2005    , DD Laboratory &#8211; Riga, Latvia<\/li>\n<li>The Dictates of the Time, Zagreb City Museum &#8211; Zagreb, Croatie<\/li>\n<li>Gobustan State Historical Artist &#8211; Baku, Azerbaidjan<\/li>\n<li>Voyage de Lyon \u00e0 St Etienne, Mus\u00e9e Gadagne &#8211; Lyon, France<\/li>\n<\/ul>\n<h2><strong>DVD<\/strong><\/h2>\n<ul>\n<li>11.000 Years Celebrating Aboriginal life in Alberta, Heritage Community Foundation  &#8211; Edmonton, Canada<\/li>\n<li>A Glimpse at Wind in Pines, National Palace Museum &#8211; Taipei, Taiwan<\/li>\n<li>A Town marked by Tragedy, Terezin Memorial &#8211; Terezin, R\u00e9publique Tcheque<\/li>\n<li>Behind the Rain, Sam Noble Oklahoma Museum of Natural History &#8211; Norman, USA<\/li>\n<li>Bing Davis, Indianapolis Museum of Art &#8211;  Indianapolis, USA<\/li>\n<li>Bonnard, Les Films d&#8217;Ici &#8211;  Paris, France<\/li>\n<li>Booumm! A 1000 years of gun power, Army Museum &#8211;  Delft, Pays-Bas<\/li>\n<li>Boticelli, Svo Art &#8211; Versailles, France<\/li>\n<li>Busch Gardens, Magian Design Studio Pty Ltd.  &#8211; Hawthorn, Australie<\/li>\n<li>Canberra lightshow, Mental Media Pty Ltd. &#8211; Camperdown, Australie<\/li>\n<li>Caroline Marmon Fesler, Indianapolis Museum of Art &#8211; Indianapolis, USA<\/li>\n<li>Ciencas da Terra, Preto &amp; Branco &#8211; S\u00e3o Paulo, Bresil<\/li>\n<li>Eu Mauricio, Os Espelhos de Nassau, Preto &amp; Branco &#8211; S\u00e3o Paulo, Bresil<\/li>\n<li>Fabric of a Community, Indianapolis Museum of Art &#8211; Indianapolis, USA<\/li>\n<li>Getting in, Museum Victoria &#8211; Melbourne, Australie<\/li>\n<li>In the Golden Age of Chinese Craftsmanship, National Palace Museum &#8211; Taipei, Taiwan<\/li>\n<li>Jules Verne, Emblemma Espais Audiovisuals &#8211; Barcelona, Espagne<\/li>\n<li>Kakawa Xocoatl, Suenos y Quimeras &#8211; Mexico, Mexique<\/li>\n<li>Keeping for the Future, Stitchting Arte e Cetera &#8211; Amsterdam, Pays-Bas<\/li>\n<li>La Collection Phillips \u00e0 Paris, Svo Art &#8211; Versailles, France<\/li>\n<li>Le Banquier, le Mar\u00e9chal et le Missionnaire, Mus\u00e9e Albert Khan &#8211; Boulogne Billancourt, France<\/li>\n<li>Le Sabot sous la Roue, Via Storia &#8211; Centre pour l&#8217;histoire du trafic &#8211; Universit\u00e9 de Bern &#8211; Bern, Suisse<\/li>\n<li>L&#8217;Envol\u00e9e Lyrique, Svo Art &#8211; Versailles, France<\/li>\n<li>Les Veus del Front, Emblemma Espais Audiovisuals  &#8211; Barcelona, Espagne<\/li>\n<li>Matisse, Svo Art &#8211; Versailles, France<\/li>\n<li>My Place, Museum of New Zealand Te Papa &#8211; Wellington, Nouvelle Z\u00e9lande<\/li>\n<li>Neutron Transmission Radiography, Ryksmuseum Amsterdam &#8211; Amsterdam, Pays-Bas<\/li>\n<li>One day in the life of Museum Victoria, Museum Victoria &#8211; Melbourne, Australie<\/li>\n<li>Pendentif Maori, \u00c9tablissement public du Quai Branly &#8211; Paris, France<\/li>\n<li>Raincheck 3000, Museum Victoria &#8211; Melbourne, Australie<\/li>\n<li>Spirit of Anzac, Mental Media Pty Ltd. &#8211; Camperdown, Australie<\/li>\n<li>Swings and Swingers I-II, Museum of Ethnography &#8211; Budapest, Hongrie<\/li>\n<li>The Architect&#8217;s Desk, Mental Media Pty Ltd. &#8211; Camperdown, Australie<\/li>\n<li>The Megatransect exhibit, Magian Design Studio Pty Ltd.  &#8211; Hawthorn, Australie<\/li>\n<li>The Sedimentation of the Mind is a Jumbled Museum, U.P.Jorge B.Vargas Museum &#8211; Quezon, Philippines<\/li>\n<li>The Shrine Orientation, Mental Media Pty Ltd. &#8211; Camperdown, Australie<\/li>\n<li>The Wall Paintings of Mogao, The Getty Conservation Institute  &#8211; Los Angeles, USA<\/li>\n<li>V\u00e9ron\u00e8se, Svo Art &#8211; Versailles, France<\/li>\n<li>Water smart Home, Museum Victoria &#8211; Melbourne, Australie<\/li>\n<li>Wild Reef Exhibit, Magian Design Studio Pty Ltd &#8211; Hawthorn, Australie<\/li>\n<li>Windows on Collections, Magian Design Studio Pty Ltd &#8211; Hawthorn, Australie<\/li>\n<li>Yanardilyi \u2013 Cockatoo creek, Magian Design Studio Pty Ltd &#8211; Hawthorn, Australie<\/li>\n<\/ul>\n<h2>DVD-ROM<\/h2>\n<ul>\n<li>Battle of the plains of Abraham, The Canadian War Museum &#8211; Ottawa, Canada<\/li>\n<li>Consciousness, Museum of Literature  &#8220;PET\u00d6FI&#8221;     &#8211; Budapest, Hongrie<\/li>\n<li>Coup de Patins, The Canadian Museum of Civilisation &#8211; Qu\u00e9bec, Canada<\/li>\n<li>Entrance visual, The Canadian War Museum &#8211; Ottawa, Canada<\/li>\n<li>Interactivos Museo Casa Mata, Museo Casa Mata &#8211; Mexico, Mexique<\/li>\n<li>Precious Ju Ware, National Palace Museum &#8211; Taipei, Taiwan<\/li>\n<li>Sonorama, sud du B\u00e9nin, \u00c9tablissement public du Quai Branly &#8211; Paris, France<\/li>\n<li>The Best in Heritage 4, European Heritage Association &#8211; Zagreb, Croatie<\/li>\n<\/ul>\n<h2>Site Web <\/h2>\n<ul>\n<li>   1759, Commission des champs de bataille &#8211; Qu\u00e9bec, Canada    <\/li>\n<li>     Avant le cybercommerce, The Canadian Museum of Civilization &#8211; Qu\u00e9bec, Canada    <\/li>\n<li>     Caught and Coloured, Museum Victoria &#8211; Melbourne, Australie    <\/li>\n<li>     Citoyennes, The Canadian Museum of Civilization &#8211; Qu\u00e9bec, Canada    <\/li>\n<li>     Deux si\u00e8cles d&#8217;histoire de L&#8217;immigration en France, Cit\u00e9 national de l&#8217;histoire de l&#8217;immigration &#8211; Paris, France    <\/li>\n<li>     Ecortex, RMN \u2013 Agence Photo &#8211; Paris, France    <\/li>\n<li>     Galerie Jeanne-Bucher, Telimage &#8211; Paris, France    <\/li>\n<li>     Hooked&#8230;on the Goulburn, National Museum of Australia &#8211; Canberra, Australie    <\/li>\n<li>     Les Civilisations et toi, \u00e7a clique, The Canadian Museum of Civilization &#8211; Qu\u00e9bec, Canada    <\/li>\n<li>     Oscar&#8217;s Sketchbook interactive, National Museum of Australia &#8211; Canberra, Australie    <\/li>\n<li>     Over the top, The Canadian War Museum &#8211; Ottawa, Canada    <\/li>\n<li>     Painting and Calligraphy of the Northern Sung, Digital Media Concept Corp &#8211; Tapei, Taiwan    <\/li>\n<li>     Saw Doctor&#8217;s Wagon interactive, National Museum of Australia     &#8211; Canberra, Australie    <\/li>\n<li>     Survol du Lac Saint-Pierre, Centre d&#8217;interpr\u00e9tation du patrimoine de Sorel &#8211; Sorel-Tracy, Canada    <\/li>\n<li>     The Spirit of Jade, National Palace Museum &#8211; Taipei, Taiwan    <\/li>\n<li>     Tipatshimuna, Canadian Heritage Information Network &#8211; Gatineau, Canada    <\/li>\n<li>Waouh, Centre national d&#8217;art et de culture Georges Pompidou &#8211; Paris, France<\/li>\n<li> <a href=\"http:\/\/www.staatsvertrag.at\" target=\"_blank\">Technisches Museum Wien Mit \u00d6sterreichischer Mediathek<\/a> &#8211; Wien, Autriche<\/li>\n<\/ul>\n<p> <!--  Text: [end] --> <\/div>\n<\/p><\/div>\n<div><!-- --><\/div>\n<p> \t\t<!--  Image block: [end] --> \t\t\t   \t<!--  \t\tBEGIN: Content of extension \"hpo_relatedlink\", plugin \"tx_hporelatedlink_pi1\"  \t--> \t<\/p>\n<div> \t\t \t<\/div>\n<p> \t \t<!-- END: Content of extension \"hpo_relatedlink\", plugin \"tx_hporelatedlink_pi1\" -->  \t<\/div>\n<p> \t<!--  CONTENT ELEMENT, uid:5994\/textpic [end] --> \t\t<!--TYPO3SEARCH_end--> <\/div>\n","protected":false},"excerpt":{"rendered":"<p>Archives FIAMP.2006 Mus\u00e9e national de la Marine \u00e0 Paris, 12 &#8211; 14 d\u00e9cembre 2006 Bornes D&#8217;une langue \u00e0 l&#8217;autre, Hyptique &#8211; Paris, France Afrique, \u00c9tablissement public du Quai Branly &#8211; Paris, France Am\u00e9riques, \u00c9tablissement public du Quai Branly &#8211; Paris, France Asie, \u00c9tablissement public du Quai Branly &#8211; Paris, France Oc\u00e9anie, \u00c9tablissement public du Quai [&hellip;]<\/p>\n","protected":false},"author":1,"featured_media":0,"parent":630,"menu_order":11,"comment_status":"closed","ping_status":"closed","template":"","meta":{"footnotes":""},"yst_prominent_words":[],"acf":[],"_links":{"self":[{"href":"https:\/\/avicom.mini.icom.museum\/fr\/wp-json\/wp\/v2\/pages\/1618"}],"collection":[{"href":"https:\/\/avicom.mini.icom.museum\/fr\/wp-json\/wp\/v2\/pages"}],"about":[{"href":"https:\/\/avicom.mini.icom.museum\/fr\/wp-json\/wp\/v2\/types\/page"}],"author":[{"embeddable":true,"href":"https:\/\/avicom.mini.icom.museum\/fr\/wp-json\/wp\/v2\/users\/1"}],"replies":[{"embeddable":true,"href":"https:\/\/avicom.mini.icom.museum\/fr\/wp-json\/wp\/v2\/comments?post=1618"}],"version-history":[{"count":1,"href":"https:\/\/avicom.mini.icom.museum\/fr\/wp-json\/wp\/v2\/pages\/1618\/revisions"}],"predecessor-version":[{"id":1966,"href":"https:\/\/avicom.mini.icom.museum\/fr\/wp-json\/wp\/v2\/pages\/1618\/revisions\/1966"}],"up":[{"embeddable":true,"href":"https:\/\/avicom.mini.icom.museum\/fr\/wp-json\/wp\/v2\/pages\/630"}],"wp:attachment":[{"href":"https:\/\/avicom.mini.icom.museum\/fr\/wp-json\/wp\/v2\/media?parent=1618"}],"wp:term":[{"taxonomy":"yst_prominent_words","embeddable":true,"href":"https:\/\/avicom.mini.icom.museum\/fr\/wp-json\/wp\/v2\/yst_prominent_words?post=1618"}],"curies":[{"name":"wp","href":"https:\/\/api.w.org\/{rel}","templated":true}]}}