{"id":1624,"date":"2019-01-03T20:43:42","date_gmt":"2019-01-03T20:43:42","guid":{"rendered":"http:\/\/avicom.icom.cust.oxymium.net\/archives\/2006-2\/ceremonie-de-remise-des-trophees-et-reunion-avicom-2\/"},"modified":"2019-01-03T20:46:05","modified_gmt":"2019-01-03T20:46:05","slug":"ceremonie-de-remise-des-trophees-et-reunion-avicom-2","status":"publish","type":"page","link":"https:\/\/avicom.mini.icom.museum\/fr\/archives\/2006-2\/ceremonie-de-remise-des-trophees-et-reunion-avicom-2\/","title":{"rendered":"C\u00e9r\u00e9monie de remise des troph\u00e9es et r\u00e9union AVICOM"},"content":{"rendered":"<div id=\"RTE_CONTENT\"> <!--TYPO3SEARCH_begin--> \t<!--  CONTENT ELEMENT, uid:5996\/textpic [begin] --> \t\t<\/p>\n<div id=\"c5996\"> \t\t<!--  Header: [begin] --> \t\t\t<\/p>\n<h2>Archives<\/h2>\n<p> \t\t<!--  Header: [end] --> \t\t\t \t\t<!--  Image block: [begin] --> \t\t\t<\/p>\n<div>\n<div><img decoding=\"async\" src=\"http:\/\/avicom.mini.icom.museum\/wp-content\/uploads\/sites\/3\/2019\/01\/logo_fiamp_40.jpg\" alt=\"\"><\/div>\n<div> \t\t<!--  Text: [begin] --> \t\t\t<\/p>\n<h2>FIAMP.2006<\/h2>\n<h3> Mus\u00e9e national de la Marine \u00e0 Paris,  12 &#8211; 14 d\u00e9cembre 2006<\/h3>\n<p>La c\u00e9r\u00e9monie de remise des Troph\u00e9es est le point culminant du festival. C&#8217;est par elle que nous mettons \u00e0 l&#8217;honneur les institutions laur\u00e9ates et leurs productions ; c&#8217;est par elle que nous saluons le travail remarquable accompli par les mus\u00e9es, les soci\u00e9t\u00e9s de productions et les r\u00e9alisateurs, pour valoriser et faire conna\u00eetre le patrimoine et les cultures.<\/p>\n<p>   La c\u00e9r\u00e9monie de remise des Troph\u00e9es 2006  est int\u00e9gr\u00e9e \u00e0 la 21\u00e8me Conf\u00e9rence G\u00e9n\u00e9rale de l&#8217;ICOM, \u00e0 Vienne en Autriche, en ao\u00fbt 2007. A l&#8217;occasion de cet \u00e9v\u00e9nement majeur qui r\u00e9uni des milliers de membres de l&#8217;ICOM, et tous les Bureaux des comit\u00e9s nationaux et internationaux, la c\u00e9r\u00e9monie trouvera un cadre id\u00e9al pour l&#8217;emphase qu&#8217;elle souhaite rev\u00eatir.<\/p>\n<p>   Les festivaliers, visiteurs, et membres de l&#8217;ICOM pourront \u00e9galement assister \u00e0 une programmation sp\u00e9ciale des meilleures productions audiovisuelles propos\u00e9es \u00e0 la comp\u00e9tition du festival, ainsi que consulter les CD-Rom et site web de la S\u00e9lection Officielle. <\/p>\n<p>Des tables rondes permettront aux mus\u00e9es et aux r\u00e9alisateurs de pr\u00e9senter les productions s\u00e9lectionn\u00e9es pour la comp\u00e9tition et de d\u00e9battre avec les visiteurs. <\/p>\n<p>Le comit\u00e9 international AVICOM organisera \u00e9galement une table ronde sur le th\u00e8me &#8220;Cyber Mus\u00e9ographie&#8221; et tiendra sa r\u00e9union triennale et son Assembl\u00e9e G\u00e9n\u00e9rale dans la \u00d6sterreichische Mediathek.<\/p>\n<p>   Les informations pour participer \u00e0 la c\u00e9r\u00e9monie et au colloque AVICOM sont sur notre site, ainsi que sur le site de l&#8217;ICOM<\/p>\n<ul>\n<li> <strong>ICOM 2007 &#8211; Organisationskomitee<\/strong><br \/>     Armine Wehdorn<br \/>     Burgring 5 A-1010 Wien<br \/>     Fon: +43 (0)1 404 20 6631<br \/>     email: <a href=\"mailto:icom2007@khm.at\">icom2007@khm.at<\/a>\n<\/li>\n<li> <strong>\u00d6sterreichische Mediathek<\/strong><br \/>     Rainer Hubert<br \/>     Webgasse 2a, 1060 Wien<br \/>     email: <a href=\"mailto:rainer.hubert@mediathek.ac.at\">rainer.hubert@mediathek.ac.at<\/a><br \/>     Tel. +43\/ (0)1 \/ 5973669 &#8211; 35<br \/>     Fax +43\/ (0)1 \/ 5973669 &#8211; 40<\/li>\n<\/ul>\n<p> <!--  Text: [end] --> <\/div>\n<\/p><\/div>\n<div><!-- --><\/div>\n<p> \t\t<!--  Image block: [end] --> \t\t\t   \t<!--  \t\tBEGIN: Content of extension \"hpo_relatedlink\", plugin \"tx_hporelatedlink_pi1\"  \t--> \t<\/p>\n<div> \t\t \t<\/div>\n<p> \t \t<!-- END: Content of extension \"hpo_relatedlink\", plugin \"tx_hporelatedlink_pi1\" -->  \t<\/div>\n<p> \t<!--  CONTENT ELEMENT, uid:5996\/textpic [end] --> \t\t<!--TYPO3SEARCH_end--> <\/div>\n","protected":false},"excerpt":{"rendered":"<p>Archives FIAMP.2006 Mus\u00e9e national de la Marine \u00e0 Paris, 12 &#8211; 14 d\u00e9cembre 2006 La c\u00e9r\u00e9monie de remise des Troph\u00e9es est le point culminant du festival. C&#8217;est par elle que nous mettons \u00e0 l&#8217;honneur les institutions laur\u00e9ates et leurs productions ; c&#8217;est par elle que nous saluons le travail remarquable accompli par les mus\u00e9es, les [&hellip;]<\/p>\n","protected":false},"author":1,"featured_media":0,"parent":630,"menu_order":12,"comment_status":"closed","ping_status":"closed","template":"","meta":{"footnotes":""},"yst_prominent_words":[],"acf":[],"_links":{"self":[{"href":"https:\/\/avicom.mini.icom.museum\/fr\/wp-json\/wp\/v2\/pages\/1624"}],"collection":[{"href":"https:\/\/avicom.mini.icom.museum\/fr\/wp-json\/wp\/v2\/pages"}],"about":[{"href":"https:\/\/avicom.mini.icom.museum\/fr\/wp-json\/wp\/v2\/types\/page"}],"author":[{"embeddable":true,"href":"https:\/\/avicom.mini.icom.museum\/fr\/wp-json\/wp\/v2\/users\/1"}],"replies":[{"embeddable":true,"href":"https:\/\/avicom.mini.icom.museum\/fr\/wp-json\/wp\/v2\/comments?post=1624"}],"version-history":[{"count":1,"href":"https:\/\/avicom.mini.icom.museum\/fr\/wp-json\/wp\/v2\/pages\/1624\/revisions"}],"predecessor-version":[{"id":1965,"href":"https:\/\/avicom.mini.icom.museum\/fr\/wp-json\/wp\/v2\/pages\/1624\/revisions\/1965"}],"up":[{"embeddable":true,"href":"https:\/\/avicom.mini.icom.museum\/fr\/wp-json\/wp\/v2\/pages\/630"}],"wp:attachment":[{"href":"https:\/\/avicom.mini.icom.museum\/fr\/wp-json\/wp\/v2\/media?parent=1624"}],"wp:term":[{"taxonomy":"yst_prominent_words","embeddable":true,"href":"https:\/\/avicom.mini.icom.museum\/fr\/wp-json\/wp\/v2\/yst_prominent_words?post=1624"}],"curies":[{"name":"wp","href":"https:\/\/api.w.org\/{rel}","templated":true}]}}