{"id":1754,"date":"2019-01-03T20:44:28","date_gmt":"2019-01-03T20:44:28","guid":{"rendered":"http:\/\/avicom.icom.cust.oxymium.net\/archives\/2006-2\/vienne-2007-2\/"},"modified":"2019-01-03T20:46:05","modified_gmt":"2019-01-03T20:46:05","slug":"vienne-2007-2","status":"publish","type":"page","link":"https:\/\/avicom.mini.icom.museum\/fr\/archives\/2006-2\/vienne-2007-2\/","title":{"rendered":"Vienne 2007"},"content":{"rendered":"<div id=\"RTE_CONTENT\"> <!--TYPO3SEARCH_begin--> \t<!--  CONTENT ELEMENT, uid:5988\/text [begin] --> \t\t<\/p>\n<div id=\"c5988\"> \t\t<!--  Header: [begin] --> \t\t\t<\/p>\n<h2>Archives<\/h2>\n<p> \t\t<!--  Header: [end] --> \t\t\t \t\t<!--  Text: [begin] --> \t\t\t<\/p>\n<h2> <b>Programme de la r\u00e9union triennale du comit\u00e9 international AVICOM, <\/b><b>Universit\u00e9 de Vienne<\/b> <\/h2>\n<table cellspacing=\"0\">\n<tbody>\n<tr>\n<td valign=\"top\">\n<p>\u00a0<\/p>\n<\/td>\n<td valign=\"top\">\n<p><b>Lundi, le 20 ao\u00fbt 2007<\/b><\/p>\n<\/td>\n<\/tr>\n<tr>\n<td valign=\"top\">\n<p>\u00a0<\/p>\n<\/td>\n<td valign=\"top\">\n<p><b>Pr\u00e9-conf\u00e9rence AVICOM<br \/>         Visite de mus\u00e9es<\/b><\/p>\n<\/td>\n<\/tr>\n<tr>\n<td valign=\"top\">\n<p>9h:30-10h30<\/p>\n<\/td>\n<td valign=\"top\">\n<p>Technisches Museum Wien<\/p>\n<\/td>\n<\/tr>\n<tr>\n<td valign=\"top\">\n<p>11h -12h <\/p>\n<\/td>\n<td valign=\"top\">\n<p>Osterreichische Mediathek<\/p>\n<\/td>\n<\/tr>\n<tr>\n<td valign=\"top\">\n<p>\u00a0<\/p>\n<\/td>\n<td valign=\"top\">\n<p><b>Mardi  21 ao\u00fbt<\/b> <b>2007 <\/b>(T\u00e9l\u00e9chargez le <a href=\"http:\/\/avicom.mini.icom.museum\/wp-content\/uploads\/sites\/3\/2019\/01\/1-Programme_detaille_21_aout_V4.pdf\" title=\"1-Programme_detaille_21_aout_V4.pdf (314 KB)\" target=\"_blank\"><strong>PDF<\/strong><\/a>) <\/p>\n<\/td>\n<\/tr>\n<tr>\n<td valign=\"top\">\n<p>\u00a0<\/p>\n<\/td>\n<td valign=\"top\">\n<p><b>Conf\u00e9rence AVICOM &#8211; Premi\u00e8re journ\u00e9e <\/b><b><br \/><i>New Technologies and the Sharing of World Heritage <\/i><\/b><\/p>\n<p>UNIVERSIT\u00c9 DE VIENNE<br \/>           b\u00e2timent principal et NIG (b\u00e2timent nouveau),<br \/>           Dr.-Karl-Lueger-Ring 1, 1010 Vienne<br \/>           (m\u00e9tro U2 \u201cSchottentor\u201d, Tram 1\/2 &#8220;Schottentor&#8221;)<\/p>\n<p><i>The conservation, education and communication of tangible and intangible witnesses to cultural heritage has been facilitated by new technologies. At the same time, the role of museums has become more complex. In the past, museums were heralded as the sole guardians of memory, and the sole research and dissemination sites for the arts, heritage and culture. Today, in the 21st century, museums are confronted with cultural, social, economic and ecological issues requiring specific attitudes and knowledge. Faced with this great challenge, museums must increasingly rely on their creative and innovative abilities &#8211; including the development of a new way of analysing and promoting humanity\u2019s heritage. <\/i><\/p>\n<\/td>\n<\/tr>\n<tr>\n<td valign=\"top\">\n<p>10h<\/p>\n<\/td>\n<td valign=\"top\">\n<p>Mot de bienvenue de la pr\u00e9sidente d\u2019AVICOM, madame Marie-Fran\u00e7oise Delval, et du m\u00e9diateur de la journ\u00e9e, professeur Eric Langlois, Universit\u00e9 du Qu\u00e9bec en Outaouais, Qu\u00e9bec, Canada.<\/p>\n<\/td>\n<\/tr>\n<tr>\n<td valign=\"top\">\n<p>\u00a0<\/p>\n<\/td>\n<td valign=\"top\">\n<p><b>Conf\u00e9rences &#8211; Premi\u00e8re partie<\/b><\/p>\n<\/td>\n<\/tr>\n<tr>\n<td valign=\"top\">\n<p>10h30<\/p>\n<\/td>\n<td valign=\"top\">\n<p><b>Visites 3D de Parc Canada<\/b><br \/>         Lise Cyr, charg\u00e9e de projet en mise en valeur des aires patrimoniales, Parc Canada<br \/>         Vincent Renaud, charg\u00e9 de projet, Visites 3D, Parc Canada<\/p>\n<\/td>\n<\/tr>\n<tr>\n<td valign=\"top\">\n<p>10h55<\/p>\n<\/td>\n<td valign=\"top\">\n<p>Questions<\/p>\n<\/td>\n<\/tr>\n<tr>\n<td valign=\"top\">\n<p>11h05<\/p>\n<\/td>\n<td valign=\"top\">\n<p><b>Tradici\u00f3n, Pasi\u00f3n, profesionalizaci\u00f3n : capacitaci\u00f3n a distancia sobre museos en Latinoam\u00e9rica.<\/b><br \/>         Karina Rebeca Durand Velasco, archaeologist, vicepresident AVICOM-ICOM Mexico Board, manager of Educational Communication of Prived Agency : Global Noise International (Phoenix, Arizona), Teacher of ILAM Workshops (Costa Rica) (<a href=\"http:\/\/avicom.mini.icom.museum\/wp-content\/uploads\/sites\/3\/2019\/01\/Comunicacion_KDurand.pdf\" title=\"Comunicacion_KDurand.pdf (108 KB)\" target=\"_blank\"><strong>PDF<\/strong><\/a>) <\/p>\n<\/td>\n<\/tr>\n<tr>\n<td valign=\"top\">\n<p>11h20<\/p>\n<\/td>\n<td valign=\"top\">\n<p>Questions<\/p>\n<\/td>\n<\/tr>\n<tr>\n<td valign=\"top\">\n<p>11h:30<\/p>\n<\/td>\n<td valign=\"top\">\n<p><b>INNOVATION : formation universitaire en cybermus\u00e9ologie<\/b><br \/>         Eric Langlois, Directeur des \u00e9tudes de premier cycle en arts, Professeur en cybermus\u00e9ologie, Universit\u00e9 du Qu\u00e9bec en Outaouais, Qu\u00e9bec, Canada<\/p>\n<\/td>\n<\/tr>\n<tr>\n<td valign=\"top\">\n<p>11h45<\/p>\n<\/td>\n<td valign=\"top\">\n<p>Questions<\/p>\n<\/td>\n<\/tr>\n<tr>\n<td valign=\"top\">\n<p>11h55<\/p>\n<\/td>\n<td valign=\"top\">\n<p>Aura Mar\u00eda Olivares Rivas, Jefe &#8211; Archivo Hist\u00f3rico, IHNCA-UCA<\/p>\n<\/td>\n<\/tr>\n<tr>\n<td valign=\"top\">\n<p>12h05<\/p>\n<\/td>\n<td valign=\"top\">\n<p>Questions<\/p>\n<\/td>\n<\/tr>\n<tr>\n<td valign=\"top\">\n<p>12h15<\/p>\n<\/td>\n<td valign=\"top\">\n<p><b>P\u00e9riode Libre \/ D\u00e9jeuner <\/b><\/p>\n<\/td>\n<\/tr>\n<tr>\n<td valign=\"top\">\n<p>\u00a0<\/p>\n<\/td>\n<td valign=\"top\">\n<p><b>Conf\u00e9rences &#8211; Deuxi\u00e8me Partie <\/b><\/p>\n<\/td>\n<\/tr>\n<tr>\n<td valign=\"top\">\n<p>13h30<\/p>\n<\/td>\n<td valign=\"top\">\n<p><b>THINK BIG &#8211; A NEW TAKE ON 3D VISUALISATION, The Virtual Room, AVIE, PLACE<\/b><br \/>         Timothy Hart, Director Information Multimedia and Technology, Museum Victoria<\/p>\n<\/td>\n<\/tr>\n<tr>\n<td valign=\"top\">\n<p>13h45<\/p>\n<\/td>\n<td valign=\"top\">\n<p>Questions<\/p>\n<\/td>\n<\/tr>\n<tr>\n<td valign=\"top\">\n<p>13h55<\/p>\n<\/td>\n<td valign=\"top\">\n<p><b>Quatre \u00e9tudes de cas en audiovisuels de l\u2019exposition permanente du Slovene Ethnographic Museum \u00e0 Ljubljana, Slov\u00e9nie<\/b><br \/>         Nadja Valentincic Furlan, senior curator at the Slovene Ethnographic Museum in Ljubljana, Slovenia<\/p>\n<\/td>\n<\/tr>\n<tr>\n<td valign=\"top\">\n<p>14h25<\/p>\n<\/td>\n<td valign=\"top\">\n<p>Questions<\/p>\n<\/td>\n<\/tr>\n<tr>\n<td valign=\"top\">\n<p>14h35<\/p>\n<\/td>\n<td valign=\"top\">\n<p><b>Soci\u00e9t\u00e9 de l\u2019information et culture num\u00e9rique : les mus\u00e9es et les nouvelles technologies \u00e0 l\u2019universit\u00e9 de Aegean, Gr\u00e8ce<\/b><br \/>         Alexandra Bounia, Assistant Professor of Museology, Department of Cultural Technology and Communication, University of the Aegean<\/p>\n<\/td>\n<\/tr>\n<tr>\n<td valign=\"top\">\n<p>14h50<\/p>\n<\/td>\n<td valign=\"top\">\n<p>Questions<\/p>\n<\/td>\n<\/tr>\n<tr>\n<td valign=\"top\">\n<p>15h00<\/p>\n<\/td>\n<td valign=\"top\">\n<p><b>Pause<\/b><\/p>\n<\/td>\n<\/tr>\n<tr>\n<td valign=\"top\">\n<p>15h30<\/p>\n<\/td>\n<td valign=\"top\">\n<p><b>PL\u00c9NI\u00c8RE<\/b><br \/>         Comment les diff\u00e9rentes initiatives expos\u00e9es lors de cette journ\u00e9e contribuent-elles au traitement et au partage du patrimoine de l\u2019humanit\u00e9 ?<br \/>         Alain Mass\u00e9, Pr\u00e9sident directeur-g\u00e9n\u00e9ral, Id\u00e9eclic, Qu\u00e9bec, Canada, Secr\u00e9taire g\u00e9n\u00e9ral d\u2019AVICOM<br \/>         Alain Mass\u00e9, C.E.O. Id\u00e9eclic, Quebec, Canada, General Secretary of AVICOM <\/p>\n<\/td>\n<\/tr>\n<tr>\n<td valign=\"top\">\n<p>16h30<\/p>\n<\/td>\n<td valign=\"top\">\n<p><b>Conclusion<br \/><\/b>La pr\u00e9sidente de l\u2019AVICOM, madame Marie-Fran\u00e7oise Delval, et le m\u00e9diateur de la journ\u00e9e, professeur Eric Langlois, Universit\u00e9 du Qu\u00e9bec en Outaouais, Qu\u00e9bec, Canada.<\/p>\n<\/td>\n<\/tr>\n<tr>\n<td valign=\"top\">\n<p>\u00a0<\/p>\n<\/td>\n<td valign=\"top\">\n<p><b>Mercredi 22 ao\u00fbt<\/b> <strong>2007 <\/strong><\/p>\n<\/td>\n<\/tr>\n<tr>\n<td valign=\"top\">\n<p>\u00a0<\/p>\n<\/td>\n<td valign=\"top\">\n<p><b>Conf\u00e9rence AVICOM &#8211; Deuxi\u00e8me journ\u00e9e <br \/>           Festival International de l&#8217;Audiovisuel et du Multim\u00e9dia sur le Patrimoine<\/b><\/p>\n<p>UNIVERSIT\u00c9 DE VIENNE<br \/>           b\u00e2timent principal et NIG (b\u00e2timent nouveau),<br \/>           Dr.-Karl-Lueger-Ring 1, 1010 Vienne (m\u00e9tro U2 \u201cSchottentor\u201d, Tram 1\/2 &#8220;Schottentor&#8221;)<\/p>\n<p>           Le &#8220;Must&#8221; de l&#8217;\u00e9dition 2006 du &#8220;Festival International de l&#8217;Audiovisuel et du Multim\u00e9dia sur le Patrimoine&#8221; : Les institutions prim\u00e9es viennent pr\u00e9senter leur politique de production, leurs programmes, et l&#8217;int\u00e9gration mus\u00e9ographique des nouvelles technologies.<\/p>\n<\/td>\n<\/tr>\n<tr>\n<td valign=\"top\">\n<p>9h45 &#8211; 11h00 <\/p>\n<\/td>\n<td valign=\"top\">\n<p><b>&#8220;Les bornes interactives du mus\u00e9e du Quai Branly : projet mus\u00e9ographique&#8221;<\/b><br \/>           Mod\u00e9rateur : Marie-Fran\u00e7oise Delval &#8211; 3x20mn + 15mn d\u00e9bat<\/p>\n<ul>\n<li>St\u00e9phane Bezombes, soci\u00e9t\u00e9 R\u00e9ciproque, responsable des programmes interactifs du Mus\u00e9e du quai Branly, France  (<a href=\"http:\/\/avicom.mini.icom.museum\/wp-content\/uploads\/sites\/3\/2019\/01\/Comunicacion_s_bezombes.pdf\" title=\"Comunicacion_s_bezombes.pdf (98 KB)\" target=\"_blank\"><strong>PDF<\/strong><\/a>)  <\/li>\n<li>Christine Hemmet, responsable de l&#8217;unit\u00e9 patrimoniale des collections Asie, Mus\u00e9e du quai Branly, France  (<a href=\"http:\/\/avicom.mini.icom.museum\/wp-content\/uploads\/sites\/3\/2019\/01\/Comunicacion_c_hemmet.pdf\" title=\"Comunicacion_c_hemmet.pdf (99 KB)\" target=\"_blank\"><strong>PDF<\/strong><\/a>)  <\/li>\n<li>Emmanuel Desvaud, France<\/li>\n<\/ul>\n<\/td>\n<\/tr>\n<tr>\n<td valign=\"top\">\n<p>11h15 &#8211; 12h50<\/p>\n<\/td>\n<td valign=\"top\">\n<p><b>&#8220;Sites web culturels, nouvelles tendances, nouvelles approches&#8221;<\/b><br \/>           Mod\u00e9rateur : Alain Mass\u00e9 &#8211; 3x20mn + 15mn d\u00e9bat<\/p>\n<ul>\n<li>Dr. Daniel Chao-ling Sung, librarian, Dept. of Rare Books and Historical Documents, National Palace Museum, Taiwan (<a href=\"http:\/\/avicom.mini.icom.museum\/wp-content\/uploads\/sites\/3\/2019\/01\/Dan Sung_biocv_2007.pdf\" title=\"Dan Sung_biocv_2007.pdf (339 KB)\" target=\"_blank\"><strong>PDF<\/strong><\/a>)  <\/li>\n<li>Dr. Rainer Hubert, chef de l&#8217;\u00d6sterreichische Mediathek, d\u00e9partement du Technisches Museum Wien, Autriche (<a href=\"http:\/\/avicom.mini.icom.museum\/wp-content\/uploads\/sites\/3\/2019\/01\/cv_Rainer_hubert.pdf\" title=\"cv_Rainer_hubert.pdf (160 KB)\" target=\"_blank\"><strong>PDF<\/strong><\/a>)  <\/li>\n<li>Penny Houlden, Directrice, The Rooms (mus\u00e9e provinciale de Terre-Neuve et Labrador), Kanani Penashue, Directrice d\u2019\u00e9ducation, Sheshathiu Innu First Nation, Louise Filiatrault, Directrice des programmes du RCIP, Canada<\/li>\n<\/ul>\n<\/td>\n<\/tr>\n<tr>\n<td valign=\"top\">\n<p>12h50 &#8211; 14h15<\/p>\n<\/td>\n<td valign=\"top\">\n<p>Libre<\/p>\n<\/td>\n<\/tr>\n<tr>\n<td valign=\"top\">\n<p>14h15 -15h30<\/p>\n<\/td>\n<td valign=\"top\">\n<p><b>&#8220;Le CD-Rom culturel  et son avenir&#8221;<\/b><br \/>           Mod\u00e9rateur : Marie-Fran\u00e7oise Delval &#8211; 3x20mn + 15mn d\u00e9bat<\/p>\n<ul>\n<li>Csilla E.Csorba,  Directeur du Museum of Literature Pet\u00f6fi, Hongrie<\/li>\n<li>Janos Tari, Mus\u00e9e d&#8217;Ethnographie de Budapest, Hongrie  (<a href=\"http:\/\/avicom.mini.icom.museum\/wp-content\/uploads\/sites\/3\/2019\/01\/JTari_cv_2007.pdf\" title=\"JTari_cv_2007.pdf (134 KB)\" target=\"_blank\"><strong>PDF<\/strong><\/a>)  <\/li>\n<li>Sanita Azolina, directeur de projet, DD Laboratory, Latvia<\/li>\n<\/ul>\n<\/td>\n<\/tr>\n<tr>\n<td valign=\"top\">\n<p>15h45<\/p>\n<\/td>\n<td valign=\"top\">\n<p>Conf\u00e9rence de Gilles Baud-Berthier, directeur du mus\u00e9e Albert Kahn, &#8220;Exploitation des films d&#8217;archives historiques&#8221;. (<a href=\"http:\/\/avicom.mini.icom.museum\/wp-content\/uploads\/sites\/3\/2019\/01\/g_baud_berthier_kahn.pdf\" title=\"g_baud_berthier_kahn.pdf (109 KB)\" target=\"_blank\"><strong>PDF<\/strong><\/a>) <\/p>\n<\/td>\n<\/tr>\n<tr>\n<td valign=\"top\">\n<p>16h15 <\/p>\n<\/td>\n<td valign=\"top\">\n<p>Vote et \u00e9lection du nouveau Bureau AVICOM<\/p>\n<\/td>\n<\/tr>\n<tr>\n<td valign=\"top\">\n<p>16h15 -17h15<\/p>\n<\/td>\n<td valign=\"top\">\n<p>Assembl\u00e9e g\u00e9n\u00e9rale et pr\u00e9sentation du Fiamp.2007 en novembre au Mexique<\/p>\n<\/td>\n<\/tr>\n<tr>\n<td valign=\"top\">\n<p>\u00a0<\/p>\n<\/td>\n<td valign=\"top\">\n<p><b>Vendredi 24 ao\u00fbt 2007<\/b><\/p>\n<\/td>\n<\/tr>\n<tr>\n<td valign=\"top\">\n<p>11h30 -12h00<\/p>\n<\/td>\n<td valign=\"top\">\n<p><b>Conf\u00e9rence g\u00e9n\u00e9rale ICOM &#8211; C\u00e9r\u00e9monie de remise des troph\u00e9es du FIAMP 2006<\/b><br \/>           KONZERTHAUS, Lothringerstra\u00dfe 20, 1030 Vienne (pr\u00e8s Tram 1\/2\/D &#8220;Schwarzenbergplatz&#8221;)<\/p>\n<p>&#8220;AVICOM Award&#8221; au Konzerthaus<b><\/p>\n<p><\/b><\/p>\n<\/td>\n<\/tr>\n<\/tbody>\n<\/table>\n<p> <!--  Text: [end] --><!--  \t\tBEGIN: Content of extension \"hpo_relatedlink\", plugin \"tx_hporelatedlink_pi1\"  \t--><\/p>\n<div> \t\t \t<\/div>\n<p> \t \t<!-- END: Content of extension \"hpo_relatedlink\", plugin \"tx_hporelatedlink_pi1\" -->  \t<\/div>\n<p> \t<!--  CONTENT ELEMENT, uid:5988\/text [end] --> \t\t<!--TYPO3SEARCH_end--> <\/div>\n","protected":false},"excerpt":{"rendered":"<p>Archives Programme de la r\u00e9union triennale du comit\u00e9 international AVICOM, Universit\u00e9 de Vienne \u00a0 Lundi, le 20 ao\u00fbt 2007 \u00a0 Pr\u00e9-conf\u00e9rence AVICOM Visite de mus\u00e9es 9h:30-10h30 Technisches Museum Wien 11h -12h Osterreichische Mediathek \u00a0 Mardi 21 ao\u00fbt 2007 (T\u00e9l\u00e9chargez le PDF) \u00a0 Conf\u00e9rence AVICOM &#8211; Premi\u00e8re journ\u00e9e New Technologies and the Sharing of World Heritage [&hellip;]<\/p>\n","protected":false},"author":1,"featured_media":0,"parent":630,"menu_order":15,"comment_status":"closed","ping_status":"closed","template":"","meta":{"footnotes":""},"yst_prominent_words":[],"acf":[],"_links":{"self":[{"href":"https:\/\/avicom.mini.icom.museum\/fr\/wp-json\/wp\/v2\/pages\/1754"}],"collection":[{"href":"https:\/\/avicom.mini.icom.museum\/fr\/wp-json\/wp\/v2\/pages"}],"about":[{"href":"https:\/\/avicom.mini.icom.museum\/fr\/wp-json\/wp\/v2\/types\/page"}],"author":[{"embeddable":true,"href":"https:\/\/avicom.mini.icom.museum\/fr\/wp-json\/wp\/v2\/users\/1"}],"replies":[{"embeddable":true,"href":"https:\/\/avicom.mini.icom.museum\/fr\/wp-json\/wp\/v2\/comments?post=1754"}],"version-history":[{"count":1,"href":"https:\/\/avicom.mini.icom.museum\/fr\/wp-json\/wp\/v2\/pages\/1754\/revisions"}],"predecessor-version":[{"id":1962,"href":"https:\/\/avicom.mini.icom.museum\/fr\/wp-json\/wp\/v2\/pages\/1754\/revisions\/1962"}],"up":[{"embeddable":true,"href":"https:\/\/avicom.mini.icom.museum\/fr\/wp-json\/wp\/v2\/pages\/630"}],"wp:attachment":[{"href":"https:\/\/avicom.mini.icom.museum\/fr\/wp-json\/wp\/v2\/media?parent=1754"}],"wp:term":[{"taxonomy":"yst_prominent_words","embeddable":true,"href":"https:\/\/avicom.mini.icom.museum\/fr\/wp-json\/wp\/v2\/yst_prominent_words?post=1754"}],"curies":[{"name":"wp","href":"https:\/\/api.w.org\/{rel}","templated":true}]}}