{"id":236,"date":"2019-01-03T20:33:38","date_gmt":"2019-01-03T20:33:38","guid":{"rendered":"http:\/\/avicom.icom.cust.oxymium.net\/qui-sommes-nous\/devenez-membre-davicom\/"},"modified":"2019-01-03T20:46:28","modified_gmt":"2019-01-03T20:46:28","slug":"devenez-membre-davicom","status":"publish","type":"page","link":"https:\/\/avicom.mini.icom.museum\/fr\/qui-sommes-nous\/devenez-membre-davicom\/","title":{"rendered":"Devenez membre d\u2019AVICOM"},"content":{"rendered":"<div id=\"RTE_CONTENT\"> <!--TYPO3SEARCH_begin--> \t<!--  CONTENT ELEMENT, uid:5425\/text [begin] --> \t\t<\/p>\n<div id=\"c5425\"> \t\t<!--  Text: [begin] --> \t\t\t<\/p>\n<p>En tant que membre de l&#8217;ICOM vous pouvez devenir membre, avec droit de vote, d&#8217;un seul Comit\u00e9 international. Le Comit\u00e9 international peut demander une participation financi\u00e8re pour des \u00e9v\u00e9nements sp\u00e9cifiques.<\/p>\n<h2> <b>Devenir membre du comit\u00e9 international AVICOM<\/b> <\/h2>\n<p>En devenant membre d&#8217;AVICOM, vous b\u00e9n\u00e9ficiez d\u2019une information sur les nouvelles technologies de l\u2019image et du son avec :<\/p>\n<ul>\n<li>Des tarifs pr\u00e9f\u00e9rentiels pour les manifestations organis\u00e9es par AVICOM, <\/li>\n<li>La possibilit\u00e9 d\u2019assister aux r\u00e9unions des groupes de travail sp\u00e9cialis\u00e9s d\u2019AVICOM. <\/li>\n<\/ul>\n<p> <!--  Text: [end] --><!--  \t\tBEGIN: Content of extension \"hpo_relatedlink\", plugin \"tx_hporelatedlink_pi1\"  \t--><\/p>\n<div> \t\t \t<\/div>\n<p> \t \t<!-- END: Content of extension \"hpo_relatedlink\", plugin \"tx_hporelatedlink_pi1\" -->  \t<\/div>\n<p> \t<!--  CONTENT ELEMENT, uid:5425\/text [end] --> \t\t<!--TYPO3SEARCH_end--> <\/div>\n","protected":false},"excerpt":{"rendered":"<p>En tant que membre de l&#8217;ICOM vous pouvez devenir membre, avec droit de vote, d&#8217;un seul Comit\u00e9 international. Le Comit\u00e9 international peut demander une participation financi\u00e8re pour des \u00e9v\u00e9nements sp\u00e9cifiques. Devenir membre du comit\u00e9 international AVICOM En devenant membre d&#8217;AVICOM, vous b\u00e9n\u00e9ficiez d\u2019une information sur les nouvelles technologies de l\u2019image et du son avec : [&hellip;]<\/p>\n","protected":false},"author":1,"featured_media":0,"parent":128,"menu_order":5,"comment_status":"closed","ping_status":"closed","template":"","meta":{"footnotes":""},"yst_prominent_words":[],"acf":[],"_links":{"self":[{"href":"https:\/\/avicom.mini.icom.museum\/fr\/wp-json\/wp\/v2\/pages\/236"}],"collection":[{"href":"https:\/\/avicom.mini.icom.museum\/fr\/wp-json\/wp\/v2\/pages"}],"about":[{"href":"https:\/\/avicom.mini.icom.museum\/fr\/wp-json\/wp\/v2\/types\/page"}],"author":[{"embeddable":true,"href":"https:\/\/avicom.mini.icom.museum\/fr\/wp-json\/wp\/v2\/users\/1"}],"replies":[{"embeddable":true,"href":"https:\/\/avicom.mini.icom.museum\/fr\/wp-json\/wp\/v2\/comments?post=236"}],"version-history":[{"count":1,"href":"https:\/\/avicom.mini.icom.museum\/fr\/wp-json\/wp\/v2\/pages\/236\/revisions"}],"predecessor-version":[{"id":2086,"href":"https:\/\/avicom.mini.icom.museum\/fr\/wp-json\/wp\/v2\/pages\/236\/revisions\/2086"}],"up":[{"embeddable":true,"href":"https:\/\/avicom.mini.icom.museum\/fr\/wp-json\/wp\/v2\/pages\/128"}],"wp:attachment":[{"href":"https:\/\/avicom.mini.icom.museum\/fr\/wp-json\/wp\/v2\/media?parent=236"}],"wp:term":[{"taxonomy":"yst_prominent_words","embeddable":true,"href":"https:\/\/avicom.mini.icom.museum\/fr\/wp-json\/wp\/v2\/yst_prominent_words?post=236"}],"curies":[{"name":"wp","href":"https:\/\/api.w.org\/{rel}","templated":true}]}}