{"id":2472,"date":"2019-12-16T12:27:41","date_gmt":"2019-12-16T12:27:41","guid":{"rendered":"http:\/\/avicom.mini.icom.museum\/?page_id=2472"},"modified":"2019-12-16T13:48:38","modified_gmt":"2019-12-16T13:48:38","slug":"rapports","status":"publish","type":"page","link":"https:\/\/avicom.mini.icom.museum\/fr\/rapports\/","title":{"rendered":"Rapports"},"content":{"rendered":"<h2>AVICOM a particip\u00e9 \u00e0 \u00ab Revolution: Velvet x Digital. 30 ans de m\u00e9dias num\u00e9riques et sociaux dans les mus\u00e9es \u00bb, 6-7 novembre 2019, Bratislava<\/h2>\n<p>16 d\u00e9cembre 2019<\/p>\n<h4>En 2019, les pays de l&#8217;ancien bloc socialiste comm\u00e9morent le 30e anniversaire de la chute de le rideau de fer. Cet automne a non seulement reli\u00e9 deux mondes diff\u00e9rents, mais a \u00e9galement facilit\u00e9 un \u00e9change rapide d&#8217;informations et d&#8217;exp\u00e9riences entre les professionnels des mus\u00e9es. La conf\u00e9rence \u00abRevolution: Velvet x Digital\u00bb, organis\u00e9e par le Comit\u00e9 slovaque de l&#8217;ICOM avec le soutien des comit\u00e9s de l&#8217;ICOM autrichien et tch\u00e8que et d&#8217;autres, a refl\u00e9t\u00e9 les d\u00e9veloppements dans le domaine des m\u00e9dias num\u00e9riques et sociaux dans les mus\u00e9es depuis les 30 derni\u00e8res ann\u00e9es, en vue au futur.<\/h4>\n<h4>AVICOM y a particip\u00e9 avec deux contributions: Sous le titre \u00abPas d&#8217;avenir sans Instawalk et la r\u00e9alit\u00e9 virtuelle?\u00bb Michael H. Faber, pr\u00e9sident d&#8217;AVICOM, a pr\u00e9sent\u00e9 quelques th\u00e8ses provocantes sur le sens et le non-sens, l&#8217;utilisation et l&#8217;abus des nouveaux m\u00e9dias dans le contexte mus\u00e9al. Le professeur Janos Tari, ancien pr\u00e9sident d&#8217;AVICOM, a pr\u00e9sent\u00e9 un rapport sur les \u00abtendances visuelles dans les projets de mus\u00e9es prim\u00e9s du festival AVICOM f@imp (Festival du patrimoine audiovisuel international multim\u00e9dia)\u00bb.<\/h4>\n<h2><\/h2>\n<p>&nbsp;<\/p>\n<h2>ICOM Kyoto 2019: Sessions AVICOM bien fr\u00e9quent\u00e9es!<\/h2>\n<p>16 d\u00e9cembre 2019<\/p>\n<p>&nbsp;<\/p>\n<p><img decoding=\"async\" loading=\"lazy\" class=\"alignnone wp-image-2475\" src=\"http:\/\/avicom.mini.icom.museum\/wp-content\/uploads\/sites\/3\/2019\/12\/20190902_174334-300x169.jpg\" alt=\"\" width=\"501\" height=\"282\" srcset=\"https:\/\/avicom.mini.icom.museum\/wp-content\/uploads\/sites\/3\/2019\/12\/20190902_174334-300x169.jpg 300w, https:\/\/avicom.mini.icom.museum\/wp-content\/uploads\/sites\/3\/2019\/12\/20190902_174334-768x432.jpg 768w, https:\/\/avicom.mini.icom.museum\/wp-content\/uploads\/sites\/3\/2019\/12\/20190902_174334-1024x576.jpg 1024w\" sizes=\"(max-width: 501px) 100vw, 501px\" \/><\/p>\n<p>\u00a9 Photo: Michael H. Faber \/ AVICOM<\/p>\n<h4>24 pr\u00e9sentations en cinq sessions, des d\u00e9cisions concr\u00e8tes lors de la r\u00e9union du conseil d&#8217;administration nouvellement \u00e9lu pour le prochain mandat ainsi qu&#8217;une r\u00e9union hors site mouvement\u00e9e avec excursion Osaka: C&#8217;est le bilan d&#8217;AVICOM \u00e0 Kyoto.<\/h4>\n<h4>Lors de la premi\u00e8re session, consacr\u00e9e au th\u00e8me &#8220;AVICOM &#8211; Changement de fonctions dans un monde en \u00e9volution dans la communication&#8221;, Michael H. Faber (Allemagne) et Ildik\u00f3 Szab\u00f2ne Fejes (Hongrie) ont discut\u00e9 des t\u00e2ches du CI \u00e0 l&#8217;avenir. Jan\u00f3s Tari (Hongrie) a pr\u00e9sent\u00e9 les d\u00e9veloppements m\u00e9diatiques au cours de l&#8217;histoire du festival AVICOM \u00abf @ imp\u00bb.<\/h4>\n<h4>Au cours de deux autres sessions, des innovations m\u00e9diatiques dans les domaines de la documentation, de la restauration \/ reconstruction et de la communication avec le public ont \u00e9t\u00e9 pr\u00e9sent\u00e9es.<\/h4>\n<h4>Les sessions suivantes se sont concentr\u00e9es sur les aspects de la durabilit\u00e9 des bases de donn\u00e9es num\u00e9riques et les capacit\u00e9s \u00e0 utiliser les m\u00e9dias pour la r\u00e9duction et l&#8217;inclusion des obstacles.<\/h4>\n<h4>Avec une moyenne de 40 participants, toutes les s\u00e9ances ont \u00e9t\u00e9 bien suivies. Les conf\u00e9rences seront publi\u00e9es dans un livre sur demande. Informations: avicom.mini.icom.museum.<\/h4>\n<h4>R\u00e9union hors site \u00e0 Osaka: une vingtaine d&#8217;invit\u00e9s ont visit\u00e9 NHK TV Studio et le mus\u00e9e de la ville de Sakai o\u00f9 ils ont pu plonger, avec des casques, dans la r\u00e9alit\u00e9 virtuelle des mausol\u00e9es des empereurs.<\/h4>\n<p>&nbsp;<\/p>\n<p><img decoding=\"async\" loading=\"lazy\" class=\"alignnone wp-image-2477\" src=\"http:\/\/avicom.mini.icom.museum\/wp-content\/uploads\/sites\/3\/2019\/12\/20190905_111755red-300x169.jpg\" alt=\"\" width=\"473\" height=\"266\" srcset=\"https:\/\/avicom.mini.icom.museum\/wp-content\/uploads\/sites\/3\/2019\/12\/20190905_111755red-300x169.jpg 300w, https:\/\/avicom.mini.icom.museum\/wp-content\/uploads\/sites\/3\/2019\/12\/20190905_111755red.jpg 567w\" sizes=\"(max-width: 473px) 100vw, 473px\" \/><\/p>\n<p>Osaka, Sakai City Museum: Des participants explorent la r\u00e9alit\u00e9 virtuelle des mausol\u00e9es des empereurs.\u00a0 \u00a9 Photo: Michael H. Faber \/ AVICOM<\/p>\n<h4>Th\u00e8mes des prochaines ann\u00e9es: utilisation des m\u00e9dias sociaux et des applications, r\u00e9alit\u00e9 virtuelle et augment\u00e9e pour la reconstruction et la m\u00e9diation du patrimoine culturel, r\u00e9duction des barri\u00e8res et inclusion par les m\u00e9dias ainsi que les aspects juridiques de la num\u00e9risation.<\/h4>\n<p>&nbsp;<\/p>\n<p><img decoding=\"async\" loading=\"lazy\" class=\"alignnone wp-image-2473\" src=\"http:\/\/avicom.mini.icom.museum\/wp-content\/uploads\/sites\/3\/2019\/12\/20190906_194328red-300x169.jpg\" alt=\"\" width=\"475\" height=\"268\" srcset=\"https:\/\/avicom.mini.icom.museum\/wp-content\/uploads\/sites\/3\/2019\/12\/20190906_194328red-300x169.jpg 300w, https:\/\/avicom.mini.icom.museum\/wp-content\/uploads\/sites\/3\/2019\/12\/20190906_194328red.jpg 567w\" sizes=\"(max-width: 475px) 100vw, 475px\" \/><\/p>\n<p>Decouvr\u00e9 dans la cit\u00e9 de Kyoto&#8230; \u00a9 Photo: Michael H. Faber \/ AVICOM<\/p>\n<p>&nbsp;<\/p>\n","protected":false},"excerpt":{"rendered":"<p>AVICOM a particip\u00e9 \u00e0 \u00ab Revolution: Velvet x Digital. 30 ans de m\u00e9dias num\u00e9riques et sociaux dans les mus\u00e9es \u00bb, 6-7 novembre 2019, Bratislava 16 d\u00e9cembre 2019 En 2019, les pays de l&#8217;ancien bloc socialiste comm\u00e9morent le 30e anniversaire de la chute de le rideau de fer. Cet automne a non seulement reli\u00e9 deux mondes [&hellip;]<\/p>\n","protected":false},"author":20,"featured_media":0,"parent":0,"menu_order":0,"comment_status":"closed","ping_status":"closed","template":"","meta":{"footnotes":""},"yst_prominent_words":[339,372,407,404,376,369,366,405,402,69,406,403,395,409,370,367,412,408,371,368],"acf":[],"_links":{"self":[{"href":"https:\/\/avicom.mini.icom.museum\/fr\/wp-json\/wp\/v2\/pages\/2472"}],"collection":[{"href":"https:\/\/avicom.mini.icom.museum\/fr\/wp-json\/wp\/v2\/pages"}],"about":[{"href":"https:\/\/avicom.mini.icom.museum\/fr\/wp-json\/wp\/v2\/types\/page"}],"author":[{"embeddable":true,"href":"https:\/\/avicom.mini.icom.museum\/fr\/wp-json\/wp\/v2\/users\/20"}],"replies":[{"embeddable":true,"href":"https:\/\/avicom.mini.icom.museum\/fr\/wp-json\/wp\/v2\/comments?post=2472"}],"version-history":[{"count":8,"href":"https:\/\/avicom.mini.icom.museum\/fr\/wp-json\/wp\/v2\/pages\/2472\/revisions"}],"predecessor-version":[{"id":2488,"href":"https:\/\/avicom.mini.icom.museum\/fr\/wp-json\/wp\/v2\/pages\/2472\/revisions\/2488"}],"wp:attachment":[{"href":"https:\/\/avicom.mini.icom.museum\/fr\/wp-json\/wp\/v2\/media?parent=2472"}],"wp:term":[{"taxonomy":"yst_prominent_words","embeddable":true,"href":"https:\/\/avicom.mini.icom.museum\/fr\/wp-json\/wp\/v2\/yst_prominent_words?post=2472"}],"curies":[{"name":"wp","href":"https:\/\/api.w.org\/{rel}","templated":true}]}}