{"id":2745,"date":"2020-02-28T15:49:28","date_gmt":"2020-02-28T15:49:28","guid":{"rendered":"http:\/\/avicom.mini.icom.museum\/?page_id=2745"},"modified":"2022-12-20T11:49:01","modified_gmt":"2022-12-20T11:49:01","slug":"ambassadeurs-regionaux-avicom","status":"publish","type":"page","link":"https:\/\/avicom.mini.icom.museum\/fr\/ambassadeurs-regionaux-avicom\/","title":{"rendered":"Ambassadeurs R\u00e9gionaux AVICOM"},"content":{"rendered":"<h5>Les missions des Ambassadeurs R\u00e9gionaux AVICOM sont de promouvoir l\u2019\u00e9change, initier et animer la coop\u00e9ration entre les mus\u00e9es qui ont des moyens humains et financiers restreints et des mus\u00e9es mieux dot\u00e9s en terme d\u2019audiovisuel et de multim\u00e9dia, ainsi que de conseiller les mus\u00e9es ayant peu d\u2019exp\u00e9rience en m\u00e9diation num\u00e9rique.<\/h5>\n<h5>L&#8217;AM\u00c9RIQUE CENTRALE; L&#8217;AM\u00c9RIQUE DU SUD ET LES \u00ceLES CARA\u00cfBES:<\/h5>\n<p><a href=\"https:\/\/avicom.mini.icom.museum\/fr\/karina_r-_durand_velasco_junio_2016_resized-jpg\/\"><img decoding=\"async\" loading=\"lazy\" class=\"alignnone wp-image-228\" src=\"http:\/\/avicom.mini.icom.museum\/wp-content\/uploads\/sites\/3\/2019\/01\/Karina_R._Durand_Velasco_Junio_2016_resized-300x268.jpg\" alt=\"\" width=\"225\" height=\"201\" srcset=\"https:\/\/avicom.mini.icom.museum\/wp-content\/uploads\/sites\/3\/2019\/01\/Karina_R._Durand_Velasco_Junio_2016_resized-300x268.jpg 300w, https:\/\/avicom.mini.icom.museum\/wp-content\/uploads\/sites\/3\/2019\/01\/Karina_R._Durand_Velasco_Junio_2016_resized.jpg 320w\" sizes=\"(max-width: 225px) 100vw, 225px\" \/><\/a><\/p>\n<h5>En tant qu\u2019ambassadeur, Karina Rebeca DURAND VELASCO de Mexico sera en charge de l\u2019Am\u00e9rique Centrale et de l\u2019Am\u00e9rique du Sud. Cette experte du monde mus\u00e9al, ayant des contacts avec les mus\u00e9es de nombreux pays d\u2019Am\u00e9rique latine, est impliqu\u00e9e dans l\u2019AVICOM depuis 1991. Elle en fut la vice-pr\u00e9sidente pendant plusieurs ann\u00e9es. CONTACT: <a href=\"mailto:k.durand@globalnoiseint.com\">k.durand@globalnoiseint.com<\/a><\/h5>\n<h5>L&#8217;AUSTRALIE, LA NOUVELLE Z\u00c9LANDE ET L&#8217;OC\u00c9ANIE:<\/h5>\n<p><a href=\"https:\/\/avicom.mini.icom.museum\/fr\/john_cheeseman_photo_easy-resize-com_-jpg\/\"><img decoding=\"async\" loading=\"lazy\" class=\"alignnone wp-image-216\" src=\"http:\/\/avicom.mini.icom.museum\/wp-content\/uploads\/sites\/3\/2019\/01\/John_Cheeseman_Photo_Easy-Resize.com.jpg\" alt=\"\" width=\"226\" height=\"182\" \/><\/a><\/p>\n<h5>John CHEESEMAN prend le poste d\u2019Ambassadeur pour l\u2019Australie, la Nouvelle Z\u00e9lande et l\u2019Oc\u00e9anie. Directeur de la galerie <a href=\"http:\/\/mosmanartgallery.org.au\/\">Mosman Art<\/a> \u00e0 Sydney, cin\u00e9aste et expert des m\u00e9dias, il fut un membre tr\u00e8s actif du pr\u00e9c\u00e9dent Bureau de l\u2019AVICOM. CONTACT: <a href=\"mailto:j.cheeseman@mosman.nsw.gov.au\">j.cheeseman@mosman.nsw.gov.au<\/a><\/h5>\n","protected":false},"excerpt":{"rendered":"<p>Les missions des Ambassadeurs R\u00e9gionaux AVICOM sont de promouvoir l\u2019\u00e9change, initier et animer la coop\u00e9ration entre les mus\u00e9es qui ont des moyens humains et financiers restreints et des mus\u00e9es mieux dot\u00e9s en terme d\u2019audiovisuel et de multim\u00e9dia, ainsi que de conseiller les mus\u00e9es ayant peu d\u2019exp\u00e9rience en m\u00e9diation num\u00e9rique. L&#8217;AM\u00c9RIQUE CENTRALE; L&#8217;AM\u00c9RIQUE DU SUD ET [&hellip;]<\/p>\n","protected":false},"author":20,"featured_media":0,"parent":0,"menu_order":0,"comment_status":"closed","ping_status":"closed","template":"","meta":{"footnotes":""},"yst_prominent_words":[714,668,715,305,716,720,718,721,719,723,724,726,729,727,730,733,401,731,734,735],"acf":[],"_links":{"self":[{"href":"https:\/\/avicom.mini.icom.museum\/fr\/wp-json\/wp\/v2\/pages\/2745"}],"collection":[{"href":"https:\/\/avicom.mini.icom.museum\/fr\/wp-json\/wp\/v2\/pages"}],"about":[{"href":"https:\/\/avicom.mini.icom.museum\/fr\/wp-json\/wp\/v2\/types\/page"}],"author":[{"embeddable":true,"href":"https:\/\/avicom.mini.icom.museum\/fr\/wp-json\/wp\/v2\/users\/20"}],"replies":[{"embeddable":true,"href":"https:\/\/avicom.mini.icom.museum\/fr\/wp-json\/wp\/v2\/comments?post=2745"}],"version-history":[{"count":6,"href":"https:\/\/avicom.mini.icom.museum\/fr\/wp-json\/wp\/v2\/pages\/2745\/revisions"}],"predecessor-version":[{"id":3465,"href":"https:\/\/avicom.mini.icom.museum\/fr\/wp-json\/wp\/v2\/pages\/2745\/revisions\/3465"}],"wp:attachment":[{"href":"https:\/\/avicom.mini.icom.museum\/fr\/wp-json\/wp\/v2\/media?parent=2745"}],"wp:term":[{"taxonomy":"yst_prominent_words","embeddable":true,"href":"https:\/\/avicom.mini.icom.museum\/fr\/wp-json\/wp\/v2\/yst_prominent_words?post=2745"}],"curies":[{"name":"wp","href":"https:\/\/api.w.org\/{rel}","templated":true}]}}