{"id":276,"date":"2019-01-03T20:33:55","date_gmt":"2019-01-03T20:33:55","guid":{"rendered":"http:\/\/avicom.icom.cust.oxymium.net\/fiamp\/presentation\/"},"modified":"2019-01-03T20:46:28","modified_gmt":"2019-01-03T20:46:28","slug":"presentation","status":"publish","type":"page","link":"https:\/\/avicom.mini.icom.museum\/fr\/fiamp\/presentation\/","title":{"rendered":"Pr\u00e9sentation"},"content":{"rendered":"<div id=\"RTE_CONTENT\"> <!--TYPO3SEARCH_begin--> \t<!--  CONTENT ELEMENT, uid:19124\/text [begin] --> \t\t<\/p>\n<div id=\"c19124\"> \t\t<!--  Header: [begin] --> \t\t\t<\/p>\n<h2>F@IMP 2.0 Festival 2018<\/h2>\n<p> \t\t<!--  Header: [end] --> \t\t\t \t\t<!--  Text: [begin] --> \t\t\t<\/p>\n<p><span>Le F @ IMP 2.0 (Festival du patrimoine multim\u00e9dia international audiovisuel) est organis\u00e9 par AVICOM, Comit\u00e9 international de l&#8217;ICOM pour l&#8217;audiovisuel, les nouvelles technologies et les m\u00e9dias sociaux. F @ imp 2.0 s&#8217;inscrit dans la continuit\u00e9 et l&#8217;expansion du Festival International de l&#8217;Audiovisuel du Multim\u00e9dia, un \u00e9v\u00e9nement international visant \u00e0 encourager et \u00e0 reconna\u00eetre la production et la distribution de productions audiovisuelles (audio, film et vid\u00e9o) et technologies multim\u00e9dias innovantes (sites Web, programmes interactifs, applications mobiles et installations d&#8217;expositions cr\u00e9atives et interpr\u00e9tatives) lanc\u00e9es ou produites par des mus\u00e9es ou des institutions patrimoniales et culturelles \u00e0 travers le monde.<\/span> <\/p>\n<p><img alt=\"\"><\/p>\n<p> \t\t<!--  Text: [end] --> \t\t\t   \t<!--  \t\tBEGIN: Content of extension \"hpo_relatedlink\", plugin \"tx_hporelatedlink_pi1\"  \t--> \t<\/p>\n<div> \t\t \t<\/div>\n<p> \t \t<!-- END: Content of extension \"hpo_relatedlink\", plugin \"tx_hporelatedlink_pi1\" -->  \t<\/div>\n<p> \t<!--  CONTENT ELEMENT, uid:19124\/text [end] --> \t\t \t<!--  CONTENT ELEMENT, uid:20129\/image [begin] --> \t\t<\/p>\n<div id=\"c20129\"> \t\t<!--  Image block: [begin] --> \t\t\t \t\t<!--  Image block: [end] --> \t\t\t   \t<!--  \t\tBEGIN: Content of extension \"hpo_relatedlink\", plugin \"tx_hporelatedlink_pi1\"  \t--> \t<\/p>\n<div> \t\t \t<\/div>\n<p> \t \t<!-- END: Content of extension \"hpo_relatedlink\", plugin \"tx_hporelatedlink_pi1\" -->  \t<\/div>\n<p> \t<!--  CONTENT ELEMENT, uid:20129\/image [end] --> \t\t \t<!--  CONTENT ELEMENT, uid:13528\/html [begin] --> \t\t<\/p>\n<div id=\"c13528\"> \t\t<!--  Raw HTML content: [begin] --> \t\t\t<iframe src=\"\/\/www.youtube.com\/embed\/No_Rccvkvsk\" frameborder=\"0\" allowfullscreen=\"\"><\/iframe> \t\t<!--  Raw HTML content: [end] --> \t\t\t<\/div>\n<p> \t<!--  CONTENT ELEMENT, uid:13528\/html [end] --> \t\t \t<!--  CONTENT ELEMENT, uid:5437\/textpic [begin] --> \t\t<\/p>\n<div id=\"c5437\"> \t\t<!--  Image block: [begin] --> \t\t\t<\/p>\n<div> \t\t<!--  Text: [begin] --> \t\t\t<\/p>\n<ul><\/ul>\n<h2>Mission<\/h2>\n<\/p>\n<div>\n<div>\n<div>\n<h3>Pourquoi un festival?<\/h3>\n<ul>\n<li><a href=\"http:\/\/avicom.mini.icom.museum\/wp-content\/uploads\/sites\/3\/2019\/01\/article_ALSanterne_2006.pdf\">Anne-Laure Santerne, Commissaire g\u00e9n\u00e9ral adjoint du Fiamp en 2006, PDF<\/a><\/li>\n<\/ul><\/div>\n<\/p><\/div>\n<\/p><\/div>\n<p> Le FIAMP a pour mandat d\u2019encourager, de valoriser et de promouvoir la r\u00e9alisation et la diffusion d\u2019audiovisuels (films, vid\u00e9os) et de produits multim\u00e9dia (sites Internet, CD-ROM, DVD-Rom, bornes, applications mobiles, nouvelles mus\u00e9ographies, etc.) destin\u00e9s aux mus\u00e9es, r\u00e9alis\u00e9s ou produits par les \u00e9tablissements mus\u00e9aux et patrimoniaux ou par les professionnels et soci\u00e9t\u00e9s priv\u00e9es du multim\u00e9dia culturel.   <\/p>\n<h2>La comp\u00e9tition <\/h2>\n<p>La comp\u00e9tition est ouverte \u00e0 tout \u00a0mus\u00e9e ou institution culturelle de par le monde ainsi qu\u2019aux professionnels ou soci\u00e9t\u00e9s priv\u00e9es ayant r\u00e9alis\u00e9 des projets destin\u00e9s aux mus\u00e9es et institutions culturelles.  <\/p>\n<p>Les r\u00e9alisations doivent mettre en valeur une institution culturelle, des collections, une mus\u00e9ographie, un patrimoine au sens entendu par l\u2019UNESCO, un artiste ou l\u2019histoire de l\u2019art ; elles peuvent \u00eatre de nature p\u00e9dagogique, informative, promotionnelle, ludo-culturelle ou artistique. <\/p>\n<p>Les prix sont d\u00e9cern\u00e9s dans plusieurs cat\u00e9gories\u00a0incluant le Grand Prix AVICOM, renomm\u00e9 en hommage \u00e0 la fondatrice du comit\u00e9 AVICOM, Madame Claude-Nicole Hocquard.\u00a0 \u00a0 <\/p>\n<p>\u00a0<\/p>\n<h2>Description des prix<\/h2>\n<h5>Cat\u00e9gorie audiovisuel<\/h5>\n<ul>\n<li> <b>Prix du court m\u00e9trage\u00a0:<\/b> dur\u00e9e\u00a0: 10 minutes et moins<\/li>\n<li> <b>Prix du moyen m\u00e9trage : <\/b>dur\u00e9e\u00a0: 10 \u00e0 30 minutes<\/li>\n<li> <b>Prix du long m\u00e9trage\u00a0: <\/b>dur\u00e9e\u00a0: de 30 \u00e0 55 minutes<\/li>\n<\/ul>\n<p>\u00a0<\/p>\n<h5>Cat\u00e9gorie multim\u00e9dia<\/h5>\n<ul>\n<li> <b>Prix Multim\u00e9di\u2019Art\u00a0: <\/b>CD-Rom ou DVD-Rom<\/li>\n<li> <b>Prix Multim\u00e9di\u2019Art Interactif\u00a0: <\/b>bornes interactives, programmes interactifs (audio-guides), applications mobiles, <\/li>\n<li> <b>Prix Web\u2019Art\u00a0:<\/b> site Internet <\/li>\n<li> <b>Prix Sp\u00e9cial Web\u2019Art\u00a0:<\/b> programme ou exposition en ligne<\/li>\n<li> <b>Prix Mus\u00e9ographie nouvelle\u00a0: <\/b>environnement immersif (si le programme est visionnable par le jury et lors du festival)<\/li>\n<\/ul>\n<p>\u00a0<\/p>\n<h5>Prix Claude-Nicole Hocquard <\/h5>\n<ul>\n<li> <b>Nouvelle d\u00e9nomination du Grand Prix AVICOM<\/b>\u00a0: grand prix du jury toutes cat\u00e9gories<\/li>\n<\/ul>\n<h2>La s\u00e9l\u00e9ction<\/h2>\n<p>Le jury est constitu\u00e9 de sp\u00e9cialistes reconnus par les pairs. Il examine les r\u00e9alisations s\u00e9lectionn\u00e9es par le commissariat g\u00e9n\u00e9ral d\u2019AVICOM. Son jugement porte sur la qualit\u00e9 tant du contenu (valeur scientifique) que de la forme (pr\u00e9sentation, facilit\u00e9 d\u2019utilisation) et prend \u00e9galement \u00a0en compte l\u2019originalit\u00e9. Les prix sont attribu\u00e9s par un processus de vote \u00e0 majorit\u00e9. Le jury se r\u00e9serve le droit de ne pas d\u00e9cerner de prix dans une cat\u00e9gorie o\u00f9 il n\u2019aurait pu identifier de r\u00e9alisation exceptionnelle.  <\/p>\n<p>Les r\u00e9alisations finalistes sont pr\u00e9sent\u00e9es aux participants du FIAMP avant la remise officielle des prix. <\/p>\n<h2>Festivals ant\u00e9rieurs <\/h2>\n<p>Sous l&#8217;impulsion de Marie-Fran\u00e7oise Delval alors en fonction \u00e0 la Direction des Mus\u00e9es de France, le &#8220;Festival Audiovisuel Mus\u00e9ographique&#8221; a \u00e9t\u00e9 cr\u00e9\u00e9 en 1992 ; il deviendra &#8220;Festival Audiovisuel International Mus\u00e9es et Patrimoine&#8221; en 1996 et int\u00e8grera la comp\u00e9tition des c\u00e9d\u00e9roms puis celle des sites web en 1998.<\/p>\n<table>\n<tbody>\n<tr>\n<td>\n<p><b>FIAMP<\/b><\/p>\n<\/td>\n<td>\n<p><b>Palmar\u00e8s<\/b><\/p>\n<\/td>\n<td>\n<p><b>Catalogues<\/b><\/p>\n<\/td>\n<\/tr>\n<tr>\n<td>\n<p>Fiamp.2012 &#8211; Montr\u00e9al, Canada <\/p>\n<\/td>\n<td>\n<p>\u00a0<\/p>\n<\/td>\n<td>\n<p>\u00a0<\/p>\n<\/td>\n<\/tr>\n<tr>\n<td>\n<p>Fiamp.2010 &#8211; Shanghai, Chine <\/p>\n<\/td>\n<td>\n<p><a href=\"http:\/\/avicom.icom.cust.oxymium.net\/fiamp\/presentation\/palmares-1996-a-nos-jours\/\" title=\"Opens internal link in current window\">FIAMP.2010<\/a><\/p>\n<\/td>\n<td>\n<p>\u00a0<\/p>\n<\/td>\n<\/tr>\n<tr>\n<td>\n<p>Fiamp.2009 &#8211; Turin, Italie<\/p>\n<\/td>\n<td>\n<p><a href=\"http:\/\/avicom.icom.cust.oxymium.net\/archives\/2009-2\/palmares-2009\/\" title=\"Opens internal link in current window\">FIAMP.2009<\/a><\/p>\n<\/td>\n<td>\n<p>\u00a0<\/p>\n<\/td>\n<\/tr>\n<tr>\n<td>\n<p><a href=\"http:\/\/www.learningtimes.net\/fiamp\/index_fr.html\" target=\"_blank\">Fiamp.2008<\/a> &#8211; Gatineau-Ottawa, Canada <\/p>\n<\/td>\n<td>\n<p><a href=\"http:\/\/avicom.icom.cust.oxymium.net\/archives\/2008-2\/palmares-2008\/\" title=\"Opens internal link in current window\">FIAMP.2008<\/a><\/p>\n<\/td>\n<td>\n<p>\u00a0<\/p>\n<\/td>\n<\/tr>\n<tr>\n<td>\n<p>Fiamp.2007 &#8211; Cuernavaca, Mexique<\/p>\n<\/td>\n<td>\n<p><a href=\"http:\/\/avicom.icom.cust.oxymium.net\/archives\/2007-2\/palmares-2007\/\" title=\"Opens internal link in current window\">FIAMP.2007<\/a><\/p>\n<\/td>\n<td>\n<p>\u00a0<\/p>\n<\/td>\n<\/tr>\n<tr>\n<td>\n<p>Fiamp.2006 &#8211; Paris, France <\/p>\n<\/td>\n<td>\n<p><a href=\"http:\/\/avicom.icom.cust.oxymium.net\/archives\/2006-2\/palmares-2006\/\" title=\"Opens internal link in current window\">FIAMP.2006<\/a><\/p>\n<\/td>\n<td>\n<p>\u00a0<\/p>\n<\/td>\n<\/tr>\n<tr>\n<td>\n<p>Fiamp.2004 &#8211; Taipei, Taiwan <\/p>\n<\/td>\n<td>\n<p><a href=\"http:\/\/avicom.icom.cust.oxymium.net\/archives\/2004-2\/palmares-2004\/\" title=\"Opens internal link in current window\">FIAMP.2004<\/a><\/p>\n<\/td>\n<td>\n<p>\u00a0<\/p>\n<\/td>\n<\/tr>\n<tr>\n<td>\n<p>Fiamp.2003 &#8211; Paris, France <\/p>\n<\/td>\n<td>\n<p><a href=\"http:\/\/avicom.icom.cust.oxymium.net\/archives\/2003-2\/palmares-2003\/\" title=\"Opens internal link in current window\">FIAMP.2003<\/a><\/p>\n<\/td>\n<td>\n<p>\u00a0<\/p>\n<\/td>\n<\/tr>\n<tr>\n<td>\n<p>Fiamp.2002 &#8211; S\u00e3o Paulo, Br\u00e9sil<\/p>\n<\/td>\n<td>\n<p>\u00a0<\/p>\n<\/td>\n<td>\n<p>\u00a0<\/p>\n<\/td>\n<\/tr>\n<tr>\n<td>\n<p>Fiamp.2001 &#8211; Barcelone, Espagne<\/p>\n<\/td>\n<td>\n<p>\u00a0<\/p>\n<\/td>\n<td>\n<p>\u00a0<\/p>\n<\/td>\n<\/tr>\n<tr>\n<td>\n<p>Fiamp.2000\u00a0&#8211; Budapest, Hongrie<\/p>\n<\/td>\n<td>\n<p>\u00a0<\/p>\n<\/td>\n<td>\n<p><a href=\"http:\/\/avicom.mini.icom.museum\/wp-content\/uploads\/sites\/3\/2019\/01\/Catalogue _faimp_2000.pdf\" title=\"TEXTE, Catalogue faimp 2000, Catalogue _faimp_2000.pdf, 245 KB\" target=\"_blank\">PDF<\/a><\/p>\n<\/td>\n<\/tr>\n<tr>\n<td>\n<p>Fiamp.1999 &#8211; Montr\u00e9al, Canada <\/p>\n<\/td>\n<td>\n<p>\u00a0<\/p>\n<\/td>\n<td>\n<p><a href=\"http:\/\/avicom.mini.icom.museum\/wp-content\/uploads\/sites\/3\/2019\/01\/Catalogue_faimp_1999.pdf\" title=\"TEXTE, Catalogue faimp 1999, Catalogue_faimp_1999.pdf, 158 KB\" target=\"_blank\">PDF<\/a><\/p>\n<\/td>\n<\/tr>\n<tr>\n<td>\n<p>Fiamp.1998\u00a0&#8211; Ouagadougou, Burkina Faso<\/p>\n<\/td>\n<td>\n<p>\u00a0<\/p>\n<\/td>\n<td>\n<p><a href=\"http:\/\/avicom.mini.icom.museum\/wp-content\/uploads\/sites\/3\/2019\/01\/Catalogue_faimp_1998.pdf\" title=\"TEXTE, Catalogue faimp 1998, Catalogue_faimp_1998.pdf, 172 KB\" target=\"_blank\">PDF<\/a><\/p>\n<\/td>\n<\/tr>\n<tr>\n<td>\n<p>Fiamp.1997 &#8211; Paris, France <\/p>\n<\/td>\n<td>\n<p>\u00a0<\/p>\n<\/td>\n<td>\n<p><a href=\"http:\/\/avicom.mini.icom.museum\/wp-content\/uploads\/sites\/3\/2019\/01\/Catalogue_faimp_1997.pdf\" title=\"TEXTE, Catalogue faimp 1997, Catalogue_faimp_1997.pdf, 163 KB\">PDF<\/a><\/p>\n<\/td>\n<\/tr>\n<tr>\n<td>\n<p>Fiamp.1996\u00a0&#8211; Buenos Aires, Argentine <\/p>\n<\/td>\n<td>\n<p>\u00a0<\/p>\n<\/td>\n<td>\n<p><a href=\"http:\/\/avicom.mini.icom.museum\/wp-content\/uploads\/sites\/3\/2019\/01\/Catalogue_faimp_1996.pdf\" title=\"TEXTE, Catalogue faimp 1996, Catalogue_faimp_1996.pdf, 522 KB\" target=\"_blank\">PDF<\/a><\/p>\n<\/td>\n<\/tr>\n<\/tbody>\n<\/table>\n<p> <!--  Text: [end] --> <\/div>\n<p> \t\t<!--  Image block: [end] --> \t\t\t   \t<!--  \t\tBEGIN: Content of extension \"hpo_relatedlink\", plugin \"tx_hporelatedlink_pi1\"  \t--> \t<\/p>\n<div> \t\t \t<\/div>\n<p> \t \t<!-- END: Content of extension \"hpo_relatedlink\", plugin \"tx_hporelatedlink_pi1\" -->  \t<\/div>\n<p> \t<!--  CONTENT ELEMENT, uid:5437\/textpic [end] --> \t\t<!--TYPO3SEARCH_end--> <\/div>\n","protected":false},"excerpt":{"rendered":"<p>F@IMP 2.0 Festival 2018 Le F @ IMP 2.0 (Festival du patrimoine multim\u00e9dia international audiovisuel) est organis\u00e9 par AVICOM, Comit\u00e9 international de l&#8217;ICOM pour l&#8217;audiovisuel, les nouvelles technologies et les m\u00e9dias sociaux. F @ imp 2.0 s&#8217;inscrit dans la continuit\u00e9 et l&#8217;expansion du Festival International de l&#8217;Audiovisuel du Multim\u00e9dia, un \u00e9v\u00e9nement international visant \u00e0 encourager [&hellip;]<\/p>\n","protected":false},"author":1,"featured_media":0,"parent":130,"menu_order":0,"comment_status":"closed","ping_status":"closed","template":"","meta":{"footnotes":""},"yst_prominent_words":[],"acf":[],"_links":{"self":[{"href":"https:\/\/avicom.mini.icom.museum\/fr\/wp-json\/wp\/v2\/pages\/276"}],"collection":[{"href":"https:\/\/avicom.mini.icom.museum\/fr\/wp-json\/wp\/v2\/pages"}],"about":[{"href":"https:\/\/avicom.mini.icom.museum\/fr\/wp-json\/wp\/v2\/types\/page"}],"author":[{"embeddable":true,"href":"https:\/\/avicom.mini.icom.museum\/fr\/wp-json\/wp\/v2\/users\/1"}],"replies":[{"embeddable":true,"href":"https:\/\/avicom.mini.icom.museum\/fr\/wp-json\/wp\/v2\/comments?post=276"}],"version-history":[{"count":1,"href":"https:\/\/avicom.mini.icom.museum\/fr\/wp-json\/wp\/v2\/pages\/276\/revisions"}],"predecessor-version":[{"id":2084,"href":"https:\/\/avicom.mini.icom.museum\/fr\/wp-json\/wp\/v2\/pages\/276\/revisions\/2084"}],"up":[{"embeddable":true,"href":"https:\/\/avicom.mini.icom.museum\/fr\/wp-json\/wp\/v2\/pages\/130"}],"wp:attachment":[{"href":"https:\/\/avicom.mini.icom.museum\/fr\/wp-json\/wp\/v2\/media?parent=276"}],"wp:term":[{"taxonomy":"yst_prominent_words","embeddable":true,"href":"https:\/\/avicom.mini.icom.museum\/fr\/wp-json\/wp\/v2\/yst_prominent_words?post=276"}],"curies":[{"name":"wp","href":"https:\/\/api.w.org\/{rel}","templated":true}]}}