{"id":2857,"date":"2020-03-20T17:58:16","date_gmt":"2020-03-20T17:58:16","guid":{"rendered":"http:\/\/avicom.mini.icom.museum\/?page_id=2857"},"modified":"2020-03-21T12:22:26","modified_gmt":"2020-03-21T12:22:26","slug":"les-gagnants-du-dernier-festival-fimp-a-shanghai-kyoto-2019","status":"publish","type":"page","link":"https:\/\/avicom.mini.icom.museum\/fr\/les-gagnants-du-dernier-festival-fimp-a-shanghai-kyoto-2019\/","title":{"rendered":"f@imp Festival de Shanghai et de Kyoto 2019 \/ Conf\u00e9rence \u00e0 Kyoto 2019"},"content":{"rendered":"<h4>f@imp Festival: Message vid\u00e9o de J\u00e1nos Tari, pr\u00e9sident AVICOM 2013-2019<\/h4>\n<p><iframe loading=\"lazy\" width=\"500\" height=\"281\" src=\"https:\/\/www.youtube.com\/embed\/PKMbf7nOiXo?feature=oembed\" frameborder=\"0\" allow=\"accelerometer; autoplay; encrypted-media; gyroscope; picture-in-picture\" allowfullscreen><\/iframe><\/p>\n<h4>f@imp Festival: Les gagnants<\/h4>\n<p><iframe loading=\"lazy\" width=\"500\" height=\"281\" src=\"https:\/\/www.youtube.com\/embed\/1p6i0ssWwMI?feature=oembed\" frameborder=\"0\" allow=\"accelerometer; autoplay; encrypted-media; gyroscope; picture-in-picture\" allowfullscreen><\/iframe><\/p>\n<h4>Conf\u00e9rence: Message vid\u00e9o de J\u00e1nos Tari, pr\u00e9sident AVICOM 2013-2019<\/h4>\n<p><iframe loading=\"lazy\" width=\"500\" height=\"281\" src=\"https:\/\/www.youtube.com\/embed\/PKMbf7nOiXo?feature=oembed\" frameborder=\"0\" allow=\"accelerometer; autoplay; encrypted-media; gyroscope; picture-in-picture\" allowfullscreen><\/iframe><\/p>\n","protected":false},"excerpt":{"rendered":"<p>f@imp Festival: Message vid\u00e9o de J\u00e1nos Tari, pr\u00e9sident AVICOM 2013-2019 f@imp Festival: Les gagnants Conf\u00e9rence: Message vid\u00e9o de J\u00e1nos Tari, pr\u00e9sident AVICOM 2013-2019<\/p>\n","protected":false},"author":20,"featured_media":0,"parent":0,"menu_order":0,"comment_status":"closed","ping_status":"closed","template":"","meta":{"footnotes":""},"yst_prominent_words":[972,963,957,974,429,936,964,976,975,968,961,955,950,979,978,971,962,956,951],"acf":[],"_links":{"self":[{"href":"https:\/\/avicom.mini.icom.museum\/fr\/wp-json\/wp\/v2\/pages\/2857"}],"collection":[{"href":"https:\/\/avicom.mini.icom.museum\/fr\/wp-json\/wp\/v2\/pages"}],"about":[{"href":"https:\/\/avicom.mini.icom.museum\/fr\/wp-json\/wp\/v2\/types\/page"}],"author":[{"embeddable":true,"href":"https:\/\/avicom.mini.icom.museum\/fr\/wp-json\/wp\/v2\/users\/20"}],"replies":[{"embeddable":true,"href":"https:\/\/avicom.mini.icom.museum\/fr\/wp-json\/wp\/v2\/comments?post=2857"}],"version-history":[{"count":3,"href":"https:\/\/avicom.mini.icom.museum\/fr\/wp-json\/wp\/v2\/pages\/2857\/revisions"}],"predecessor-version":[{"id":2879,"href":"https:\/\/avicom.mini.icom.museum\/fr\/wp-json\/wp\/v2\/pages\/2857\/revisions\/2879"}],"wp:attachment":[{"href":"https:\/\/avicom.mini.icom.museum\/fr\/wp-json\/wp\/v2\/media?parent=2857"}],"wp:term":[{"taxonomy":"yst_prominent_words","embeddable":true,"href":"https:\/\/avicom.mini.icom.museum\/fr\/wp-json\/wp\/v2\/yst_prominent_words?post=2857"}],"curies":[{"name":"wp","href":"https:\/\/api.w.org\/{rel}","templated":true}]}}