{"id":2889,"date":"2020-03-21T13:35:01","date_gmt":"2020-03-21T13:35:01","guid":{"rendered":"http:\/\/avicom.mini.icom.museum\/?page_id=2889"},"modified":"2020-09-29T09:21:54","modified_gmt":"2020-09-29T09:21:54","slug":"2889-2","status":"publish","type":"page","link":"https:\/\/avicom.mini.icom.museum\/fr\/2889-2\/","title":{"rendered":"REPORT\u00c9 \u00c0 2021: Festival F@imp 2.0 2020"},"content":{"rendered":"<div id=\"tw-target-text-container\" class=\"tw-ta-container hide-focus-ring tw-nfl\">\n<h2 class=\"tw-data-text tw-text-large XcVN5d tw-ta\"><span lang=\"fr\" style=\"color: #ff0000\">En raison de Corona, le festival sera report\u00e9 \u00e0 l&#8217;automne 2021 et combin\u00e9 avec le F@imp Festival 2021.<\/span><\/h2>\n<h2><span style=\"color: #ff0000\">La date limite de soumission sera prolong\u00e9e jusqu&#8217;au 31 octobre 2020.<\/span><\/h2>\n<\/div>\n<h5><strong>Bienvenue en Normandie! Festival international des m\u00e9dias AVICOM F@IMP 2.0 avec conf\u00e9rence annuelle AVICOM du 14 au 16 octobre 2020 au Airborne Museum*, Sainte-M\u00e8re-\u00c9glise<\/strong><\/h5>\n<h5>C&#8217;est une tradition qu&#8217;un mus\u00e9e, qui a \u00e9t\u00e9 l&#8217;un des laur\u00e9ats du festival des m\u00e9dias AVICOM l&#8217;an dernier, accueille le festival l&#8217;ann\u00e9e suivante. Cette ann\u00e9e, le Airborne Museum de Sainte-M\u00e8re-\u00c9glise en Normandie vous invite au festival. Avec une production \u00abHistoPad\u00bb, l&#8217;Airborne Museum a remport\u00e9 l&#8217;an dernier le premier prix dans la cat\u00e9gorie festival \u00abApplication de r\u00e9alit\u00e9 augment\u00e9e\u00bb.<\/h5>\n<p><a href=\"https:\/\/avicom.mini.icom.museum\/fr\/le_deuxieme_batiment_a_ete_ouvert_en_1984_et_porte_le_nom_de_c-47\/\" rel=\"attachment wp-att-2450\"><img decoding=\"async\" loading=\"lazy\" class=\"alignnone size-medium wp-image-2450\" src=\"http:\/\/avicom.mini.icom.museum\/wp-content\/uploads\/sites\/3\/2019\/12\/Le_deuxi\u00e8me_b\u00e2timent_a_\u00e9t\u00e9_ouvert_en_1984_et_porte_le_nom_de_C-47-300x177.jpg\" alt=\"\" width=\"300\" height=\"177\" srcset=\"https:\/\/avicom.mini.icom.museum\/wp-content\/uploads\/sites\/3\/2019\/12\/Le_deuxi\u00e8me_b\u00e2timent_a_\u00e9t\u00e9_ouvert_en_1984_et_porte_le_nom_de_C-47-300x177.jpg 300w, https:\/\/avicom.mini.icom.museum\/wp-content\/uploads\/sites\/3\/2019\/12\/Le_deuxi\u00e8me_b\u00e2timent_a_\u00e9t\u00e9_ouvert_en_1984_et_porte_le_nom_de_C-47-768x453.jpg 768w, https:\/\/avicom.mini.icom.museum\/wp-content\/uploads\/sites\/3\/2019\/12\/Le_deuxi\u00e8me_b\u00e2timent_a_\u00e9t\u00e9_ouvert_en_1984_et_porte_le_nom_de_C-47.jpg 800w\" sizes=\"(max-width: 300px) 100vw, 300px\" \/><\/a><\/p>\n<p>Airborne Museum: L&#8217;un des pavillons<\/p>\n<h5>Le festival international des m\u00e9dias F@IMP 2.0 (Festival du patrimoine international multim\u00e9dia audiovisuel) et sa conf\u00e9rence qui l&#8217;accompagne sont la poursuite du d\u00e9veloppement du festival FIAMP (Festival International de l&#8217;Audiovisuel du Multim\u00e9dia sur le Patrimoine) lanc\u00e9 il y a plus de deux d\u00e9cennies par AVICOM, un \u00e9v\u00e9nement visant \u00e0 encourager et \u00e0 reconna\u00eetre la production et la distribution de m\u00e9dias audiovisuels (audio, film et vid\u00e9o) et de technologies multim\u00e9dias innovantes (sites Web, programmes interactifs, applications mobiles et installations d&#8217;expositions cr\u00e9atives et interpr\u00e9tatives) lanc\u00e9es ou produites par des mus\u00e9es ou des institutions culturelles et patrimoniales dans le monde entier le monde.<\/h5>\n<h5><strong>Cette ann\u00e9e, le festival proposera quelques innovations:<\/strong> pour la premi\u00e8re fois, une nouvelle cat\u00e9gorie de prix sera introduite, dans laquelle seront reconnues des productions exceptionnelles et exemplaires pour l&#8217;int\u00e9gration des groupes marginalis\u00e9s et pour l&#8217;inclusion des personnes ayant des besoins sp\u00e9ciaux. Il peut s&#8217;agir de m\u00e9dias audiovisuels, interactifs et bas\u00e9s sur le Web.<\/h5>\n<h5>Les productions \u00e0 petit budget \/ productions de mus\u00e9es avec peu de ressources financi\u00e8res sont \u00e9galement express\u00e9ment les bienvenues comme contributions au festival. Le jury se pr\u00e9occupe de l&#8217;efficacit\u00e9 des m\u00e9dias pour atteindre, animer et \u00e9duquer le public, et non pas de la fa\u00e7on dont ils sont con\u00e7us artistiquement et dramaturgiquement!<\/h5>\n<h5><strong>Les inscriptions peuvent \u00eatre soumises du 30 mars au 30 juin inclus (date limite: minuit, heure d&#8217;Europe centrale)<\/strong>. La soumission est simple: en ligne via le site Internet du Festival AVICOM <strong>faimpavicom.org<\/strong>. T\u00e9l\u00e9chargez simplement les messages l\u00e0-bas! Sur ce site, vous trouverez, en plus des nombreuses cat\u00e9gories parmi lesquelles vous pouvez choisir la bonne pour votre soumission, les conditions g\u00e9n\u00e9rales de participation ainsi que des informations suppl\u00e9mentaires et constamment mises \u00e0 jour sur le festival. Sur ce site Web, vous pouvez \u00e9galement consulter les contributions au festival et aux m\u00e9dias gagnants de l&#8217;ann\u00e9e derni\u00e8re.<\/h5>\n<h5><strong>La remise des prix aura lieu dans le cadre du festival le jeudi 15 octobre 2020.<\/strong><\/h5>\n<h5>Le festival est li\u00e9 \u00e0 la conf\u00e9rence annuelle d&#8217;AVICOM et \u00e0 la r\u00e9union annuelle du conseil d&#8217;administration.<\/h5>\n<h5>Soyez l\u00e0, m\u00eame si vous ne voulez pas soumettre de contribution m\u00e9diatique. Comme toujours, le festival sera passionnant et vari\u00e9 et proposera de nombreuses contributions int\u00e9ressantes et inspirantes.<\/h5>\n<h5>J&#8217;ai d\u00e9j\u00e0 h\u00e2te de vous voir en Normandie!<\/h5>\n<h5>le v\u00f4tre<\/h5>\n<h5>Michael H. Faber<\/h5>\n<h5>Pr\u00e9sident AVICOM<\/h5>\n<p>&nbsp;<\/p>\n<p>*) Le Airborne Museum est d\u00e9di\u00e9 \u00e0 la m\u00e9moire des parachutistes des 82nd et 101st Airborne Divisions de l&#8217;arm\u00e9e am\u00e9ricaine qui ont parachut\u00e9 en Normandie dans la nuit du 5 au 6 juin 1944 (&#8220;D-Day&#8221;). Le mus\u00e9e contient plus de 10 000 objets, dont un planeur CG-4 et un C-47 Skytrain. Les objets expos\u00e9s de la Seconde Guerre mondiale ont \u00e9t\u00e9 utilis\u00e9s par des parachutistes qui ont saut\u00e9 dans Sainte-M\u00e8re-\u00c9glise pendant la bataille de Normandie. Le mus\u00e9e contient principalement des \u00e9quipements am\u00e9ricains, mais il existe des r\u00e9pliques d&#8217;\u00e9quipements militaires allemands de l&#8217;\u00e9poque.<\/p>\n<p>Visitez le site Web: <a href=\"https:\/\/www.airborne-museum.org\/en\/\">https:\/\/www.airborne-museum.org\/en\/<\/a><\/p>\n<p>&nbsp;<\/p>\n","protected":false},"excerpt":{"rendered":"<p>En raison de Corona, le festival sera report\u00e9 \u00e0 l&#8217;automne 2021 et combin\u00e9 avec le F@imp Festival 2021. La date limite de soumission sera prolong\u00e9e jusqu&#8217;au 31 octobre 2020. Bienvenue en Normandie! Festival international des m\u00e9dias AVICOM F@IMP 2.0 avec conf\u00e9rence annuelle AVICOM du 14 au 16 octobre 2020 au Airborne Museum*, Sainte-M\u00e8re-\u00c9glise C&#8217;est une [&hellip;]<\/p>\n","protected":false},"author":20,"featured_media":0,"parent":0,"menu_order":0,"comment_status":"closed","ping_status":"closed","template":"","meta":{"footnotes":""},"yst_prominent_words":[302,1007,994,997,996,1002,993,1003,1001,1006,991,990,992,134,1239,287,1189,1000,1269,998],"acf":[],"_links":{"self":[{"href":"https:\/\/avicom.mini.icom.museum\/fr\/wp-json\/wp\/v2\/pages\/2889"}],"collection":[{"href":"https:\/\/avicom.mini.icom.museum\/fr\/wp-json\/wp\/v2\/pages"}],"about":[{"href":"https:\/\/avicom.mini.icom.museum\/fr\/wp-json\/wp\/v2\/types\/page"}],"author":[{"embeddable":true,"href":"https:\/\/avicom.mini.icom.museum\/fr\/wp-json\/wp\/v2\/users\/20"}],"replies":[{"embeddable":true,"href":"https:\/\/avicom.mini.icom.museum\/fr\/wp-json\/wp\/v2\/comments?post=2889"}],"version-history":[{"count":8,"href":"https:\/\/avicom.mini.icom.museum\/fr\/wp-json\/wp\/v2\/pages\/2889\/revisions"}],"predecessor-version":[{"id":3166,"href":"https:\/\/avicom.mini.icom.museum\/fr\/wp-json\/wp\/v2\/pages\/2889\/revisions\/3166"}],"wp:attachment":[{"href":"https:\/\/avicom.mini.icom.museum\/fr\/wp-json\/wp\/v2\/media?parent=2889"}],"wp:term":[{"taxonomy":"yst_prominent_words","embeddable":true,"href":"https:\/\/avicom.mini.icom.museum\/fr\/wp-json\/wp\/v2\/yst_prominent_words?post=2889"}],"curies":[{"name":"wp","href":"https:\/\/api.w.org\/{rel}","templated":true}]}}