{"id":3006,"date":"2020-05-06T12:20:20","date_gmt":"2020-05-06T12:20:20","guid":{"rendered":"http:\/\/avicom.mini.icom.museum\/?page_id=3006"},"modified":"2020-05-06T12:31:17","modified_gmt":"2020-05-06T12:31:17","slug":"publications","status":"publish","type":"page","link":"https:\/\/avicom.mini.icom.museum\/fr\/publications\/","title":{"rendered":"Publications"},"content":{"rendered":"<p><strong>Est-ce que cela m&#8217;affecte?<\/strong><\/p>\n<p><a href=\"https:\/\/avicom.mini.icom.museum\/fr\/studie-cover-copyright-deutsches-auswandererhaus\/\" rel=\"attachment wp-att-2990\"><img decoding=\"async\" loading=\"lazy\" class=\"alignnone size-medium wp-image-2990\" src=\"http:\/\/avicom.mini.icom.museum\/wp-content\/uploads\/sites\/3\/2020\/05\/Studie-Cover-COPYRIGHT-Deutsches-Auswandererhaus-1-225x300.jpg\" alt=\"\" width=\"225\" height=\"300\" srcset=\"https:\/\/avicom.mini.icom.museum\/wp-content\/uploads\/sites\/3\/2020\/05\/Studie-Cover-COPYRIGHT-Deutsches-Auswandererhaus-1-225x300.jpg 225w, https:\/\/avicom.mini.icom.museum\/wp-content\/uploads\/sites\/3\/2020\/05\/Studie-Cover-COPYRIGHT-Deutsches-Auswandererhaus-1-768x1024.jpg 768w\" sizes=\"(max-width: 225px) 100vw, 225px\" \/><\/a><\/p>\n<p>\u00a9 Deutsches Auswandererhaus<\/p>\n<p>La r\u00e9alit\u00e9 virtuelle peut-elle aider \u00e0 transmettre des connaissances et des \u00e9motions culturelles et historiques? Les visiteurs vivent-ils diff\u00e9remment les objets r\u00e9els et virtuels?<\/p>\n<p>Des scientifiques du Deutsches Auswandererhaus (Centre d&#8217;\u00e9migration allemande) de Bremerhaven (Allemagne) ont \u00e9tudi\u00e9 cette question lors d&#8217;une exp\u00e9rience.<\/p>\n<p>L&#8217;exp\u00e9rience a montr\u00e9 que les visiteurs trouvaient les applications VR plus divertissantes que l&#8217;exposition traditionnelle. Cependant, la m\u00e9diation traditionnelle a pu g\u00e9n\u00e9rer plus d&#8217;empathie cognitive. Les objets originaux \u00e9taient per\u00e7us comme plus significatifs que leurs images num\u00e9riques.<\/p>\n<p><a href=\"https:\/\/avicom.mini.icom.museum\/fr\/themenraeume-vr-traditionell-copyright-deutsches-auswandererhaus-foto-katie-heidsiek-red-2\/\" rel=\"attachment wp-att-2983\"><img decoding=\"async\" loading=\"lazy\" class=\"alignnone size-medium wp-image-2983\" src=\"http:\/\/avicom.mini.icom.museum\/wp-content\/uploads\/sites\/3\/2020\/05\/Themenraeume-VR-traditionell-COPYRIGHT-Deutsches-Auswandererhaus-FOTO-Katie-Heidsiek.red_-225x300.jpg\" alt=\"\" width=\"225\" height=\"300\" srcset=\"https:\/\/avicom.mini.icom.museum\/wp-content\/uploads\/sites\/3\/2020\/05\/Themenraeume-VR-traditionell-COPYRIGHT-Deutsches-Auswandererhaus-FOTO-Katie-Heidsiek.red_-225x300.jpg 225w, https:\/\/avicom.mini.icom.museum\/wp-content\/uploads\/sites\/3\/2020\/05\/Themenraeume-VR-traditionell-COPYRIGHT-Deutsches-Auswandererhaus-FOTO-Katie-Heidsiek.red_-768x1024.jpg 768w, https:\/\/avicom.mini.icom.museum\/wp-content\/uploads\/sites\/3\/2020\/05\/Themenraeume-VR-traditionell-COPYRIGHT-Deutsches-Auswandererhaus-FOTO-Katie-Heidsiek.red_.jpg 1181w\" sizes=\"(max-width: 225px) 100vw, 225px\" \/><\/a><\/p>\n<div id=\"tw-target-text-container\" class=\"tw-ta-container hide-focus-ring tw-nfl\">\n<p><span lang=\"fr\">R\u00e9alit\u00e9 virtuelle (\u00e0 gauche) et exposition traditionnelle (\u00e0 droite)<\/span><\/p>\n<p>\u00a9 Deutsches Auswandererhaus. Photo: Katie Heidsiek<\/p>\n<\/div>\n<p>Les r\u00e9sultats sont publi\u00e9s en anglais et peuvent \u00eatre t\u00e9l\u00e9charg\u00e9s gratuitement:<\/p>\n<p><a href=\"https:\/\/zenodo.org\/record\/3611352#.XiWimEFCfBU\">https:\/\/zenodo.org\/record\/3611352#.XiWimEFCfBU<\/a><\/p>\n","protected":false},"excerpt":{"rendered":"<p>Est-ce que cela m&#8217;affecte? \u00a9 Deutsches Auswandererhaus La r\u00e9alit\u00e9 virtuelle peut-elle aider \u00e0 transmettre des connaissances et des \u00e9motions culturelles et historiques? Les visiteurs vivent-ils diff\u00e9remment les objets r\u00e9els et virtuels? Des scientifiques du Deutsches Auswandererhaus (Centre d&#8217;\u00e9migration allemande) de Bremerhaven (Allemagne) ont \u00e9tudi\u00e9 cette question lors d&#8217;une exp\u00e9rience. L&#8217;exp\u00e9rience a montr\u00e9 que les visiteurs [&hellip;]<\/p>\n","protected":false},"author":20,"featured_media":0,"parent":0,"menu_order":0,"comment_status":"closed","ping_status":"closed","template":"","meta":{"footnotes":""},"yst_prominent_words":[1080,292,918,1079,147,134,129,1085,1084,1089,1087,1086,1091,381,1090,1092,1088],"acf":[],"_links":{"self":[{"href":"https:\/\/avicom.mini.icom.museum\/fr\/wp-json\/wp\/v2\/pages\/3006"}],"collection":[{"href":"https:\/\/avicom.mini.icom.museum\/fr\/wp-json\/wp\/v2\/pages"}],"about":[{"href":"https:\/\/avicom.mini.icom.museum\/fr\/wp-json\/wp\/v2\/types\/page"}],"author":[{"embeddable":true,"href":"https:\/\/avicom.mini.icom.museum\/fr\/wp-json\/wp\/v2\/users\/20"}],"replies":[{"embeddable":true,"href":"https:\/\/avicom.mini.icom.museum\/fr\/wp-json\/wp\/v2\/comments?post=3006"}],"version-history":[{"count":7,"href":"https:\/\/avicom.mini.icom.museum\/fr\/wp-json\/wp\/v2\/pages\/3006\/revisions"}],"predecessor-version":[{"id":3014,"href":"https:\/\/avicom.mini.icom.museum\/fr\/wp-json\/wp\/v2\/pages\/3006\/revisions\/3014"}],"wp:attachment":[{"href":"https:\/\/avicom.mini.icom.museum\/fr\/wp-json\/wp\/v2\/media?parent=3006"}],"wp:term":[{"taxonomy":"yst_prominent_words","embeddable":true,"href":"https:\/\/avicom.mini.icom.museum\/fr\/wp-json\/wp\/v2\/yst_prominent_words?post=3006"}],"curies":[{"name":"wp","href":"https:\/\/api.w.org\/{rel}","templated":true}]}}