{"id":3183,"date":"2020-10-01T16:42:57","date_gmt":"2020-10-01T16:42:57","guid":{"rendered":"http:\/\/avicom.mini.icom.museum\/?page_id=3183"},"modified":"2020-10-01T16:42:57","modified_gmt":"2020-10-01T16:42:57","slug":"assemblee-generale-davicom-2020","status":"publish","type":"page","link":"https:\/\/avicom.mini.icom.museum\/fr\/assemblee-generale-davicom-2020\/","title":{"rendered":"Assembl\u00e9e G\u00e9n\u00e9rale d&#8217;AVICOM 2020"},"content":{"rendered":"<h5>Proc\u00e8s-verbal de la conf\u00e9rence g\u00e9n\u00e9rale annuelle virtuelle d&#8217;AVICOM 2020<br \/>\nJeudi 22 juillet 2020, de 12h00 \u00e0 13h00 (CET)<\/h5>\n<p><a href=\"https:\/\/avicom.mini.icom.museum\/fr\/assemblee-generale-davicom-2020\/proces-assemblee-generale-2020\/\" rel=\"attachment wp-att-3191\">Proc\u00e8s-Assembl\u00e9e G\u00e9n\u00e9rale 2020<\/a><\/p>\n","protected":false},"excerpt":{"rendered":"<p>Proc\u00e8s-verbal de la conf\u00e9rence g\u00e9n\u00e9rale annuelle virtuelle d&#8217;AVICOM 2020 Jeudi 22 juillet 2020, de 12h00 \u00e0 13h00 (CET) Proc\u00e8s-Assembl\u00e9e G\u00e9n\u00e9rale 2020<\/p>\n","protected":false},"author":20,"featured_media":0,"parent":0,"menu_order":0,"comment_status":"closed","ping_status":"closed","template":"","meta":{"footnotes":""},"yst_prominent_words":[273,130,189],"acf":[],"_links":{"self":[{"href":"https:\/\/avicom.mini.icom.museum\/fr\/wp-json\/wp\/v2\/pages\/3183"}],"collection":[{"href":"https:\/\/avicom.mini.icom.museum\/fr\/wp-json\/wp\/v2\/pages"}],"about":[{"href":"https:\/\/avicom.mini.icom.museum\/fr\/wp-json\/wp\/v2\/types\/page"}],"author":[{"embeddable":true,"href":"https:\/\/avicom.mini.icom.museum\/fr\/wp-json\/wp\/v2\/users\/20"}],"replies":[{"embeddable":true,"href":"https:\/\/avicom.mini.icom.museum\/fr\/wp-json\/wp\/v2\/comments?post=3183"}],"version-history":[{"count":3,"href":"https:\/\/avicom.mini.icom.museum\/fr\/wp-json\/wp\/v2\/pages\/3183\/revisions"}],"predecessor-version":[{"id":3195,"href":"https:\/\/avicom.mini.icom.museum\/fr\/wp-json\/wp\/v2\/pages\/3183\/revisions\/3195"}],"wp:attachment":[{"href":"https:\/\/avicom.mini.icom.museum\/fr\/wp-json\/wp\/v2\/media?parent=3183"}],"wp:term":[{"taxonomy":"yst_prominent_words","embeddable":true,"href":"https:\/\/avicom.mini.icom.museum\/fr\/wp-json\/wp\/v2\/yst_prominent_words?post=3183"}],"curies":[{"name":"wp","href":"https:\/\/api.w.org\/{rel}","templated":true}]}}