{"id":322,"date":"2019-01-03T20:34:27","date_gmt":"2019-01-03T20:34:27","guid":{"rendered":"http:\/\/avicom.icom.cust.oxymium.net\/activites\/bulletin\/"},"modified":"2020-05-14T16:52:13","modified_gmt":"2020-05-14T16:52:13","slug":"bulletin","status":"publish","type":"page","link":"https:\/\/avicom.mini.icom.museum\/fr\/activites\/bulletin\/","title":{"rendered":"Bulletin"},"content":{"rendered":"<div id=\"RTE_CONTENT\">\n<p>&nbsp;<\/p>\n<div id=\"c14913\">\n<h2>Notre nouvelle newsletter AVICOM<em>NEWS<\/em><\/h2>\n<h2>Numero 1, Mai 2020<\/h2>\n<h2><a href=\"https:\/\/my.sendinblue.com\/template\/mSUELJY1Bh4p1Fw2QMcPzZiwZ3Pl5klQT63kkWiyDLAtFnWy6AOOOkoJ\">https:\/\/my.sendinblue.com\/template\/mSUELJY1Bh4p1Fw2QMcPzZiwZ3Pl5klQT63kkWiyDLAtFnWy6AOOOkoJ<\/a><\/h2>\n<h2><\/h2>\n<\/div>\n<\/div>\n<h2><\/h2>\n<p>&nbsp;<\/p>\n<div id=\"RTE_CONTENT\">\n<div id=\"c14913\">\n<h2><\/h2>\n<h2>D\u00e9cembre 2014<\/h2>\n<p>&nbsp;<\/p>\n<ul>\n<li>Rapport d&#8217;activit\u00e9s AVICOM 2014-2015 &lt;<b><a title=\"TEXT, AVICOM 2014-15activityreport eng, AVICOM_2014-15activityreport_eng.pdf, 182 KB\" href=\"http:\/\/avicom.mini.icom.museum\/wp-content\/uploads\/sites\/3\/2019\/01\/AVICOM_2014-15activityreport_eng.pdf\">ici<\/a><\/b>&gt;<\/li>\n<li>Compte-rendu de la r\u00e9union du Bureau en d\u00e9cembre 2014 \u00e0 Zagreb &lt;<b><a title=\"TEXT, FINALZagreb Meeting Minutes3 dec2014, FINALZagreb_Meeting_Minutes3_dec2014.pdf, 44 KB\" href=\"http:\/\/avicom.mini.icom.museum\/wp-content\/uploads\/sites\/3\/2019\/01\/FINALZagreb_Meeting_Minutes3_dec2014.pdf\">ici<\/a><\/b>&gt;<\/li>\n<\/ul>\n<hr \/>\n<p>&nbsp;<\/p>\n<div><\/div>\n<\/div>\n<p>&nbsp;<\/p>\n<div id=\"c5431\">\n<table cellspacing=\"0\">\n<tbody>\n<tr>\n<td rowspan=\"1\" valign=\"top\"><b><a title=\"Opens internal link in current window\" href=\"http:\/\/avicom.icom.cust.oxymium.net\/activites\/bulletin\/novembre-2015-2\/\">5 novembre 2015<\/a><\/b><\/td>\n<td rowspan=\"1\" valign=\"top\">\n<ul>\n<li>Le programme<\/li>\n<\/ul>\n<\/td>\n<\/tr>\n<tr>\n<td valign=\"top\"><strong><a title=\"Opens internal link in current window\" href=\"http:\/\/avicom.icom.cust.oxymium.net\/activites\/bulletin\/juillet-2012-2\/\">18 juillet 2012 <\/a><\/strong><\/td>\n<td valign=\"top\">\n<ul>\n<li>Le programme<\/li>\n<li>Inscriptions<\/li>\n<li>Tarif pr\u00e9f\u00e9rentiel pour les \u00e9tudiants<\/li>\n<li>Festival International de l\u2019Audiovisuel &amp; du Multim\u00e9dia sur le Patrimoine (FIAMP)<\/li>\n<li>H\u00e9bergement \u00e0 Montr\u00e9al<\/li>\n<\/ul>\n<\/td>\n<\/tr>\n<tr>\n<td valign=\"top\"><b><a title=\"Opens internal link in current window\" href=\"http:\/\/avicom.icom.cust.oxymium.net\/activites\/bulletin\/juin-2012-2\/\/\">19 juin 2012<\/a><\/b><\/td>\n<td valign=\"top\">\n<ul>\n<li>Julien Anfruns, Directeur g\u00e9n\u00e9ral d\u2019ICOM sera \u00e0 Montr\u00e9al pour le colloque AVICOM Montr\u00e9al 2012<\/li>\n<li>Prolongation des dates d\u2019inscription \u00e0 la conf\u00e9rence d\u2019octobre \u00e0 Montr\u00e9al 2012<\/li>\n<li>L\u2019appel pour la comp\u00e9tition FIAMP est maintenant ferm\u00e9<\/li>\n<\/ul>\n<\/td>\n<\/tr>\n<tr>\n<td valign=\"top\"><a title=\"Opens internal link in current window\" href=\"http:\/\/avicom.icom.cust.oxymium.net\/archives\/2012-2\/mai-2012\/\"><b>15 mai 2012<\/b><\/a><\/td>\n<td valign=\"top\">\n<ul>\n<li>Le programme pr\u00e9liminaire<\/li>\n<li>Inscriptions<\/li>\n<li>Une nouvelle date de tomb\u00e9e pour la comp\u00e9tition du FIAMP\u00a0: 7 juin<\/li>\n<\/ul>\n<\/td>\n<\/tr>\n<tr>\n<td valign=\"top\"><a title=\"Opens internal link in current window\" href=\"http:\/\/avicom.icom.cust.oxymium.net\/archives\/2012-2\/avril-2012\/\"><b>16 avril 2012<\/b><\/a><\/td>\n<td valign=\"top\">\n<ul>\n<li>AVICOM et le FIAMP \u00e0 Montr\u00e9al<\/li>\n<li>Comp\u00e9tition du FIAMP<\/li>\n<li>Inscriptions<\/li>\n<li>L\u2019appel de communications<\/li>\n<li>Les mus\u00e9es et leur ombre. De nouveaux doubles technologiques<\/li>\n<li>Les membres d\u2019AVICOM<\/li>\n<li>R\u00e9seaux sociaux<\/li>\n<\/ul>\n<\/td>\n<\/tr>\n<tr>\n<td valign=\"top\"><a title=\"Opens internal link in current window\" href=\"http:\/\/avicom.icom.cust.oxymium.net\/activites\/bulletin\/mars-2012-2\/\"><b>1 mars 2012 <\/b><\/a><\/td>\n<td valign=\"top\">\n<ul>\n<li>AVICOM et le FIAMP \u00e0 Montr\u00e9al du 9 au 12 octobre 2012<\/li>\n<li>Un invit\u00e9 de prestige\u00a0!<\/li>\n<li>FIAMP.2012<\/li>\n<li><em>AVICOM y FIAMP en Montreal, del 9 al 12 de octubre, 2012<\/em> (Espagnol)<\/li>\n<li><em>AVICOM e FIAMP em Montreal de 9 \u00e0 12 de outubro de 2012<\/em> (Portugais)<\/li>\n<\/ul>\n<\/td>\n<\/tr>\n<tr>\n<td valign=\"top\"><a title=\"Opens internal link in current window\" href=\"http:\/\/avicom.icom.cust.oxymium.net\/activites\/bulletin\/novembre-2011-2\/\"><b>9 novembre 2011<\/b><\/a><\/td>\n<td valign=\"top\">\n<ul>\n<li>ICOM Italie<\/li>\n<li>R\u00e9union du Conseil d\u2019administration d\u2019AVICOM<\/li>\n<li>Festival International de l\u2019Audiovisuel &amp; du Multim\u00e9dia sur le Patrimoine<\/li>\n<\/ul>\n<\/td>\n<\/tr>\n<\/tbody>\n<\/table>\n<div><\/div>\n<\/div>\n<p>&nbsp;<\/p>\n<\/div>\n","protected":false},"excerpt":{"rendered":"<p>&nbsp; Notre nouvelle newsletter AVICOMNEWS Numero 1, Mai 2020 https:\/\/my.sendinblue.com\/template\/mSUELJY1Bh4p1Fw2QMcPzZiwZ3Pl5klQT63kkWiyDLAtFnWy6AOOOkoJ &nbsp; D\u00e9cembre 2014 &nbsp; Rapport d&#8217;activit\u00e9s AVICOM 2014-2015 &lt;ici&gt; Compte-rendu de la r\u00e9union du Bureau en d\u00e9cembre 2014 \u00e0 Zagreb &lt;ici&gt; &nbsp; &nbsp; 5 novembre 2015 Le programme 18 juillet 2012 Le programme Inscriptions Tarif pr\u00e9f\u00e9rentiel pour les \u00e9tudiants Festival International de l\u2019Audiovisuel &amp; du [&hellip;]<\/p>\n","protected":false},"author":1,"featured_media":0,"parent":132,"menu_order":0,"comment_status":"closed","ping_status":"closed","template":"","meta":{"footnotes":""},"yst_prominent_words":[1140,1137,1129,1143,1133,1126,1135,1128,1138,1130,1141,1131,1124,1142,1132,1125,1134,1127,1139,1136],"acf":[],"_links":{"self":[{"href":"https:\/\/avicom.mini.icom.museum\/fr\/wp-json\/wp\/v2\/pages\/322"}],"collection":[{"href":"https:\/\/avicom.mini.icom.museum\/fr\/wp-json\/wp\/v2\/pages"}],"about":[{"href":"https:\/\/avicom.mini.icom.museum\/fr\/wp-json\/wp\/v2\/types\/page"}],"author":[{"embeddable":true,"href":"https:\/\/avicom.mini.icom.museum\/fr\/wp-json\/wp\/v2\/users\/1"}],"replies":[{"embeddable":true,"href":"https:\/\/avicom.mini.icom.museum\/fr\/wp-json\/wp\/v2\/comments?post=322"}],"version-history":[{"count":3,"href":"https:\/\/avicom.mini.icom.museum\/fr\/wp-json\/wp\/v2\/pages\/322\/revisions"}],"predecessor-version":[{"id":3036,"href":"https:\/\/avicom.mini.icom.museum\/fr\/wp-json\/wp\/v2\/pages\/322\/revisions\/3036"}],"up":[{"embeddable":true,"href":"https:\/\/avicom.mini.icom.museum\/fr\/wp-json\/wp\/v2\/pages\/132"}],"wp:attachment":[{"href":"https:\/\/avicom.mini.icom.museum\/fr\/wp-json\/wp\/v2\/media?parent=322"}],"wp:term":[{"taxonomy":"yst_prominent_words","embeddable":true,"href":"https:\/\/avicom.mini.icom.museum\/fr\/wp-json\/wp\/v2\/yst_prominent_words?post=322"}],"curies":[{"name":"wp","href":"https:\/\/api.w.org\/{rel}","templated":true}]}}