{"id":3263,"date":"2021-05-31T09:46:47","date_gmt":"2021-05-31T09:46:47","guid":{"rendered":"http:\/\/avicom.mini.icom.museum\/?page_id=3263"},"modified":"2021-05-31T09:46:47","modified_gmt":"2021-05-31T09:46:47","slug":"fimp-2021-museums-inspiring-the-future","status":"publish","type":"page","link":"https:\/\/avicom.mini.icom.museum\/fr\/fimp-2021-museums-inspiring-the-future\/","title":{"rendered":"F@IMP 2021: \u201cMuseums: Inspiring the Future\u201d"},"content":{"rendered":"<p><a href=\"https:\/\/avicom.mini.icom.museum\/fr\/faimp_mozaik_honlapra-2\/\" rel=\"attachment wp-att-3247\"><img decoding=\"async\" loading=\"lazy\" class=\"alignnone size-medium wp-image-3247\" src=\"http:\/\/avicom.mini.icom.museum\/wp-content\/uploads\/sites\/3\/2021\/05\/faimp_mozaik_honlapra-300x169.jpg\" alt=\"\" width=\"300\" height=\"169\" srcset=\"https:\/\/avicom.mini.icom.museum\/wp-content\/uploads\/sites\/3\/2021\/05\/faimp_mozaik_honlapra-300x169.jpg 300w, https:\/\/avicom.mini.icom.museum\/wp-content\/uploads\/sites\/3\/2021\/05\/faimp_mozaik_honlapra-768x432.jpg 768w, https:\/\/avicom.mini.icom.museum\/wp-content\/uploads\/sites\/3\/2021\/05\/faimp_mozaik_honlapra-1024x576.jpg 1024w, https:\/\/avicom.mini.icom.museum\/wp-content\/uploads\/sites\/3\/2021\/05\/faimp_mozaik_honlapra.jpg 1280w\" sizes=\"(max-width: 300px) 100vw, 300px\" \/><\/a><\/p>\n<p>Le festival international des M\u00e9dias F@IMP 2.0 (Festival international du Patrimoine multim\u00e9dia et audiovisuel) et sa conf\u00e9rence ont \u00e9volu\u00e9 depuis le festival original FIAMP (Festival International de l\u2019Audiovisuel du Multim\u00e9dia sur le Patrimoine), qui a \u00e9t\u00e9 fond\u00e9 il y a vingt ans par AVICOM. Cet \u00e9v\u00e9nement vise \u00e0 encourager et mettre en valeur la production et la distribution de m\u00e9dias audiovisuels (audio, films et vid\u00e9o) et les technologies multim\u00e9dias innovantes (sites web, programmes interactifs, applications mobiles et expositions cr\u00e9atives) initi\u00e9es ou produites par les mus\u00e9es ou les institutions culturelles du monde entier.<\/p>\n<p>En lien avec le Jour International des Mus\u00e9es de 2021, AVICOM a ouvert le Festival international du Patrimoine multim\u00e9dia et audiovisuel (f@imp 2021) de cette ann\u00e9e sous la devise \u00ab\u00a0Mus\u00e9es\u00a0: Inspiration pour le futur\u00a0\u00bb, \u00e0 la date du 18 mai. AVICOM sollicite la participation de concepteurs de films, d\u2019applications num\u00e9riques ou de tout autre type de m\u00e9dia sur ce sujet.<\/p>\n<p>En reconnaissance des enjeux sanitaires majeurs qui confrontent les mus\u00e9es, il y aura cette ann\u00e9e une <strong>\u00e9dition sp\u00e9ciale du festival des M\u00e9dias<\/strong> sur un sujet sp\u00e9cifique\u00a0:<\/p>\n<p><strong>\u00ab\u00a0Mus\u00e9es, M\u00e9dias et Futur\u00a0: Comment, en utilisant les m\u00e9dias, ouvrir au public les mus\u00e9es ferm\u00e9s\u00a0? \u00bb <\/strong><\/p>\n<p>Les productions \u00e0 faible budget et celles venant de mus\u00e9es aux ressources financi\u00e8res modestes sont particuli\u00e8rement bienvenues au festival. Le jury voudrait pr\u00e9ciser que les propositions doivent mettre l\u2019accent sur l\u2019efficacit\u00e9 et la performance des m\u00e9dias pr\u00e9sent\u00e9s, dans le but d\u2019atteindre, d\u2019animer et d\u2019\u00e9duquer les audiences, plut\u00f4t que d\u2019insister sur la qualit\u00e9 artistique de leur conception\u00a0et leur mise en sc\u00e8ne !<\/p>\n<p>De bons exemples peuvent \u00eatre soumis d\u00e8s maintenant pour entrer dans le festival\u00a0: sites web, applications, films, pr\u00e9sentation de r\u00e9seaux sociaux\u2026 Les productions seront charg\u00e9es directement sur le site web du festival (<a href=\"http:\/\/faimpavicom.org\">http:\/\/faimpavicom.org<\/a>), comme durant les ann\u00e9es pr\u00e9c\u00e9dentes.<\/p>\n<p>Si les candidats ont des difficult\u00e9s \u00e0 s\u2019enregistrer ou \u00e0 charger leur production sur le site web, merci de contacter AVICOM. Nous serons heureux de vous fournir toute l\u2019aide n\u00e9cessaire.<\/p>\n<p>En raison des difficult\u00e9s \u00e9conomiques qui touchent un grand nombre de mus\u00e9es, <strong>la participation au festival sera gratuite cette ann\u00e9e\u00a0! <\/strong><\/p>\n<p><strong>La comp\u00e9tition est ouverte jusqu\u2019au 30 septembre 2021. <\/strong><\/p>\n<p>AVICOM vous encourage \u00e0 participer au festival et a h\u00e2te de d\u00e9couvrir vos nombreuses contributions et propositions.<\/p>\n<p>Notez bien\u00a0: En soumettant vos contributions, AVICOM a explicitement la permission de publier ces contributions sur son site web et ses r\u00e9seaux sociaux. De plus, les participants accordent \u00e0 AVICOM le droit de rendre ces contributions disponibles \u00e0 des tiers dans le but de fournir des informations au sujet du festival et de voir ces contributions \u00e9dit\u00e9es et mises en ligne.<\/p>\n<p>La c\u00e9r\u00e9monie de r\u00e9compenses, commune aux festivals 2020 et 2021, et combin\u00e9e avec une conf\u00e9rence, est pr\u00e9vue sous la forme d\u2019un \u00e9v\u00e9nement hybride (en pr\u00e9sentiel et en ligne) pour novembre 2021 au Mus\u00e9e national hongrois de Budapest. Le programme entier peut \u00eatre lu sur le site web du festival (faimpavicom.org) et sur le site d\u2019AVICOM (avicom.mini.icom.museum).<\/p>\n<p>Vous \u00eates invit\u00e9 \u00e0 nous rejoindre, m\u00eame si vous ne soumettez pas de proposition. Comme toujours, le festival sera passionnant et vari\u00e9, avec de nombreuses et inspirantes contributions et interventions.<\/p>\n<p>&nbsp;<\/p>\n<p>Pour toute question, vous pouvez contacter\u00a0:<\/p>\n<p>Ildik\u00f3 Fejes, Tr\u00e9sorier d\u2019AVICOM<\/p>\n<p>Fejes.ildiko@gmail.com<\/p>\n<p><strong>\u00a0<\/strong><\/p>\n","protected":false},"excerpt":{"rendered":"<p>Le festival international des M\u00e9dias F@IMP 2.0 (Festival international du Patrimoine multim\u00e9dia et audiovisuel) et sa conf\u00e9rence ont \u00e9volu\u00e9 depuis le festival original FIAMP (Festival International de l\u2019Audiovisuel du Multim\u00e9dia sur le Patrimoine), qui a \u00e9t\u00e9 fond\u00e9 il y a vingt ans par AVICOM. Cet \u00e9v\u00e9nement vise \u00e0 encourager et mettre en valeur la production [&hellip;]<\/p>\n","protected":false},"author":20,"featured_media":0,"parent":0,"menu_order":0,"comment_status":"closed","ping_status":"closed","template":"","meta":{"footnotes":""},"yst_prominent_words":[1350,1343,1337,1348,1341,1335,1349,1342,1336,287,1347,999,1345,1339,1344,1346,1005,1340,1334,1338],"acf":[],"_links":{"self":[{"href":"https:\/\/avicom.mini.icom.museum\/fr\/wp-json\/wp\/v2\/pages\/3263"}],"collection":[{"href":"https:\/\/avicom.mini.icom.museum\/fr\/wp-json\/wp\/v2\/pages"}],"about":[{"href":"https:\/\/avicom.mini.icom.museum\/fr\/wp-json\/wp\/v2\/types\/page"}],"author":[{"embeddable":true,"href":"https:\/\/avicom.mini.icom.museum\/fr\/wp-json\/wp\/v2\/users\/20"}],"replies":[{"embeddable":true,"href":"https:\/\/avicom.mini.icom.museum\/fr\/wp-json\/wp\/v2\/comments?post=3263"}],"version-history":[{"count":1,"href":"https:\/\/avicom.mini.icom.museum\/fr\/wp-json\/wp\/v2\/pages\/3263\/revisions"}],"predecessor-version":[{"id":3264,"href":"https:\/\/avicom.mini.icom.museum\/fr\/wp-json\/wp\/v2\/pages\/3263\/revisions\/3264"}],"wp:attachment":[{"href":"https:\/\/avicom.mini.icom.museum\/fr\/wp-json\/wp\/v2\/media?parent=3263"}],"wp:term":[{"taxonomy":"yst_prominent_words","embeddable":true,"href":"https:\/\/avicom.mini.icom.museum\/fr\/wp-json\/wp\/v2\/yst_prominent_words?post=3263"}],"curies":[{"name":"wp","href":"https:\/\/api.w.org\/{rel}","templated":true}]}}