{"id":346,"date":"2019-01-03T20:34:39","date_gmt":"2019-01-03T20:34:39","guid":{"rendered":"http:\/\/avicom.icom.cust.oxymium.net\/activites\/reunions\/"},"modified":"2019-01-03T20:46:27","modified_gmt":"2019-01-03T20:46:27","slug":"reunions","status":"publish","type":"page","link":"https:\/\/avicom.mini.icom.museum\/fr\/activites\/reunions\/","title":{"rendered":"R\u00e9unions"},"content":{"rendered":"<div id=\"RTE_CONTENT\"> <!--TYPO3SEARCH_begin--> \t<!--  CONTENT ELEMENT, uid:17899\/textpic [begin] --> \t\t<\/p>\n<div id=\"c17899\"> \t\t<!--  Header: [begin] --> \t\t\t<\/p>\n<h2>Ordre du jour AG AVICOM<\/h2>\n<p> \t\t<!--  Header: [end] --> \t\t\t \t\t<!--  Image block: [begin] --> \t\t\t<\/p>\n<div> \t\t<!--  Text: [begin] --> \t\t\t<\/p>\n<p>5 Juillet\u00a02016 Milan, Italy<br \/>MiCo Green Room 1 (North Wing \u2013 Level -1)\u00a015:00 &#8211; 17:30 <\/p>\n<p>Assembl\u00e9e G\u00e9nerale d&#8217;AVICOM:\u00a0<a href=\"https:\/\/www.youtube.com\/watch?v=Wf1mbwIwYpI\" title=\"Opens external link in new window\" target=\"_blank\">Watch on YouTube<\/a> <\/p>\n<p><a href=\"http:\/\/avicom.mini.icom.museum\/wp-content\/uploads\/sites\/3\/2019\/01\/AgendaAVICOM_GAMILAN5_July2016.pdf\" title=\"TEXT, Agenda AVICOM GAMILAN5 July2016, AgendaAVICOM_GAMILAN5_July2016.pdf, 48 KB\">Telecharger l&#8217;ordre du jour<\/a> <\/p>\n<p><a href=\"http:\/\/avicom.mini.icom.museum\/wp-content\/uploads\/sites\/3\/2019\/01\/Minutes_of_the_General_Assembly_of_AVICOM.pdf\" title=\"TEXT, Minutes of the General Assembly of AVICOM, Minutes_of_the_General_Assembly_of_AVICOM.pdf, 90 KB\">Minutes<\/a> <\/p>\n<p><a href=\"http:\/\/avicom.mini.icom.museum\/wp-content\/uploads\/sites\/3\/2019\/01\/Minutes_of_the_General_Assembly_of_AVICOM.pdf\" title=\"TEXT, Minutes of the General Assembly of AVICOM, Minutes_of_the_General_Assembly_of_AVICOM.pdf, 90 KB\"><br \/><\/a><img decoding=\"async\" src=\"http:\/\/avicom.mini.icom.museum\/wp-content\/uploads\/sites\/3\/2019\/01\/RTEmagicC_milano_new_board2016.JPG.jpg\" alt=\"\"><\/p>\n<p> \t\t<!--  Text: [end] --> \t\t\t<\/div>\n<p> \t\t<!--  Image block: [end] --> \t\t\t   \t<!--  \t\tBEGIN: Content of extension \"hpo_relatedlink\", plugin \"tx_hporelatedlink_pi1\"  \t--> \t<\/p>\n<div> \t\t \t<\/div>\n<p> \t \t<!-- END: Content of extension \"hpo_relatedlink\", plugin \"tx_hporelatedlink_pi1\" -->  \t<\/div>\n<p> \t<!--  CONTENT ELEMENT, uid:17899\/textpic [end] --> \t\t \t<!--  CONTENT ELEMENT, uid:14551\/textpic [begin] --> \t\t<\/p>\n<div id=\"c14551\"> \t\t<!--  Header: [begin] --> \t\t\t<\/p>\n<h2>2014 &#8211; R\u00e9union du Bureau \u00e0 Zagreb (Croatie)<\/h2>\n<p> \t\t<!--  Header: [end] --> \t\t\t \t\t<!--  Image block: [begin] --> \t\t\t<\/p>\n<div> \t\t<!--  Text: [begin] --> \t\t\t<\/p>\n<p>Le Bureau AVICOM s&#8217;est r\u00e9uni du 4 au 7 d\u00e9cembre 2014 \u00e0 Zagreb, pour \u00e9tudier les activit\u00e9s du comit\u00e9 pour 2015 et 2016. <\/p>\n<p>Le Fiamp.2015 se tiendra \u00e0 Guatemala City.<\/p>\n<p>Le Fiamp.2016 se tiendra \u00e0 Milan, conjointement \u00e0 la Conf\u00e9rence G\u00e9n\u00e9rale de l&#8217;ICOM en Italie.<\/p>\n<p>Les organisateurs du MUVI.05 qui se tient \u00e0 ces dates \u00e0 Zagreb, ont \u00e9galement convi\u00e9s le Pr\u00e9sident Janos TARI et la Vice-Pr\u00e9sidente Marie-Fran\u00e7oise DELVAL, a venir pr\u00e9senter AVICOM et le festival dans le cadre de leur colloque.<\/p>\n<p><b>Compte-rendu de la r\u00e9union du Bureau &lt;<a href=\"http:\/\/avicom.mini.icom.museum\/wp-content\/uploads\/sites\/3\/2019\/01\/FINALZagreb_Meeting_Minutes3_dec2014.pdf\" title=\"FINALZagreb_Meeting_Minutes3_dec2014.pdf (44 KB)\">ICI<\/a>&gt;<\/b><\/p>\n<p><b>Quelques photos de ces journ\u00e9es &lt;<a href=\"https:\/\/plus.google.com\/u\/0\/photos\/106074668150746407050\/albums\/6089793927334529777\" title=\"Opens external link in new window\" target=\"_top\">ICI<\/a>&gt;<\/b> <\/p>\n<p><img decoding=\"async\" src=\"http:\/\/avicom.mini.icom.museum\/wp-content\/uploads\/sites\/3\/2019\/01\/RTEmagicC_jt_zagreb_030346_600px.jpg.jpg\" alt=\"\"><\/p>\n<p>\u00a0<\/p>\n<hr>\n<p>\u00a0<\/p>\n<p>\u00a0<\/p>\n<p> \t\t<!--  Text: [end] --> \t\t\t<\/div>\n<p> \t\t<!--  Image block: [end] --> \t\t\t   \t<!--  \t\tBEGIN: Content of extension \"hpo_relatedlink\", plugin \"tx_hporelatedlink_pi1\"  \t--> \t<\/p>\n<div> \t\t \t<\/div>\n<p> \t \t<!-- END: Content of extension \"hpo_relatedlink\", plugin \"tx_hporelatedlink_pi1\" -->  \t<\/div>\n<p> \t<!--  CONTENT ELEMENT, uid:14551\/textpic [end] --> \t\t \t<!--  CONTENT ELEMENT, uid:14550\/textpic [begin] --> \t\t<\/p>\n<div id=\"c14550\"> \t\t<!--  Image block: [begin] --> \t\t\t<\/p>\n<div><\/div>\n<p> \t\t<!--  Image block: [end] --> \t\t\t   \t<!--  \t\tBEGIN: Content of extension \"hpo_relatedlink\", plugin \"tx_hporelatedlink_pi1\"  \t--> \t<\/p>\n<div> \t\t \t<\/div>\n<p> \t \t<!-- END: Content of extension \"hpo_relatedlink\", plugin \"tx_hporelatedlink_pi1\" -->  \t<\/div>\n<p> \t<!--  CONTENT ELEMENT, uid:14550\/textpic [end] --> \t\t \t<!--  CONTENT ELEMENT, uid:5433\/text [begin] --> \t\t<\/p>\n<div id=\"c5433\"> \t\t<!--  Text: [begin] --> \t\t\t<\/p>\n<h3>R\u00e9unions du bureau executif d&#8217;AVICOM <\/h3>\n<p>\u00a0<\/p>\n<table cellspacing=\"0\">\n<tbody>\n<tr>\n<td rowspan=\"57\" valign=\"top\">\n<p> <b><a href=\"http:\/\/avicom.icom.cust.oxymium.net\/activites\/reunions\/proces-verbal-8-juin-2011\/\" title=\"Opens internal link in current window\">Proc\u00e8s verbal<\/a><\/b><\/p>\n<\/td>\n<\/tr>\n<tr>\n<td valign=\"top\">\n<p>8 juillet 2011 <\/p>\n<\/td>\n<td valign=\"top\">\n<p>Paris, France <\/p>\n<\/td>\n<\/tr>\n<\/tbody>\n<\/table>\n<h3>\u00a0<\/h3>\n<h3>Conf\u00e9rences annuelles des comit\u00e9s nationaux d&#8217;ICOM &#8211; 2012<\/h3>\n<p>\u00a0<\/p>\n<table cellspacing=\"0\">\n<tbody>\n<tr>\n<td valign=\"top\">\n<p><a href=\"http:\/\/network.icom.museum\/icom-canada.html\" target=\"_blank\"><b>ICOM Canada<\/b><\/a><\/p>\n<\/td>\n<td valign=\"top\">\n<p>23 &#8211; 27 avril <\/p>\n<\/td>\n<td valign=\"top\">\n<p>Gatineau, Qu\u00e9bec, Canada <\/p>\n<\/td>\n<\/tr>\n<\/tbody>\n<\/table>\n<p>\u00a0<\/p>\n<p>\u00a0<\/p>\n<p> \t\t<!--  Text: [end] --> \t\t\t   \t<!--  \t\tBEGIN: Content of extension \"hpo_relatedlink\", plugin \"tx_hporelatedlink_pi1\"  \t--> \t<\/p>\n<div> \t\t \t<\/div>\n<p> \t \t<!-- END: Content of extension \"hpo_relatedlink\", plugin \"tx_hporelatedlink_pi1\" -->  \t<\/div>\n<p> \t<!--  CONTENT ELEMENT, uid:5433\/text [end] --> \t\t<!--TYPO3SEARCH_end--> <\/div>\n","protected":false},"excerpt":{"rendered":"<p>Ordre du jour AG AVICOM 5 Juillet\u00a02016 Milan, ItalyMiCo Green Room 1 (North Wing \u2013 Level -1)\u00a015:00 &#8211; 17:30 Assembl\u00e9e G\u00e9nerale d&#8217;AVICOM:\u00a0Watch on YouTube Telecharger l&#8217;ordre du jour Minutes 2014 &#8211; R\u00e9union du Bureau \u00e0 Zagreb (Croatie) Le Bureau AVICOM s&#8217;est r\u00e9uni du 4 au 7 d\u00e9cembre 2014 \u00e0 Zagreb, pour \u00e9tudier les activit\u00e9s du [&hellip;]<\/p>\n","protected":false},"author":1,"featured_media":0,"parent":132,"menu_order":1,"comment_status":"closed","ping_status":"closed","template":"","meta":{"footnotes":""},"yst_prominent_words":[268,1274,1282,54,712,130,141,1281,1283,147,1287,134,128,1284,1279,848,1285,1280,1286,1272],"acf":[],"_links":{"self":[{"href":"https:\/\/avicom.mini.icom.museum\/fr\/wp-json\/wp\/v2\/pages\/346"}],"collection":[{"href":"https:\/\/avicom.mini.icom.museum\/fr\/wp-json\/wp\/v2\/pages"}],"about":[{"href":"https:\/\/avicom.mini.icom.museum\/fr\/wp-json\/wp\/v2\/types\/page"}],"author":[{"embeddable":true,"href":"https:\/\/avicom.mini.icom.museum\/fr\/wp-json\/wp\/v2\/users\/1"}],"replies":[{"embeddable":true,"href":"https:\/\/avicom.mini.icom.museum\/fr\/wp-json\/wp\/v2\/comments?post=346"}],"version-history":[{"count":1,"href":"https:\/\/avicom.mini.icom.museum\/fr\/wp-json\/wp\/v2\/pages\/346\/revisions"}],"predecessor-version":[{"id":2080,"href":"https:\/\/avicom.mini.icom.museum\/fr\/wp-json\/wp\/v2\/pages\/346\/revisions\/2080"}],"up":[{"embeddable":true,"href":"https:\/\/avicom.mini.icom.museum\/fr\/wp-json\/wp\/v2\/pages\/132"}],"wp:attachment":[{"href":"https:\/\/avicom.mini.icom.museum\/fr\/wp-json\/wp\/v2\/media?parent=346"}],"wp:term":[{"taxonomy":"yst_prominent_words","embeddable":true,"href":"https:\/\/avicom.mini.icom.museum\/fr\/wp-json\/wp\/v2\/yst_prominent_words?post=346"}],"curies":[{"name":"wp","href":"https:\/\/api.w.org\/{rel}","templated":true}]}}