{"id":436,"date":"2019-01-03T20:35:12","date_gmt":"2019-01-03T20:35:12","guid":{"rendered":"http:\/\/avicom.icom.cust.oxymium.net\/technologies\/reseaux-sociaux\/"},"modified":"2019-01-03T20:46:26","modified_gmt":"2019-01-03T20:46:26","slug":"reseaux-sociaux","status":"publish","type":"page","link":"https:\/\/avicom.mini.icom.museum\/fr\/technologies\/reseaux-sociaux\/","title":{"rendered":"R\u00e9seaux sociaux"},"content":{"rendered":"<div id=\"RTE_CONTENT\"> <!--TYPO3SEARCH_begin--> \t<!--  CONTENT ELEMENT, uid:5468\/text [begin] --> \t\t<\/p>\n<div id=\"c5468\"> \t\t<!--  Text: [begin] --> \t\t\t<\/p>\n<table>\n<tbody>\n<tr>\n<th scope=\"col\" valign=\"top\">\n<p><img decoding=\"async\" src=\"http:\/\/avicom.mini.icom.museum\/wp-content\/uploads\/sites\/3\/2019\/01\/RTEmagicC_Icon_Facebook.jpg.jpg\" alt=\"Facebook\" align=\"left\"><\/p>\n<\/th>\n<td scope=\"col\" valign=\"top\">\n<h3>AVICOM est  sur Facebook!<\/h3>\n<p>\u00a0<\/p>\n<p>Soyez FAN de notre <a href=\"https:\/\/www.facebook.com\/AvicomICOM\" target=\"_blank\"><b>Facebook<\/b><\/a> afin de  collaborer avec d\u2019autres membres et vous tenir au courant de toutes nos  nouveaut\u00e9s. <\/p>\n<\/td>\n<\/tr>\n<tr>\n<td valign=\"top\">\n<p><img decoding=\"async\" src=\"http:\/\/avicom.mini.icom.museum\/wp-content\/uploads\/sites\/3\/2019\/01\/RTEmagicC_Icon_Twitter.jpg.jpg\" alt=\"Twitter\" align=\"left\"><\/p>\n<\/td>\n<td valign=\"top\">\n<h3>FIAMP est dans la twittosph\u00e8re! <\/h3>\n<p>\u00a0<\/p>\n<p>Suivez <a href=\"https:\/\/twitter.com\/#%21\/fiamp2012\" target=\"_blank\"><b>@FIAMP2012<\/b><\/a> pour en savoir plus sur les activit\u00e9s d&#8217;AVICOM et la prochaine \u00e9dition du FIAMP.2012 (Festival International de l\u2019Audiovisuel &amp; du Multim\u00e9dia   sur le Patrimoine) qui aura lieu \u00e0 Montr\u00e9al, Qu\u00e9bec le 9, 10, 11 et 12   octobre 2012. <\/p>\n<\/td>\n<\/tr>\n<tr>\n<td valign=\"top\">\n<p><b><img decoding=\"async\" src=\"http:\/\/avicom.mini.icom.museum\/wp-content\/uploads\/sites\/3\/2019\/01\/RTEmagicC_Icon_LinkedIn.jpg.jpg\" alt=\"LinkedIn\" align=\"left\"><\/b><\/p>\n<\/td>\n<td valign=\"top\">\n<h3>AVICOM est sur LinkedIn!<\/h3>\n<p>\u00a0<\/p>\n<p>\u00cates-vous inscrit au r\u00e9seau social professionnel LinkedIn? Joignez-vous au <a href=\"http:\/\/www.linkedin.com\/groups\/AVICOM-4127476\" target=\"_blank\"><b>groupe AVICOM<\/b><\/a> pour collaborer avec vos coll\u00e8gues et en savoir plus sur nos  activit\u00e9s.<\/p>\n<\/td>\n<\/tr>\n<\/tbody>\n<\/table>\n<h3>\u00a0<\/h3>\n<h3>Liste de diffusion AVICOM<\/h3>\n<p>Vous \u00eates membre d\u2019AVICOM? Vous voulez \u00eatre au courant de toutes nos activit\u00e9s? <a href=\"mailto:jlapalme@museesmontreal.org\"><b>Envoyez-nous un courriel<\/b><\/a> avec vos coordonn\u00e9es ainsi que votre num\u00e9ro de membre d\u2019AVICOM pour  vous inscrire sur notre liste de diffusion. <\/p>\n<p>Vous n\u2019\u00eates pas membre? Apprenez-en plus sur  les <a href=\"http:\/\/avicom.icom.cust.oxymium.net\/technologies\/reseaux-sociaux\/devenez-membre-davicom\/\" title=\"Opens internal link in current window\"><b>b\u00e9n\u00e9fices de devenir membre<\/b><\/a> du comit\u00e9 international AVICOM. <\/p>\n<p>\u00a0<\/p>\n<p> \t\t<!--  Text: [end] --> \t\t\t   \t<!--  \t\tBEGIN: Content of extension \"hpo_relatedlink\", plugin \"tx_hporelatedlink_pi1\"  \t--> \t<\/p>\n<div> \t\t \t<\/div>\n<p> \t \t<!-- END: Content of extension \"hpo_relatedlink\", plugin \"tx_hporelatedlink_pi1\" -->  \t<\/div>\n<p> \t<!--  CONTENT ELEMENT, uid:5468\/text [end] --> \t\t<!--TYPO3SEARCH_end--> <\/div>\n","protected":false},"excerpt":{"rendered":"<p>AVICOM est sur Facebook! \u00a0 Soyez FAN de notre Facebook afin de collaborer avec d\u2019autres membres et vous tenir au courant de toutes nos nouveaut\u00e9s. FIAMP est dans la twittosph\u00e8re! \u00a0 Suivez @FIAMP2012 pour en savoir plus sur les activit\u00e9s d&#8217;AVICOM et la prochaine \u00e9dition du FIAMP.2012 (Festival International de l\u2019Audiovisuel &amp; du Multim\u00e9dia sur [&hellip;]<\/p>\n","protected":false},"author":1,"featured_media":0,"parent":134,"menu_order":1,"comment_status":"closed","ping_status":"closed","template":"","meta":{"footnotes":""},"yst_prominent_words":[],"acf":[],"_links":{"self":[{"href":"https:\/\/avicom.mini.icom.museum\/fr\/wp-json\/wp\/v2\/pages\/436"}],"collection":[{"href":"https:\/\/avicom.mini.icom.museum\/fr\/wp-json\/wp\/v2\/pages"}],"about":[{"href":"https:\/\/avicom.mini.icom.museum\/fr\/wp-json\/wp\/v2\/types\/page"}],"author":[{"embeddable":true,"href":"https:\/\/avicom.mini.icom.museum\/fr\/wp-json\/wp\/v2\/users\/1"}],"replies":[{"embeddable":true,"href":"https:\/\/avicom.mini.icom.museum\/fr\/wp-json\/wp\/v2\/comments?post=436"}],"version-history":[{"count":1,"href":"https:\/\/avicom.mini.icom.museum\/fr\/wp-json\/wp\/v2\/pages\/436\/revisions"}],"predecessor-version":[{"id":2075,"href":"https:\/\/avicom.mini.icom.museum\/fr\/wp-json\/wp\/v2\/pages\/436\/revisions\/2075"}],"up":[{"embeddable":true,"href":"https:\/\/avicom.mini.icom.museum\/fr\/wp-json\/wp\/v2\/pages\/134"}],"wp:attachment":[{"href":"https:\/\/avicom.mini.icom.museum\/fr\/wp-json\/wp\/v2\/media?parent=436"}],"wp:term":[{"taxonomy":"yst_prominent_words","embeddable":true,"href":"https:\/\/avicom.mini.icom.museum\/fr\/wp-json\/wp\/v2\/yst_prominent_words?post=436"}],"curies":[{"name":"wp","href":"https:\/\/api.w.org\/{rel}","templated":true}]}}