{"id":4814,"date":"2023-03-06T15:50:06","date_gmt":"2023-03-06T15:50:06","guid":{"rendered":"https:\/\/avicom.mini.icom.museum\/?page_id=4814"},"modified":"2023-03-06T15:50:06","modified_gmt":"2023-03-06T15:50:06","slug":"proces-verbal-de-la-reunion-du-conseil-dadministration-et-de-lassemblee-annuelle-davicom-2-decembre-2022","status":"publish","type":"page","link":"https:\/\/avicom.mini.icom.museum\/fr\/proces-verbal-de-la-reunion-du-conseil-dadministration-et-de-lassemblee-annuelle-davicom-2-decembre-2022\/","title":{"rendered":"Proc\u00e8s-verbal de la r\u00e9union du conseil d&#8217;administration et de l&#8217;assembl\u00e9e annuelle d&#8217;AVICOM, 2 d\u00e9cembre 2022"},"content":{"rendered":"<h4><strong>Proc\u00e8s-verbal de la r\u00e9union du conseil d&#8217;administration et de l&#8217;assembl\u00e9e annuelle d&#8217;AVICOM, 2 d\u00e9cembre 2022<\/strong><\/h4>\n<p><strong>1) Annonce du r\u00e9sultat des \u00e9lections pour le nouveau Conseil AVICOM 2022-2025 et installation du nouveau Conseil<\/strong><\/p>\n<p>Bob Haroutunian, notre officier \u00e9lectoral, a confirm\u00e9 le bon d\u00e9roulement de l&#8217;\u00e9lection. Les membres \u00e9lus du conseil d&#8217;administration sont pr\u00e9sent\u00e9s sur le site Internet.<\/p>\n<p><strong>2) Br\u00e8ve auto-pr\u00e9sentation des nouveaux membres du conseil d&#8217;administration et leurs souhaits pour l&#8217;activit\u00e9 AVICOM 2022-2025<\/strong><\/p>\n<p>Non publi\u00e9 dans le proc\u00e8s-verbal.<\/p>\n<p><strong>3) Rapport financier du tr\u00e9sorier<\/strong><\/p>\n<p>Non publi\u00e9 dans le proc\u00e8s-verbal.<\/p>\n<p><strong>4) Rapport sur la participation d&#8217;AVICOM \u00e0 l&#8217;Assembl\u00e9e g\u00e9n\u00e9rale de l&#8217;ICOM de cette ann\u00e9e \u00e0 Prague<\/strong><\/p>\n<p>Notre participation \u00e0 la Conf\u00e9rence g\u00e9n\u00e9rale de l&#8217;ICOM \u00e0 Prague a \u00e9t\u00e9 tr\u00e8s r\u00e9ussie de mon point de vue. Pour la premi\u00e8re fois, nous avons eu des s\u00e9ances conjointes. L&#8217;un d&#8217;eux avec CECA, le Comit\u00e9 pour l&#8217;\u00e9ducation mus\u00e9ale, l&#8217;autre avec MPR, le Comit\u00e9 pour le marketing et les relations publiques, et le Comit\u00e9 national allemand de l&#8217;ICOM. De plus, nous avons eu notre propre session et aussi, au Mus\u00e9e technique national, la remise des prix de notre festival des m\u00e9dias FAIMP.<\/p>\n<p>Au total, j&#8217;estime le nombre de participants \u00e0 environ 200 personnes sur place ; en outre, un certain nombre de personnes ont particip\u00e9 hors site, c&#8217;est-\u00e0-dire en ligne, ce qui ne peut malheureusement pas \u00eatre d\u00e9termin\u00e9. C&#8217;est un nombre tr\u00e8s \u00e9lev\u00e9 par rapport aux sessions pr\u00e9c\u00e9dentes.<\/p>\n<p>J&#8217;ai demand\u00e9 \u00e0 tous les orateurs de soumettre leurs articles afin que nous puissions les publier sur notre site Web. Malheureusement, tr\u00e8s peu d&#8217;articles ont \u00e9t\u00e9 soumis jusqu&#8217;\u00e0 pr\u00e9sent, je vais donc devoir les rappeler \u00e0 nouveau.<\/p>\n<p>Il y avait ensuite aussi une tr\u00e8s belle excursion qui, entre autres, nous avait conduits \u00e0 Udherski Brod au mus\u00e9e Amos Comenius, o\u00f9 Ales Kapsa et son directeur nous ont fait un merveilleux accueil. Il y a eu une excellente visite guid\u00e9e du mus\u00e9e enti\u00e8rement repens\u00e9 et riche en m\u00e9dias, puis un magnifique spectacle folklorique \u00e0 l&#8217;ext\u00e9rieur.<\/p>\n<p><strong>5) Rapport sur le Festival FAIMP 2021-2022 \u00e0 Prague<\/strong><\/p>\n<p>Comme d\u00e9j\u00e0 mentionn\u00e9, la pr\u00e9sentation des \u0153uvres gagnantes, la remise des prix suivie d&#8217;une r\u00e9ception ont eu lieu au Mus\u00e9e national de la technologie, avec environ 50 participants.<\/p>\n<p><strong>6) Rapport sur le projet de solidarit\u00e9 conjoint AVICOM, MPR et ICOM Allemagne<\/strong><\/p>\n<p>Avec la pand\u00e9mie de COVID 19, une nouvelle \u00e8re s&#8217;est ouverte &#8211; du jour au lendemain, pour ainsi dire &#8211; dans le secteur des mus\u00e9es \u00e9galement.<\/p>\n<p>Le th\u00e8me de la pr\u00e9sence num\u00e9rique ou m\u00e9diatique des mus\u00e9es a ainsi re\u00e7u un \u00e9lan inattendu. Il est rapidement devenu clair que la simple num\u00e9risation des donn\u00e9es analogiques ou la num\u00e9risation des fonds de collection ne suffisait pas. Les mus\u00e9es \u00e9taient plut\u00f4t confront\u00e9s au d\u00e9fi de d\u00e9velopper des formats et des concepts pouvant \u00eatre diffus\u00e9s sur les diff\u00e9rents canaux m\u00e9diatiques. Il s&#8217;est av\u00e9r\u00e9 tout aussi rapidement que la conception de formats num\u00e9riques exige le m\u00eame soin que pour les concepts analogiques. Il s&#8217;agit donc de d\u00e9velopper une sc\u00e9nographie num\u00e9rique authentique.<\/p>\n<p>Quels nouveaux formats sont d\u00e9velopp\u00e9s pour assurer la visibilit\u00e9 de l&#8217;art et de la culture dans l&#8217;espace public (num\u00e9rique) \u00e0 court terme ?<\/p>\n<p>Quels nouveaux canaux de communication (m\u00e9dias) et strat\u00e9gies seront utilis\u00e9s pour continuer \u00e0 atteindre les groupes cibles existants et, si possible, en m\u00eame temps utiliser la situation pour s&#8217;adresser \u00e0 de nouveaux groupes cibles ? Et ces canaux de communication ne seront-ils utilis\u00e9s que pendant la fermeture, ou seront-ils \u00e9galement utilis\u00e9s de mani\u00e8re strat\u00e9gique pendant les heures d&#8217;ouverture normales ?<\/p>\n<p>C&#8217;est la t\u00e2che du projet Solidarit\u00e9 lanc\u00e9 l&#8217;ann\u00e9e derni\u00e8re avec le Comit\u00e9 MPR et avec le soutien d&#8217;ICOM Allemagne intitul\u00e9 : Le d\u00e9fi COVID19 : Les mus\u00e9es et leur engagement num\u00e9rique en temps de crise.<\/p>\n<p>Le fait que nous puissions mener \u00e0 bien ce projet, c&#8217;est gr\u00e2ce \u00e0 un concours lanc\u00e9 par l&#8217;ICOM \u00e0 l&#8217;\u00e9poque parmi tous les comit\u00e9s de projets solidaires. MPR, ICOM Allemagne et MPR ont postul\u00e9 avec le sujet mentionn\u00e9 ci-dessus et ont finalement obtenu le contrat et promis un financement. Nous avons alors pu trouver un jeune scientifique pour mener les recherches en \u00e9troite collaboration avec les pr\u00e9sidents des trois comit\u00e9s.<\/p>\n<p>En attendant, Michael Eulenstein, comme on l&#8217;appelle, a presque boucl\u00e9 l&#8217;enqu\u00eate. Il a \u00e9valu\u00e9 les sites web de plus de 150 mus\u00e9es dans le monde selon d&#8217;innombrables crit\u00e8res, ainsi que leur communication via les r\u00e9seaux sociaux, et a compil\u00e9 tout cela dans une gigantesque matrice. Il a \u00e9galement d\u00e9fini des crit\u00e8res d&#8217;\u00e9valuation afin de pouvoir pr\u00e9senter des exemples de bonnes pratiques. Nous pr\u00e9voyons que l&#8217;\u00e9tude sera termin\u00e9e en d\u00e9cembre. Bien entendu, nous publierons les r\u00e9sultats de l&#8217;enqu\u00eate en anglais, en fran\u00e7ais et probablement aussi en espagnol, c&#8217;est-\u00e0-dire dans les trois langues de l&#8217;ICOM &#8211; par exemple sur les sites Web du MPR et de l&#8217;ICOM, \u00e9ventuellement \u00e9galement en version imprim\u00e9e.<\/p>\n<p>En raison de Corona et donc de l&#8217;annulation du festival pr\u00e9c\u00e9dent, nous avions combin\u00e9 les festivals 2020 et 2021. La participation anim\u00e9e, en particulier des pays d&#8217;Am\u00e9rique latine, a \u00e9t\u00e9 remarquable. Mes remerciements vont \u00e0 Karina Durand du Mexique qui, en tant que notre ambassadrice pour les pays d&#8217;Am\u00e9rique latine et des Cara\u00efbes, a beaucoup fait pour promouvoir la participation au festival.<\/p>\n<p><strong>7) Pr\u00e9sence d&#8217;AVICOM dans les m\u00e9dias sociaux<\/strong><\/p>\n<p>Marta Peinador, notre responsable des m\u00e9dias sociaux, a rendu compte des activit\u00e9s dans les m\u00e9dias sociaux. Notre pr\u00e9sence : facebook, Instagram, Twitter<\/p>\n<p><strong>8) Courts rapports de nos membres sur leurs activit\u00e9s pour AVICOM<\/strong><\/p>\n<p>Karina Durand, notre ambassadrice pour l&#8217;Am\u00e9rique latine et les Cara\u00efbes, annonce une conf\u00e9rence conjointe (of-site) d&#8217;AVICOM avec ICOM LAC en 2023. Les pr\u00e9paratifs d\u00e9buteront au printemps 2023.<\/p>\n<p><strong>9) Pr\u00e9paration du Festival FAIMP et de l&#8217;Assembl\u00e9e G\u00e9n\u00e9rale (sous forme de symposium) d&#8217;AVICOM 2023<\/strong><\/p>\n<p>Nous commen\u00e7ons maintenant \u00e0 pr\u00e9parer le prochain Faimp Festival : Le nouveau nom : \u201eFestival des Productions M\u00e9dias Audiovisuelles et Innovantes des Mus\u00e9es\u201c<\/p>\n<p>Le plan est de tenir la c\u00e9r\u00e9monie de remise des prix \u00e0 la mi-septembre, et nous avons d\u00e9j\u00e0 approch\u00e9 quelques endroits pour cela. Traditionnellement, l&#8217;h\u00f4te est une institution qui a remport\u00e9 un prix lors du dernier festival. En attendant, le Mauritshuis de La Haye a annul\u00e9, nous n&#8217;avons pas encore re\u00e7u de r\u00e9ponse d&#8217;une institution en Italie, mais il y a deux int\u00e9ress\u00e9s, Mohamed Ismail, qui pourrait bien imaginer tenir le festival au Caire, et l&#8217;Universit\u00e9 de St Andrews en Ecosse.<\/p>\n<p>Le festival doit \u00eatre combin\u00e9 avec la conf\u00e9rence annuelle d&#8217;AVICOM. Je voudrais proposer le th\u00e8me : Le Mus\u00e9e Virtuel.<\/p>\n<p>Il y a eu beaucoup de d\u00e9veloppement dans ce domaine, notamment pendant la phase de fermeture des mus\u00e9es caus\u00e9e par la pand\u00e9mie. Certes, le mus\u00e9e virtuel ne peut remplacer le mus\u00e9e analogique, qui vit de l&#8217;exposition des originaux. Mais les mus\u00e9es virtuels sont n\u00e9cessaires l\u00e0 o\u00f9 un mus\u00e9e analogique n&#8217;est pas du tout possible. Par exemple, parce que les salles d&#8217;exposition manquent ou sont trop petites, ou parce qu&#8217;il n&#8217;est pas possible pour de nombreux visiteurs de visiter physiquement le mus\u00e9e.<\/p>\n<p>Kamila Oles et Alan Miller de St Andrews nous ont pr\u00e9sent\u00e9 un tel cas. Ils ont d\u00e9velopp\u00e9 une gigantesque pr\u00e9sentation en ligne qui invite les visiteurs \u00e0 explorer virtuellement les attractions naturelles et culturelles des \u00eeles Orcades.<\/p>\n<p><strong>10) Objectifs du mandat 2022-2025<\/strong><\/p>\n<p>Et cela m&#8217;am\u00e8ne aux t\u00e2ches d&#8217;AVICOM pour le mandat 2022-2025. Je pourrais imaginer que le Mus\u00e9e virtuel pourrait \u00eatre l&#8217;un des points focaux de recherche et de discussion. D&#8217;autres points focaux pourraient \u00eatre : L&#8217;accessibilit\u00e9 dans le r\u00e9seau des mus\u00e9es, par exemple sur les sites Web. Je voudrais offrir un s\u00e9minaire en ligne ici.<\/p>\n<p>Un autre sujet que nous avons n\u00e9glig\u00e9 jusqu&#8217;\u00e0 pr\u00e9sent concerne les questions juridiques li\u00e9es aux productions m\u00e9diatiques.<\/p>\n<p><strong>11) Divers<\/strong><\/p>\n<p>Janos Tari, membre du conseil d&#8217;administration, rappelle les archives num\u00e9ris\u00e9es d&#8217;AVICOM \u00e0 la Bilbioth\u00e8que nationale de Paris et sugg\u00e8re de clarifier avec la BN comment les copies num\u00e9riques peuvent \u00eatre rendues accessibles au public (pour les membres de l&#8217;ICOM).<\/p>\n<p><em>Dr. Michael H. Faber<\/em><\/p>\n<p>&nbsp;<\/p>\n","protected":false},"excerpt":{"rendered":"<p>Proc\u00e8s-verbal de la r\u00e9union du conseil d&#8217;administration et de l&#8217;assembl\u00e9e annuelle d&#8217;AVICOM, 2 d\u00e9cembre 2022 1) Annonce du r\u00e9sultat des \u00e9lections pour le nouveau Conseil AVICOM 2022-2025 et installation du nouveau Conseil Bob Haroutunian, notre officier \u00e9lectoral, a confirm\u00e9 le bon d\u00e9roulement de l&#8217;\u00e9lection. Les membres \u00e9lus du conseil d&#8217;administration sont pr\u00e9sent\u00e9s sur le site [&hellip;]<\/p>\n","protected":false},"author":20,"featured_media":0,"parent":0,"menu_order":0,"comment_status":"closed","ping_status":"closed","template":"","meta":{"footnotes":""},"yst_prominent_words":[292,147,134,128,129],"acf":[],"_links":{"self":[{"href":"https:\/\/avicom.mini.icom.museum\/fr\/wp-json\/wp\/v2\/pages\/4814"}],"collection":[{"href":"https:\/\/avicom.mini.icom.museum\/fr\/wp-json\/wp\/v2\/pages"}],"about":[{"href":"https:\/\/avicom.mini.icom.museum\/fr\/wp-json\/wp\/v2\/types\/page"}],"author":[{"embeddable":true,"href":"https:\/\/avicom.mini.icom.museum\/fr\/wp-json\/wp\/v2\/users\/20"}],"replies":[{"embeddable":true,"href":"https:\/\/avicom.mini.icom.museum\/fr\/wp-json\/wp\/v2\/comments?post=4814"}],"version-history":[{"count":1,"href":"https:\/\/avicom.mini.icom.museum\/fr\/wp-json\/wp\/v2\/pages\/4814\/revisions"}],"predecessor-version":[{"id":4815,"href":"https:\/\/avicom.mini.icom.museum\/fr\/wp-json\/wp\/v2\/pages\/4814\/revisions\/4815"}],"wp:attachment":[{"href":"https:\/\/avicom.mini.icom.museum\/fr\/wp-json\/wp\/v2\/media?parent=4814"}],"wp:term":[{"taxonomy":"yst_prominent_words","embeddable":true,"href":"https:\/\/avicom.mini.icom.museum\/fr\/wp-json\/wp\/v2\/yst_prominent_words?post=4814"}],"curies":[{"name":"wp","href":"https:\/\/api.w.org\/{rel}","templated":true}]}}