{"id":5202,"date":"2024-11-18T12:02:21","date_gmt":"2024-11-18T12:02:21","guid":{"rendered":"https:\/\/avicom.mini.icom.museum\/?page_id=5202"},"modified":"2024-11-18T12:02:21","modified_gmt":"2024-11-18T12:02:21","slug":"statuts-davicom","status":"publish","type":"page","link":"https:\/\/avicom.mini.icom.museum\/fr\/statuts-davicom\/","title":{"rendered":"Statuts d&#8217;AVICOM"},"content":{"rendered":"<p>Lors de l&#8217;Assembl\u00e9e G\u00e9n\u00e9rale d&#8217;AVICOM en octobre 2024 \u00e0 Turin, les membres ont adopt\u00e9 les nouveaux statuts d&#8217;AVICOM.<\/p>\n<p><a href=\"https:\/\/avicom.mini.icom.museum\/wp-content\/uploads\/sites\/3\/2024\/11\/AVICOM_By-laws_2023-Fa-IF-Fa-signed.pdf\">AVICOM_By-laws_2023-Fa-IF-Fa-signed<\/a><\/p>\n","protected":false},"excerpt":{"rendered":"<p>Lors de l&#8217;Assembl\u00e9e G\u00e9n\u00e9rale d&#8217;AVICOM en octobre 2024 \u00e0 Turin, les membres ont adopt\u00e9 les nouveaux statuts d&#8217;AVICOM. AVICOM_By-laws_2023-Fa-IF-Fa-signed<\/p>\n","protected":false},"author":20,"featured_media":0,"parent":0,"menu_order":0,"comment_status":"closed","ping_status":"closed","template":"","meta":{"footnotes":""},"yst_prominent_words":[347,129],"acf":[],"_links":{"self":[{"href":"https:\/\/avicom.mini.icom.museum\/fr\/wp-json\/wp\/v2\/pages\/5202"}],"collection":[{"href":"https:\/\/avicom.mini.icom.museum\/fr\/wp-json\/wp\/v2\/pages"}],"about":[{"href":"https:\/\/avicom.mini.icom.museum\/fr\/wp-json\/wp\/v2\/types\/page"}],"author":[{"embeddable":true,"href":"https:\/\/avicom.mini.icom.museum\/fr\/wp-json\/wp\/v2\/users\/20"}],"replies":[{"embeddable":true,"href":"https:\/\/avicom.mini.icom.museum\/fr\/wp-json\/wp\/v2\/comments?post=5202"}],"version-history":[{"count":1,"href":"https:\/\/avicom.mini.icom.museum\/fr\/wp-json\/wp\/v2\/pages\/5202\/revisions"}],"predecessor-version":[{"id":5203,"href":"https:\/\/avicom.mini.icom.museum\/fr\/wp-json\/wp\/v2\/pages\/5202\/revisions\/5203"}],"wp:attachment":[{"href":"https:\/\/avicom.mini.icom.museum\/fr\/wp-json\/wp\/v2\/media?parent=5202"}],"wp:term":[{"taxonomy":"yst_prominent_words","embeddable":true,"href":"https:\/\/avicom.mini.icom.museum\/fr\/wp-json\/wp\/v2\/yst_prominent_words?post=5202"}],"curies":[{"name":"wp","href":"https:\/\/api.w.org\/{rel}","templated":true}]}}