{"id":554,"date":"2019-01-03T20:35:26","date_gmt":"2019-01-03T20:35:26","guid":{"rendered":"http:\/\/avicom.icom.cust.oxymium.net\/technologies\/audiovisuel\/"},"modified":"2019-01-03T20:46:25","modified_gmt":"2019-01-03T20:46:25","slug":"audiovisuel","status":"publish","type":"page","link":"https:\/\/avicom.mini.icom.museum\/fr\/technologies\/audiovisuel\/","title":{"rendered":"Audiovisuel"},"content":{"rendered":"<div id=\"RTE_CONTENT\"> <!--TYPO3SEARCH_begin--> \t<!--  CONTENT ELEMENT, uid:5460\/multimedia [begin] --> \t\t<\/p>\n<div id=\"c5460\"> \t\t<!--  Multimedia element: [begin] --> \t\t\t   <meta http-equiv=\"Content-Type\" content=\"text\/html; charset=ISO-8859-1\"> <title>Untitled Document<\/title> <\/p>\n<p>Ces vid\u00e9os produits par des mus\u00e9es sont des exemples des innovations et des nouveaux projets de mus\u00e9es \u00e0 travers le monde. N&#8217;h\u00e9sitez pas \u00e0 <a href=\"mailto:jlapalme@museesmontreal.org\">nous soumettre<\/a> vos vid\u00e9os!<\/p>\n<ul>\n<li> <em><a href=\"http:\/\/ww3.tvo.org\/video\/172894\/do-museums-still-matter\" target=\"_blank\">TVOntario: The Agenda with Steve Paikin: Do Museums Still Matter?<\/a><\/em> (53:40)<\/li>\n<li><em><a href=\"http:\/\/www.youtube.com\/show\/greatmuseums\" target=\"_blank\">Great Museums<\/a><\/em><\/li>\n<li><a href=\"http:\/\/vimeo.com\/channels\/museummedia\" target=\"_blank\"><em>Digital and new media for museums<\/em><\/a><\/li>\n<\/ul>\n<h2>Mus\u00e9es, sciences et technologies<\/h2>\n<p align=\"center\">   <embed allowscriptaccess=\"always\" allowfullscreen=\"true\" type=\"application\/x-shockwave-flash\" src=\"http:\/\/www.youtube.com\/v\/D1EOJr11bvo&amp;hl=fr_FR&amp;fs=1&amp;\"><\/embed><\/p>\n<ul>\n<li> <a href=\"http:\/\/www.youtube.com\/watch?v=D1EOJr11bvo&amp;feature=player_embedded\" target=\"_blank\">Chefs-d&#8217;\u0153uvre du mus\u00e9e du Prado dans Google Earth<\/a> (2:55) 12 janvier 2009<\/li>\n<li> <a href=\"http:\/\/www.youtube.com\/watch?v=ooscH571RAA&amp;feature=player_embedded\" target=\"_blank\">Le Mus\u00e9e \u00e9ph\u00e9m\u00e8re<\/a> au Portugal allie l&#8217;art de rue et des guides audio (2:12) 27 mars 2009<strong><\/strong> <\/li>\n<li> <a href=\"http:\/\/www.youtube.com\/watch?v=yekLJeXFJt4&amp;feature=player_embedded\" target=\"_blank\">National Geographic: Les secrets de Mona Lisa<\/a> \u2013 La science se penche sur la toile la plus c\u00e9l\u00e8bre au monde. Est-ce le portrait d&#8217;une femme enceinte? (4:01) 18 mars 2008<\/li>\n<li> <a href=\"http:\/\/www.youtube.com\/watch?v=4NCfnCXG01k&amp;feature=player_embedded\" target=\"_blank\"><em>CBC News: Mona Lisa Answers Questions<\/em><\/a> \u2013 La <em>Alive Gallery<\/em> de S\u00e9oul, Cor\u00e9e du Sud d\u00e9voile sa collection de toiles qui bougent et qui parlent. La technologie aide les jeunes enfants \u00e0 interagir avec et \u00e0 appr\u00e9cier les oeuvres anciennes. (1:50) 3 avril 2008<\/li>\n<\/ul>\n<p>\u00a0<\/p>\n<hr size=\"1\" noshade>\n<h2>L\u2019architecture mus\u00e9ale et la 3-D <\/h2>\n<p align=\"center\">   <embed allowscriptaccess=\"always\" allowfullscreen=\"true\" type=\"application\/x-shockwave-flash\" src=\"http:\/\/vimeo.com\/moogaloop.swf?clip_id=7812667&amp;server=vimeo.com&amp;show_title=1&amp;show_byline=1&amp;show_portrait=0&amp;color=&amp;fullscreen=1\"><\/embed><\/p>\n<ul>\n<li> <a href=\"http:\/\/vimeo.com\/7812667\" target=\"_blank\">Mus\u00e9e d\u2019art moderne r\u00e9alis\u00e9 par Attila De\u00e1k<\/a> (3:33) 25 novembre 2009<\/li>\n<li> <a href=\"http:\/\/www.youtube.com\/watch?v=GmY4pcQ_WGA&amp;feature=player_embedded\" target=\"_blank\">Santiago Calatrava<\/a>, architecte (3:13) 10 mai 2007<\/li>\n<li> <a href=\"http:\/\/www.youtube.com\/watch?v=1sghCuXTVbc&amp;feature=player_embedded\" target=\"_blank\">Le nouveau Mus\u00e9e de l\u2019Acropole<\/a>, Gr\u00e8ce (4:54) 16 octobre 2006<\/li>\n<li> <a href=\"http:\/\/www.youtube.com\/watch?v=5DGcV_Cuyy8&amp;feature=player_embedded\" target=\"_blank\">Mus\u00e9e d\u2019art contemporain<\/a>, <a href=\"http:\/\/www.hybrid-design.fr\" target=\"_blank\">Simon Boulard<\/a>, J\u00e9r\u00f4me Meyer et Vinciane Macke (4:59) 2006<\/li>\n<\/ul>\n<p>\u00a0<\/p>\n<hr size=\"1\" noshade>\n<h2>Publicit\u00e9s<\/h2>\n<p align=\"center\">   <embed allowscriptaccess=\"always\" allowfullscreen=\"true\" type=\"application\/x-shockwave-flash\" src=\"http:\/\/www.youtube.com\/v\/SyhccqYewAE\"><\/embed><\/p>\n<ul>\n<li> <a href=\"http:\/\/www.youtube.com\/watch?v=SyhccqYewAE&amp;feature=player_embedded\" target=\"_blank\">Mus\u00e9e Magritte<\/a> (2:51) 11 mai 2009<\/li>\n<li> <em><a href=\"http:\/\/www.dailymotion.com\/video\/x9pmvy_publicite-musee-des-arts-asiatiques_creation?start=4#from=embed\" target=\"_blank\">American Museum of Natural History<\/a> <\/em>(1:05) 22 avril 2009<\/li>\n<li> <a href=\"http:\/\/www.dailymotion.com\/video\/x9pmvy_publicite-musee-des-arts-asiatiques_creation?start=4#from=embed\" target=\"_blank\">Mus\u00e9e des arts asiatiques de Nice<\/a> (1:15) 28 juin 2009<\/li>\n<li> <a href=\"http:\/\/vimeo.com\/5409268\" target=\"_blank\">Mus\u00e9e Groninger<\/a>, Pays-Bas (1:52) 1er juillet<strong> <\/strong>2009 <\/li>\n<li> <a href=\"http:\/\/www.youtube.com\/watch?v=xKyLSmm9_Gc&amp;feature=player_embedded\" target=\"_blank\">Mus\u00e9e Guggenheim \u00e0 Bilbao<\/a>, Espagne (1:52) 2008<\/li>\n<li> <a href=\"http:\/\/www.dailymotion.com\/video\/xqvfp_musee_news?start=8#from=embed\" target=\"_blank\">Mus\u00e9e de la pal\u00e9ontologie de Paris<\/a> (0:39) 4 d\u00e9cembre 2006<\/li>\n<li>Publicit\u00e9 <a href=\"http:\/\/www.dailymotion.com\/video\/xst39_pub-musee-afrique_fun#from=embed\" target=\"_blank\"><em>Le caf\u00e9<\/em><\/a> r\u00e9alis\u00e9e par l&#8217;agence belge LG&amp;F. Auteurs : Thomas Danthine et Denis Dubrulle. (0:45) 2005<\/li>\n<\/ul>\n<p>\u00a0<\/p>\n<hr size=\"1\" noshade>\n<h2>L\u2019humour et les mus\u00e9es <\/h2>\n<p align=\"center\">   <embed allowfullscreen=\"true\" allowscriptaccess=\"always\" type=\"application\/x-shockwave-flash\" src=\"http:\/\/www.youtube.com\/v\/gaFbmuEUdwI\"><\/embed><\/p>\n<ul>\n<li> <em><em><a href=\"http:\/\/www.youtube.com\/watch?v=gaFbmuEUdwI&amp;feature=player_embedded\" target=\"_blank\">We Love Museums&#8230; Do Museums Love Us Back?<\/a><\/em> <\/em>(7:32) 9 novembre 2008<em><a href=\"http:\/\/www.youtube.com\/user\/pinkyshow\" target=\"_blank\"><br \/>   The Pinky Show<\/a><\/em>   est un projet de Associated Animals Inc., une organisation \u00e9ducative sans but lucratif. R\u00e9cemment Kim est obs\u00e9d\u00e9e par les mus\u00e9es, son nouveau passe-temps. Dans cette vid\u00e9o, elle lit \u00e0 partir de son dernier rapport, \u00ab\u00a0La Cr\u00e9ation de la valeur : M\u00e9ditations sur la logique des mus\u00e9es et autres institutions coercitives\u00a0\u00bb.<\/li>\n<li> <em><a href=\"http:\/\/www.dailymotion.com\/video\/x4fqzj_bernard-bear-museum_fun#from=embed\" target=\"_blank\">Bernard at the Museum<\/a><\/em> (3:27) 20 f\u00e9vrier 2008<\/li>\n<\/ul>\n<p>\u00a0<\/p>\n<hr size=\"1\" noshade>\n<p>\u00a0<\/p>\n<h2>Les vid\u00e9os clips d&#8217;ICOM <\/h2>\n<p><em>Remarque : Vous aurez besoin du <a href=\"http:\/\/windows.microsoft.com\/fr-FR\/windows\/products\/windows-media-player\" target=\"_blank\">Lecteur Windows Media<\/a> pour lire ces vid\u00e9os.<\/em><\/p>\n<h3>AUSTRALIE<\/h3>\n<p><a href=\"mms:\/\/telesto.unesco.org\/ngo\/icom_australia.wmv\" target=\"_blank\">mms:\/\/telesto.unesco.org\/ngo\/icom_australia.wmv<\/a><br \/>   Gabriel Clark et Thomas Marcusson (University of Technology, Sydney)<\/p>\n<p><em>Our video is a visual analogy of elements of ICOM&#8217;s mission. In our video piece intangible lines form tangible networks, supporting cultural heritage and creating a network of communication and support throughout the globalised world. The construction, and interaction of these cultural networks are supported and developed by ICOM. Using strong graphic elements generated by hand, lines of sand propel themselves across the screen, around examples of the world&#8217;s cultural heritage. Interacting with each other they build a grid that reates a global network. This theme of globalisation is illustrated by the depiction of a globe, this globe is in fact created by the network that ICOM has initiated and nurtured, the lines of sand.<\/em><\/p>\n<hr size=\"1\" align=\"justify\">\n<h3>CANADA <\/h3>\n<p><a href=\"mms:\/\/telesto.unesco.org\/ngo\/icom_canada.wmv\" target=\"_blank\">mms:\/\/telesto.unesco.org\/ngo\/icom_canada.wmv<\/a><br \/>   Christian Hudon et Jasmin Morin (Id\u00e9eclic, Gatineau, Qu\u00e9bec)<\/p>\n<p>   La cr\u00e9ation du clip vid\u00e9o se veut avant tout un survol des richesses mus\u00e9ales bas\u00e9 sur les concepts de la sauvegarde du patrimoine mondial propos\u00e9s dans la mission d\u2019ICOM tant li\u00e9 au patrimoine mat\u00e9riel qu\u2019intangible. \u00c0 travers le regard de la diversit\u00e9 culturelle, nous sommes amen\u00e9s \u00e0 voyager dans le temps et \u00e0 survoler des lieux historiques ainsi qu\u2019\u00e0 d\u00e9couvrir des tr\u00e9sors par de riches compositions photographiques. On retrouve tout on long du vid\u00e9o la lettre \u00ab O \u00bb pour repr\u00e9senter le logo international de ICOM. De plus, cette forme ronde appuie bien la port\u00e9e mondiale des diff\u00e9rents comit\u00e9s internationaux. Le montage soutient la recherche et le d\u00e9veloppement ex\u00e9cut\u00e9s par l\u2019organisation, le concept de la diffusion du patrimoine ainsi que les diff\u00e9rents types de collections et d\u2019activit\u00e9s de programmations publiques mus\u00e9ales. L\u2019ensemble \u00e9voque la sensibilit\u00e9, le respect, l\u2019accessibilit\u00e9, la d\u00e9couverte, le savoir et la protection qui rend hommage aux membres et comit\u00e9s d\u2019ICOM.<\/p>\n<hr size=\"1\" align=\"justify\">\n<h3>HONGRIE <\/h3>\n<p><a href=\"mms:\/\/telesto.unesco.org\/ngo\/icom_hungary.wmv\" target=\"_blank\">mms:\/\/telesto.unesco.org\/ngo\/icom_hungary.wmv<\/a><br \/>   Dr. Janos Tari (Museum of Ethnography, Budapest)<\/p>\n<p><em>In the animation of the ICOM logo, we show museums buildings from all over the world, ethnic activities and restauration-exhibition situations connected with cultural heritage museums.<\/em><\/p>\n<hr size=\"1\" align=\"justify\">\n<div align=\"justify\"> Rendez-vous aussi sur le <a href=\"http:\/\/icom.museum\/video.html\" target=\"_blank\">site de l&#8217;ICOM<\/a>! <\/p>\n<p>\u00a0<\/p>\n<p>    \t\t<!--  Multimedia element: [end] --> \t\t\t<\/div>\n<p> \t<!--  CONTENT ELEMENT, uid:5460\/multimedia [end] --> \t\t<!--TYPO3SEARCH_end--> <\/div>\n<div id=\"AUTO_CONTENT\"><\/div>\n<\/p><\/div>\n","protected":false},"excerpt":{"rendered":"<p>Untitled Document Ces vid\u00e9os produits par des mus\u00e9es sont des exemples des innovations et des nouveaux projets de mus\u00e9es \u00e0 travers le monde. N&#8217;h\u00e9sitez pas \u00e0 nous soumettre vos vid\u00e9os! TVOntario: The Agenda with Steve Paikin: Do Museums Still Matter? (53:40) Great Museums Digital and new media for museums Mus\u00e9es, sciences et technologies Chefs-d&#8217;\u0153uvre du [&hellip;]<\/p>\n","protected":false},"author":1,"featured_media":0,"parent":134,"menu_order":3,"comment_status":"closed","ping_status":"closed","template":"","meta":{"footnotes":""},"yst_prominent_words":[],"acf":[],"_links":{"self":[{"href":"https:\/\/avicom.mini.icom.museum\/fr\/wp-json\/wp\/v2\/pages\/554"}],"collection":[{"href":"https:\/\/avicom.mini.icom.museum\/fr\/wp-json\/wp\/v2\/pages"}],"about":[{"href":"https:\/\/avicom.mini.icom.museum\/fr\/wp-json\/wp\/v2\/types\/page"}],"author":[{"embeddable":true,"href":"https:\/\/avicom.mini.icom.museum\/fr\/wp-json\/wp\/v2\/users\/1"}],"replies":[{"embeddable":true,"href":"https:\/\/avicom.mini.icom.museum\/fr\/wp-json\/wp\/v2\/comments?post=554"}],"version-history":[{"count":1,"href":"https:\/\/avicom.mini.icom.museum\/fr\/wp-json\/wp\/v2\/pages\/554\/revisions"}],"predecessor-version":[{"id":2073,"href":"https:\/\/avicom.mini.icom.museum\/fr\/wp-json\/wp\/v2\/pages\/554\/revisions\/2073"}],"up":[{"embeddable":true,"href":"https:\/\/avicom.mini.icom.museum\/fr\/wp-json\/wp\/v2\/pages\/134"}],"wp:attachment":[{"href":"https:\/\/avicom.mini.icom.museum\/fr\/wp-json\/wp\/v2\/media?parent=554"}],"wp:term":[{"taxonomy":"yst_prominent_words","embeddable":true,"href":"https:\/\/avicom.mini.icom.museum\/fr\/wp-json\/wp\/v2\/yst_prominent_words?post=554"}],"curies":[{"name":"wp","href":"https:\/\/api.w.org\/{rel}","templated":true}]}}