{"id":556,"date":"2019-01-03T20:35:28","date_gmt":"2019-01-03T20:35:28","guid":{"rendered":"http:\/\/avicom.icom.cust.oxymium.net\/technologies\/archives-numeriques\/"},"modified":"2019-01-03T20:46:25","modified_gmt":"2019-01-03T20:46:25","slug":"archives-numeriques","status":"publish","type":"page","link":"https:\/\/avicom.mini.icom.museum\/fr\/technologies\/archives-numeriques\/","title":{"rendered":"Archives num\u00e9riques"},"content":{"rendered":"<div id=\"RTE_CONTENT\"> <!--TYPO3SEARCH_begin--> \t<!--  CONTENT ELEMENT, uid:6930\/text [begin] --> \t\t<\/p>\n<div id=\"c6930\"> \t\t<!--  Text: [begin] --> \t\t\t<\/p>\n<h3>Archives et collections num\u00e9riques en ligne<\/h3>\n<p>Le nombre croissant d&#8217;archives num\u00e9riques mus\u00e9ales partout dans le monde ont am\u00e9lior\u00e9 l\u2019acc\u00e8s des chercheurs et le grand public \u00e0 des objets, des \u0153uvres d&#8217;art uniques, des collections et des expositions. <b><a href=\"mailto:jlapalme@museesmontreal.org\">Envoyez-nous<\/a><\/b> <b>les liens de vos archives pr\u00e9f\u00e9r\u00e9es !<\/b> <\/p>\n<\/p>\n<hr>\n<h2>Allemagne<\/h2>\n<h3>Le <em>Cranach Digital Archive<\/em> (CDA)<\/h3>\n<p>Le <a href=\"http:\/\/www.lucascranach.org\/\" target=\"_blank\"><em>Cranach Digital Archive<\/em><\/a> (CDA) est une ressource de recherche interdisciplinaire et collaborative, en fournissant l&#8217;acc\u00e8s \u00e0 l\u2019information technique, l&#8217;art historique, et la conservation des peintures de Lucas Cranach (c.1472 \u2014 1553) et son atelier. Le r\u00e9f\u00e9rentiel fournit actuellement des informations sur plus de 400 peintures, y compris 5000 images et documents provenant de 19 institutions partenaires.<\/p>\n<hr>\n<h2>Canada<\/h2>\n<h3>Le Mus\u00e9e Glenbow<\/h3>\n<p>Le Mus\u00e9e Glenbow a r\u00e9cemment commenc\u00e9 \u00e0 num\u00e9riser ses collections d&#8217;art et d&#8217;artefacts. Ce que vous trouverez actuellement dans cette <a href=\"http:\/\/www.glenbow.org\/collections\/search\/\" target=\"_blank\">base de donn\u00e9es<\/a> est une petite s\u00e9lection de nos collections d\u2019art, d\u2019histoire communautaire et militaire, ainsi que nos collections des Autochtones de l\u2019Am\u00e9rique du Nord, se concentrant principalement sur l&#8217;histoire de l&#8217;Alberta.<\/p>\n<h3>Le Mus\u00e9e McCord<\/h3>\n<p>Le Mus\u00e9e McCord pr\u00e9serve et met en valeur plus de 1 440 000 objets, images et manuscrits, t\u00e9moins de l&#8217;histoire sociale et de la culture mat\u00e9rielle de Montr\u00e9al, du Qu\u00e9bec et du Canada. L\u2019offre num\u00e9rique en ligne \u00ab <a href=\"http:\/\/www.mccord-museum.qc.ca\/fr\/clefs\/collections\/\" target=\"_blank\">Clefs pour l\u2019histoire<\/a> \u00bb, fruit d\u2019une collaboration avec <a href=\"http:\/\/www.mccord-museum.qc.ca\/fr\/clefs\/collections\/partenaires\/\" target=\"_blank\">sept autres mus\u00e9es canadiens<\/a>, comporte actuellement 137 000 images d\u2019artefacts. Plus de 119 000 artefacts du Mus\u00e9e et une s\u00e9lection de quelque 17 500 artefacts des mus\u00e9es partenaires peuvent \u00eatre consult\u00e9s. <\/p>\n<hr>\n<h2>Espagne<\/h2>\n<h3><em>Museo Nacional Del Prado <\/em><\/h3>\n<p><a href=\"http:\/\/www.museodelprado.es\/en\/the-collection\/online-gallery\/\" target=\"_blank\">L&#8217;acc\u00e8s en ligne<\/a> \u00e0 environ 1000 \u0153uvres de la collection du <em>Museo Nacional del Prado<\/em> (pr\u00e8s de 5000 \u0153uvres disponibles dans la <a href=\"http:\/\/www.museodelprado.es\/coleccion\/galeria-on-line\/\" target=\"_blank\">version espagnole<\/a>). Cette base de donn\u00e9es continuera de se d\u00e9velopper jusqu&#8217;\u00e0 ce que la collection compl\u00e8te soit int\u00e9gr\u00e9e. Le moteur de recherche avanc\u00e9e facilite la consultation, en utilisant des cat\u00e9gories telle que l&#8217;artiste, le titre de l&#8217;\u0153uvre, le sujet, la chronologie et le num\u00e9ro de r\u00e9f\u00e9rence.<\/p>\n<hr>\n<h2>\u00c9tats-Unis<\/h2>\n<h3><em>Archives &amp; Museum Informatics<\/em><\/h3>\n<p><a href=\"http:\/\/www.archimuse.com\/\" target=\"_blank\"><em>Archives &amp; Museum Informatics<\/em><\/a> est un partenariat de deux chefs de file respect\u00e9s dans le domaine mus\u00e9al\u00a0: David Bearman et Jennifer Trant. Chercheurs et th\u00e9oriciens de mus\u00e9e et de l&#8217;informatique culturelle, ils ont fond\u00e9 le colloque annuel Web \u00ab\u00a0Museums &amp; the Web\u00a0\u00bb sur la conviction que le savoir et les meilleures pratiques doivent \u00eatre partag\u00e9es ouvertement entre coll\u00e8gues. Ces colloques sont devenus des lieux de renomm\u00e9e internationale pour l&#8217;\u00e9change d&#8217;informations \u00e0 travers un large \u00e9ventail de professions culturelles, et ils ont attir\u00e9 un public divers et dynamique compos\u00e9 de gestionnaires, de sp\u00e9cialistes du marketing et des nouveaux m\u00e9dias, de technologues, de conservateurs, d\u2019\u00e9ducateurs et de chercheurs. Ils ont \u00e9galement mis en place une <a href=\"http:\/\/museumsandtheweb.com\" target=\"_blank\">communaut\u00e9 en ligne<\/a> de professionnels du patrimoine culturel.<\/p>\n<h3><em>Smithsonian Institution<\/em><\/h3>\n<p>Le Centre de recherche des collections de la Smithsonian fournit une interface facile \u00e0 utiliser qui donne acc\u00e8s \u00e0 plus de 7,4 millions de documents issus des archives, des biblioth\u00e8ques et des collections de la Smithsonian. Le <a href=\"http:\/\/www.siris.si.edu\/\" target=\"_blank\">Research Information System<\/a> (SIRIS) est une extraordinaire base de donn\u00e9es compos\u00e9e de 568\u00a0100 images, vid\u00e9os et fichiers audio en provenance des mus\u00e9es, les archives et les biblioth\u00e8ques de la Smithsonian.<\/p>\n<hr>\n<h2>France<\/h2>\n<h3>L&#8217;Archive Ouverte de l&#8217;ICOMOS<\/h3>\n<p>L&#8217;ICOMOS est une organisation non-gouvernementale internationale qui \u0153uvre pour la conservation des monuments et des sites dans le monde. <a href=\"http:\/\/openarchive.icomos.org\/\" target=\"_blank\">L&#8217;Archive Ouverte de l&#8217;ICOMOS : e-publications sur le patrimoine culturel<\/a>, est une archive mondiale sp\u00e9cialis\u00e9e dans la conservation et la restauration des monuments, sites et paysages.<\/p>\n<h3 align=\"justify\">R\u00e9union des Mus\u00e9es nationaux de France<\/h3>\n<p><a href=\"http:\/\/www.photo.rmn.fr\" target=\"_blank\">L&#8217;Agence photographique<\/a> de la <a href=\"http:\/\/www.rmn.fr\/\" target=\"_blank\">R\u00e9union des Mus\u00e9es nationaux de France<\/a> a mis sur pied un v\u00e9ritable tr\u00e9sor d&#8217;archives. Vous n&#8217;avez besoin que d&#8217;un mot, d&#8217;un titre ou d&#8217;un auteur pour entreprendre une recherche enrichissante. Ce site bas\u00e9 sur Oracle donne acc\u00e8s \u00e0 tous les mus\u00e9es nationaux. La liste est longue, y compris le Mus\u00e9e du Louvre, d&#8217;Orsay, Pompidou, Guimet, Picasso, de l&#8217;Orangerie, le Mus\u00e9e Rodin ou Delacroix, la Biblioth\u00e8que de l&#8217;Institut, ainsi que la Chantilly, Compi\u00e8gne, \u00c9couen, les Granges de Port-Royal, Fontainebleau, Ajaccio, Nice, Matisse, Message biblique de Chagall, Les Eyzies-de-Tayac et le Mus\u00e9e de la Pr\u00e9histoire. <\/p>\n<p>  \t\t<!--  Text: [end] --> \t\t\t   \t<!--  \t\tBEGIN: Content of extension \"hpo_relatedlink\", plugin \"tx_hporelatedlink_pi1\"  \t--> \t<\/p>\n<div> \t\t \t<\/div>\n<p> \t \t<!-- END: Content of extension \"hpo_relatedlink\", plugin \"tx_hporelatedlink_pi1\" -->  \t<\/div>\n<p> \t<!--  CONTENT ELEMENT, uid:6930\/text [end] --> \t\t<!--TYPO3SEARCH_end--> <\/div>\n","protected":false},"excerpt":{"rendered":"<p>Archives et collections num\u00e9riques en ligne Le nombre croissant d&#8217;archives num\u00e9riques mus\u00e9ales partout dans le monde ont am\u00e9lior\u00e9 l\u2019acc\u00e8s des chercheurs et le grand public \u00e0 des objets, des \u0153uvres d&#8217;art uniques, des collections et des expositions. Envoyez-nous les liens de vos archives pr\u00e9f\u00e9r\u00e9es ! Allemagne Le Cranach Digital Archive (CDA) Le Cranach Digital Archive [&hellip;]<\/p>\n","protected":false},"author":1,"featured_media":0,"parent":134,"menu_order":4,"comment_status":"closed","ping_status":"closed","template":"","meta":{"footnotes":""},"yst_prominent_words":[],"acf":[],"_links":{"self":[{"href":"https:\/\/avicom.mini.icom.museum\/fr\/wp-json\/wp\/v2\/pages\/556"}],"collection":[{"href":"https:\/\/avicom.mini.icom.museum\/fr\/wp-json\/wp\/v2\/pages"}],"about":[{"href":"https:\/\/avicom.mini.icom.museum\/fr\/wp-json\/wp\/v2\/types\/page"}],"author":[{"embeddable":true,"href":"https:\/\/avicom.mini.icom.museum\/fr\/wp-json\/wp\/v2\/users\/1"}],"replies":[{"embeddable":true,"href":"https:\/\/avicom.mini.icom.museum\/fr\/wp-json\/wp\/v2\/comments?post=556"}],"version-history":[{"count":1,"href":"https:\/\/avicom.mini.icom.museum\/fr\/wp-json\/wp\/v2\/pages\/556\/revisions"}],"predecessor-version":[{"id":2072,"href":"https:\/\/avicom.mini.icom.museum\/fr\/wp-json\/wp\/v2\/pages\/556\/revisions\/2072"}],"up":[{"embeddable":true,"href":"https:\/\/avicom.mini.icom.museum\/fr\/wp-json\/wp\/v2\/pages\/134"}],"wp:attachment":[{"href":"https:\/\/avicom.mini.icom.museum\/fr\/wp-json\/wp\/v2\/media?parent=556"}],"wp:term":[{"taxonomy":"yst_prominent_words","embeddable":true,"href":"https:\/\/avicom.mini.icom.museum\/fr\/wp-json\/wp\/v2\/yst_prominent_words?post=556"}],"curies":[{"name":"wp","href":"https:\/\/api.w.org\/{rel}","templated":true}]}}