{"id":558,"date":"2019-01-03T20:35:31","date_gmt":"2019-01-03T20:35:31","guid":{"rendered":"http:\/\/avicom.icom.cust.oxymium.net\/technologies\/technologies\/"},"modified":"2019-01-03T20:46:25","modified_gmt":"2019-01-03T20:46:25","slug":"technologies","status":"publish","type":"page","link":"https:\/\/avicom.mini.icom.museum\/fr\/technologies\/technologies\/","title":{"rendered":"Technologies"},"content":{"rendered":"<div id=\"RTE_CONTENT\"> <!--TYPO3SEARCH_begin--> \t<!--  CONTENT ELEMENT, uid:5470\/text [begin] --> \t\t<\/p>\n<div id=\"c5470\"> \t\t<!--  Text: [begin] --> \t\t\t<\/p>\n<h3>TechnoRadar<\/h3>\n<p><a href=\"http:\/\/www.rcip-chin.gc.ca\/index-fra.jsp\" target=\"_blank\">R\u00e9seau canadien d\u2019information sur le patrimoine<\/a> (RCIP)  permet aux mus\u00e9es canadiens de r\u00e9seauter entre eux et avec leur public gr\u00e2ce aux technologies num\u00e9riques. Le RCIP publie le bulletin num\u00e9rique TechnoRadar. <\/p>\n<ul>\n<li> <a href=\"http:\/\/www.rcip-chin.gc.ca\/sgc-cms\/nouvelles-news\/francais-french\/?p=2921\" target=\"_blank\">Promouvoir la participation des utilisateurs<\/a> &#8211; printemps 2012 <\/li>\n<li> <a href=\"http:\/\/www.rcip-chin.gc.ca\/sgc-cms\/nouvelles-news\/francais-french\/?p=2467\" target=\"_blank\">Nouvelles technologies<\/a> &#8211; hiver 2012<\/li>\n<li> <a href=\"http:\/\/www.rcip-chin.gc.ca\/sgc-cms\/nouvelles-news\/francais-french\/?p=2062\" target=\"_blank\">Technologies mobiles pour les mus\u00e9es<\/a> &#8211; automne 2011<\/li>\n<li> <a href=\"http:\/\/www.rcip-chin.gc.ca\/sgc-cms\/nouvelles-news\/francais-french\/?p=1792\" target=\"_blank\">Conf\u00e9rence  \u00ab Museums and the Web \u00bb<\/a> &#8211; \u00e9t\u00e9 2011<\/li>\n<li> <a href=\"http:\/\/www.rcip-chin.gc.ca\/sgc-cms\/nouvelles-news\/francais-french\/?p=1519\" target=\"_blank\">Technologie mobile<\/a> &#8211; printemps 2011<\/li>\n<li> <a href=\"http:\/\/www.rcip-chin.gc.ca\/sgc-cms\/nouvelles-news\/francais-french\/?p=1329\" target=\"_blank\">T\u00e9l\u00e9phone intelligent<\/a> &#8211; hiver 2011 <\/li>\n<\/ul>\n<hr>\n<h3><strong>Pour une nouvelle approche des oeuvres d&#8217;art : Louvre-DNP Museum Lab<\/strong><\/h3>\n<p>Octobre 2006 \u2014 Ce projet sans pr\u00e9c\u00e9dent r\u00e9alis\u00e9 par Dai Nippon Printing (DNP) s&#8217;adresse \u00e0 tous les publics, les connaisseurs comme les n\u00e9ophytes, qui pourront porter un regard neuf sur une oeuvre d&#8217;art.<\/p>\n<p>   Concept : l\u2019objectif de <a href=\"http:\/\/museumlab.fr\/\" target=\"_blank\"><strong>Louvre-DNP Museum Lab<\/strong><\/a> est de cr\u00e9er une approche in\u00e9dite des \u0153uvres d\u2019art, en utilisant les technologies de l\u2019information et de l\u2019image les plus r\u00e9centes, pour faciliter la compr\u00e9hension des oeuvres d\u2019art par un large public Au d\u00e9but de la visite, le visiteur enregistre ses choix et ses souhaits de visite sur un billet RFID (syst\u00e8me \u00e0 transmission sans fil UHF Ultra Haute Fr\u00e9quenceincorpor\u00e9 au billet). Lorsque le visiteur entre dans la zone de transmission sans fil UHF situ\u00e9e devant les \u00e9crans tactiles, son billet RFID est d\u00e9tect\u00e9, et le dispositif multim\u00e9dia diffuse en streaming, dans la langue choisie par le visiteur, le commentaire audio ainsi que des contenus visuels concernant l\u2019\u0153uvre et l&#8217;artiste, selon un parcours d\u00e9fini par la dur\u00e9e de visite souhait\u00e9e.<\/p>\n<p>   Dai Nippon Printing (DNP) et le mus\u00e9e du Louvre viennent d&#8217;inaugurer \u00e0 Tokyo le projet Museum Lab, n\u00e9 d&#8217;une volont\u00e9 d&#8217;exp\u00e9rimenter des approches mus\u00e9ographiques \u00e0 partir d&#8217;une \u0153uvre des collections du mus\u00e9e l&#8217;image les plus sophistiqu\u00e9es, ma\u00eetris\u00e9es par DNP. Un espace d\u2019exp\u00e9rimentation a \u00e9t\u00e9 sp\u00e9cialement con\u00e7u pour cette op\u00e9ration dans l\u2019immeuble DNP, du quartier Gotanda \u00e0 Tokyo, qui a ouvert ses portes le 30 octobre 2006.<\/p>\n<p>   Une collaboration exceptionnelle entre Dai Nippon Printing et le mus\u00e9e du Louvre Museum Lab est le r\u00e9sultat d\u2019une \u00e9troite coop\u00e9ration entre les \u00e9quipes du mus\u00e9e du Louvre et de Dai Nippon Printing. Le mus\u00e9e du Louvre \u00e9labore le contenu scientifique et p\u00e9dagogique de ces exp\u00e9rimentations, sous la direction du D\u00e9partement des Peintures du mus\u00e9e du Louvre et de Sylvain Laveissi\u00e8re, conservateur en chef. DNP mobilise ses comp\u00e9tences et ses outils technologiques pour la r\u00e9alisation des programmes multim\u00e9dia disponibles en fran\u00e7ais, en japonais et en anglais.<\/p>\n<p>  \t\t<!--  Text: [end] --> \t\t\t   \t<!--  \t\tBEGIN: Content of extension \"hpo_relatedlink\", plugin \"tx_hporelatedlink_pi1\"  \t--> \t<\/p>\n<div> \t\t \t<\/div>\n<p> \t \t<!-- END: Content of extension \"hpo_relatedlink\", plugin \"tx_hporelatedlink_pi1\" -->  \t<\/div>\n<p> \t<!--  CONTENT ELEMENT, uid:5470\/text [end] --> \t\t<!--TYPO3SEARCH_end--> <\/div>\n","protected":false},"excerpt":{"rendered":"<p>TechnoRadar R\u00e9seau canadien d\u2019information sur le patrimoine (RCIP) permet aux mus\u00e9es canadiens de r\u00e9seauter entre eux et avec leur public gr\u00e2ce aux technologies num\u00e9riques. Le RCIP publie le bulletin num\u00e9rique TechnoRadar. Promouvoir la participation des utilisateurs &#8211; printemps 2012 Nouvelles technologies &#8211; hiver 2012 Technologies mobiles pour les mus\u00e9es &#8211; automne 2011 Conf\u00e9rence \u00ab Museums [&hellip;]<\/p>\n","protected":false},"author":1,"featured_media":0,"parent":134,"menu_order":5,"comment_status":"closed","ping_status":"closed","template":"","meta":{"footnotes":""},"yst_prominent_words":[],"acf":[],"_links":{"self":[{"href":"https:\/\/avicom.mini.icom.museum\/fr\/wp-json\/wp\/v2\/pages\/558"}],"collection":[{"href":"https:\/\/avicom.mini.icom.museum\/fr\/wp-json\/wp\/v2\/pages"}],"about":[{"href":"https:\/\/avicom.mini.icom.museum\/fr\/wp-json\/wp\/v2\/types\/page"}],"author":[{"embeddable":true,"href":"https:\/\/avicom.mini.icom.museum\/fr\/wp-json\/wp\/v2\/users\/1"}],"replies":[{"embeddable":true,"href":"https:\/\/avicom.mini.icom.museum\/fr\/wp-json\/wp\/v2\/comments?post=558"}],"version-history":[{"count":1,"href":"https:\/\/avicom.mini.icom.museum\/fr\/wp-json\/wp\/v2\/pages\/558\/revisions"}],"predecessor-version":[{"id":2071,"href":"https:\/\/avicom.mini.icom.museum\/fr\/wp-json\/wp\/v2\/pages\/558\/revisions\/2071"}],"up":[{"embeddable":true,"href":"https:\/\/avicom.mini.icom.museum\/fr\/wp-json\/wp\/v2\/pages\/134"}],"wp:attachment":[{"href":"https:\/\/avicom.mini.icom.museum\/fr\/wp-json\/wp\/v2\/media?parent=558"}],"wp:term":[{"taxonomy":"yst_prominent_words","embeddable":true,"href":"https:\/\/avicom.mini.icom.museum\/fr\/wp-json\/wp\/v2\/yst_prominent_words?post=558"}],"curies":[{"name":"wp","href":"https:\/\/api.w.org\/{rel}","templated":true}]}}