{"id":564,"date":"2019-01-03T20:35:36","date_gmt":"2019-01-03T20:35:36","guid":{"rendered":"http:\/\/avicom.icom.cust.oxymium.net\/technologies\/sites-web\/"},"modified":"2019-01-03T20:46:25","modified_gmt":"2019-01-03T20:46:25","slug":"sites-web","status":"publish","type":"page","link":"https:\/\/avicom.mini.icom.museum\/fr\/technologies\/sites-web\/","title":{"rendered":"Sites Web"},"content":{"rendered":"<div id=\"RTE_CONTENT\"> <!--TYPO3SEARCH_begin--> \t<!--  CONTENT ELEMENT, uid:5466\/text [begin] --> \t\t<\/p>\n<div id=\"c5466\"> \t\t<!--  Text: [begin] --> \t\t\t<\/p>\n<h3>MUVA Virtual Museums of Arts<\/h3>\n<\/p>\n<div>\n<div>\n<div>\n<h3>Pour en savoir plus<\/h3>\n<ul>\n<li><a href=\"http:\/\/avicom.mini.icom.museum\/wp-content\/uploads\/sites\/3\/2019\/01\/haber_alicia_conf.pdf\">Lisez la communication d&#8217;Alicia Haber<\/a><\/li>\n<\/ul><\/div>\n<\/p><\/div>\n<\/p><\/div>\n<p> On ne peut pas \u00e9voquer le Mus\u00e9e Virtuel sans avoir visit\u00e9 celui que dirige Alicia Haber en Uruguay. <a href=\"http:\/\/muva.elpais.com.uy\" target=\"_blank\">Le Museo Virtual de Artes El Pais<\/a> (MUVA), est le premier mus\u00e9e totalement virtuel mis en ligne en 1997. Son si\u00e8ge est \u00e0 Montevideo, en Uruguay. Il est consacr\u00e9 \u00e0 l&#8217;art Uruguayen et Latino-am\u00e9ricain et contribue, par son caract\u00e8re \u00e9ducatif, informatif et qualitatif, \u00e0 la connaissance des arts visuels.<\/p>\n<p>   Le MUVA n&#8217;existe pas physiquement, mais ses cr\u00e9ateurs ont voulu donner la repr\u00e9sentation d&#8217;un vrai mus\u00e9e. L&#8217;id\u00e9e fut d&#8217;employer le web comme m\u00e9dium d&#8217;exposition, permettant de recr\u00e9er l&#8217;ambiance du mus\u00e9e en d\u00e9veloppant \u00e0 un haut degr\u00e9 la sensation d&#8217;\u00eatre \u00e0 l&#8217;int\u00e9rieur d&#8217;un b\u00e2timent.<\/p>\n<p>   Le b\u00e2timent, enti\u00e8rement virtuel, a \u00e9t\u00e9 con\u00e7u par quatre architectes commandit\u00e9s pour le MUVA : la visite virtuelle donne ainsi l&#8217;impression de parcourir les espaces technologiquement reconstitu\u00e9s d&#8217;un mus\u00e9e.<\/p>\n<p>   Le visiteur peut r\u00e9ellement se d\u00e9placer \u00e0 l&#8217;int\u00e9rieur du mus\u00e9e, prendre l&#8217;ascenseur, monter les escaliers, aller de salles en salles, et admirer les \u0153uvres. Cela sans t\u00e9l\u00e9chargement de logiciels ou d&#8217;applications externes lourdes et complexes : MUVA veut rendre la visite facile \u00e0 son public&#8230;<\/p>\n<p>   Alicia Haber est venue pr\u00e9senter le MUVA Virtual Museums of Arts dans le colloque &#8220;Les m\u00e9dias audiovisuels comme patrimoine culturel et leur utilisation dans les mus\u00e9es&#8221;, \u00e0 Mytil\u00e8ne en juin 2006, elle disait en introduction :<\/p>\n<blockquote>\n<p><i>&#8220;My paper will focus on MUVA Virtual Museums of Arts from Uruguay, its achievements but also its problems. I will deal with the creation of a virtual museum in a Third World country, entirely done by Uruguayans, with a very limited budget. I will present the way in which we had to face problems to create it in I996, how we got to create it and how we got to expanding it and keeping it alive&#8221;.<\/i><\/p>\n<\/blockquote>\n<p>\u00a0<\/p>\n<\/p>\n<hr>\n<p>\u00a0<\/p>\n<h3>&#8220;Modern Art Gallery&#8221; de la banque Soci\u00e9t\u00e9 G\u00e9n\u00e9rale, Paris<\/h3>\n<p>La <a href=\"http:\/\/www.socgen.com\/magV2\/francais\/intro-bas.htm\" target=\"_blank\">Modern Art Gallery<\/a> est un mus\u00e9e enti\u00e8rement virtuel con\u00e7u en images de synth\u00e8se. Des architectes ont cr\u00e9\u00e9e un \u00e9difice tridimensionnel dans lequel le visiteur peut se d\u00e9placer dans 10 salles pour d\u00e9couvrir une partie des \u0153uvres de la collection d&#8217;art moderne et contemporain de la Soci\u00e9t\u00e9 G\u00e9n\u00e9rale.<\/p>\n<p>   Mais bien que fictif, le mus\u00e9e sert de support visuel \u00e0 des \u0153uvres r\u00e9elles aux proportions bien d\u00e9finies ; ceci a impliqu\u00e9 de cr\u00e9er des espaces architecturaux r\u00e9alistes, respectant les rapports de proportion des \u00e9l\u00e9ments artistiques, architecturaux et d\u00e9coratifs\u2026 Le choix et la disposition des \u0153uvres ont r\u00e9sult\u00e9 de l&#8217;analyse des espaces, de la lumi\u00e8re et des volumes.<\/p>\n<p>   Par la diversit\u00e9 des \u0153uvres, des mouvements, des supports, cette collection offre un panorama large de la cr\u00e9ation plastique de la fin des ann\u00e9es 1950 aux ann\u00e9es 1990, sans volont\u00e9 d&#8217;exhaustivit\u00e9 didactique. A travers la &#8220;Modern Art Gallery&#8221; (MAG) la Soci\u00e9t\u00e9 G\u00e9n\u00e9rale ouvre sa collection \u00e0 un public plus large.<\/p>\n<p>   La Galerie :<br \/>   Cr\u00e9ation 3D : Project Studio<br \/>   Conception architecturale : Christophe VALTIN (Umlaut)<br \/>   Conservateur : Art Public Contemporain<br \/>   Photographe : Edouard LEGROS<br \/>   Illustration sonore : Jean-Louis DO<br \/>   Le Site :<br \/>   Direction artistique \/ R\u00e9alisation : Philippe ANDREVON<br \/>   Ing\u00e9ni\u00e9rie Multim\u00e9dia : Ark\u00e9on<\/p>\n<p>\u00a0<\/p>\n<hr>\n<p>\u00a0<\/p>\n<h3>Ho-Am Art Museum, S\u00e9oul, Cor\u00e9e<\/h3>\n<p>La ma\u00eetrise technologique, l&#8217;esth\u00e9tique, et la richesse documentaire, fa\u00e7on cor\u00e9enne&#8230; Le <a href=\"http:\/\/www.hoammuseum.org\/\" target=\"_blank\">Ho-Am Art Museum<\/a>, dont le site pr\u00e9sente une version en anglais, fournit aux internautes des informations sur la culture et le patrimoine cor\u00e9en ainsi que sur les collections expos\u00e9es dans le mus\u00e9e.<\/p>\n<p>   La conception du site web est r\u00e9solument moderne ; la navigation est agr\u00e9able, simple et claire, et l&#8217;habillage sobre et esth\u00e9tique. Le contenu tr\u00e8s didactique est particuli\u00e8rement riche en documents informatifs et en illustrations de qualit\u00e9. Un site zen\u2026<\/p>\n<p>   Le site a \u00e9t\u00e9 prim\u00e9 lors de l&#8217;\u00e9dition 2003 du &#8220;Festival Audiovisuel International Mus\u00e9e &amp; Patrimoine&#8221;, &#8220;Prix Web&#8217;Art d&#8217;Or&#8221;.<\/p>\n<p>\u00a0<\/p>\n<hr>\n<p>\u00a0<\/p>\n<h3>Site du Mus\u00e9e virtuel du Gabon<\/h3>\n<p>Initiative de la Pr\u00e9sidence de la R\u00e9publique, le projet du site du <a href=\"http:\/\/www.legabon.org\/livre\/\" target=\"_blank\">Mus\u00e9e virtuel du Gabon<\/a> est essentiellement franco-fran\u00e7ais, avec financement gabonnais. Le mus\u00e9e national, \u00e0 qui on avait demand\u00e9 d&#8217;apporter une partie de la mati\u00e8re premi\u00e8re (\u00e0 savoir participer \u00e0 la s\u00e9lection des objets, apporter les infos sur les objets, \u00e9crire quelques textes), s&#8217;est tr\u00e8s t\u00f4t d\u00e9sengag\u00e9 du projet pour diverses raisons. <\/p>\n<p>Conception : Soci\u00e9t\u00e9 Novacom, Paris, France<\/p>\n<p>\u00a0<\/p>\n<p><\/p>\n<p>  \t\t<!--  Text: [end] --> \t\t\t   \t<!--  \t\tBEGIN: Content of extension \"hpo_relatedlink\", plugin \"tx_hporelatedlink_pi1\"  \t--> \t<\/p>\n<div> \t\t \t<\/div>\n<p> \t \t<!-- END: Content of extension \"hpo_relatedlink\", plugin \"tx_hporelatedlink_pi1\" -->  \t<\/div>\n<p> \t<!--  CONTENT ELEMENT, uid:5466\/text [end] --> \t\t<!--TYPO3SEARCH_end--> <\/div>\n","protected":false},"excerpt":{"rendered":"<p>MUVA Virtual Museums of Arts Pour en savoir plus Lisez la communication d&#8217;Alicia Haber On ne peut pas \u00e9voquer le Mus\u00e9e Virtuel sans avoir visit\u00e9 celui que dirige Alicia Haber en Uruguay. Le Museo Virtual de Artes El Pais (MUVA), est le premier mus\u00e9e totalement virtuel mis en ligne en 1997. Son si\u00e8ge est \u00e0 [&hellip;]<\/p>\n","protected":false},"author":1,"featured_media":0,"parent":134,"menu_order":6,"comment_status":"closed","ping_status":"closed","template":"","meta":{"footnotes":""},"yst_prominent_words":[],"acf":[],"_links":{"self":[{"href":"https:\/\/avicom.mini.icom.museum\/fr\/wp-json\/wp\/v2\/pages\/564"}],"collection":[{"href":"https:\/\/avicom.mini.icom.museum\/fr\/wp-json\/wp\/v2\/pages"}],"about":[{"href":"https:\/\/avicom.mini.icom.museum\/fr\/wp-json\/wp\/v2\/types\/page"}],"author":[{"embeddable":true,"href":"https:\/\/avicom.mini.icom.museum\/fr\/wp-json\/wp\/v2\/users\/1"}],"replies":[{"embeddable":true,"href":"https:\/\/avicom.mini.icom.museum\/fr\/wp-json\/wp\/v2\/comments?post=564"}],"version-history":[{"count":1,"href":"https:\/\/avicom.mini.icom.museum\/fr\/wp-json\/wp\/v2\/pages\/564\/revisions"}],"predecessor-version":[{"id":2070,"href":"https:\/\/avicom.mini.icom.museum\/fr\/wp-json\/wp\/v2\/pages\/564\/revisions\/2070"}],"up":[{"embeddable":true,"href":"https:\/\/avicom.mini.icom.museum\/fr\/wp-json\/wp\/v2\/pages\/134"}],"wp:attachment":[{"href":"https:\/\/avicom.mini.icom.museum\/fr\/wp-json\/wp\/v2\/media?parent=564"}],"wp:term":[{"taxonomy":"yst_prominent_words","embeddable":true,"href":"https:\/\/avicom.mini.icom.museum\/fr\/wp-json\/wp\/v2\/yst_prominent_words?post=564"}],"curies":[{"name":"wp","href":"https:\/\/api.w.org\/{rel}","templated":true}]}}