{"id":574,"date":"2019-01-03T20:35:40","date_gmt":"2019-01-03T20:35:40","guid":{"rendered":"http:\/\/avicom.icom.cust.oxymium.net\/technologies\/kit-informatique\/"},"modified":"2019-01-03T20:46:25","modified_gmt":"2019-01-03T20:46:25","slug":"kit-informatique","status":"publish","type":"page","link":"https:\/\/avicom.mini.icom.museum\/fr\/technologies\/kit-informatique\/","title":{"rendered":"Kit Informatique"},"content":{"rendered":"<div id=\"RTE_CONTENT\"> <!--TYPO3SEARCH_begin--> \t<!--  CONTENT ELEMENT, uid:5943\/textpic [begin] --> \t\t<\/p>\n<div id=\"c5943\"> \t\t<!--  Image block: [begin] --> \t\t\t<\/p>\n<div>\n<div>\n<dl>\n<dt><img decoding=\"async\" src=\"http:\/\/avicom.mini.icom.museum\/wp-content\/uploads\/sites\/3\/2019\/01\/marie-francoise_delval.jpg\" alt=\"\"><\/dt>\n<dd>Marie-Fran\u00e7oise DELVAL, Membre du Conseil Ex\u00e9cutif de l&#8217;ICOM<\/dd>\n<\/dl>\n<\/div>\n<div> \t\t<!--  Text: [begin] --> \t\t\t<\/p>\n<h3><b>Kit Informatique \u00e0 l&#8217;usage des comit\u00e9s de l&#8217;ICOM<\/b><\/h3>\n<p>J&#8217;ai r\u00e9alis\u00e9 un &#8220;<a href=\"http:\/\/kit-informatique-icom.cabanova.com\/#\/divers\" target=\"_blank\">Kit Informatique<\/a>&#8221; pour permettre  aux comit\u00e9s de l&#8217;ICOM ayant des ressources modestes, mais \u00e9galement pour ceux  ayant une connaissance basique des logiciels existants et fonctionnels pour le  travail par ordinateur, de les d\u00e9couvrir et de les utiliser pour am\u00e9liorer leur  travail. <\/p>\n<p>Ce Kit Informatique, propos\u00e9 sur un CD, regroupe un ensemble  de logiciels libres et des gratuiciels.  <\/p>\n<p>Les logiciels de la s\u00e9lection sont  librement t\u00e9l\u00e9chargeables et gratuits ; l&#8217;utilisateur peut les installer et les  utiliser sans aucune restriction, pour une utilisation priv\u00e9e, un usage  \u00e9ducatif, ou une utilisation \u00e0 but non lucratif. <\/p>\n<p>La premi\u00e8re version du Kit Informatique est en fran\u00e7ais,  ainsi que la plupart des logiciels propos\u00e9s.  <\/p>\n<p><img decoding=\"async\" src=\"http:\/\/avicom.mini.icom.museum\/wp-content\/uploads\/sites\/3\/2019\/01\/RTEmagicC_Kit_informatique.gif.gif\" alt=\"Kit Informatique\" align=\"left\">Elle est accompagn\u00e9e d&#8217;une  brochure explicative de chaque programme. La seconde phase sera en espagnol, et  la derni\u00e8re en anglais. <\/p>\n<p>Le CD du Kit Informatique, disponible dans quelques  semaines, vous sera envoy\u00e9 apr\u00e8s une demande par \u00e9crit (lettre ou e-mail). <\/p>\n<p><a href=\"http:\/\/kit-informatique-icom.cabanova.com\/#\/divers\" target=\"_blank\">Pour en savoir plus<\/a> \u00bb <\/p>\n<p> \t\t<!--  Text: [end] --> \t\t\t<\/div>\n<\/p><\/div>\n<div><!-- --><\/div>\n<p> \t\t<!--  Image block: [end] --> \t\t\t   \t<!--  \t\tBEGIN: Content of extension \"hpo_relatedlink\", plugin \"tx_hporelatedlink_pi1\"  \t--> \t<\/p>\n<div> \t\t \t<\/div>\n<p> \t \t<!-- END: Content of extension \"hpo_relatedlink\", plugin \"tx_hporelatedlink_pi1\" -->  \t<\/div>\n<p> \t<!--  CONTENT ELEMENT, uid:5943\/textpic [end] --> \t\t<!--TYPO3SEARCH_end--> <\/div>\n","protected":false},"excerpt":{"rendered":"<p>Marie-Fran\u00e7oise DELVAL, Membre du Conseil Ex\u00e9cutif de l&#8217;ICOM Kit Informatique \u00e0 l&#8217;usage des comit\u00e9s de l&#8217;ICOM J&#8217;ai r\u00e9alis\u00e9 un &#8220;Kit Informatique&#8221; pour permettre aux comit\u00e9s de l&#8217;ICOM ayant des ressources modestes, mais \u00e9galement pour ceux ayant une connaissance basique des logiciels existants et fonctionnels pour le travail par ordinateur, de les d\u00e9couvrir et de les [&hellip;]<\/p>\n","protected":false},"author":1,"featured_media":0,"parent":134,"menu_order":7,"comment_status":"closed","ping_status":"closed","template":"","meta":{"footnotes":""},"yst_prominent_words":[],"acf":[],"_links":{"self":[{"href":"https:\/\/avicom.mini.icom.museum\/fr\/wp-json\/wp\/v2\/pages\/574"}],"collection":[{"href":"https:\/\/avicom.mini.icom.museum\/fr\/wp-json\/wp\/v2\/pages"}],"about":[{"href":"https:\/\/avicom.mini.icom.museum\/fr\/wp-json\/wp\/v2\/types\/page"}],"author":[{"embeddable":true,"href":"https:\/\/avicom.mini.icom.museum\/fr\/wp-json\/wp\/v2\/users\/1"}],"replies":[{"embeddable":true,"href":"https:\/\/avicom.mini.icom.museum\/fr\/wp-json\/wp\/v2\/comments?post=574"}],"version-history":[{"count":1,"href":"https:\/\/avicom.mini.icom.museum\/fr\/wp-json\/wp\/v2\/pages\/574\/revisions"}],"predecessor-version":[{"id":2069,"href":"https:\/\/avicom.mini.icom.museum\/fr\/wp-json\/wp\/v2\/pages\/574\/revisions\/2069"}],"up":[{"embeddable":true,"href":"https:\/\/avicom.mini.icom.museum\/fr\/wp-json\/wp\/v2\/pages\/134"}],"wp:attachment":[{"href":"https:\/\/avicom.mini.icom.museum\/fr\/wp-json\/wp\/v2\/media?parent=574"}],"wp:term":[{"taxonomy":"yst_prominent_words","embeddable":true,"href":"https:\/\/avicom.mini.icom.museum\/fr\/wp-json\/wp\/v2\/yst_prominent_words?post=574"}],"curies":[{"name":"wp","href":"https:\/\/api.w.org\/{rel}","templated":true}]}}