{"id":606,"date":"2019-01-03T20:35:58","date_gmt":"2019-01-03T20:35:58","guid":{"rendered":"http:\/\/avicom.icom.cust.oxymium.net\/archives\/2014-2\/"},"modified":"2019-01-03T20:46:24","modified_gmt":"2019-01-03T20:46:24","slug":"2014-2","status":"publish","type":"page","link":"https:\/\/avicom.mini.icom.museum\/fr\/archives\/2014-2\/","title":{"rendered":"2014"},"content":{"rendered":"<div id=\"RTE_CONTENT\"> <!--TYPO3SEARCH_begin--> \t<!--  CONTENT ELEMENT, uid:13712\/textpic [begin] --> \t\t<\/p>\n<div id=\"c13712\"> \t\t<!--  Header: [begin] --> \t\t\t<\/p>\n<h2>Assembl\u00e9e G\u00e9n\u00e9rale 2014<\/h2>\n<p> \t\t<!--  Header: [end] --> \t\t\t \t\t<!--  Image block: [begin] --> \t\t\t<\/p>\n<div> \t\t<!--  Text: [begin] --> \t\t\t<\/p>\n<p><b>L&#8217;Assembl\u00e9e G\u00e9n\u00e9rale d&#8217;AVICOM se tiendra le 20 septembre 2014 \u00e0 la Tretyakov Galerie, de 10 heures \u00e0 midi.<\/b> <\/p>\n<p> Vous recevrez prochainement le dossier de l&#8217;AG. Mais vous pouvez t\u00e9l\u00e9charger ici la convocation \u00e0 cette AG, avec son ordre du jour, les documents de travail y aff\u00e9rant ainsi que les formulaires de procuration pour le vote, au cas o\u00f9 vous seriez emp\u00each\u00e9 de participer :<\/p>\n<ol>\n<li><a href=\"http:\/\/avicom.mini.icom.museum\/wp-content\/uploads\/sites\/3\/2019\/01\/Convocation_AG2014_ss_mfd_Ang-Fr-Esp_V1.pdf\" title=\"TEXT, Convocation AG2014 ss mfd Ang-Fr-Esp V1, Convocation_AG2014_ss_mfd_Ang-Fr-Esp_V1.pdf, 107 KB\">Convocation et ordre du jour<\/a><\/li>\n<li><a href=\"http:\/\/avicom.mini.icom.museum\/wp-content\/uploads\/sites\/3\/2019\/01\/Legal_toolbox_Proxy_AVICOM_Fr-Ang_V2.pdf\" title=\"TEXT, Legal toolbox Proxy AVICOM Fr-Ang V2, Legal_toolbox_Proxy_AVICOM_Fr-Ang_V2.pdf, 90 KB\">Procuration<\/a><\/li>\n<li> <a href=\"http:\/\/avicom.mini.icom.museum\/wp-content\/uploads\/sites\/3\/2019\/01\/Etats_financiers_AVICOM_2013_V2.pdf\" title=\"TEXT, Etats financiers AVICOM 2013 V2, Etats_financiers_AVICOM_2013_V2.pdf, 93 KB\">\u00c9tats <\/a><a href=\"http:\/\/avicom.mini.icom.museum\/wp-content\/uploads\/sites\/3\/2019\/01\/Etats_financiers_AVICOM_2013_V2.pdf\" title=\"TEXT, Etats financiers AVICOM 2013 V2, Etats_financiers_AVICOM_2013_V2.pdf, 93 KB\">financiers 2013<\/a> <\/li>\n<li> <a href=\"http:\/\/avicom.mini.icom.museum\/wp-content\/uploads\/sites\/3\/2019\/01\/Etats_financiers_AVICOM_2014.pdf\" title=\"TEXT, Etats financiers AVICOM 2014, Etats_financiers_AVICOM_2014.pdf, 131 KB\">\u00c9tats <\/a><a href=\"http:\/\/avicom.mini.icom.museum\/wp-content\/uploads\/sites\/3\/2019\/01\/Etats_financiers_AVICOM_2014.pdf\" title=\"TEXT, Etats financiers AVICOM 2014, Etats_financiers_AVICOM_2014.pdf, 131 KB\">financiers 2014, bloqu\u00e9s au 18 juin<\/a> <\/li>\n<li><a href=\"http:\/\/avicom.mini.icom.museum\/wp-content\/uploads\/sites\/3\/2019\/01\/FINAL071714-C_AVICOMpresreport2014half_year.pdf\" title=\"TEXT, FINAL071714-C AVICOMpresreport2014half year, FINAL071714-C_AVICOMpresreport2014half_year.pdf, 67 KB\">Rapport annuel du Pr\u00e9sident<\/a><\/li>\n<li><a href=\"http:\/\/avicom.mini.icom.museum\/wp-content\/uploads\/sites\/3\/2019\/01\/AVICOM_IR_GA_2014_ss.pdf\" title=\"TEXT, AVICOM IR GA 2014 ss, AVICOM_IR_GA_2014_ss.pdf, 232 KB\">Proposition d&#8217;un nouveau R\u00e8glement Int\u00e9rieur en remplacement des Statuts associatifs<\/a><\/li>\n<\/ol>\n<p><b>Cette Assembl\u00e9e g\u00e9n\u00e9rale est tr\u00e8s importante pour le Comit\u00e9 AVICOM<\/b>. En effet, durant cette session il sera soumis \u00e0 l&#8217;ensemble des membres la dissolution d&#8217;AVICOM en tant qu&#8217;association de &#8220;loi 1901&#8221; afin de se mettre en conformit\u00e9 avec les exigences de l&#8217;ICOM. AVICOM restera dans ce cas un comit\u00e9 international de l&#8217;ICOM.<\/p>\n<p>Si toutefois l&#8217;Assembl\u00e9e g\u00e9n\u00e9rale d\u00e9cidait de ne pas voter en faveur de la dissolution de l&#8217;association, AVICOM perdrait son statut de comit\u00e9 international ainsi que les potentielles subvention de l&#8217;ICOM au profit d&#8217;un statut d&#8217;organisation affili\u00e9e de l&#8217;ICOM.<\/p>\n<p>En tout \u00e9tat de cause, AVICOM doit revoir ses statuts, c&#8217;est pourquoi, il vous sera soumis pour d\u00e9bat et approbation un nouveau R\u00e8glement Int\u00e9rieur, \u00e9labor\u00e9 par le Bureau d&#8217;AVICOM avec le concours du D\u00e9partement juridique du Secr\u00e9tariat de l&#8217;ICOM.<\/p>\n<p>Nous comptons donc la participation du plus grand nombre et nous invitons d&#8217;ores-et-d\u00e9j\u00e0 ceux d&#8217;entre vous qui ne pourraient malheureusement pas \u00eatre parmi nous pour ce grand \u00e9v\u00e8nement \u00e0 Moscou, de<b> contacter des coll\u00e8gues d&#8217;AVICOM auxquels ils pourraient confier leur procuration et leurs intentions de vote.<\/b><\/p>\n<p><b>Il est donc tr\u00e8s important que vous r\u00e9pondiez rapidement d\u00e8s r\u00e9ception de la convocation \u00e0 l&#8217;AG<\/b>, et que vous pr\u00e9pariez d\u00e8s maintenant votre venue \u00e0 Moscou. <\/p>\n<p>Sachez que<b> les visas pour la Russie<\/b> demandent des formalit\u00e9s administratives pr\u00e9cises. Pour certains pays, il faudra que vous ayez une invitation officielle \u00e0 demander \u00e0 Natalia TOLSTAYA &lt;<a href=\"mailto:n_tolstaya@mail.ru\" title=\"Opens window for sending email\">n_tolstaya@mail.ru<\/a>&gt; dont les dates d&#8217;arriv\u00e9e et de d\u00e9part doivent \u00eatre les m\u00eames que celles de votre billet \u00e9lectronique,\u00a0 dont vous devrez aussi fournir une copie.<br \/>Renseignez-vous directement aupr\u00e8s du consulat russe de votre pays. <\/p>\n<p>\u00a0<\/p>\n<hr>\n<p> <!--  Text: [end] --> <\/div>\n<p> \t\t<!--  Image block: [end] --> \t\t\t   \t<!--  \t\tBEGIN: Content of extension \"hpo_relatedlink\", plugin \"tx_hporelatedlink_pi1\"  \t--> \t<\/p>\n<div> \t\t \t<\/div>\n<p> \t \t<!-- END: Content of extension \"hpo_relatedlink\", plugin \"tx_hporelatedlink_pi1\" -->  \t<\/div>\n<p> \t<!--  CONTENT ELEMENT, uid:13712\/textpic [end] --> \t\t<!--TYPO3SEARCH_end--> <\/div>\n","protected":false},"excerpt":{"rendered":"<p>Assembl\u00e9e G\u00e9n\u00e9rale 2014 L&#8217;Assembl\u00e9e G\u00e9n\u00e9rale d&#8217;AVICOM se tiendra le 20 septembre 2014 \u00e0 la Tretyakov Galerie, de 10 heures \u00e0 midi. Vous recevrez prochainement le dossier de l&#8217;AG. Mais vous pouvez t\u00e9l\u00e9charger ici la convocation \u00e0 cette AG, avec son ordre du jour, les documents de travail y aff\u00e9rant ainsi que les formulaires de procuration [&hellip;]<\/p>\n","protected":false},"author":1,"featured_media":0,"parent":136,"menu_order":1,"comment_status":"closed","ping_status":"closed","template":"","meta":{"footnotes":""},"yst_prominent_words":[],"acf":[],"_links":{"self":[{"href":"https:\/\/avicom.mini.icom.museum\/fr\/wp-json\/wp\/v2\/pages\/606"}],"collection":[{"href":"https:\/\/avicom.mini.icom.museum\/fr\/wp-json\/wp\/v2\/pages"}],"about":[{"href":"https:\/\/avicom.mini.icom.museum\/fr\/wp-json\/wp\/v2\/types\/page"}],"author":[{"embeddable":true,"href":"https:\/\/avicom.mini.icom.museum\/fr\/wp-json\/wp\/v2\/users\/1"}],"replies":[{"embeddable":true,"href":"https:\/\/avicom.mini.icom.museum\/fr\/wp-json\/wp\/v2\/comments?post=606"}],"version-history":[{"count":1,"href":"https:\/\/avicom.mini.icom.museum\/fr\/wp-json\/wp\/v2\/pages\/606\/revisions"}],"predecessor-version":[{"id":2067,"href":"https:\/\/avicom.mini.icom.museum\/fr\/wp-json\/wp\/v2\/pages\/606\/revisions\/2067"}],"up":[{"embeddable":true,"href":"https:\/\/avicom.mini.icom.museum\/fr\/wp-json\/wp\/v2\/pages\/136"}],"wp:attachment":[{"href":"https:\/\/avicom.mini.icom.museum\/fr\/wp-json\/wp\/v2\/media?parent=606"}],"wp:term":[{"taxonomy":"yst_prominent_words","embeddable":true,"href":"https:\/\/avicom.mini.icom.museum\/fr\/wp-json\/wp\/v2\/yst_prominent_words?post=606"}],"curies":[{"name":"wp","href":"https:\/\/api.w.org\/{rel}","templated":true}]}}