{"id":614,"date":"2019-01-03T20:36:06","date_gmt":"2019-01-03T20:36:06","guid":{"rendered":"http:\/\/avicom.icom.cust.oxymium.net\/archives\/2012-2\/"},"modified":"2019-01-03T20:46:24","modified_gmt":"2019-01-03T20:46:24","slug":"2012-2","status":"publish","type":"page","link":"https:\/\/avicom.mini.icom.museum\/fr\/archives\/2012-2\/","title":{"rendered":"2012"},"content":{"rendered":"<div id=\"RTE_CONTENT\"> <!--TYPO3SEARCH_begin--> \t<!--  CONTENT ELEMENT, uid:5483\/text [begin] --> \t\t<\/p>\n<div id=\"c5483\"> \t\t<!--  Text: [begin] --> \t\t\t<\/p>\n<table cellspacing=\"0\">\n<tbody>\n<tr>\n<td valign=\"top\">\n<p>15 mai 2012 <\/p>\n<\/td>\n<td valign=\"top\">\n<p><a href=\"http:\/\/avicom.icom.cust.oxymium.net\/archives\/2012-2\/mai-2012\/\" title=\"Opens internal link in current window\">Bulletin de mai <\/a><\/p>\n<\/td>\n<\/tr>\n<tr>\n<td valign=\"top\">\n<p>16 avril 2012 <\/p>\n<\/td>\n<td valign=\"top\">\n<p><a href=\"http:\/\/avicom.icom.cust.oxymium.net\/archives\/2012-2\/avril-2012\/\" title=\"Opens internal link in current window\">Bulletin d&#8217;avril <\/a><\/p>\n<\/td>\n<\/tr>\n<tr>\n<td valign=\"top\">\n<p>11 avril 2012 <\/p>\n<\/td>\n<td valign=\"top\">\n<p>Communiqu\u00e9\u00a0: Le Comit\u00e9 international pour l\u2019audiovisuel, les nouvelles technologies et le son dans les mus\u00e9es (AVICOM) et la Soci\u00e9t\u00e9 des directeurs des mus\u00e9es montr\u00e9alais s\u2019associent pour pr\u00e9senter le Festival International de l\u2019Audiovisuel &amp; du Multim\u00e9dia sur le Patrimoine (FIAMP) \u00e0 Montr\u00e9al.<\/p>\n<\/td>\n<\/tr>\n<tr>\n<td valign=\"top\">\n<p> 29 mars 2012 <\/p>\n<\/td>\n<td valign=\"top\">\n<p><a href=\"http:\/\/avicom.icom.cust.oxymium.net\/activites\/articles\/les-musees-et-leur-ombre-2\/\" title=\"Opens internal link in current window\"><i>Les mus\u00e9es et leur ombre. De nouveaux doubles technologiques<\/i><\/a>, Manon Blanchette <\/p>\n<\/td>\n<\/tr>\n<tr>\n<td valign=\"top\">\n<p>1 mars 2012 <\/p>\n<\/td>\n<td valign=\"top\">\n<p><a href=\"http:\/\/avicom.icom.cust.oxymium.net\/activites\/bulletin\/mars-2012-2\/\" title=\"Opens internal link in current window\">Bulletin de mars <\/a><\/p>\n<\/td>\n<\/tr>\n<tr>\n<td valign=\"top\">\n<p>26 f\u00e9vrier  2012 <\/p>\n<\/td>\n<td valign=\"top\">\n<p><a href=\"http:\/\/avicom.icom.cust.oxymium.net\/archives\/2012-2\/le-site-web-davicom\/\" title=\"Opens internal link in current window\">Le site Web d\u2019AVICOM a besoin de vous<\/a><\/p>\n<\/td>\n<\/tr>\n<tr>\n<td valign=\"top\">\n<p>15 janvier 2012<\/p>\n<\/td>\n<td valign=\"top\">\n<p><a href=\"http:\/\/avicom.icom.cust.oxymium.net\/qui-sommes-nous\/mot-du-president\/mot-de-la-presidente-15-janvier-2012\/\" title=\"Opens internal link in current window\">Mot de la pr\u00e9sidente : Bilan d\u2019une ann\u00e9e de transition<\/a><\/p>\n<\/td>\n<\/tr>\n<\/tbody>\n<\/table>\n<p> <!--  Text: [end] --><!--  \t\tBEGIN: Content of extension \"hpo_relatedlink\", plugin \"tx_hporelatedlink_pi1\"  \t--><\/p>\n<div> \t\t \t<\/div>\n<p> \t \t<!-- END: Content of extension \"hpo_relatedlink\", plugin \"tx_hporelatedlink_pi1\" -->  \t<\/div>\n<p> \t<!--  CONTENT ELEMENT, uid:5483\/text [end] --> \t\t \t<!--  CONTENT ELEMENT, uid:5452\/text [begin] --> \t\t<\/p>\n<div id=\"c5452\"> \t\t<!--  Text: [begin] --> \t\t\t<\/p>\n<h3>FIAMP.2012<\/h3>\n<h4>Montr\u00e9al, Qu\u00e9bec, Canada <br \/><a href=\"http:\/\/avicom.icom.cust.oxymium.net\/archives\/2012-2\/2012-selection-officielle\/\" title=\"Opens internal link in current window\">2012, S\u00e9lection officielle<\/a> <\/h4>\n<p>\u00a0<\/p>\n<div>\n<p><img decoding=\"async\" src=\"http:\/\/avicom.mini.icom.museum\/wp-content\/uploads\/sites\/3\/2019\/01\/FIAMP_Gala1.jpg\" alt=\"C\u00e9r\u00e9monie de la remise des prix du FIA\"><\/p>\n<\/div>\n<p>\u00a0<\/p>\n<h1>Prix Claude-Nicole Hocquard\u00a0<\/h1>\n<p>Le Prix Claude-Nicole Hocquard\u00a0est le grand prix du jury toutes cat\u00e9gories. <\/p>\n<ul>\n<li> <b><a href=\"http:\/\/on1.zkm.de\/zkm\/e\/\" target=\"_blank\"><b>ZKM | Center for Art and Media Karlsruhe<\/b><\/a> &#8211; Allemagne <\/b><br \/> SoundART<\/li>\n<\/ul>\n<p>\u00a0<\/p>\n<h1>Cat\u00e9gorie Nouvelle mus\u00e9ologie <\/h1>\n<ul>\n<li> <a href=\"http:\/\/www.id3.com\/#\/fr\/\" target=\"_blank\"><b>Id\u00e9es au cube<\/b><\/a><b> &#8211; Canada <\/b><br \/> Terra Mutant\u00e8s<\/li>\n<\/ul>\n<p>\u00a0<\/p>\n<h1>Site Web &#8211; Cat\u00e9gorie g\u00e9n\u00e9raliste<\/h1>\n<ul>\n<li> <b>Prix Web\u2019Art d\u2019Or<\/b><br \/><a href=\"http:\/\/pacmusee.qc.ca\/\" target=\"_blank\"><b>Pointe-\u00e0-Calli\u00e8re<\/b><\/a> &#8211; Canada<br \/> &#8220;Sign\u00e9 Montr\u00e9al&#8221;<\/li>\n<li> <b>Prix Web\u2019Art d\u2019Argent<\/b><br \/><a href=\"http:\/\/www.institutculturelcri.ca\/fr\/\" target=\"_blank\"><b>L&#8217;Institut culturel cri Aanischaaukamikw<\/b><\/a> &#8211; Canada <br \/> &#8220;Let\u2019s exchange!&#8221;<\/li>\n<li> <b>Prix Web\u2019Art de Bronze<\/b><br \/><a href=\"http:\/\/dhc-art.org\/\" target=\"_blank\"><b>DHC\/ART Fondation pour l&#8217;art contemporain<\/b><\/a> \u2013 Canada <br \/> &#8220;Site Internet de la fondation&#8221;<\/li>\n<\/ul>\n<p>\u00a0<\/p>\n<h1>Site Web &#8211; Cat\u00e9gorie Expositions et Dossiers <\/h1>\n<ul>\n<li> <b>Prix Sp\u00e9cial Web\u2019Art d\u2019Or<\/b><br \/><a href=\"http:\/\/nt2.uqam.ca\/\" target=\"_blank\"><b>Laboratoire NT2<\/b><\/a>, UQAM &#8211; Canada<br \/> &#8220;L\u2019Ab\u00e9c\u00e9daire du Web&#8221;<\/li>\n<li> <b>Prix Sp\u00e9cial Web\u2019Art d\u2019Argent<\/b><br \/><a href=\"http:\/\/www.centredessciencesdemontreal.com\/\" target=\"_blank\"><b>Centre des sciences de Montr\u00e9al<\/b><\/a> &#8211; Canada <br \/> &#8220;<a href=\"http:\/\/www.vieuxportdemontreal.com\/branle-bas-de-combat-vie-port-montreal-39-45.html\" target=\"_blank\">Branle-bas de combat<\/a>&#8220;<\/li>\n<li> <b>Prix Sp\u00e9cial Web\u2019Art de Bronze<\/b><br \/><a href=\"http:\/\/www.sistemasfuturo.pt\/\" target=\"_blank\"><b>Sistemas do Futuro<\/b><\/a> &#8211; Portugal <br \/> &#8220;Ludi Saeculares&#8221;<\/li>\n<\/ul>\n<p>\u00a0<\/p>\n<h1>Audiovisuels<\/h1>\n<h3>Cat\u00e9gorie Court M\u00e9trage<\/h3>\n<ul>\n<li> <b>Prix du court m\u00e9trage Or <\/b><br \/><b><a href=\"http:\/\/www.elranchito.es\/\" target=\"_blank\">El Ranchito<\/a><\/b> &#8211; Espagne <br \/> &#8220;Leonardo Da Vinci&#8221;<\/li>\n<li> <b>Prix du court m\u00e9trage Argent <\/b><br \/><a href=\"http:\/\/www.npm.gov.tw\/en\/home.htm\" target=\"_blank\"><b>National Palace Museum<\/b><\/a> &#8211; Taiwan <br \/> &#8220;Adventures in MPM: meet the painting and calligraphy&#8221;<\/li>\n<li> <b>Prix du court m\u00e9trage Bronze <\/b><br \/><a href=\"http:\/\/www.museeairespace.fr\/\" target=\"_blank\"><b>Mus\u00e9e de l&#8217;Air et de l&#8217;Espace<\/b><\/a> &#8211; France <br \/> &#8220;Super frelon: op\u00e9ration sauvetage&#8221;<\/li>\n<\/ul>\n<p>\u00a0<\/p>\n<h3>Cat\u00e9gorie Moyen M\u00e9trage<\/h3>\n<ul>\n<li> <b>Prix d\u2019Or du moyen m\u00e9trage <\/b><br \/><a href=\"http:\/\/www.cineca.it\/fr\" target=\"_blank\"><b>CINECA Interuniversity Consortium<\/b><\/a> &#8211; Italie <br \/> &#8220;Apa l&#8217;Etrusco&#8221;<\/li>\n<li> <b>Prix d\u2019Argent du moyen m\u00e9trage <\/b><br \/><a href=\"http:\/\/www.quaibranly.fr\/\" target=\"_blank\"><b>Mus\u00e9e du quai Branly<\/b><\/a> &#8211; France <br \/> &#8220;M\u00e2t du clan de la grenouille&#8221; <\/li>\n<\/ul>\n<p>\u00a0<\/p>\n<h1>Cat\u00e9gorie Multim\u00e9dia<\/h1>\n<ul>\n<li> <b>Prix Multim\u00e9di&#8217;Art d&#8217;Or<\/b><br \/><a href=\"http:\/\/www.mccord-museum.qc.ca\/fr\/\" target=\"_blank\"><b>Mus\u00e9e McCord<\/b><\/a> &#8211; Canada <br \/> Mus\u00e9e urbain MTL <\/li>\n<li> <b>Prix Multim\u00e9di&#8217;Art d&#8217;Argent<\/b><br \/><a href=\"http:\/\/www.dd.lv\/en\" target=\"_blank\"><b>Dd studio<\/b><\/a> &#8211; Lettonie <br \/> Le programme &#8220;Animation&#8221; pour le Riga Film Museum  <\/li>\n<li> <b>Prix Multim\u00e9di&#8217;Art de Bronze<\/b><br \/><a href=\"http:\/\/www.mcq.org\/index_fr.php\" target=\"_blank\"><b>Mus\u00e9e de la civilisation<\/b><\/a> &#8211; Canada<br \/> L&#8217;application mobile du mus\u00e9e<\/li>\n<\/ul>\n<p> <!--  Text: [end] --><!--  \t\tBEGIN: Content of extension \"hpo_relatedlink\", plugin \"tx_hporelatedlink_pi1\"  \t--><\/p>\n<div> \t\t \t<\/div>\n<p> \t \t<!-- END: Content of extension \"hpo_relatedlink\", plugin \"tx_hporelatedlink_pi1\" -->  \t<\/div>\n<p> \t<!--  CONTENT ELEMENT, uid:5452\/text [end] --> \t\t<!--TYPO3SEARCH_end--> <\/div>\n","protected":false},"excerpt":{"rendered":"<p>15 mai 2012 Bulletin de mai 16 avril 2012 Bulletin d&#8217;avril 11 avril 2012 Communiqu\u00e9\u00a0: Le Comit\u00e9 international pour l\u2019audiovisuel, les nouvelles technologies et le son dans les mus\u00e9es (AVICOM) et la Soci\u00e9t\u00e9 des directeurs des mus\u00e9es montr\u00e9alais s\u2019associent pour pr\u00e9senter le Festival International de l\u2019Audiovisuel &amp; du Multim\u00e9dia sur le Patrimoine (FIAMP) \u00e0 Montr\u00e9al. [&hellip;]<\/p>\n","protected":false},"author":1,"featured_media":0,"parent":136,"menu_order":3,"comment_status":"closed","ping_status":"closed","template":"","meta":{"footnotes":""},"yst_prominent_words":[],"acf":[],"_links":{"self":[{"href":"https:\/\/avicom.mini.icom.museum\/fr\/wp-json\/wp\/v2\/pages\/614"}],"collection":[{"href":"https:\/\/avicom.mini.icom.museum\/fr\/wp-json\/wp\/v2\/pages"}],"about":[{"href":"https:\/\/avicom.mini.icom.museum\/fr\/wp-json\/wp\/v2\/types\/page"}],"author":[{"embeddable":true,"href":"https:\/\/avicom.mini.icom.museum\/fr\/wp-json\/wp\/v2\/users\/1"}],"replies":[{"embeddable":true,"href":"https:\/\/avicom.mini.icom.museum\/fr\/wp-json\/wp\/v2\/comments?post=614"}],"version-history":[{"count":1,"href":"https:\/\/avicom.mini.icom.museum\/fr\/wp-json\/wp\/v2\/pages\/614\/revisions"}],"predecessor-version":[{"id":2065,"href":"https:\/\/avicom.mini.icom.museum\/fr\/wp-json\/wp\/v2\/pages\/614\/revisions\/2065"}],"up":[{"embeddable":true,"href":"https:\/\/avicom.mini.icom.museum\/fr\/wp-json\/wp\/v2\/pages\/136"}],"wp:attachment":[{"href":"https:\/\/avicom.mini.icom.museum\/fr\/wp-json\/wp\/v2\/media?parent=614"}],"wp:term":[{"taxonomy":"yst_prominent_words","embeddable":true,"href":"https:\/\/avicom.mini.icom.museum\/fr\/wp-json\/wp\/v2\/yst_prominent_words?post=614"}],"curies":[{"name":"wp","href":"https:\/\/api.w.org\/{rel}","templated":true}]}}