{"id":616,"date":"2019-01-03T20:36:10","date_gmt":"2019-01-03T20:36:10","guid":{"rendered":"http:\/\/avicom.icom.cust.oxymium.net\/archives\/2011-2\/"},"modified":"2019-01-03T20:46:23","modified_gmt":"2019-01-03T20:46:23","slug":"2011-2","status":"publish","type":"page","link":"https:\/\/avicom.mini.icom.museum\/fr\/archives\/2011-2\/","title":{"rendered":"2011"},"content":{"rendered":"<div id=\"RTE_CONTENT\"> <!--TYPO3SEARCH_begin--> \t<!--  CONTENT ELEMENT, uid:5471\/text [begin] --> \t\t<\/p>\n<div id=\"c5471\"> \t\t<!--  Header: [begin] --> \t\t\t<\/p>\n<h2>Archives<\/h2>\n<p> \t\t<!--  Header: [end] --> \t\t\t \t\t<!--  Text: [begin] --> \t\t\t<\/p>\n<table cellspacing=\"0\">\n<tbody>\n<tr>\n<td valign=\"top\">\n<p>15 d\u00e9cembre 2011 <\/p>\n<\/td>\n<td valign=\"top\">\n<p><a href=\"http:\/\/avicom.icom.cust.oxymium.net\/archives\/2011-2\/mot-de-la-presidente-15-decembre-2011\/\/\" title=\"Opens internal link in current window\">Mot de la pr\u00e9sidente\u00a0: Joyeuses f\u00eates <\/a><\/p>\n<\/td>\n<\/tr>\n<tr>\n<td valign=\"top\">\n<p>9 d\u00e9cembre 2011 <\/p>\n<\/td>\n<td valign=\"top\">\n<p><a href=\"http:\/\/avicom.icom.cust.oxymium.net\/archives\/2011-2\/nomination-de-la-presidente-2\/\" title=\"Opens internal link in current window\">Nomination de la pr\u00e9sidente d&#8217;AVICOM<\/a><\/p>\n<\/td>\n<\/tr>\n<tr>\n<td valign=\"top\">\n<p>9 novembre 2011 <\/p>\n<\/td>\n<td valign=\"top\">\n<p><a href=\"http:\/\/avicom.icom.cust.oxymium.net\/activites\/bulletin\/novembre-2011-2\/\" title=\"Opens internal link in current window\">Bulletin<\/a><\/p>\n<\/td>\n<\/tr>\n<tr>\n<td valign=\"top\">\n<p>28 septembre 2011 <\/p>\n<\/td>\n<td valign=\"top\">\n<p><a href=\"http:\/\/avicom.icom.cust.oxymium.net\/archives\/2011-2\/mot-de-la-presidente-28-septembre-2011\/\" title=\"Opens internal link in current window\">Mot de la pr\u00e9sidente : Bienvenue sur le nouveau site AVICOM<\/a><\/p>\n<\/td>\n<\/tr>\n<tr>\n<td valign=\"top\">\n<p>10 juin 2011 <\/p>\n<\/td>\n<td valign=\"top\">\n<p><a href=\"http:\/\/avicom.icom.cust.oxymium.net\/archives\/2011-2\/mot-de-la-presidente-10-juin-2011\/\" title=\"Opens internal link in current window\">Mot de la pr\u00e9sidente : Premi\u00e8re r\u00e9union du nouveau Conseil d\u2019administration d\u2019AVICOM<\/a><\/p>\n<\/td>\n<\/tr>\n<tr>\n<td valign=\"top\">\n<p>26 avril 2011 <\/p>\n<\/td>\n<td valign=\"top\">\n<p><a href=\"http:\/\/avicom.icom.cust.oxymium.net\/qui-sommes-nous\/mot-du-president\/mot-de-la-presidente-26-avril-2011\/\" title=\"Opens internal link in current window\">Mot de la pr\u00e9sidente : Au Pr\u00e9sident de ICAMT, Dr Stephen Cannon-Brookes<\/a><\/p>\n<\/td>\n<\/tr>\n<tr>\n<td valign=\"top\">\n<p>mars 2011 <\/p>\n<\/td>\n<td valign=\"top\">\n<p><a href=\"http:\/\/avicom.icom.cust.oxymium.net\/archives\/2011-2\/claude-nicole-hocquard-2\/\" title=\"Opens internal link in current window\">Claude-Nicole HOCQUARD, fondatrice d&#8217;AVICOM, vient de nous quitter.<\/a> <\/p>\n<\/td>\n<\/tr>\n<tr>\n<td valign=\"top\">\n<p>21 f\u00e9vrier 2011<\/p>\n<\/td>\n<td valign=\"top\">\n<p><a href=\"http:\/\/avicom.icom.cust.oxymium.net\/archives\/2011-2\/festival-international-du-film-sur-lart-de-montreal-2\/\" title=\"Opens internal link in current window\">La pr\u00e9sidente d&#8217;AVICOM nomm\u00e9e pr\u00e9sidente du jury du Festival des films sur l&#8217;art de Montr\u00e9al.<\/a> <\/p>\n<\/td>\n<\/tr>\n<tr>\n<td valign=\"top\">\n<p>4 f\u00e9vrier 2011 <\/p>\n<\/td>\n<td valign=\"top\">\n<p><a href=\"http:\/\/avicom.icom.cust.oxymium.net\/archives\/2011-2\/mot-de-la-presidente-4-fevrier-2011\/\" title=\"Opens internal link in current window\">Mot de la pr\u00e9sidente : Le comit\u00e9 AVICOM<\/a><\/p>\n<\/td>\n<\/tr>\n<\/tbody>\n<\/table>\n<p> <!--  Text: [end] --><!--  \t\tBEGIN: Content of extension \"hpo_relatedlink\", plugin \"tx_hporelatedlink_pi1\"  \t--><\/p>\n<div> \t\t \t<\/div>\n<p> \t \t<!-- END: Content of extension \"hpo_relatedlink\", plugin \"tx_hporelatedlink_pi1\" -->  \t<\/div>\n<p> \t<!--  CONTENT ELEMENT, uid:5471\/text [end] --> \t\t<!--TYPO3SEARCH_end--> <\/div>\n","protected":false},"excerpt":{"rendered":"<p>Archives 15 d\u00e9cembre 2011 Mot de la pr\u00e9sidente\u00a0: Joyeuses f\u00eates 9 d\u00e9cembre 2011 Nomination de la pr\u00e9sidente d&#8217;AVICOM 9 novembre 2011 Bulletin 28 septembre 2011 Mot de la pr\u00e9sidente : Bienvenue sur le nouveau site AVICOM 10 juin 2011 Mot de la pr\u00e9sidente : Premi\u00e8re r\u00e9union du nouveau Conseil d\u2019administration d\u2019AVICOM 26 avril 2011 Mot [&hellip;]<\/p>\n","protected":false},"author":1,"featured_media":0,"parent":136,"menu_order":4,"comment_status":"closed","ping_status":"closed","template":"","meta":{"footnotes":""},"yst_prominent_words":[],"acf":[],"_links":{"self":[{"href":"https:\/\/avicom.mini.icom.museum\/fr\/wp-json\/wp\/v2\/pages\/616"}],"collection":[{"href":"https:\/\/avicom.mini.icom.museum\/fr\/wp-json\/wp\/v2\/pages"}],"about":[{"href":"https:\/\/avicom.mini.icom.museum\/fr\/wp-json\/wp\/v2\/types\/page"}],"author":[{"embeddable":true,"href":"https:\/\/avicom.mini.icom.museum\/fr\/wp-json\/wp\/v2\/users\/1"}],"replies":[{"embeddable":true,"href":"https:\/\/avicom.mini.icom.museum\/fr\/wp-json\/wp\/v2\/comments?post=616"}],"version-history":[{"count":1,"href":"https:\/\/avicom.mini.icom.museum\/fr\/wp-json\/wp\/v2\/pages\/616\/revisions"}],"predecessor-version":[{"id":2064,"href":"https:\/\/avicom.mini.icom.museum\/fr\/wp-json\/wp\/v2\/pages\/616\/revisions\/2064"}],"up":[{"embeddable":true,"href":"https:\/\/avicom.mini.icom.museum\/fr\/wp-json\/wp\/v2\/pages\/136"}],"wp:attachment":[{"href":"https:\/\/avicom.mini.icom.museum\/fr\/wp-json\/wp\/v2\/media?parent=616"}],"wp:term":[{"taxonomy":"yst_prominent_words","embeddable":true,"href":"https:\/\/avicom.mini.icom.museum\/fr\/wp-json\/wp\/v2\/yst_prominent_words?post=616"}],"curies":[{"name":"wp","href":"https:\/\/api.w.org\/{rel}","templated":true}]}}