{"id":622,"date":"2019-01-03T20:36:17","date_gmt":"2019-01-03T20:36:17","guid":{"rendered":"http:\/\/avicom.icom.cust.oxymium.net\/archives\/2010-2\/"},"modified":"2019-01-03T20:46:23","modified_gmt":"2019-01-03T20:46:23","slug":"2010-2","status":"publish","type":"page","link":"https:\/\/avicom.mini.icom.museum\/fr\/archives\/2010-2\/","title":{"rendered":"2010"},"content":{"rendered":"<div id=\"RTE_CONTENT\"> <!--TYPO3SEARCH_begin--> \t<!--  CONTENT ELEMENT, uid:5473\/text [begin] --> \t\t<\/p>\n<div id=\"c5473\"> \t\t<!--  Header: [begin] --> \t\t\t<\/p>\n<h2>Archives<\/h2>\n<p> \t\t<!--  Header: [end] --> \t\t\t \t\t<!--  Text: [begin] --> \t\t\t<\/p>\n<table cellspacing=\"0\">\n<tbody>\n<tr>\n<td valign=\"top\">\n<p>15 d\u00e9cembre 2010<\/p>\n<\/td>\n<td valign=\"top\">\n<p><a href=\"http:\/\/avicom.icom.cust.oxymium.net\/archives\/2010-2\/membres-du-conseil-dadministration-2010-2013\/\" title=\"Opens internal link in current window\">Membres du Conseil d&#8217;Administration 2010 &#8211; 2013<\/a><\/p>\n<\/td>\n<\/tr>\n<tr>\n<td valign=\"top\">\n<p>13 novembre 2010<\/p>\n<\/td>\n<td valign=\"top\">\n<p><a href=\"http:\/\/avicom.icom.cust.oxymium.net\/archives\/2010-2\/elections\/\" title=\"Opens internal link in current window\">Nouveau Conseil Ex\u00e9cutif de l&#8217;ICOM<\/a><\/p>\n<\/td>\n<\/tr>\n<tr>\n<td valign=\"top\">\n<p>8-10 novembre 2010<\/p>\n<\/td>\n<td valign=\"top\">\n<p><b>FIAMP.2010 : Shanghai, Chine<\/b><\/p>\n<\/td>\n<\/tr>\n<tr>\n<td valign=\"top\">\n<p>\u00a0<\/p>\n<\/td>\n<td valign=\"top\">\n<p><a href=\"http:\/\/avicom.icom.cust.oxymium.net\/archives\/2010-2\/palmares-2010\/\" title=\"Opens internal link in current window\">Palmar\u00e8s<\/a><\/p>\n<\/td>\n<\/tr>\n<tr>\n<td valign=\"top\">\n<p>\u00a0<\/p>\n<\/td>\n<td valign=\"top\">\n<p><a href=\"http:\/\/avicom.icom.cust.oxymium.net\/archives\/2010-2\/selection-officielle\/\" title=\"Opens internal link in current window\">S\u00e9lection officielle <\/a><\/p>\n<\/td>\n<\/tr>\n<tr>\n<td valign=\"top\">\n<p>\u00a0<\/p>\n<\/td>\n<td valign=\"top\">\n<p><a href=\"http:\/\/avicom.icom.cust.oxymium.net\/archives\/2010-2\/constitution-du-jury-international\/\" title=\"Opens internal link in current window\">Jury international <\/a><\/p>\n<\/td>\n<\/tr>\n<tr>\n<td valign=\"top\">\n<p>\u00a0<\/p>\n<\/td>\n<td valign=\"top\">\n<p><a href=\"http:\/\/avicom.icom.cust.oxymium.net\/archives\/2010-2\/photos\/\" title=\"Opens internal link in current window\">Photos <\/a><\/p>\n<\/td>\n<\/tr>\n<tr>\n<td valign=\"top\">\n<p>\u00a0<\/p>\n<\/td>\n<td valign=\"top\">\n<p><a href=\"http:\/\/avicom.icom.cust.oxymium.net\/archives\/2010-2\/partenaires\/\" title=\"Opens internal link in current window\">Partenaires <\/a><\/p>\n<\/td>\n<\/tr>\n<tr>\n<td valign=\"top\">\n<p>\u00a0<\/p>\n<\/td>\n<td valign=\"top\">\n<p><a href=\"http:\/\/avicom.icom.cust.oxymium.net\/archives\/2010-2\/themes-et-appel-a-communication\/\" title=\"Opens internal link in current window\">Th\u00e8mes et appel \u00e0 communication<\/a><\/p>\n<\/td>\n<\/tr>\n<tr>\n<td valign=\"top\">\n<p>7-13 novembre 2010<\/p>\n<\/td>\n<td valign=\"top\">\n<p><a href=\"http:\/\/avicom.mini.icom.museum\/wp-content\/uploads\/sites\/3\/2019\/01\/general-conference2010_fr.html\" target=\"_blank\">Vingt-deuxi\u00e8me conf\u00e9rence g\u00e9n\u00e9rale<\/a>, Shanghai, Chine<br \/>       Th\u00e8me : <a href=\"http:\/\/icom2010.org.cn\/\" target=\"_blank\">Les Mus\u00e9es et une Soci\u00e9t\u00e9 harmonieuse<\/a><\/p>\n<\/td>\n<\/tr>\n<tr>\n<td valign=\"top\">\n<p>1er mai   au 31 octobre 2010<\/p>\n<\/td>\n<td valign=\"top\">\n<p><a href=\"http:\/\/avicom.icom.cust.oxymium.net\/archives\/2010-2\/conference-generale-2010\/\">ICOM et l&#8217;Exposition universelle  \u00e0 Shanghai, Chine<\/a><\/p>\n<\/td>\n<\/tr>\n<tr>\n<td valign=\"top\">\n<p> 1er mai 2010 <\/p>\n<\/td>\n<td valign=\"top\">\n<p><a href=\"http:\/\/avicom.icom.cust.oxymium.net\/archives\/2010-2\/le-mot-de-la-presidente\/\" title=\"Opens internal link in current window\">Mot de la Pr\u00e9sidente : Appel \u00e0 candidature<\/a><\/p>\n<\/td>\n<\/tr>\n<tr>\n<td valign=\"top\">\n<p>15 mars 2010 <\/p>\n<\/td>\n<td valign=\"top\">\n<p><a href=\"http:\/\/avicom.icom.cust.oxymium.net\/archives\/2010-2\/elections-2010-2013\/\" title=\"Opens internal link in current window\">\u00c9lection du nouveau Bureau et du Conseil d&#8217;administration d&#8217;AVICOM pour 2010-2013<\/a>. <\/p>\n<\/td>\n<\/tr>\n<\/tbody>\n<\/table>\n<p> <!--  Text: [end] --><!--  \t\tBEGIN: Content of extension \"hpo_relatedlink\", plugin \"tx_hporelatedlink_pi1\"  \t--><\/p>\n<div> \t\t \t<\/div>\n<p> \t \t<!-- END: Content of extension \"hpo_relatedlink\", plugin \"tx_hporelatedlink_pi1\" -->  \t<\/div>\n<p> \t<!--  CONTENT ELEMENT, uid:5473\/text [end] --> \t\t<!--TYPO3SEARCH_end--> <\/div>\n","protected":false},"excerpt":{"rendered":"<p>Archives 15 d\u00e9cembre 2010 Membres du Conseil d&#8217;Administration 2010 &#8211; 2013 13 novembre 2010 Nouveau Conseil Ex\u00e9cutif de l&#8217;ICOM 8-10 novembre 2010 FIAMP.2010 : Shanghai, Chine \u00a0 Palmar\u00e8s \u00a0 S\u00e9lection officielle \u00a0 Jury international \u00a0 Photos \u00a0 Partenaires \u00a0 Th\u00e8mes et appel \u00e0 communication 7-13 novembre 2010 Vingt-deuxi\u00e8me conf\u00e9rence g\u00e9n\u00e9rale, Shanghai, Chine Th\u00e8me : Les [&hellip;]<\/p>\n","protected":false},"author":1,"featured_media":0,"parent":136,"menu_order":5,"comment_status":"closed","ping_status":"closed","template":"","meta":{"footnotes":""},"yst_prominent_words":[],"acf":[],"_links":{"self":[{"href":"https:\/\/avicom.mini.icom.museum\/fr\/wp-json\/wp\/v2\/pages\/622"}],"collection":[{"href":"https:\/\/avicom.mini.icom.museum\/fr\/wp-json\/wp\/v2\/pages"}],"about":[{"href":"https:\/\/avicom.mini.icom.museum\/fr\/wp-json\/wp\/v2\/types\/page"}],"author":[{"embeddable":true,"href":"https:\/\/avicom.mini.icom.museum\/fr\/wp-json\/wp\/v2\/users\/1"}],"replies":[{"embeddable":true,"href":"https:\/\/avicom.mini.icom.museum\/fr\/wp-json\/wp\/v2\/comments?post=622"}],"version-history":[{"count":1,"href":"https:\/\/avicom.mini.icom.museum\/fr\/wp-json\/wp\/v2\/pages\/622\/revisions"}],"predecessor-version":[{"id":2063,"href":"https:\/\/avicom.mini.icom.museum\/fr\/wp-json\/wp\/v2\/pages\/622\/revisions\/2063"}],"up":[{"embeddable":true,"href":"https:\/\/avicom.mini.icom.museum\/fr\/wp-json\/wp\/v2\/pages\/136"}],"wp:attachment":[{"href":"https:\/\/avicom.mini.icom.museum\/fr\/wp-json\/wp\/v2\/media?parent=622"}],"wp:term":[{"taxonomy":"yst_prominent_words","embeddable":true,"href":"https:\/\/avicom.mini.icom.museum\/fr\/wp-json\/wp\/v2\/yst_prominent_words?post=622"}],"curies":[{"name":"wp","href":"https:\/\/api.w.org\/{rel}","templated":true}]}}