{"id":626,"date":"2019-01-03T20:36:24","date_gmt":"2019-01-03T20:36:24","guid":{"rendered":"http:\/\/avicom.icom.cust.oxymium.net\/archives\/2008-2\/"},"modified":"2019-01-03T20:46:22","modified_gmt":"2019-01-03T20:46:22","slug":"2008-2","status":"publish","type":"page","link":"https:\/\/avicom.mini.icom.museum\/fr\/archives\/2008-2\/","title":{"rendered":"2008"},"content":{"rendered":"<div id=\"RTE_CONTENT\"> <!--TYPO3SEARCH_begin--> \t<!--  CONTENT ELEMENT, uid:5477\/text [begin] --> \t\t<\/p>\n<div id=\"c5477\"> \t\t<!--  Header: [begin] --> \t\t\t<\/p>\n<h2>Archives<\/h2>\n<p> \t\t<!--  Header: [end] --> \t\t\t \t\t<!--  Text: [begin] --> \t\t\t<\/p>\n<table cellspacing=\"0\">\n<tbody>\n<tr>\n<td valign=\"top\">\n<p>16 au 17 octobre 2008 <\/p>\n<\/td>\n<td valign=\"top\">\n<p><b>FIAMP.2008 : Gatineau-Ottawa, Canada<\/b><\/p>\n<\/td>\n<\/tr>\n<tr>\n<td valign=\"top\">\n<p>\u00a0<\/p>\n<\/td>\n<td valign=\"top\">\n<p><a href=\"http:\/\/avicom.icom.cust.oxymium.net\/archives\/2008-2\/palmares-2008\/\" title=\"Opens internal link in current window\">Palmar\u00e8s<\/a><\/p>\n<\/td>\n<\/tr>\n<tr>\n<td valign=\"top\">\n<p>\u00a0<\/p>\n<\/td>\n<td valign=\"top\">\n<p><a href=\"http:\/\/avicom.icom.cust.oxymium.net\/archives\/2008-2\/le-mot-de-la-presidente-2\/\" title=\"Opens internal link in current window\">Le mot de la Pr\u00e9sidente <\/a><\/p>\n<\/td>\n<\/tr>\n<tr>\n<td valign=\"top\">\n<p>\u00a0<\/p>\n<\/td>\n<td valign=\"top\">\n<p><a href=\"http:\/\/avicom.icom.cust.oxymium.net\/archives\/2008-2\/selection-officielle-2\/\" title=\"Opens internal link in current window\">S\u00e9lection officielle <\/a><\/p>\n<\/td>\n<\/tr>\n<tr>\n<td valign=\"top\">\n<p>\u00a0<\/p>\n<\/td>\n<td valign=\"top\">\n<p><a href=\"http:\/\/avicom.icom.cust.oxymium.net\/archives\/2008-2\/conferenciers-et-conferences-2\/\" title=\"Opens internal link in current window\">Conf\u00e9renciers et conf\u00e9rences <\/a><\/p>\n<\/td>\n<\/tr>\n<tr>\n<td valign=\"top\">\n<p>\u00a0<\/p>\n<\/td>\n<td valign=\"top\">\n<p><a href=\"http:\/\/avicom.icom.cust.oxymium.net\/archives\/2008-2\/presentation-generale-du-fiamp-au-canada-2\/\" title=\"Opens internal link in current window\">Pr\u00e9sentation g\u00e9n\u00e9rale du FIAMP au Canada <\/a><\/p>\n<\/td>\n<\/tr>\n<tr>\n<td valign=\"top\">\n<p>\u00a0<\/p>\n<\/td>\n<td valign=\"top\">\n<p><a href=\"http:\/\/avicom.icom.cust.oxymium.net\/archives\/2008-2\/comite-organisateur-fiamp2008\/\" title=\"Opens internal link in current window\">Comit\u00e9 organisateur FIAMP.2008 <\/a><\/p>\n<\/td>\n<\/tr>\n<tr>\n<td valign=\"top\">\n<p>\u00a0<\/p>\n<\/td>\n<td valign=\"top\">\n<p><a href=\"http:\/\/avicom.icom.cust.oxymium.net\/archives\/2008-2\/themes-et-appel-a-communication-2\/\" title=\"Opens internal link in current window\">Th\u00e8mes et appel \u00e0 communication<\/a><\/p>\n<\/td>\n<\/tr>\n<tr>\n<td valign=\"top\">\n<p>\u00a0<\/p>\n<\/td>\n<td valign=\"top\">\n<p><a href=\"http:\/\/avicom.icom.cust.oxymium.net\/archives\/2008-2\/inscription-et-informations-pratiques-2\/\" title=\"Opens internal link in current window\">Inscription et informations pratiques<\/a><\/p>\n<\/td>\n<\/tr>\n<\/tbody>\n<\/table>\n<p> <!--  Text: [end] --><!--  \t\tBEGIN: Content of extension \"hpo_relatedlink\", plugin \"tx_hporelatedlink_pi1\"  \t--><\/p>\n<div> \t\t \t<\/div>\n<p> \t \t<!-- END: Content of extension \"hpo_relatedlink\", plugin \"tx_hporelatedlink_pi1\" -->  \t<\/div>\n<p> \t<!--  CONTENT ELEMENT, uid:5477\/text [end] --> \t\t<!--TYPO3SEARCH_end--> <\/div>\n","protected":false},"excerpt":{"rendered":"<p>Archives 16 au 17 octobre 2008 FIAMP.2008 : Gatineau-Ottawa, Canada \u00a0 Palmar\u00e8s \u00a0 Le mot de la Pr\u00e9sidente \u00a0 S\u00e9lection officielle \u00a0 Conf\u00e9renciers et conf\u00e9rences \u00a0 Pr\u00e9sentation g\u00e9n\u00e9rale du FIAMP au Canada \u00a0 Comit\u00e9 organisateur FIAMP.2008 \u00a0 Th\u00e8mes et appel \u00e0 communication \u00a0 Inscription et informations pratiques<\/p>\n","protected":false},"author":1,"featured_media":0,"parent":136,"menu_order":7,"comment_status":"closed","ping_status":"closed","template":"","meta":{"footnotes":""},"yst_prominent_words":[],"acf":[],"_links":{"self":[{"href":"https:\/\/avicom.mini.icom.museum\/fr\/wp-json\/wp\/v2\/pages\/626"}],"collection":[{"href":"https:\/\/avicom.mini.icom.museum\/fr\/wp-json\/wp\/v2\/pages"}],"about":[{"href":"https:\/\/avicom.mini.icom.museum\/fr\/wp-json\/wp\/v2\/types\/page"}],"author":[{"embeddable":true,"href":"https:\/\/avicom.mini.icom.museum\/fr\/wp-json\/wp\/v2\/users\/1"}],"replies":[{"embeddable":true,"href":"https:\/\/avicom.mini.icom.museum\/fr\/wp-json\/wp\/v2\/comments?post=626"}],"version-history":[{"count":1,"href":"https:\/\/avicom.mini.icom.museum\/fr\/wp-json\/wp\/v2\/pages\/626\/revisions"}],"predecessor-version":[{"id":2061,"href":"https:\/\/avicom.mini.icom.museum\/fr\/wp-json\/wp\/v2\/pages\/626\/revisions\/2061"}],"up":[{"embeddable":true,"href":"https:\/\/avicom.mini.icom.museum\/fr\/wp-json\/wp\/v2\/pages\/136"}],"wp:attachment":[{"href":"https:\/\/avicom.mini.icom.museum\/fr\/wp-json\/wp\/v2\/media?parent=626"}],"wp:term":[{"taxonomy":"yst_prominent_words","embeddable":true,"href":"https:\/\/avicom.mini.icom.museum\/fr\/wp-json\/wp\/v2\/yst_prominent_words?post=626"}],"curies":[{"name":"wp","href":"https:\/\/api.w.org\/{rel}","templated":true}]}}