{"id":630,"date":"2019-01-03T20:36:31","date_gmt":"2019-01-03T20:36:31","guid":{"rendered":"http:\/\/avicom.icom.cust.oxymium.net\/archives\/2006-2\/"},"modified":"2019-01-03T20:46:22","modified_gmt":"2019-01-03T20:46:22","slug":"2006-2","status":"publish","type":"page","link":"https:\/\/avicom.mini.icom.museum\/fr\/archives\/2006-2\/","title":{"rendered":"2006"},"content":{"rendered":"<div id=\"RTE_CONTENT\"> <!--TYPO3SEARCH_begin--> \t<!--  CONTENT ELEMENT, uid:5481\/text [begin] --> \t\t<\/p>\n<div id=\"c5481\"> \t\t<!--  Header: [begin] --> \t\t\t<\/p>\n<h2>Archives<\/h2>\n<p> \t\t<!--  Header: [end] --> \t\t\t \t\t<!--  Text: [begin] --> \t\t\t<\/p>\n<table cellspacing=\"0\">\n<tbody>\n<tr>\n<td valign=\"top\">\n<p>12 &#8211; 14 d\u00e9cembre 2006<\/p>\n<\/td>\n<td valign=\"top\">\n<p><b>FIAMP.2006 : Mus\u00e9e national de la Marine \u00e0 Paris<\/b><\/p>\n<\/td>\n<\/tr>\n<tr>\n<td valign=\"top\">\n<p>\u00a0<\/p>\n<\/td>\n<td valign=\"top\">\n<p><a href=\"http:\/\/avicom.icom.cust.oxymium.net\/archives\/2006-2\/palmares-2006\/\" title=\"Opens internal link in current window\">Palmar\u00e8s<\/a><\/p>\n<\/td>\n<\/tr>\n<tr>\n<td valign=\"top\">\n<p>\u00a0<\/p>\n<\/td>\n<td valign=\"top\">\n<p><a href=\"http:\/\/avicom.icom.cust.oxymium.net\/archives\/2006-2\/selection-officielle-2\/\" title=\"Opens internal link in current window\">S\u00e9lection officielle<\/a><\/p>\n<\/td>\n<\/tr>\n<tr>\n<td valign=\"top\">\n<p>\u00a0<\/p>\n<\/td>\n<td valign=\"top\">\n<p><a href=\"http:\/\/avicom.icom.cust.oxymium.net\/archives\/2006-2\/constitution-du-jury-international-2\/\" title=\"Opens internal link in current window\"> Jury international <\/a><\/p>\n<\/td>\n<\/tr>\n<tr>\n<td valign=\"top\">\n<p>\u00a0<\/p>\n<\/td>\n<td valign=\"top\">\n<p><a href=\"http:\/\/avicom.icom.cust.oxymium.net\/archives\/2006-2\/liste-des-productions-et-institutions-inscrites-2\/\" title=\"Opens internal link in current window\">Liste des productions et institutions inscrites \u00e0 la comp\u00e9tition<\/a><\/p>\n<\/td>\n<\/tr>\n<tr>\n<td valign=\"top\">\n<p>\u00a0<\/p>\n<\/td>\n<td valign=\"top\">\n<p> <a href=\"http:\/\/avicom.icom.cust.oxymium.net\/archives\/2006-2\/ceremonie-de-remise-des-trophees-et-reunion-avicom-2\/\" title=\"Opens internal link in current window\">C\u00e9r\u00e9monie de remise des troph\u00e9es et r\u00e9union AVICOM <\/a><\/p>\n<\/td>\n<\/tr>\n<tr>\n<td valign=\"top\">\n<p>\u00a0<\/p>\n<\/td>\n<td valign=\"top\">\n<p><a href=\"http:\/\/avicom.icom.cust.oxymium.net\/archives\/2006-2\/les-trophees-du-fiamp-2006-2\/\" title=\"Opens internal link in current window\">Les Troph\u00e9es<\/a><\/p>\n<\/td>\n<\/tr>\n<tr>\n<td valign=\"top\">\n<p>d\u00e9cembre 2006 <\/p>\n<\/td>\n<td valign=\"top\">\n<p><a href=\"http:\/\/avicom.icom.cust.oxymium.net\/archives\/2006-2\/le-conseil-dadministration-avicom-2007-2010-2\/\" title=\"Opens internal link in current window\">Le Conseil d&#8217;Administration AVICOM 2007-2010<\/a><\/p>\n<\/td>\n<\/tr>\n<tr>\n<td valign=\"top\">\n<p>octobre 2006 <\/p>\n<\/td>\n<td valign=\"top\">\n<p><a href=\"http:\/\/avicom.icom.cust.oxymium.net\/archives\/2006-2\/vienne-2007-2\/\" title=\"Opens internal link in current window\">Vienne 2007 &#8211; Programme de la r\u00e9union triennale du comit\u00e9 international AVICOM<\/a><\/p>\n<\/td>\n<\/tr>\n<tr>\n<td valign=\"top\">\n<p>mars 2006 <\/p>\n<\/td>\n<td valign=\"top\">\n<p><a href=\"http:\/\/avicom.icom.cust.oxymium.net\/archives\/2006-2\/elections-2\/\" title=\"Opens internal link in current window\">\u00c9lection du nouveau Conseil et du Comit\u00e9 ex\u00e9cutif d&#8217;AVICOM pour la p\u00e9riode 2007-2010<\/a><\/p>\n<\/td>\n<\/tr>\n<\/tbody>\n<\/table>\n<h2>\u00a0<\/h2>\n<p> \t\t<!--  Text: [end] --> \t\t\t   \t<!--  \t\tBEGIN: Content of extension \"hpo_relatedlink\", plugin \"tx_hporelatedlink_pi1\"  \t--> \t<\/p>\n<div> \t\t \t<\/div>\n<p> \t \t<!-- END: Content of extension \"hpo_relatedlink\", plugin \"tx_hporelatedlink_pi1\" -->  \t<\/div>\n<p> \t<!--  CONTENT ELEMENT, uid:5481\/text [end] --> \t\t<!--TYPO3SEARCH_end--> <\/div>\n","protected":false},"excerpt":{"rendered":"<p>Archives 12 &#8211; 14 d\u00e9cembre 2006 FIAMP.2006 : Mus\u00e9e national de la Marine \u00e0 Paris \u00a0 Palmar\u00e8s \u00a0 S\u00e9lection officielle \u00a0 Jury international \u00a0 Liste des productions et institutions inscrites \u00e0 la comp\u00e9tition \u00a0 C\u00e9r\u00e9monie de remise des troph\u00e9es et r\u00e9union AVICOM \u00a0 Les Troph\u00e9es d\u00e9cembre 2006 Le Conseil d&#8217;Administration AVICOM 2007-2010 octobre 2006 Vienne [&hellip;]<\/p>\n","protected":false},"author":1,"featured_media":0,"parent":136,"menu_order":9,"comment_status":"closed","ping_status":"closed","template":"","meta":{"footnotes":""},"yst_prominent_words":[],"acf":[],"_links":{"self":[{"href":"https:\/\/avicom.mini.icom.museum\/fr\/wp-json\/wp\/v2\/pages\/630"}],"collection":[{"href":"https:\/\/avicom.mini.icom.museum\/fr\/wp-json\/wp\/v2\/pages"}],"about":[{"href":"https:\/\/avicom.mini.icom.museum\/fr\/wp-json\/wp\/v2\/types\/page"}],"author":[{"embeddable":true,"href":"https:\/\/avicom.mini.icom.museum\/fr\/wp-json\/wp\/v2\/users\/1"}],"replies":[{"embeddable":true,"href":"https:\/\/avicom.mini.icom.museum\/fr\/wp-json\/wp\/v2\/comments?post=630"}],"version-history":[{"count":1,"href":"https:\/\/avicom.mini.icom.museum\/fr\/wp-json\/wp\/v2\/pages\/630\/revisions"}],"predecessor-version":[{"id":2059,"href":"https:\/\/avicom.mini.icom.museum\/fr\/wp-json\/wp\/v2\/pages\/630\/revisions\/2059"}],"up":[{"embeddable":true,"href":"https:\/\/avicom.mini.icom.museum\/fr\/wp-json\/wp\/v2\/pages\/136"}],"wp:attachment":[{"href":"https:\/\/avicom.mini.icom.museum\/fr\/wp-json\/wp\/v2\/media?parent=630"}],"wp:term":[{"taxonomy":"yst_prominent_words","embeddable":true,"href":"https:\/\/avicom.mini.icom.museum\/fr\/wp-json\/wp\/v2\/yst_prominent_words?post=630"}],"curies":[{"name":"wp","href":"https:\/\/api.w.org\/{rel}","templated":true}]}}