{"id":674,"date":"2019-01-03T20:36:59","date_gmt":"2019-01-03T20:36:59","guid":{"rendered":"http:\/\/avicom.icom.cust.oxymium.net\/fiamp\/presentation\/palmares-2009\/"},"modified":"2019-01-03T20:46:21","modified_gmt":"2019-01-03T20:46:21","slug":"palmares-2009","status":"publish","type":"page","link":"https:\/\/avicom.mini.icom.museum\/fr\/fiamp\/presentation\/palmares-2009\/","title":{"rendered":"Palmar\u00e8s : 2009"},"content":{"rendered":"<div id=\"RTE_CONTENT\"> <!--TYPO3SEARCH_begin--> \t<!--  CONTENT ELEMENT, uid:5916\/textpic [begin] --> \t\t<\/p>\n<div id=\"c5916\"> \t\t<!--  Image block: [begin] --> \t\t\t<\/p>\n<div>\n<div><img decoding=\"async\" src=\"http:\/\/avicom.mini.icom.museum\/wp-content\/uploads\/sites\/3\/2019\/01\/logo_fiamp_10.jpg\" alt=\"\"><\/div>\n<div> \t\t<!--  Text: [begin] --> \t\t\t<\/p>\n<h3>FIAMP.2009<\/h3>\n<h4>Turin, Italie<\/h4>\n<\/p>\n<hr>\n<h2>Grand Prix AVICOM Toute cat\u00e9gorie<\/h2>\n<ul>\n<li> D\u00e9partement de la recherche, de l&#8217;enseignement sup\u00e9rieur et de la technologie DREST du Minist\u00e8re de la Culture et de la communication, France<br \/>     &#8220;Lascaux&#8221;<br \/>     L\u2019impact \u00e9motionnel rendu par l\u2019utilisation optimale de la technologie transforme la visite virtuelle en exp\u00e9rience r\u00e9elle.<\/li>\n<\/ul>\n<h2>Audiovisuels <\/h2>\n<h3>Cat\u00e9gorie Court M\u00e9trage <\/h3>\n<ul>\n<li> <b>Mention sp\u00e9ciale au Court M\u00e9trage<\/b><br \/>     Legambiente Abruzzo, Italie<br \/>     &#8220;Legambiente per l\u2019Aquila&#8221;<br \/>     Pour le t\u00e9moignage qu\u2019il offre de la capacit\u00e9 \u00e0 lutter pour sauver le Patrimoine culturel m\u00eame face aux pires catastrophes<\/li>\n<li> <b>Mention sp\u00e9ciale au Court M\u00e9trage<\/b><br \/>     Centro di dialettologia e di etnografia, Italie<br \/>     &#8220;Vite Raccontate&#8221;<br \/>     Pour son t\u00e9moignage pr\u00e9cis permettant de comprendre comment la recherche scientifique\u00a0 sur le terrain devient un instrument efficace d\u2019int\u00e9gration pour diff\u00e9rents savoir-faire<\/li>\n<li> <b>Grand Prix du Court M\u00e9trage<br \/><\/b>Preto e Branco, Br\u00e9sil<br \/>     &#8220;Memorial da resistencia&#8221; <br \/>     &#8220;Pour son aptitude \u00e0 utiliser une mise en sc\u00e8ne originale apte \u00e0 impliquer \u00e9motionnellement le spectateur sans pour autant renoncer \u00e0 une rigueur scientifique qu\u2019il communique avec acuit\u00e9&#8221;<\/li>\n<\/ul>\n<p>\u00a0<\/p>\n<h3><b>Cat\u00e9gorie Moyen M\u00e9trage<\/b><\/h3>\n<ul>\n<li> <b>Mention sp\u00e9ciale au Moyen M\u00e9trage<br \/><\/b>SVO Mus\u00e9e du Luxembourg, France<br \/>     &#8220;Wlaminck&#8221;<br \/>     Un style efficace et convaincant, sp\u00e9cifiquement adapt\u00e9 au jeune public auquel il s\u2019adresse, sans pour autant renoncer \u00e0 un haut niveau de communication scientifique<\/li>\n<li> <b>Mention sp\u00e9ciale au Moyen M\u00e9trage<\/b><br \/>     Mus\u00e9e de la Blackitude, Cameroun<br \/>     &#8220;La Blackitude en clair&#8221;<br \/>     Un premier pas int\u00e9ressant visant \u00e0 promouvoir le Patrimoine culturel par l\u2019usage des techniques vid\u00e9o.<\/li>\n<li> <b>Grand Prix du Moyen M\u00e9trage<\/b><br \/>     Basque Museum of Bilbao, Espagne<br \/>     &#8220;The game of Pelota&#8221;<br \/>     Spectaculaire, hyperr\u00e9aliste, convaincant. Dans le respect de son r\u00f4le de vid\u00e9o informative et p\u00e9dagogique, il atteint cependant un niveau de qualit\u00e9 esth\u00e9tique qui en fait un produit \u00e0 regarder pour le pur plaisir.<\/li>\n<\/ul>\n<p>\u00a0<\/p>\n<h3>Cat\u00e9gorie Long M\u00e9trage<\/h3>\n<ul>\n<li> <b>Mentions sp\u00e9ciales au Long M\u00e9trage<\/b><br \/>     SVO Mus\u00e9e du Luxembourg, France<br \/>     &#8220;De Miro \u00e0 Warhol&#8221;<br \/>     Le portrait d\u2019un collectionneur, Berardo, se transforme en voyage dans l\u2019art du Vingti\u00e8me si\u00e8cle.<\/li>\n<li> <b>Grand Prix du Long M\u00e9trage<\/b><br \/>     Egdal Arkiver og Museum, Danemark<br \/>     &#8220;The moving earth&#8221;<br \/>     Inventions visuelles, reconstruction, strat\u00e9gies narratives captivantes mettent la complexit\u00e9 du sujet trait\u00e9, \u00e0 la port\u00e9e d\u2019un large public, de fa\u00e7on fascinante et abordable. Une vraie r\u00e9volution !<\/li>\n<\/ul>\n<h2>Multim\u00e9dias<\/h2>\n<ul>\n<li> <b>Mention sp\u00e9ciale &#8220;Programme mobile&#8221;<\/b><br \/>     Sistemas do Futuro, gest    \u00e3o e arte, Portugal<br \/>     &#8220;National Railway Museum&#8221;<br \/>     Pour proposer de nouvelles plateformes de communication mus\u00e9ale<\/li>\n<li> <b>Grand Prix Web\u2019Art<\/b><br \/>     Hyptique Interactif Design Bureau, France,<br \/>     et Minist\u00e8re de la culture et de la Communication \u2013 DREST<br \/>     &#8220;Charpentiers d&#8217;Europe et de M\u00e9diterran\u00e9e&#8221;<br \/>     Pour son exhaustivit\u00e9 scientifique et p\u00e9dagogique enrichie par un stimulant usage de la technologie<\/li>\n<li> <b>Grand Prix Multimedi\u2019Art Interactif<\/b> (Borne interactive)<br \/>     National Museum of Australia, Australie<br \/>     &#8220;European voyage to the australian continent&#8221;<br \/>     Une exhaustivit\u00e9 informative aboutie et un impact graphique remarquable<\/li>\n<li> <b>Grand Prix Multimedi\u2019Art CDR<\/b>(CD-Rom)<br \/>     D.D. Studio, Lettonie<br \/>     &#8220;The popular front of Latvia, living history&#8221;<br \/>     La simplicit\u00e9 de la structure g\u00e9n\u00e9rale r\u00e9v\u00e8le un produit exhaustif, agr\u00e9ablement navigable et esth\u00e9tiquement int\u00e9ressant, gr\u00e2ce \u00e0 l\u2019utilisation d\u2019une animation graphique originale.<\/li>\n<\/ul>\n<p>\u00a0<\/p>\n<p> \t\t<!--  Text: [end] --> \t\t\t<\/div>\n<\/p><\/div>\n<div><!-- --><\/div>\n<p> \t\t<!--  Image block: [end] --> \t\t\t   \t<!--  \t\tBEGIN: Content of extension \"hpo_relatedlink\", plugin \"tx_hporelatedlink_pi1\"  \t--> \t<\/p>\n<div> \t\t \t<\/div>\n<p> \t \t<!-- END: Content of extension \"hpo_relatedlink\", plugin \"tx_hporelatedlink_pi1\" -->  \t<\/div>\n<p> \t<!--  CONTENT ELEMENT, uid:5916\/textpic [end] --> \t\t<!--TYPO3SEARCH_end--> <\/div>\n","protected":false},"excerpt":{"rendered":"<p>FIAMP.2009 Turin, Italie Grand Prix AVICOM Toute cat\u00e9gorie D\u00e9partement de la recherche, de l&#8217;enseignement sup\u00e9rieur et de la technologie DREST du Minist\u00e8re de la Culture et de la communication, France &#8220;Lascaux&#8221; L\u2019impact \u00e9motionnel rendu par l\u2019utilisation optimale de la technologie transforme la visite virtuelle en exp\u00e9rience r\u00e9elle. Audiovisuels Cat\u00e9gorie Court M\u00e9trage Mention sp\u00e9ciale au Court [&hellip;]<\/p>\n","protected":false},"author":1,"featured_media":0,"parent":276,"menu_order":1,"comment_status":"closed","ping_status":"closed","template":"","meta":{"footnotes":""},"yst_prominent_words":[],"acf":[],"_links":{"self":[{"href":"https:\/\/avicom.mini.icom.museum\/fr\/wp-json\/wp\/v2\/pages\/674"}],"collection":[{"href":"https:\/\/avicom.mini.icom.museum\/fr\/wp-json\/wp\/v2\/pages"}],"about":[{"href":"https:\/\/avicom.mini.icom.museum\/fr\/wp-json\/wp\/v2\/types\/page"}],"author":[{"embeddable":true,"href":"https:\/\/avicom.mini.icom.museum\/fr\/wp-json\/wp\/v2\/users\/1"}],"replies":[{"embeddable":true,"href":"https:\/\/avicom.mini.icom.museum\/fr\/wp-json\/wp\/v2\/comments?post=674"}],"version-history":[{"count":1,"href":"https:\/\/avicom.mini.icom.museum\/fr\/wp-json\/wp\/v2\/pages\/674\/revisions"}],"predecessor-version":[{"id":2053,"href":"https:\/\/avicom.mini.icom.museum\/fr\/wp-json\/wp\/v2\/pages\/674\/revisions\/2053"}],"up":[{"embeddable":true,"href":"https:\/\/avicom.mini.icom.museum\/fr\/wp-json\/wp\/v2\/pages\/276"}],"wp:attachment":[{"href":"https:\/\/avicom.mini.icom.museum\/fr\/wp-json\/wp\/v2\/media?parent=674"}],"wp:term":[{"taxonomy":"yst_prominent_words","embeddable":true,"href":"https:\/\/avicom.mini.icom.museum\/fr\/wp-json\/wp\/v2\/yst_prominent_words?post=674"}],"curies":[{"name":"wp","href":"https:\/\/api.w.org\/{rel}","templated":true}]}}