{"id":686,"date":"2019-01-03T20:37:04","date_gmt":"2019-01-03T20:37:04","guid":{"rendered":"http:\/\/avicom.icom.cust.oxymium.net\/fiamp\/presentation\/palmares-2007\/"},"modified":"2019-01-03T20:46:20","modified_gmt":"2019-01-03T20:46:20","slug":"palmares-2007","status":"publish","type":"page","link":"https:\/\/avicom.mini.icom.museum\/fr\/fiamp\/presentation\/palmares-2007\/","title":{"rendered":"Palmar\u00e8s : 2007"},"content":{"rendered":"<div id=\"RTE_CONTENT\"> <!--TYPO3SEARCH_begin--> \t<!--  CONTENT ELEMENT, uid:5924\/textpic [begin] --> \t\t<\/p>\n<div id=\"c5924\"> \t\t<!--  Image block: [begin] --> \t\t\t<\/p>\n<div>\n<div><img decoding=\"async\" src=\"http:\/\/avicom.mini.icom.museum\/wp-content\/uploads\/sites\/3\/2019\/01\/logo_fiamp_14.jpg\" alt=\"\"><\/div>\n<div> \t\t<!--  Text: [begin] --> \t\t\t<\/p>\n<h3>FIAMP. 2007<\/h3>\n<h4>Cuernavaca, Mexique<\/h4>\n<\/p>\n<hr>\n<h2>Grand Prix  AVICOM<\/h2>\n<ul>\n<li>Hyptique, Paris \u2013 France<br \/>     Exposition virtuelle au Mus\u00e9e des Civilisations de l&#8217;Europe et de la M\u00e9diterran\u00e9e, France<br \/>     &#8220;<a href=\"http:\/\/www.cornemuses.culture.fr\/index.php\" target=\"_blank\">Cornemuses d&#8217;Europe et de M\u00e9diterran\u00e9e<\/a>&#8220;<\/li>\n<\/ul>\n<h2>Audiovisuels<\/h2>\n<h3>Cat\u00e9gorie Court M\u00e9trage<\/h3>\n<ul>\n<li> <b>Grand Prix du Court M\u00e9trage<\/b><br \/>     Museum of Contemporary Art, Zagreb &#8211; Croatia<br \/>     Audiovisuel du r\u00e9alisateur Simon Bogojevic Narath<br \/>     &#8220;Novi New Museum of Contemporary Art&#8221;<\/li>\n<li> <b>Prix \u00e0 la cr\u00e9ativit\u00e9<\/b><br \/>     Mention Sp\u00e9ciale \u00e0 la valorisation et \u00e0 l&#8217;int\u00e9gration du Patrimoine immat\u00e9riel <br \/>     Preto &amp; Branco Projetos audiovisuales, S\u00e3o Paulo \u2013 Brazil<br \/>     Programme audiovisuel du r\u00e9alisateur Luiz De Franco Neto<br \/>     &#8220;Somos \u2013 A cria\u00e7\u00e3o popular brasileira&#8221;<\/li>\n<\/ul>\n<p>\u00a0<\/p>\n<h3>Cat\u00e9gorie Moyen M\u00e9trage <\/h3>\n<ul>\n<li> <b>Grand Prix du Moyen M\u00e9trage<\/b><br \/>     Arte France, Issy-les-Moulineaux &#8211; France<br \/>     Audiovisuel du r\u00e9alisateur Anna C\u00e9lia Kendall<br \/>     &#8220;La cafeti\u00e8re Conica&#8221; &#8211; S\u00e9rie Design<\/li>\n<li> <b>Prix &#8220;Coup de Coeur&#8221;<\/b><br \/>     National Palace Museum, Taipei \u2013 Taiwan, R.O.C<br \/>     Audiovisuel du r\u00e9alisateur Tom Sito<br \/>     &#8220;Adventures in the National Palace Museum&#8221;<\/li>\n<\/ul>\n<h2>Bornes interactives <\/h2>\n<ul>\n<li> <b>Grand Prix Multim\u00e9di&#8217;Art Interactif<\/b><br \/>     Mus\u00e9e du quai Branly, Paris &#8211; France<br \/>     Cosmonote, Paris &#8211; France<br \/>     &#8220;Sonorama, sud du B\u00e9nin&#8221;<\/li>\n<li> <b>Mention Sp\u00e9ciale \u00e0 la richesse documentaire<\/b><br \/>     DD Studio, Riga &#8211; Lettonie<br \/>     Jurmala City Museum, Latvia<br \/>     &#8220;Jurmala City Museum&#8217;s Digital Exhibition&#8221;<\/li>\n<li> <b>Mention Sp\u00e9ciale au projet mus\u00e9al interactif<\/b><br \/>     Magian Design Studio Pty Ltd, Melbourne &#8211; Australia<br \/>     40 bornes interactives du &#8220;Museo Interactivo de Econom\u00eda&#8221;, Mexico<\/li>\n<li> <b>Mention Sp\u00e9ciale au projet p\u00e9dagogique et didactique<\/b><br \/>     Mus\u00e9e de l&#8217;Arles et de la Provence antiques, Arles &#8211; France<br \/>     Alyen, Marseille \u2013 France<br \/>     &#8220;Ingres et l&#8217;Antique \u2013 Le laboratoire secret&#8221;<\/li>\n<\/ul>\n<h2>Sites Web <\/h2>\n<ul>\n<li> <b>Grand Prix WEB&#8217;ART du site g\u00e9n\u00e9raliste<\/b><br \/>     National Palace Museum, Taipei \u2013 Taiwan, R.O.C<br \/>     &#8220;<a href=\"http:\/\/www.npm.gov.tw\/\" target=\"_blank\">National Palace Museum<\/a>&#8220;<\/li>\n<\/ul>\n<h2>Exposition virtuelle<\/h2>\n<ul>\n<li> <b>Grand Prix WEB&#8217;ART de l&#8217;Exposition virtuelle<\/b><br \/>     National Gallery of Canada, Ottawa &#8211; Canada<br \/>     Id\u00e9eClic, Gatineau &#8211; Canada<br \/>     &#8220;<a href=\"http:\/\/cybermuse.gallery.ca\/cybermuse\/youth\/dwl\/index_f.jsp\" target=\"_blank\">Drawing with Light<\/a>&#8220;<\/li>\n<\/ul>\n<p>\u00a0<\/p>\n<p> \t\t<!--  Text: [end] --> \t\t\t<\/div>\n<\/p><\/div>\n<div><!-- --><\/div>\n<p> \t\t<!--  Image block: [end] --> \t\t\t   \t<!--  \t\tBEGIN: Content of extension \"hpo_relatedlink\", plugin \"tx_hporelatedlink_pi1\"  \t--> \t<\/p>\n<div> \t\t \t<\/div>\n<p> \t \t<!-- END: Content of extension \"hpo_relatedlink\", plugin \"tx_hporelatedlink_pi1\" -->  \t<\/div>\n<p> \t<!--  CONTENT ELEMENT, uid:5924\/textpic [end] --> \t\t<!--TYPO3SEARCH_end--> <\/div>\n","protected":false},"excerpt":{"rendered":"<p>FIAMP. 2007 Cuernavaca, Mexique Grand Prix AVICOM Hyptique, Paris \u2013 France Exposition virtuelle au Mus\u00e9e des Civilisations de l&#8217;Europe et de la M\u00e9diterran\u00e9e, France &#8220;Cornemuses d&#8217;Europe et de M\u00e9diterran\u00e9e&#8220; Audiovisuels Cat\u00e9gorie Court M\u00e9trage Grand Prix du Court M\u00e9trage Museum of Contemporary Art, Zagreb &#8211; Croatia Audiovisuel du r\u00e9alisateur Simon Bogojevic Narath &#8220;Novi New Museum of [&hellip;]<\/p>\n","protected":false},"author":1,"featured_media":0,"parent":276,"menu_order":3,"comment_status":"closed","ping_status":"closed","template":"","meta":{"footnotes":""},"yst_prominent_words":[],"acf":[],"_links":{"self":[{"href":"https:\/\/avicom.mini.icom.museum\/fr\/wp-json\/wp\/v2\/pages\/686"}],"collection":[{"href":"https:\/\/avicom.mini.icom.museum\/fr\/wp-json\/wp\/v2\/pages"}],"about":[{"href":"https:\/\/avicom.mini.icom.museum\/fr\/wp-json\/wp\/v2\/types\/page"}],"author":[{"embeddable":true,"href":"https:\/\/avicom.mini.icom.museum\/fr\/wp-json\/wp\/v2\/users\/1"}],"replies":[{"embeddable":true,"href":"https:\/\/avicom.mini.icom.museum\/fr\/wp-json\/wp\/v2\/comments?post=686"}],"version-history":[{"count":1,"href":"https:\/\/avicom.mini.icom.museum\/fr\/wp-json\/wp\/v2\/pages\/686\/revisions"}],"predecessor-version":[{"id":2051,"href":"https:\/\/avicom.mini.icom.museum\/fr\/wp-json\/wp\/v2\/pages\/686\/revisions\/2051"}],"up":[{"embeddable":true,"href":"https:\/\/avicom.mini.icom.museum\/fr\/wp-json\/wp\/v2\/pages\/276"}],"wp:attachment":[{"href":"https:\/\/avicom.mini.icom.museum\/fr\/wp-json\/wp\/v2\/media?parent=686"}],"wp:term":[{"taxonomy":"yst_prominent_words","embeddable":true,"href":"https:\/\/avicom.mini.icom.museum\/fr\/wp-json\/wp\/v2\/yst_prominent_words?post=686"}],"curies":[{"name":"wp","href":"https:\/\/api.w.org\/{rel}","templated":true}]}}