{"id":700,"date":"2019-01-03T20:37:14","date_gmt":"2019-01-03T20:37:14","guid":{"rendered":"http:\/\/avicom.icom.cust.oxymium.net\/fiamp\/presentation\/palmares-2004\/"},"modified":"2019-01-03T20:46:20","modified_gmt":"2019-01-03T20:46:20","slug":"palmares-2004","status":"publish","type":"page","link":"https:\/\/avicom.mini.icom.museum\/fr\/fiamp\/presentation\/palmares-2004\/","title":{"rendered":"Palmar\u00e8s : 2004"},"content":{"rendered":"<div id=\"RTE_CONTENT\"> <!--TYPO3SEARCH_begin--> \t<!--  CONTENT ELEMENT, uid:5932\/textpic [begin] --> \t\t<\/p>\n<div id=\"c5932\"> \t\t<!--  Image block: [begin] --> \t\t\t<\/p>\n<div>\n<div><img decoding=\"async\" src=\"http:\/\/avicom.mini.icom.museum\/wp-content\/uploads\/sites\/3\/2019\/01\/logo_fiamp_18.jpg\" alt=\"\"><\/div>\n<div> \t\t<!--  Text: [begin] --> \t\t\t<\/p>\n<h3>FIAMP.2004<\/h3>\n<h4>Tapei, Taiwan<\/h4>\n<\/p>\n<hr>\n<h2><b>Prix AVICOM toute cat\u00e9gorie<\/b><\/h2>\n<ul>\n<li> <b>Grand Prix AVICOM<\/b><br \/>     Bright Ideas Design &#8211; Taiwan R.O.C <br \/>     &#8220;World Ancient Civilization Series : Terra Cotta Warriors and Horses of Qin Shi Huang, the first Qin Emperor&#8221;<\/li>\n<li> <b>Prix Coup de coeur  AVICOM<\/b><br \/>     Trans Europe Film &#8211; France<br \/>     &#8220;Les nouveaux patrimoines du XX\u00e8me si\u00e8cle : la piscine de la Butte aux Cailles&#8221;<\/li>\n<li> <b>Mention Sp\u00e9ciale AVICOM pour la sensibilisation au Patrimoine<\/b><br \/>     Institut de civilisations &#8211; Mus\u00e9e d&#8217;Art et d&#8217;Arch\u00e9ologie de l&#8217;Universit\u00e9 d&#8217;Antananarive, Madagascar<br \/>     &#8220;Vohimasina &#8211; Sacred Hills&#8221;<\/li>\n<\/ul>\n<h2>Audiovisuels<\/h2>\n<h3>Cat\u00e9gorie Court M\u00e9trage<\/h3>\n<ul>\n<li> <b>Grand Prix du Court M\u00e9trage<\/b><br \/>     Emblemma Espais Audiovisuals, S.L. &#8211; Espagne <br \/>     &#8220;Museo de la Paz Gernika : Reconciliacion&#8221;<\/li>\n<li> <b>Mention Sp\u00e9ciale pour la Cr\u00e9ativit\u00e9<\/b><br \/>     Estudio Preto e Branco &#8211; Br\u00e9sil<br \/>     &#8220;Impressoes&#8221;<\/li>\n<li> <b>Mention Sp\u00e9ciale pour l&#8217;Image<\/b><br \/>     Mubimedia &#8211; Espagne <br \/>     &#8220;Le secret Lalique&#8221;<\/li>\n<li> <b>Mention Sp\u00e9ciale pour la P\u00e9dagogie<\/b><br \/>     Association d\u00e9partementale de d\u00e9veloppement culturel Arch\u00e9olud &#8211; France <br \/>     &#8220;Les gestes de la Pr\u00e9histoire&#8221;<\/li>\n<\/ul>\n<p>\u00a0<\/p>\n<h3>Cat\u00e9gorie Moyen M\u00e9trage<\/h3>\n<ul>\n<li> <b>Grand Prix du  Moyen M\u00e9trage<\/b><br \/>     Mus\u00e9e Olympique de Lausanne &#8211; Suisse<br \/>     &#8220;Lumi\u00e8re sur la flamme olympique et le relais&#8221;<\/li>\n<\/ul>\n<p>\u00a0<\/p>\n<h3>Cat\u00e9gorie Long M\u00e9trage<\/h3>\n<ul>\n<li> <b>Grand Prix du Long M\u00e9trage<\/b><br \/>     Museu de Francisco Tavares Proen\u00e7a Junior &#8211; Portugal<br \/>     &#8220;O linho \u00e9 um sonho&#8221;<\/li>\n<\/ul>\n<h2>C\u00e9d\u00e9roms<\/h2>\n<ul>\n<li> <b>Prix Multim\u00e9di&#8217;Art d&#8217;Or<\/b><br \/>     &#8220;Autour des nuits d&#8217;\u00e9t\u00e9 de Hector Berlioz&#8221; &#8211; Hyptique &#8211; France <\/li>\n<li> <b>Prix Multim\u00e9di&#8217;Art d&#8217;Argent <\/b>(ex \u00e6quo)<br \/>     &#8220;The fashionable, the antiquarian&#8221; &#8211; Brogent Technologies Inc &#8211; Taiwan R.O.C<\/li>\n<li> <b>Prix Multim\u00e9di&#8217;Art d&#8217;Argent <\/b>(ex \u00e6quo)<br \/>     &#8220;L&#8217;univers du blason : l&#8217;armorial de la Toison d&#8217;Or&#8221; &#8211; Hexagramm &#8211; France <\/li>\n<li> <b>Prix Multim\u00e9di&#8217;Art de Bronze<\/b><br \/>     &#8220;State Tretyakov Gallery&#8221; &#8211; Russian National Multimedia Center &#8211; Russie<\/li>\n<li> <b>Mention Sp\u00e9ciale pour la p\u00e9dagogie et la recherche documentaire<\/b><br \/>     &#8220;Kukci &#8211; insects&#8221; &#8211; Gradski Muzej Varazdin &#8211; Croatie <\/li>\n<li> <b>Mention Sp\u00e9ciale pour la d\u00e9marche cr\u00e9ative<\/b><br \/>     &#8220;Salut Riopelle !&#8221; &#8211; TRAM Design Multimedia &#8211; Canada <\/li>\n<li> <b>Mention Sp\u00e9ciale pour la valorisation du Patrimoine et pour le traitement de l&#8217;image<\/b><br \/>     &#8220;World Ancient Civilization Series : Terra Cotta Warriors and Horses of Qin Shi Huang, the first Qin Emperor&#8221; &#8211; Bright Ideas Design &#8211; Taiwan R.O.C<\/li>\n<\/ul>\n<h2>Sites Web g\u00e9n\u00e9ralistes<\/h2>\n<ul>\n<li> <b>Prix Web&#8217;Art d&#8217;Or<\/b><br \/>     &#8220;<a href=\"http:\/\/www.inrap.fr\" target=\"_blank\">Site de l&#8217;Institut National de Recherches Arch\u00e9ologiques Pr\u00e9ventives INRAP<\/a>&#8220;<br \/><span><a href=\"http:\/\/www.inrap.fr\" target=\"_blank\">http:\/\/www.inrap.fr<\/a><\/span> Carr\u00e9 Multim\u00e9dia &#8211; France <\/li>\n<li> <b>Prix Web&#8217;Art d&#8217;Argent<\/b><br \/>     &#8220;Mus\u00e9es \u00e0 d\u00e9couvrir : Portail des mus\u00e9es du Qu\u00e9bec&#8221;<br \/><a href=\"http:\/\/www.musees.quebec.museum\" target=\"_blank\">Soci\u00e9t\u00e9 des Mus\u00e9es Qu\u00e9b\u00e9cois<\/a> &#8211; Canada <\/li>\n<li> <b>Prix Web&#8217;Art de Bronze<\/b><br \/>     &#8220;<a href=\"http:\/\/www.cjn.or.jp\/tokugawa\" target=\"_blank\">The Tokugawa Art Museum<\/a>&#8220;<br \/><span><a href=\"http:\/\/www.cjn.or.jp\/tokugawa\" target=\"_blank\">http:\/\/www.cjn.or.jp\/tokugawa<\/a><\/span> Tokugawa Art Museum &#8211; Japan <\/li>\n<\/ul>\n<h2>Expositions virtuelles<\/h2>\n<ul>\n<li> <b>Prix sp\u00e9cial Web&#8217;Art d&#8217;Or<\/b><br \/>     &#8220;Das virtuelle Museum Karlsruher T\u00fcrkenbeute&#8221;<br \/><a href=\"http:\/\/www.tuerkenbeute.de\" target=\"_blank\">Badisches Landesmuseum Karlsruhe<\/a> &#8211; Allemagne <\/li>\n<li> <b>Prix sp\u00e9cial Web&#8217;Art d&#8217;Argent<\/b><br \/>     &#8220;Ancient Egypt at the BMA&#8221;<br \/><a href=\"http:\/\/www.brooklynmuseum.org\/ancient-egypt\/\" target=\"_blank\">Brooklyn Museum of Art<\/a> &#8211; \u00c9tats-Unis <\/li>\n<li> <b>Prix sp\u00e9cial Web&#8217;Art de Bronze<\/b><br \/>     &#8220;What exit? New Jersey and Its Turnpike&#8221;<br \/><a href=\"http:\/\/www.jerseyhistory.org\/\" target=\"_blank\">The New Jersey historical Society<\/a> &#8211; \u00c9tats-Unis <\/li>\n<\/ul>\n<p>\u00a0<\/p>\n<h1> <a name=\"2003\" id=\"2003\"><\/a>Palmar\u00e8s FIAMP.2003<\/h1>\n<h4>Paris, France<\/h4>\n<hr>\n<h2>Prix AVICOM toutes cat\u00e9gories<\/h2>\n<ul>\n<li> <a href=\"http:\/\/www.rijksmuseum.nl\" target=\"_blank\">Rijksmuseum<\/a>, Amsterdam, Pays Bas <\/li>\n<\/ul>\n<h2>C\u00e9d\u00e9roms<\/h2>\n<ul>\n<li> <b>Prix Multim\u00e9di&#8217;Art d&#8217;Or<\/b><br \/>     State Hermitage Museum, Russie <br \/>     &#8220;From the impressionists to Picasso, the Hermitage collection&#8221;<\/li>\n<li> <b>Prix Multim\u00e9di&#8217;Art  d&#8217;Argent<\/b><br \/>     Mus\u00e9e d\u00e9partemental Albert-Kahn, Boulogne-Billancourt, France <br \/>     &#8220;Albert Kahn et le Japon, confluences&#8221;<\/li>\n<li> <b>Prix Multim\u00e9di&#8217;Art  de Bronze<\/b><br \/>     Mus\u00e9e de l\u2019Histoire vivante, Montreuil, France<br \/>     &#8220;Christian Gattinoni, Seconde g\u00e9n\u00e9ration, M\u00e9moire de la D\u00e9portation&#8221;<\/li>\n<\/ul>\n<h2>Sites Web<\/h2>\n<ul>\n<li> <b>Prix Web&#8217;Art d&#8217;Or<\/b><br \/><a href=\"http:\/\/www.hoammuseum.org\/english\" target=\"_blank\">Ho-Am Art Museum<\/a>, Seoul, Cor\u00e9e<\/li>\n<li> <b>Prix Web&#8217;Art d&#8217;Argent<\/b><br \/><a href=\"http:\/\/www.mnarteantiga-ipmuseus.pt\" target=\"_parent\">IPM Museu nacional de Arte Antiga<\/a>, Lisboa, Portugal <\/li>\n<li> <b>Prix WEB&#8217;ART de Bronze<\/b><br \/><a href=\"http:\/\/2k.si.edu\/\" target=\"_blank\">The Virtual Smithsonian<\/a>, USA <\/li>\n<li> <b>Mention sp\u00e9ciale ICOM France &#8211; AVICOM<\/b><br \/><a href=\"http:\/\/avicom.mini.icom.museum\/wp-content\/uploads\/sites\/3\/2019\/01\/index.html\" target=\"_blank\">Red List \u2013 Liste Rouge<\/a><br \/><a href=\"\/redlist\/\" target=\"_blank\">Emergency Red List of Iraqi Antiquities at Risk<\/a> <\/li>\n<\/ul>\n<p>\u00a0<\/p>\n<p> \t\t<!--  Text: [end] --> \t\t\t<\/div>\n<\/p><\/div>\n<div><!-- --><\/div>\n<p> \t\t<!--  Image block: [end] --> \t\t\t   \t<!--  \t\tBEGIN: Content of extension \"hpo_relatedlink\", plugin \"tx_hporelatedlink_pi1\"  \t--> \t<\/p>\n<div> \t\t \t<\/div>\n<p> \t \t<!-- END: Content of extension \"hpo_relatedlink\", plugin \"tx_hporelatedlink_pi1\" -->  \t<\/div>\n<p> \t<!--  CONTENT ELEMENT, uid:5932\/textpic [end] --> \t\t<!--TYPO3SEARCH_end--> <\/div>\n","protected":false},"excerpt":{"rendered":"<p>FIAMP.2004 Tapei, Taiwan Prix AVICOM toute cat\u00e9gorie Grand Prix AVICOM Bright Ideas Design &#8211; Taiwan R.O.C &#8220;World Ancient Civilization Series : Terra Cotta Warriors and Horses of Qin Shi Huang, the first Qin Emperor&#8221; Prix Coup de coeur AVICOM Trans Europe Film &#8211; France &#8220;Les nouveaux patrimoines du XX\u00e8me si\u00e8cle : la piscine de la [&hellip;]<\/p>\n","protected":false},"author":1,"featured_media":0,"parent":276,"menu_order":5,"comment_status":"closed","ping_status":"closed","template":"","meta":{"footnotes":""},"yst_prominent_words":[],"acf":[],"_links":{"self":[{"href":"https:\/\/avicom.mini.icom.museum\/fr\/wp-json\/wp\/v2\/pages\/700"}],"collection":[{"href":"https:\/\/avicom.mini.icom.museum\/fr\/wp-json\/wp\/v2\/pages"}],"about":[{"href":"https:\/\/avicom.mini.icom.museum\/fr\/wp-json\/wp\/v2\/types\/page"}],"author":[{"embeddable":true,"href":"https:\/\/avicom.mini.icom.museum\/fr\/wp-json\/wp\/v2\/users\/1"}],"replies":[{"embeddable":true,"href":"https:\/\/avicom.mini.icom.museum\/fr\/wp-json\/wp\/v2\/comments?post=700"}],"version-history":[{"count":1,"href":"https:\/\/avicom.mini.icom.museum\/fr\/wp-json\/wp\/v2\/pages\/700\/revisions"}],"predecessor-version":[{"id":2049,"href":"https:\/\/avicom.mini.icom.museum\/fr\/wp-json\/wp\/v2\/pages\/700\/revisions\/2049"}],"up":[{"embeddable":true,"href":"https:\/\/avicom.mini.icom.museum\/fr\/wp-json\/wp\/v2\/pages\/276"}],"wp:attachment":[{"href":"https:\/\/avicom.mini.icom.museum\/fr\/wp-json\/wp\/v2\/media?parent=700"}],"wp:term":[{"taxonomy":"yst_prominent_words","embeddable":true,"href":"https:\/\/avicom.mini.icom.museum\/fr\/wp-json\/wp\/v2\/yst_prominent_words?post=700"}],"curies":[{"name":"wp","href":"https:\/\/api.w.org\/{rel}","templated":true}]}}