{"id":710,"date":"2019-01-03T20:37:21","date_gmt":"2019-01-03T20:37:21","guid":{"rendered":"http:\/\/avicom.icom.cust.oxymium.net\/fiamp\/presentation\/palmares-2003\/"},"modified":"2019-01-03T20:46:20","modified_gmt":"2019-01-03T20:46:20","slug":"palmares-2003","status":"publish","type":"page","link":"https:\/\/avicom.mini.icom.museum\/fr\/fiamp\/presentation\/palmares-2003\/","title":{"rendered":"Palmar\u00e8s : 2003"},"content":{"rendered":"<div id=\"RTE_CONTENT\"> <!--TYPO3SEARCH_begin--> \t<!--  CONTENT ELEMENT, uid:5936\/textpic [begin] --> \t\t<\/p>\n<div id=\"c5936\"> \t\t<!--  Image block: [begin] --> \t\t\t<\/p>\n<div>\n<div><img decoding=\"async\" src=\"http:\/\/avicom.mini.icom.museum\/wp-content\/uploads\/sites\/3\/2019\/01\/logo_fiamp_20.jpg\" alt=\"\"><\/div>\n<div> \t\t<!--  Text: [begin] --> \t\t\t<\/p>\n<h3>FIAMP.2003<\/h3>\n<h4>Paris, France<\/h4>\n<\/p>\n<hr>\n<h2>Prix AVICOM toutes cat\u00e9gories<\/h2>\n<ul>\n<li> <a href=\"http:\/\/www.rijksmuseum.nl\" target=\"_blank\">Rijksmuseum<\/a>, Amsterdam, Pays Bas <\/li>\n<\/ul>\n<h2>C\u00e9d\u00e9roms<\/h2>\n<ul>\n<li> <b>Prix Multim\u00e9di&#8217;Art d&#8217;Or<\/b><br \/>     State Hermitage Museum, Russie <br \/>     &#8220;From the impressionists to Picasso, the Hermitage collection&#8221;<\/li>\n<li> <b>Prix Multim\u00e9di&#8217;Art  d&#8217;Argent<\/b><br \/>     Mus\u00e9e d\u00e9partemental Albert-Kahn, Boulogne-Billancourt, France <br \/>     &#8220;Albert Kahn et le Japon, confluences&#8221;<\/li>\n<li> <b>Prix Multim\u00e9di&#8217;Art  de Bronze<\/b><br \/>     Mus\u00e9e de l\u2019Histoire vivante, Montreuil, France<br \/>     &#8220;Christian Gattinoni, Seconde g\u00e9n\u00e9ration, M\u00e9moire de la D\u00e9portation&#8221;<\/li>\n<\/ul>\n<h2>Sites Web<\/h2>\n<ul>\n<li> <b>Prix Web&#8217;Art d&#8217;Or<\/b><br \/><a href=\"http:\/\/www.hoammuseum.org\/english\" target=\"_blank\">Ho-Am Art Museum<\/a>, Seoul, Cor\u00e9e<\/li>\n<li> <b>Prix Web&#8217;Art d&#8217;Argent<\/b><br \/><a href=\"http:\/\/www.mnarteantiga-ipmuseus.pt\" target=\"_parent\">IPM Museu nacional de Arte Antiga<\/a>, Lisboa, Portugal <\/li>\n<li> <b>Prix WEB&#8217;ART de Bronze<\/b><br \/><a href=\"http:\/\/2k.si.edu\/\" target=\"_blank\">The Virtual Smithsonian<\/a>, USA <\/li>\n<li> <b>Mention sp\u00e9ciale ICOM France &#8211; AVICOM<\/b><br \/><a href=\"http:\/\/avicom.mini.icom.museum\/wp-content\/uploads\/sites\/3\/2019\/01\/index.html\" target=\"_blank\">Red List \u2013 Liste Rouge<\/a><br \/><a href=\"\/redlist\/\" target=\"_blank\">Emergency Red List of Iraqi Antiquities at Risk<\/a> <\/li>\n<\/ul>\n<p>\u00a0<\/p>\n<p> \t\t<!--  Text: [end] --> \t\t\t<\/div>\n<\/p><\/div>\n<div><!-- --><\/div>\n<p> \t\t<!--  Image block: [end] --> \t\t\t   \t<!--  \t\tBEGIN: Content of extension \"hpo_relatedlink\", plugin \"tx_hporelatedlink_pi1\"  \t--> \t<\/p>\n<div> \t\t \t<\/div>\n<p> \t \t<!-- END: Content of extension \"hpo_relatedlink\", plugin \"tx_hporelatedlink_pi1\" -->  \t<\/div>\n<p> \t<!--  CONTENT ELEMENT, uid:5936\/textpic [end] --> \t\t<!--TYPO3SEARCH_end--> <\/div>\n","protected":false},"excerpt":{"rendered":"<p>FIAMP.2003 Paris, France Prix AVICOM toutes cat\u00e9gories Rijksmuseum, Amsterdam, Pays Bas C\u00e9d\u00e9roms Prix Multim\u00e9di&#8217;Art d&#8217;Or State Hermitage Museum, Russie &#8220;From the impressionists to Picasso, the Hermitage collection&#8221; Prix Multim\u00e9di&#8217;Art d&#8217;Argent Mus\u00e9e d\u00e9partemental Albert-Kahn, Boulogne-Billancourt, France &#8220;Albert Kahn et le Japon, confluences&#8221; Prix Multim\u00e9di&#8217;Art de Bronze Mus\u00e9e de l\u2019Histoire vivante, Montreuil, France &#8220;Christian Gattinoni, Seconde g\u00e9n\u00e9ration, [&hellip;]<\/p>\n","protected":false},"author":1,"featured_media":0,"parent":276,"menu_order":6,"comment_status":"closed","ping_status":"closed","template":"","meta":{"footnotes":""},"yst_prominent_words":[],"acf":[],"_links":{"self":[{"href":"https:\/\/avicom.mini.icom.museum\/fr\/wp-json\/wp\/v2\/pages\/710"}],"collection":[{"href":"https:\/\/avicom.mini.icom.museum\/fr\/wp-json\/wp\/v2\/pages"}],"about":[{"href":"https:\/\/avicom.mini.icom.museum\/fr\/wp-json\/wp\/v2\/types\/page"}],"author":[{"embeddable":true,"href":"https:\/\/avicom.mini.icom.museum\/fr\/wp-json\/wp\/v2\/users\/1"}],"replies":[{"embeddable":true,"href":"https:\/\/avicom.mini.icom.museum\/fr\/wp-json\/wp\/v2\/comments?post=710"}],"version-history":[{"count":1,"href":"https:\/\/avicom.mini.icom.museum\/fr\/wp-json\/wp\/v2\/pages\/710\/revisions"}],"predecessor-version":[{"id":2048,"href":"https:\/\/avicom.mini.icom.museum\/fr\/wp-json\/wp\/v2\/pages\/710\/revisions\/2048"}],"up":[{"embeddable":true,"href":"https:\/\/avicom.mini.icom.museum\/fr\/wp-json\/wp\/v2\/pages\/276"}],"wp:attachment":[{"href":"https:\/\/avicom.mini.icom.museum\/fr\/wp-json\/wp\/v2\/media?parent=710"}],"wp:term":[{"taxonomy":"yst_prominent_words","embeddable":true,"href":"https:\/\/avicom.mini.icom.museum\/fr\/wp-json\/wp\/v2\/yst_prominent_words?post=710"}],"curies":[{"name":"wp","href":"https:\/\/api.w.org\/{rel}","templated":true}]}}