{"id":728,"date":"2019-01-03T20:37:30","date_gmt":"2019-01-03T20:37:30","guid":{"rendered":"http:\/\/avicom.icom.cust.oxymium.net\/fiamp\/palmares-1996-a-nos-jours\/palmares-2010\/"},"modified":"2019-01-03T20:46:19","modified_gmt":"2019-01-03T20:46:19","slug":"palmares-2010","status":"publish","type":"page","link":"https:\/\/avicom.mini.icom.museum\/fr\/fiamp\/palmares-1996-a-nos-jours\/palmares-2010\/","title":{"rendered":"Palmar\u00e8s : 2010"},"content":{"rendered":"<div id=\"RTE_CONTENT\"> <!--TYPO3SEARCH_begin--> \t<!--  CONTENT ELEMENT, uid:6026\/textpic [begin] --> \t\t<\/p>\n<div id=\"c6026\"> \t\t<!--  Image block: [begin] --> \t\t\t<\/p>\n<div>\n<div><img decoding=\"async\" src=\"http:\/\/avicom.mini.icom.museum\/wp-content\/uploads\/sites\/3\/2019\/01\/logo_fiamp_56.jpg\" alt=\"\"><\/div>\n<div> \t\t<!--  Text: [begin] --> \t\t\t<\/p>\n<h3>FIAMP.2010<\/h3>\n<h4>Shanghai, Chine<\/h4>\n<\/p>\n<hr>\n<h2>Grand Prix AVICOM toute cat\u00e9gorie<\/h2>\n<ul>\n<li> <b>Suzhou Museum &#8211; Chine<\/b><br \/>     L&#8217;audiovisuel Moyen M\u00e9trage<br \/>     &#8220;New Building of the Suzhou Museum Designed by Leoh Ming Pei&#8221;<\/li>\n<\/ul>\n<h2>Site Web &#8211; Cat\u00e9gorie g\u00e9n\u00e9raliste<\/h2>\n<ul>\n<li> <b>Prix Web\u2019Art d\u2019Or<\/b><br \/>     Palace Museum &#8211; Chine<br \/>     &#8220;<a href=\"http:\/\/www.dpm.org.cn\" target=\"_blank\">Website of the Palace Museum<\/a>&#8220;<\/li>\n<li> <b>Prix Web\u2019Art d\u2019Argent<\/b><br \/>     Minist\u00e8re de la Culture et de la communication &#8211; France<br \/>     &#8220;<a href=\"http:\/\/www.henri-iv.culture.fr\" target=\"_blank\">Henri IV, le r\u00e8gne interrompu<\/a>&#8220;<\/li>\n<li> <b>Prix Web\u2019Art  de Bronze<\/b><br \/>     Mus\u00e9e de l&#8217;Air et de l&#8217;Espace \u2013 France<br \/>     &#8220;<a href=\"http:\/\/www.museeairespace.fr\" target=\"_blank\">Site Web du mus\u00e9e de l&#8217;air et de l&#8217;espace<\/a>&#8220;<\/li>\n<\/ul>\n<h2>Site Web &#8211; Cat\u00e9gorie Expositions et Dossiers <\/h2>\n<ul>\n<li> <b>Prix Sp\u00e9cial Web\u2019Art d\u2019Or<\/b><br \/>     China Science and Technological Museum &#8211; Chine<br \/>     &#8220;<a href=\"http:\/\/amuseum.cdstm.cn\/AMuseum\/bridge\/swf\/index.html\" target=\"_blank\">Museum of Ancient Chinese Bridges<\/a>&#8220;<\/li>\n<li> <b>Prix Sp\u00e9cial Web\u2019Art d\u2019Argent<\/b><br \/>     Hyptique et Mus\u00e9e National d&#8217;Histoire Naturelle &#8211; France<br \/>     &#8220;<a href=\"http:\/\/www.jardindesplantes.net\" target=\"_blank\">Mus\u00e9e national d&#8217;histoire naturelle &#8211; Jardin des plantes<\/a>&#8220;<\/li>\n<li> <b>Prix Sp\u00e9cial Web\u2019Art de Bronze<\/b><br \/>     Mus\u00e9e de la Civilisation &#8211; Canada<br \/>     &#8220;<a href=\"http:\/\/www.mcq.org\/place-royale\/fr\/accueil.php\" target=\"_blank\">Place-Royale d&#8217;aujourd&#8217;hui \u00e0 hier<\/a>&#8220;<\/li>\n<\/ul>\n<h2>Audiovisuels<\/h2>\n<h3>Cat\u00e9gorie Court M\u00e9trage<\/h3>\n<ul>\n<li> <b>Grand Prix du Court M\u00e9trage<\/b><br \/>     Salzburg Museum &#8211; Autriche<br \/>     &#8220;Shortcuts&#8221;<\/li>\n<li> <b>Mention Sp\u00e9ciale \u00e0 la Cr\u00e9ation Artistique<\/b><br \/>     Europalia International &#8211; Belgique<br \/>     &#8220;Film 27x27x27 &#8211; Roadmovie Europalia.Europa&#8221;<\/li>\n<\/ul>\n<p>\u00a0<\/p>\n<h3>Cat\u00e9gorie Moyen M\u00e9trage<\/h3>\n<ul>\n<li> <b>Grand Prix du Moyen M\u00e9trage<\/b><br \/>     The Palace Museum &#8211; Chine<br \/>     &#8220;Zhu Di Constructed The Forbidden City&#8221;<\/li>\n<li> <b>Mention Sp\u00e9ciale \u00e0 la P\u00e9dagogie<\/b><br \/>     Center for Documentation of Cultural and Natural Heritage &#8211; \u00c9gypte<br \/>     &#8220;The Temple of Dendera&#8221;<\/li>\n<li> <b>Mention Sp\u00e9ciale \u00e0 la Clart\u00e9 du Propos<\/b><br \/>     Anamnesia &#8211; France<br \/>     &#8220;Teotihuacan Cit\u00e9 des Dieux&#8221;<\/li>\n<\/ul>\n<p>\u00a0<\/p>\n<h3>Cat\u00e9gorie Long M\u00e9trage<\/h3>\n<ul>\n<li> <b>Grand Prix du Long M\u00e9trage<\/b><br \/>     Les poissons volants &#8211; France<br \/>     &#8220;J.M.W Turner&#8221;<\/li>\n<\/ul>\n<h2>Cat\u00e9gories Multim\u00e9dias<\/h2>\n<ul>\n<li> <b>Prix Multim\u00e9di&#8217;Art d&#8217;Or<\/b><br \/>     Hybrid, pour le mus\u00e9e Hunterlinden &#8211; France<br \/>     &#8220;Le retable d&#8217;Issenheim&#8221;\n<\/li>\n<li> <b>Prix Multim\u00e9di&#8217;Art d&#8217;Argent<\/b><br \/>     Museum fur Volkskultur &#8211; Austria<br \/>     &#8220;Kaernten, Panorama and Virtual Flight&#8221;\n<\/li>\n<li> <b>Prix Multim\u00e9di&#8217;Art de Bronze<\/b><br \/>     Muzej Krapinskih &#8211; Croatie<br \/>     &#8220;Info Kiosk&#8221;<\/li>\n<\/ul>\n<p>\u00a0<\/p>\n<p> \t\t<!--  Text: [end] --> \t\t\t<\/div>\n<\/p><\/div>\n<div><!-- --><\/div>\n<p> \t\t<!--  Image block: [end] --> \t\t\t   \t<!--  \t\tBEGIN: Content of extension \"hpo_relatedlink\", plugin \"tx_hporelatedlink_pi1\"  \t--> \t<\/p>\n<div> \t\t \t<\/div>\n<p> \t \t<!-- END: Content of extension \"hpo_relatedlink\", plugin \"tx_hporelatedlink_pi1\" -->  \t<\/div>\n<p> \t<!--  CONTENT ELEMENT, uid:6026\/textpic [end] --> \t\t<!--TYPO3SEARCH_end--> <\/div>\n","protected":false},"excerpt":{"rendered":"<p>FIAMP.2010 Shanghai, Chine Grand Prix AVICOM toute cat\u00e9gorie Suzhou Museum &#8211; Chine L&#8217;audiovisuel Moyen M\u00e9trage &#8220;New Building of the Suzhou Museum Designed by Leoh Ming Pei&#8221; Site Web &#8211; Cat\u00e9gorie g\u00e9n\u00e9raliste Prix Web\u2019Art d\u2019Or Palace Museum &#8211; Chine &#8220;Website of the Palace Museum&#8220; Prix Web\u2019Art d\u2019Argent Minist\u00e8re de la Culture et de la communication &#8211; [&hellip;]<\/p>\n","protected":false},"author":1,"featured_media":0,"parent":312,"menu_order":2,"comment_status":"closed","ping_status":"closed","template":"","meta":{"footnotes":""},"yst_prominent_words":[],"acf":[],"_links":{"self":[{"href":"https:\/\/avicom.mini.icom.museum\/fr\/wp-json\/wp\/v2\/pages\/728"}],"collection":[{"href":"https:\/\/avicom.mini.icom.museum\/fr\/wp-json\/wp\/v2\/pages"}],"about":[{"href":"https:\/\/avicom.mini.icom.museum\/fr\/wp-json\/wp\/v2\/types\/page"}],"author":[{"embeddable":true,"href":"https:\/\/avicom.mini.icom.museum\/fr\/wp-json\/wp\/v2\/users\/1"}],"replies":[{"embeddable":true,"href":"https:\/\/avicom.mini.icom.museum\/fr\/wp-json\/wp\/v2\/comments?post=728"}],"version-history":[{"count":1,"href":"https:\/\/avicom.mini.icom.museum\/fr\/wp-json\/wp\/v2\/pages\/728\/revisions"}],"predecessor-version":[{"id":2045,"href":"https:\/\/avicom.mini.icom.museum\/fr\/wp-json\/wp\/v2\/pages\/728\/revisions\/2045"}],"up":[{"embeddable":true,"href":"https:\/\/avicom.mini.icom.museum\/fr\/wp-json\/wp\/v2\/pages\/312"}],"wp:attachment":[{"href":"https:\/\/avicom.mini.icom.museum\/fr\/wp-json\/wp\/v2\/media?parent=728"}],"wp:term":[{"taxonomy":"yst_prominent_words","embeddable":true,"href":"https:\/\/avicom.mini.icom.museum\/fr\/wp-json\/wp\/v2\/yst_prominent_words?post=728"}],"curies":[{"name":"wp","href":"https:\/\/api.w.org\/{rel}","templated":true}]}}