{"id":742,"date":"2019-01-03T20:37:36","date_gmt":"2019-01-03T20:37:36","guid":{"rendered":"http:\/\/avicom.icom.cust.oxymium.net\/activites\/bulletin\/novembre-2011\/"},"modified":"2019-01-03T20:46:19","modified_gmt":"2019-01-03T20:46:19","slug":"novembre-2011","status":"publish","type":"page","link":"https:\/\/avicom.mini.icom.museum\/fr\/activites\/bulletin\/novembre-2011\/","title":{"rendered":"Novembre 2011"},"content":{"rendered":"<div id=\"RTE_CONTENT\"> <!--TYPO3SEARCH_begin--> \t<!--  CONTENT ELEMENT, uid:6650\/text [begin] --> \t\t<\/p>\n<div id=\"c6650\"> \t\t<!--  Text: [begin] --> \t\t\t<\/p>\n<h3>ICOM Italie  <\/h3>\n<p>Invit\u00e9e par <a href=\"http:\/\/www.icom-italia.org\/\/index.php?option=com_frontpage&amp;Itemid=1\" target=\"_blank\">ICOM Italie<\/a>, la Pr\u00e9sidente d\u2019AVICOM s\u2019est rendue  \u00e0 Sienne au mois d&#8217;octobre pour participer au colloque dont le th\u00e8me \u00e9tait <i>Le r\u00e9seau de la mus\u00e9ologie<\/i> ou en italien<i>, <a href=\"http:\/\/www.mela-project.eu\/events\/details\/conference-fare-museo-insieme-reti-e-sistemi-museali-per-vincere-la-crisi\" target=\"_blank\"><i>Fare museo insieme.<\/i> <i>Reti e sistemi museali per vincere la crisi<\/i><\/a>.<\/i> <\/p>\n<p>Plus d\u2019une centaine de mus\u00e9ologues ont particip\u00e9 \u00e0 l\u2019\u00e9v\u00e9nement  qui se tenait au magnifique <i>Complesso  Museale Santa Maria delle Scala<\/i>. Parmi les autres conf\u00e9renciers mentionnons  le Pr\u00e9sident d\u2019ICOM International, le D. Hans-Martin Hinz, et la pr\u00e9sidente du  comit\u00e9 marketing d\u2019ICOM madame Carol Ann Scott. Madame Blanchette a pr\u00e9sent\u00e9  pour sa part une communication sur les <i>r\u00e9seaux  sociaux et les mus\u00e9es de Montr\u00e9al<\/i>, <i>une  strat\u00e9gie en croissance. <\/i> <\/p>\n<p>La journ\u00e9e s\u2019est cl\u00f4tur\u00e9e par la remise des prix  d\u2019excellence d\u2019ICOM Italie. \u00a0<\/p>\n<ul>\n<li> <a href=\"http:\/\/avicom.mini.icom.museum\/wp-content\/uploads\/sites\/3\/2019\/01\/Presentation_Italy_October-27-2011.pdf\" title=\"Presentation_Italy_October-27-2011.pdf (1.1 MB)\"><b>T\u00e9l\u00e9chargez le  PDF<\/b><\/a> (1,1\u00a0Mo)<\/li>\n<\/ul>\n<h2>R\u00e9union du Conseil d\u2019administration d\u2019AVICOM<\/h2>\n<p>Une r\u00e9union du Conseil d\u2019administration d\u2019AVICOM s\u2019est tenue  le 3 novembre \u00e0 Paris au bureau d\u2019ICOM rue Palestro.\u00a0 Outre la pr\u00e9sidente d\u2019AVICOM, Marie-Fran\u00e7oise  Delval de France et Simona Caraceni \u00e9taient pr\u00e9sentes.  <\/p>\n<p>Le comit\u00e9 a discut\u00e9 de la prochaine r\u00e9union d\u2019AVICOM \u00e0  Montr\u00e9al et de celle du 2013 au Br\u00e9sil. L\u2019Italie pr\u00e9sentera sa candidature pour  l\u2019organisation de celle-ci \u00e0 Rio de Janeiro.  <\/p>\n<p>\u00a0<\/p>\n<p><img decoding=\"async\" src=\"http:\/\/avicom.mini.icom.museum\/wp-content\/uploads\/sites\/3\/2019\/01\/RTEmagicC_avicom_reunion3nov2011_paris_1.jpg.jpg\" alt=\"\"><\/p>\n<p><i>De  gauche \u00e0 droite\u00a0: Marie-Fran\u00e7oise Delval (fondatrice du Festival FIAMP),  Manon Blanchette (pr\u00e9sidente d\u2019AVICOM et directrice g\u00e9n\u00e9rale de la  SDMM)\u00a0et Simona Caraceni (administratrice). <\/i> <\/p>\n<h2>Festival International de l\u2019Audiovisuel &amp; du  Multim\u00e9dia sur le Patrimoine<\/h2>\n<p><img decoding=\"async\" src=\"http:\/\/avicom.mini.icom.museum\/wp-content\/uploads\/sites\/3\/2019\/01\/RTEmagicC_logo_fiamp_01.jpg.jpg\" alt=\"FIAMP\" align=\"right\">Le<b> <\/b>FIAMP est organis\u00e9 par AVICOM, le Comit\u00e9  international de l\u2019ICOM pour l\u2019audiovisuel et les nouvelles technologies de  l\u2019image et du son. Le FIAMP est un \u00e9v\u00e9nement professionnel international, ayant  pour but de faire conna\u00eetre les r\u00e9alisations mus\u00e9ales faisant appel aux  nouvelles technologies de l\u2019image et du son. <\/p>\n<p> <b>Le FIAMP.2012 se tiendra \u00e0 Montr\u00e9al, Qu\u00e9bec, Canada le 9,  10, 11 et 12 octobre 2012.<\/b> <\/p>\n<p>Le dossier d\u2019inscription \u00e0 la comp\u00e9tition du FIAMP.2012 est maintenant en ligne! La date de  tomb\u00e9e pour s\u2019inscrire est le <b>30 avril 2012<\/b>.  <\/p>\n<h5>Suivez-nous!<\/h5>\n<ul>\n<li><b><a href=\"https:\/\/twitter.com\/#!\/fiamp2012\" target=\"_blank\">FIAMP sur Twitter<\/a><\/b><\/li>\n<li><b><a href=\"https:\/\/www.facebook.com\/AvicomICOM\" target=\"_blank\">AVICOM sur Facebook<\/a><\/b><\/li>\n<li><b><a href=\"http:\/\/www.linkedin.com\/groups\/AVICOM-4127476\" target=\"_blank\">AVICOM sur LinkedIn<\/a><\/b><\/li>\n<\/ul>\n<p> <!--  Text: [end] --><!--  \t\tBEGIN: Content of extension \"hpo_relatedlink\", plugin \"tx_hporelatedlink_pi1\"  \t--><\/p>\n<div> \t\t \t<\/div>\n<p> \t \t<!-- END: Content of extension \"hpo_relatedlink\", plugin \"tx_hporelatedlink_pi1\" -->  \t<\/div>\n<p> \t<!--  CONTENT ELEMENT, uid:6650\/text [end] --> \t\t<!--TYPO3SEARCH_end--> <\/div>\n","protected":false},"excerpt":{"rendered":"<p>ICOM Italie Invit\u00e9e par ICOM Italie, la Pr\u00e9sidente d\u2019AVICOM s\u2019est rendue \u00e0 Sienne au mois d&#8217;octobre pour participer au colloque dont le th\u00e8me \u00e9tait Le r\u00e9seau de la mus\u00e9ologie ou en italien, Fare museo insieme. Reti e sistemi museali per vincere la crisi. Plus d\u2019une centaine de mus\u00e9ologues ont particip\u00e9 \u00e0 l\u2019\u00e9v\u00e9nement qui se tenait [&hellip;]<\/p>\n","protected":false},"author":1,"featured_media":0,"parent":322,"menu_order":0,"comment_status":"closed","ping_status":"closed","template":"","meta":{"footnotes":""},"yst_prominent_words":[],"acf":[],"_links":{"self":[{"href":"https:\/\/avicom.mini.icom.museum\/fr\/wp-json\/wp\/v2\/pages\/742"}],"collection":[{"href":"https:\/\/avicom.mini.icom.museum\/fr\/wp-json\/wp\/v2\/pages"}],"about":[{"href":"https:\/\/avicom.mini.icom.museum\/fr\/wp-json\/wp\/v2\/types\/page"}],"author":[{"embeddable":true,"href":"https:\/\/avicom.mini.icom.museum\/fr\/wp-json\/wp\/v2\/users\/1"}],"replies":[{"embeddable":true,"href":"https:\/\/avicom.mini.icom.museum\/fr\/wp-json\/wp\/v2\/comments?post=742"}],"version-history":[{"count":1,"href":"https:\/\/avicom.mini.icom.museum\/fr\/wp-json\/wp\/v2\/pages\/742\/revisions"}],"predecessor-version":[{"id":2044,"href":"https:\/\/avicom.mini.icom.museum\/fr\/wp-json\/wp\/v2\/pages\/742\/revisions\/2044"}],"up":[{"embeddable":true,"href":"https:\/\/avicom.mini.icom.museum\/fr\/wp-json\/wp\/v2\/pages\/322"}],"wp:attachment":[{"href":"https:\/\/avicom.mini.icom.museum\/fr\/wp-json\/wp\/v2\/media?parent=742"}],"wp:term":[{"taxonomy":"yst_prominent_words","embeddable":true,"href":"https:\/\/avicom.mini.icom.museum\/fr\/wp-json\/wp\/v2\/yst_prominent_words?post=742"}],"curies":[{"name":"wp","href":"https:\/\/api.w.org\/{rel}","templated":true}]}}