{"id":750,"date":"2019-01-03T20:37:43","date_gmt":"2019-01-03T20:37:43","guid":{"rendered":"http:\/\/avicom.icom.cust.oxymium.net\/activites\/bulletin\/juin-2012\/"},"modified":"2019-01-03T20:46:19","modified_gmt":"2019-01-03T20:46:19","slug":"juin-2012","status":"publish","type":"page","link":"https:\/\/avicom.mini.icom.museum\/fr\/activites\/bulletin\/juin-2012\/","title":{"rendered":"Juin 2012"},"content":{"rendered":"<div id=\"RTE_CONTENT\"> <!--TYPO3SEARCH_begin--> \t<!--  CONTENT ELEMENT, uid:8372\/text [begin] --> \t\t<\/p>\n<div id=\"c8372\"> \t\t<!--  Text: [begin] --> \t\t\t<\/p>\n<h3>Le programme pr\u00e9liminaire<\/h3>\n<p>Le comit\u00e9 AVICOM est heureux d\u2019annoncer que M. Julien Anfruns, Directeur g\u00e9n\u00e9ral du Conseil international des mus\u00e9es (ICOM), sera pr\u00e9sent \u00e0 Montr\u00e9al le 10 octobre prochain pour officiellement lancer les travaux du colloque AVICOM Montr\u00e9al 2012. De plus, il nous fera l\u2019honneur de remettre un des prix du FIAMP, le concours international des productions audio-visuel, de l\u2019image et du son qu\u2019\u00e0 mis sur pied AVICOM. <\/p>\n<p>Pour en savoir plus \u00bb  <\/p>\n<p>\u00a0<\/p>\n<h3><b>Inscription au colloque<\/b><\/h3>\n<p>Le comit\u00e9 AVICOM a d\u00e9cid\u00e9 de prolonger les dates d\u2019inscription \u00e0 la conf\u00e9rence d\u2019octobre \u00e0 Montr\u00e9al 2012. Ainsi, plus de d\u00e9l\u00e9gu\u00e9s pourront b\u00e9n\u00e9ficier du tarif pr\u00e9f\u00e9rentiel et assister au colloque annuel et au FIAMP.\u00a0 En participant \u00e0 cette prestigieuse conf\u00e9rence, vous serez entre autre inform\u00e9s des nouvelles tendances de la mus\u00e9ologie. Des universitaires, des sp\u00e9cialistes des mus\u00e9es et des professionnels du multim\u00e9dia de diff\u00e9rents pays partageront avec vous leur savoir et leur exp\u00e9rience. Pour profiter des avantages d\u2019un tarif r\u00e9duit nous vous invitons \u00e0 vous inscrire avant le <b>30 juin 2012<\/b>. <\/p>\n<p>Inscrivez-vous \u00bb  <\/p>\n<p>\u00a0<\/p>\n<h3>H\u00e9bergement \u00e0 Montr\u00e9al<\/h3>\n<p>R\u00e9servez votre h\u00e9bergement d\u00e8s maintenant pour le colloque AVICOM Montr\u00e9al 2012 et le festival FIAMP.2012. Nos invit\u00e9s ont acc\u00e8s \u00e0 des tarifs pr\u00e9f\u00e9rentiels.  <\/p>\n<p>R\u00e9servez votre chambre \u00bb  <\/p>\n<p>\u00a0<\/p>\n<h3>La comp\u00e9tition du FIAMP<\/h3>\n<p>L\u2019appel pour la comp\u00e9tition FIAMP est maintenant ferm\u00e9. Merci \u00e0 tous les mus\u00e9es et institutions qui ont soumis leurs productions audiovisuelles et multim\u00e9dias. Nous annoncerons la s\u00e9lection officielle en ligne sous peu. Les r\u00e9alisations en finale seront pr\u00e9sent\u00e9es aux d\u00e9l\u00e9gu\u00e9s lors du colloque avant la remise officielle des prix, le jeudi 11 octobre 2012 au Centre Canadien d\u2019Architecture. <\/p>\n<p>\u00a0<\/p>\n<p>Pour plus d\u2019information, nous vous invitons \u00e0 contacter la pr\u00e9sidente d&#8217;AVICOM, Manon Blanchette, <a href=\"mailto:manon.blanchette@me.com\">par courriel<\/a> ou \u00e0 composer le 514 872-1002 \u00e0 Pointe-\u00e0-Calli\u00e8re. <\/p>\n<p>Cordialement, <\/p>\n<p>Manon Blanchette Ph.D.<br \/> Pr\u00e9sidente d\u2019AVICOM <\/p>\n<p>\u00a0<\/p>\n<p> \t\t<!--  Text: [end] --> \t\t\t   \t<!--  \t\tBEGIN: Content of extension \"hpo_relatedlink\", plugin \"tx_hporelatedlink_pi1\"  \t--> \t<\/p>\n<div> \t\t \t<\/div>\n<p> \t \t<!-- END: Content of extension \"hpo_relatedlink\", plugin \"tx_hporelatedlink_pi1\" -->  \t<\/div>\n<p> \t<!--  CONTENT ELEMENT, uid:8372\/text [end] --> \t\t<!--TYPO3SEARCH_end--> <\/div>\n","protected":false},"excerpt":{"rendered":"<p>Le programme pr\u00e9liminaire Le comit\u00e9 AVICOM est heureux d\u2019annoncer que M. Julien Anfruns, Directeur g\u00e9n\u00e9ral du Conseil international des mus\u00e9es (ICOM), sera pr\u00e9sent \u00e0 Montr\u00e9al le 10 octobre prochain pour officiellement lancer les travaux du colloque AVICOM Montr\u00e9al 2012. De plus, il nous fera l\u2019honneur de remettre un des prix du FIAMP, le concours international [&hellip;]<\/p>\n","protected":false},"author":1,"featured_media":0,"parent":322,"menu_order":2,"comment_status":"closed","ping_status":"closed","template":"","meta":{"footnotes":""},"yst_prominent_words":[],"acf":[],"_links":{"self":[{"href":"https:\/\/avicom.mini.icom.museum\/fr\/wp-json\/wp\/v2\/pages\/750"}],"collection":[{"href":"https:\/\/avicom.mini.icom.museum\/fr\/wp-json\/wp\/v2\/pages"}],"about":[{"href":"https:\/\/avicom.mini.icom.museum\/fr\/wp-json\/wp\/v2\/types\/page"}],"author":[{"embeddable":true,"href":"https:\/\/avicom.mini.icom.museum\/fr\/wp-json\/wp\/v2\/users\/1"}],"replies":[{"embeddable":true,"href":"https:\/\/avicom.mini.icom.museum\/fr\/wp-json\/wp\/v2\/comments?post=750"}],"version-history":[{"count":1,"href":"https:\/\/avicom.mini.icom.museum\/fr\/wp-json\/wp\/v2\/pages\/750\/revisions"}],"predecessor-version":[{"id":2042,"href":"https:\/\/avicom.mini.icom.museum\/fr\/wp-json\/wp\/v2\/pages\/750\/revisions\/2042"}],"up":[{"embeddable":true,"href":"https:\/\/avicom.mini.icom.museum\/fr\/wp-json\/wp\/v2\/pages\/322"}],"wp:attachment":[{"href":"https:\/\/avicom.mini.icom.museum\/fr\/wp-json\/wp\/v2\/media?parent=750"}],"wp:term":[{"taxonomy":"yst_prominent_words","embeddable":true,"href":"https:\/\/avicom.mini.icom.museum\/fr\/wp-json\/wp\/v2\/yst_prominent_words?post=750"}],"curies":[{"name":"wp","href":"https:\/\/api.w.org\/{rel}","templated":true}]}}