{"id":752,"date":"2019-01-03T20:37:46","date_gmt":"2019-01-03T20:37:46","guid":{"rendered":"http:\/\/avicom.icom.cust.oxymium.net\/activites\/bulletin\/juillet-2012\/"},"modified":"2019-01-03T20:46:19","modified_gmt":"2019-01-03T20:46:19","slug":"juillet-2012","status":"publish","type":"page","link":"https:\/\/avicom.mini.icom.museum\/fr\/activites\/bulletin\/juillet-2012\/","title":{"rendered":"Juillet 2012"},"content":{"rendered":"<div id=\"RTE_CONTENT\"> <!--TYPO3SEARCH_begin--> \t<!--  CONTENT ELEMENT, uid:8595\/text [begin] --> \t\t<\/p>\n<div id=\"c8595\"> \t\t<!--  Text: [begin] --> \t\t\t<\/p>\n<h3>Le programme <\/h3>\n<p>Le comit\u00e9 AVICOM vient de d\u00e9voiler le programme d\u00e9taill\u00e9 du colloque AVICOM Montr\u00e9al 2012! Inscrivez-vous maintenant afin d\u2019entendre le r\u00e9sultat des r\u00e9flexions qu\u2019ont men\u00e9 d\u2019\u00e9minents chercheurs et mus\u00e9ologues sur l\u2019impact des technologies dans la relation d\u00e9velopp\u00e9e entre le mus\u00e9e et ses visiteurs. Provenant de pays diff\u00e9rents ils s\u2019entendent tous que ce nouvel univers rec\u00e8le un potentiel encore inexploit\u00e9.  <\/p>\n<p>Pour en savoir plus \u00bb  <\/p>\n<h3><b>Inscriptions<\/b><\/h3>\n<p>Inscrivez-vous au colloque AVICOM Montr\u00e9al 2012 et \u00e0 la remise des prix d\u2019excellence du FIAMP 2012 . C\u2019est simple et facile avec le service en ligne Eventbrite!  <\/p>\n<p>Inscrivez-vous \u00bb  <\/p>\n<h3>Tarif pr\u00e9f\u00e9rentiel pour les \u00e9tudiants<\/h3>\n<p>Le comit\u00e9 AVICOM est heureux d\u2019annoncer que nous r\u00e9servons un bloc de 20 \u00e9tudiants. Premier arriv\u00e9, premier servi. Les \u00e9tudiants \u00e0 temps plein pourront ainsi obtenir un rabais de 50% sur le tarif r\u00e9gulier non membre pour assister au colloque AVICOM ainsi qu\u2019\u00e0 la remise des prix d\u2019excellence\u00a0 du FIAMP. Le tarif de 325 $ + frais comprend les repas du midi du\u00a0 10 et 11 octobre au CCA. Faites vite\u00a0 car les places sont limit\u00e9es. <\/p>\n<p>Inscrivez-vous \u00bb  <\/p>\n<h3>Festival International de l\u2019Audiovisuel &amp; du Multim\u00e9dia sur le Patrimoine (FIAMP)<\/h3>\n<p>Suivez-nous sur le web car d\u2019ici peu la s\u00e9lection officielle sera annonc\u00e9e. En septembre, nous d\u00e9voilerons les finalistes dans chaque cat\u00e9gorie. <\/p>\n<h3>H\u00e9bergement \u00e0 Montr\u00e9al<\/h3>\n<p>R\u00e9servez votre h\u00e9bergement d\u00e8s maintenant pour le colloque AVICOM Montr\u00e9al 2012 et le festival FIAMP.2012. Nos invit\u00e9s ont acc\u00e8s \u00e0 des tarifs pr\u00e9f\u00e9rentiels.  <\/p>\n<p>R\u00e9servez votre chambre \u00bb <\/p>\n<p>\u00a0<\/p>\n<p>Pour plus d\u2019information, nous vous invitons \u00e0 contacter la pr\u00e9sidente d&#8217;AVICOM, Manon Blanchette, <a href=\"mailto:manon.blanchette@me.com\">par courriel<\/a> ou \u00e0 composer le 514 872-1002 \u00e0 Pointe-\u00e0-Calli\u00e8re. <\/p>\n<p>Cordialement, <\/p>\n<p>Manon Blanchette Ph.D. <\/p>\n<p> Pr\u00e9sidente d\u2019AVICOM <\/p>\n<p>\u00a0<\/p>\n<p> \t\t<!--  Text: [end] --> \t\t\t   \t<!--  \t\tBEGIN: Content of extension \"hpo_relatedlink\", plugin \"tx_hporelatedlink_pi1\"  \t--> \t<\/p>\n<div> \t\t \t<\/div>\n<p> \t \t<!-- END: Content of extension \"hpo_relatedlink\", plugin \"tx_hporelatedlink_pi1\" -->  \t<\/div>\n<p> \t<!--  CONTENT ELEMENT, uid:8595\/text [end] --> \t\t<!--TYPO3SEARCH_end--> <\/div>\n","protected":false},"excerpt":{"rendered":"<p>Le programme Le comit\u00e9 AVICOM vient de d\u00e9voiler le programme d\u00e9taill\u00e9 du colloque AVICOM Montr\u00e9al 2012! Inscrivez-vous maintenant afin d\u2019entendre le r\u00e9sultat des r\u00e9flexions qu\u2019ont men\u00e9 d\u2019\u00e9minents chercheurs et mus\u00e9ologues sur l\u2019impact des technologies dans la relation d\u00e9velopp\u00e9e entre le mus\u00e9e et ses visiteurs. Provenant de pays diff\u00e9rents ils s\u2019entendent tous que ce nouvel univers [&hellip;]<\/p>\n","protected":false},"author":1,"featured_media":0,"parent":322,"menu_order":3,"comment_status":"closed","ping_status":"closed","template":"","meta":{"footnotes":""},"yst_prominent_words":[],"acf":[],"_links":{"self":[{"href":"https:\/\/avicom.mini.icom.museum\/fr\/wp-json\/wp\/v2\/pages\/752"}],"collection":[{"href":"https:\/\/avicom.mini.icom.museum\/fr\/wp-json\/wp\/v2\/pages"}],"about":[{"href":"https:\/\/avicom.mini.icom.museum\/fr\/wp-json\/wp\/v2\/types\/page"}],"author":[{"embeddable":true,"href":"https:\/\/avicom.mini.icom.museum\/fr\/wp-json\/wp\/v2\/users\/1"}],"replies":[{"embeddable":true,"href":"https:\/\/avicom.mini.icom.museum\/fr\/wp-json\/wp\/v2\/comments?post=752"}],"version-history":[{"count":1,"href":"https:\/\/avicom.mini.icom.museum\/fr\/wp-json\/wp\/v2\/pages\/752\/revisions"}],"predecessor-version":[{"id":2041,"href":"https:\/\/avicom.mini.icom.museum\/fr\/wp-json\/wp\/v2\/pages\/752\/revisions\/2041"}],"up":[{"embeddable":true,"href":"https:\/\/avicom.mini.icom.museum\/fr\/wp-json\/wp\/v2\/pages\/322"}],"wp:attachment":[{"href":"https:\/\/avicom.mini.icom.museum\/fr\/wp-json\/wp\/v2\/media?parent=752"}],"wp:term":[{"taxonomy":"yst_prominent_words","embeddable":true,"href":"https:\/\/avicom.mini.icom.museum\/fr\/wp-json\/wp\/v2\/yst_prominent_words?post=752"}],"curies":[{"name":"wp","href":"https:\/\/api.w.org\/{rel}","templated":true}]}}