{"id":758,"date":"2019-01-03T20:37:48","date_gmt":"2019-01-03T20:37:48","guid":{"rendered":"http:\/\/avicom.icom.cust.oxymium.net\/activites\/bulletin\/novembre-2015\/"},"modified":"2019-01-03T20:46:19","modified_gmt":"2019-01-03T20:46:19","slug":"novembre-2015","status":"publish","type":"page","link":"https:\/\/avicom.mini.icom.museum\/fr\/activites\/bulletin\/novembre-2015\/","title":{"rendered":"Novembre 2015"},"content":{"rendered":"<div id=\"RTE_CONTENT\"> <!--TYPO3SEARCH_begin--> \t<!--  CONTENT ELEMENT, uid:16218\/textpic [begin] --> \t\t<\/p>\n<div id=\"c16218\"> \t\t<!--  Header: [begin] --> \t\t\t<\/p>\n<h2>Assembl\u00e9e G\u00e9n\u00e9rale 2015 <\/h2>\n<p> \t\t<!--  Header: [end] --> \t\t\t \t\t<!--  Image block: [begin] --> \t\t\t<\/p>\n<div>\n<div><img decoding=\"async\" src=\"http:\/\/avicom.mini.icom.museum\/wp-content\/uploads\/sites\/3\/2019\/01\/ebd57ad406.jpg\" alt=\"\"><\/div>\n<div> \t\t<!--  Text: [begin] --> \t\t\t<\/p>\n<h3>Assembl\u00e9e G\u00e9n\u00e9rale annuelle du comit\u00e9 AVICOM<\/h3>\n<p>5 novembre 2015, de 10h \u00e0 12h<br \/>Auditorium du Mus\u00e9e National Hongrois<br \/>Budapest, Hongrie <\/p>\n<h3> Ordre du jour<\/h3>\n<ul>\n<li>Approbation du compte-rendu de la r\u00e9union de la derni\u00e8re Assembl\u00e9e G\u00e9n\u00e9rale <\/li>\n<li>Approbation du nouveau r\u00e8glement int\u00e9rieur du comit\u00e9 international AVICOM<\/li>\n<li> Rapport du Pr\u00e9sident, <\/li>\n<li>Rapport financier 2015 (au 31 octobre 2015), <\/li>\n<li>Election du bureau d\u2019AVICOM en 2016, <\/li>\n<li>Activit\u00e9s d\u2019AVICOM pr\u00e9vus en 2016, <\/li>\n<li>Activit\u00e9s d\u2019AVICOM en relation avec la 24\u00e8me Conf\u00e9rence g\u00e9n\u00e9rale de l\u2019ICOM 2016 \u00e0 Milan en Italie.<\/li>\n<\/ul>\n<h3>Membres AVICOM confirm\u00e9s<\/h3>\n<ul>\n<li>Janos Tari, President de l&#8217;AVICOM<\/li>\n<li>St\u00e9phane Bezombes, Secretaire G\u00e9n\u00e9ral de l&#8217;AVICOM<\/li>\n<li>Bob<\/li>\n<\/ul>\n<p>\u00a0<\/p>\n<p>\u00a0<\/p>\n<p>\u00a0<\/p>\n<p>\u00a0<\/p>\n<p> \t\t<!--  Text: [end] --> \t\t\t<\/div>\n<\/p><\/div>\n<div><!-- --><\/div>\n<p> \t\t<!--  Image block: [end] --> \t\t\t   \t<!--  \t\tBEGIN: Content of extension \"hpo_relatedlink\", plugin \"tx_hporelatedlink_pi1\"  \t--> \t<\/p>\n<div> \t\t \t<\/div>\n<p> \t \t<!-- END: Content of extension \"hpo_relatedlink\", plugin \"tx_hporelatedlink_pi1\" -->  \t<\/div>\n<p> \t<!--  CONTENT ELEMENT, uid:16218\/textpic [end] --> \t\t<!--TYPO3SEARCH_end--> <\/div>\n","protected":false},"excerpt":{"rendered":"<p>Assembl\u00e9e G\u00e9n\u00e9rale 2015 Assembl\u00e9e G\u00e9n\u00e9rale annuelle du comit\u00e9 AVICOM 5 novembre 2015, de 10h \u00e0 12hAuditorium du Mus\u00e9e National HongroisBudapest, Hongrie Ordre du jour Approbation du compte-rendu de la r\u00e9union de la derni\u00e8re Assembl\u00e9e G\u00e9n\u00e9rale Approbation du nouveau r\u00e8glement int\u00e9rieur du comit\u00e9 international AVICOM Rapport du Pr\u00e9sident, Rapport financier 2015 (au 31 octobre 2015), Election [&hellip;]<\/p>\n","protected":false},"author":1,"featured_media":0,"parent":322,"menu_order":4,"comment_status":"closed","ping_status":"closed","template":"","meta":{"footnotes":""},"yst_prominent_words":[],"acf":[],"_links":{"self":[{"href":"https:\/\/avicom.mini.icom.museum\/fr\/wp-json\/wp\/v2\/pages\/758"}],"collection":[{"href":"https:\/\/avicom.mini.icom.museum\/fr\/wp-json\/wp\/v2\/pages"}],"about":[{"href":"https:\/\/avicom.mini.icom.museum\/fr\/wp-json\/wp\/v2\/types\/page"}],"author":[{"embeddable":true,"href":"https:\/\/avicom.mini.icom.museum\/fr\/wp-json\/wp\/v2\/users\/1"}],"replies":[{"embeddable":true,"href":"https:\/\/avicom.mini.icom.museum\/fr\/wp-json\/wp\/v2\/comments?post=758"}],"version-history":[{"count":1,"href":"https:\/\/avicom.mini.icom.museum\/fr\/wp-json\/wp\/v2\/pages\/758\/revisions"}],"predecessor-version":[{"id":2040,"href":"https:\/\/avicom.mini.icom.museum\/fr\/wp-json\/wp\/v2\/pages\/758\/revisions\/2040"}],"up":[{"embeddable":true,"href":"https:\/\/avicom.mini.icom.museum\/fr\/wp-json\/wp\/v2\/pages\/322"}],"wp:attachment":[{"href":"https:\/\/avicom.mini.icom.museum\/fr\/wp-json\/wp\/v2\/media?parent=758"}],"wp:term":[{"taxonomy":"yst_prominent_words","embeddable":true,"href":"https:\/\/avicom.mini.icom.museum\/fr\/wp-json\/wp\/v2\/yst_prominent_words?post=758"}],"curies":[{"name":"wp","href":"https:\/\/api.w.org\/{rel}","templated":true}]}}