{"id":774,"date":"2019-01-03T20:38:00","date_gmt":"2019-01-03T20:38:00","guid":{"rendered":"http:\/\/avicom.icom.cust.oxymium.net\/activites\/bulletin\/mai-2012\/"},"modified":"2019-01-03T20:46:18","modified_gmt":"2019-01-03T20:46:18","slug":"mai-2012","status":"publish","type":"page","link":"https:\/\/avicom.mini.icom.museum\/fr\/activites\/bulletin\/mai-2012\/","title":{"rendered":"Mai 2012"},"content":{"rendered":"<div id=\"RTE_CONTENT\"> <!--TYPO3SEARCH_begin--> \t<!--  CONTENT ELEMENT, uid:8210\/text [begin] --> \t\t<\/p>\n<div id=\"c8210\"> \t\t<!--  Text: [begin] --> \t\t\t<\/p>\n<h3>Le programme pr\u00e9liminaire<\/h3>\n<p>Le comit\u00e9 AVICOM vient de d\u00e9voiler le programme pr\u00e9liminaire du colloque AVICOM Montr\u00e9al 2012! En assistant \u00e0 cette conf\u00e9rence prestigieuse, vous en saurez plus sur les derni\u00e8res tendances de la mus\u00e9ologie.\u00a0 Des universitaires, des experts des mus\u00e9es et des professionnels en multim\u00e9dia en provenance de partout dans le monde partageront avec vous leur savoir et leur exp\u00e9rience. Les conf\u00e9renciers viennent de 10 pays diff\u00e9rents: Australie, Belgique, Canada, Chine, \u00c9tats-Unis, France, Guyane, Hongrie, Italie, et Pays-Bas.  <\/p>\n<p>L\u2019artiste et sp\u00e9cialiste des technologies nouvelles Jon Ippolito donnera le coup d\u2019envoi au colloque 2012. Pour sa part Sebastien Chan, un sp\u00e9cialiste du secteur culturel dans les m\u00e9dias sociaux et des applications Web 2.0 ouvrira la deuxi\u00e8me journ\u00e9e du colloque. <\/p>\n<p>Pour en savoir plus \u00bb  <\/p>\n<p>\u00a0<\/p>\n<h3><b>Inscriptions<\/b><\/h3>\n<p>Inscrivez-vous au colloque AVICOM Montr\u00e9al 2012 et FIAMP.2012 ! Jusqu\u2019au 15 juin, profitez des taux pr\u00e9f\u00e9rentiels. <\/p>\n<p>\u00a0<\/p>\n<h3>La comp\u00e9tition du FIAMP<\/h3>\n<p>Depuis 15 ans AVICOM\u00a0 fait conna\u00eetre et reconna\u00eet l\u2019excellence des cr\u00e9ations audio-visuelles et multim\u00e9dias r\u00e9alis\u00e9es par les mus\u00e9es \u00e0 travers le monde. Tous les mus\u00e9es sont invit\u00e9s \u00e0 soumettre leurs productions audio-visuelles (films, vid\u00e9os) et produits multim\u00e9dias (sites Internet, CD-ROM, DVD-Rom, bornes, applications mobiles, nouvelles mus\u00e9ographies, etc.) avant la nouvelle date de tomb\u00e9e du 7 juin 2012.  <\/p>\n<p>Pour plus d\u2019information, nous vous invitons \u00e0 contacter la pr\u00e9sidente d&#8217;AVICOM, Manon Blanchette, <a href=\"mailto:manon.blanchette@me.com\">par courriel<\/a> ou \u00e0 composer le 514 872-1002 \u00e0 Pointe-\u00e0-Calli\u00e8re. <\/p>\n<p><a href=\"http:\/\/avicom.icom.cust.oxymium.net\/fiamp\/presentation\/\" title=\"Opens internal link in current window\">Pour en savoir plus<\/a> \u00bb  <\/p>\n<p>\u00a0<\/p>\n<p>Cordialement, <\/p>\n<p>Manon Blanchette Ph.D.<br \/>   Pr\u00e9sidente d\u2019AVICOM <\/p>\n<p>\u00a0<\/p>\n<p> \t\t<!--  Text: [end] --> \t\t\t   \t<!--  \t\tBEGIN: Content of extension \"hpo_relatedlink\", plugin \"tx_hporelatedlink_pi1\"  \t--> \t<\/p>\n<div> \t\t \t<\/div>\n<p> \t \t<!-- END: Content of extension \"hpo_relatedlink\", plugin \"tx_hporelatedlink_pi1\" -->  \t<\/div>\n<p> \t<!--  CONTENT ELEMENT, uid:8210\/text [end] --> \t\t<!--TYPO3SEARCH_end--> <\/div>\n","protected":false},"excerpt":{"rendered":"<p>Le programme pr\u00e9liminaire Le comit\u00e9 AVICOM vient de d\u00e9voiler le programme pr\u00e9liminaire du colloque AVICOM Montr\u00e9al 2012! En assistant \u00e0 cette conf\u00e9rence prestigieuse, vous en saurez plus sur les derni\u00e8res tendances de la mus\u00e9ologie.\u00a0 Des universitaires, des experts des mus\u00e9es et des professionnels en multim\u00e9dia en provenance de partout dans le monde partageront avec vous [&hellip;]<\/p>\n","protected":false},"author":1,"featured_media":0,"parent":322,"menu_order":8,"comment_status":"closed","ping_status":"closed","template":"","meta":{"footnotes":""},"yst_prominent_words":[],"acf":[],"_links":{"self":[{"href":"https:\/\/avicom.mini.icom.museum\/fr\/wp-json\/wp\/v2\/pages\/774"}],"collection":[{"href":"https:\/\/avicom.mini.icom.museum\/fr\/wp-json\/wp\/v2\/pages"}],"about":[{"href":"https:\/\/avicom.mini.icom.museum\/fr\/wp-json\/wp\/v2\/types\/page"}],"author":[{"embeddable":true,"href":"https:\/\/avicom.mini.icom.museum\/fr\/wp-json\/wp\/v2\/users\/1"}],"replies":[{"embeddable":true,"href":"https:\/\/avicom.mini.icom.museum\/fr\/wp-json\/wp\/v2\/comments?post=774"}],"version-history":[{"count":1,"href":"https:\/\/avicom.mini.icom.museum\/fr\/wp-json\/wp\/v2\/pages\/774\/revisions"}],"predecessor-version":[{"id":2036,"href":"https:\/\/avicom.mini.icom.museum\/fr\/wp-json\/wp\/v2\/pages\/774\/revisions\/2036"}],"up":[{"embeddable":true,"href":"https:\/\/avicom.mini.icom.museum\/fr\/wp-json\/wp\/v2\/pages\/322"}],"wp:attachment":[{"href":"https:\/\/avicom.mini.icom.museum\/fr\/wp-json\/wp\/v2\/media?parent=774"}],"wp:term":[{"taxonomy":"yst_prominent_words","embeddable":true,"href":"https:\/\/avicom.mini.icom.museum\/fr\/wp-json\/wp\/v2\/yst_prominent_words?post=774"}],"curies":[{"name":"wp","href":"https:\/\/api.w.org\/{rel}","templated":true}]}}