{"id":776,"date":"2019-01-03T20:38:03","date_gmt":"2019-01-03T20:38:03","guid":{"rendered":"http:\/\/avicom.icom.cust.oxymium.net\/activites\/bulletin\/avril-2012\/"},"modified":"2019-01-03T20:46:18","modified_gmt":"2019-01-03T20:46:18","slug":"avril-2012","status":"publish","type":"page","link":"https:\/\/avicom.mini.icom.museum\/fr\/activites\/bulletin\/avril-2012\/","title":{"rendered":"Avril 2012"},"content":{"rendered":"<div id=\"RTE_CONTENT\"> <!--TYPO3SEARCH_begin--> \t<!--  CONTENT ELEMENT, uid:7595\/text [begin] --> \t\t<\/p>\n<div id=\"c7595\"> \t\t<!--  Text: [begin] --> \t\t\t<\/p>\n<h3>AVICOM et le FIAMP \u00e0 Montr\u00e9al<\/h3>\n<p>Le Comit\u00e9 international pour l\u2019audiovisuel, les nouvelles technologies et le son dans les mus\u00e9es (AVICOM) et la Soci\u00e9t\u00e9 des directeurs des mus\u00e9es montr\u00e9alais s\u2019associent pour pr\u00e9senter le Festival International de l\u2019Audiovisuel &amp; du Multim\u00e9dia sur le Patrimoine (FIAMP) \u00e0 Montr\u00e9al. Le grand \u00e9v\u00e9nement mus\u00e9al aura lieu en octobre 2012 au Centre Canadien d\u2019Architecture.<b> <\/b>Lisez le communiqu\u00e9 de presse\u00a0\u00bb <\/p>\n<p>\u00a0<\/p>\n<h3>Comp\u00e9tition du FIAMP<\/h3>\n<p>Tous les mus\u00e9es sont invit\u00e9s \u00e0 soumettre leurs productions audio-visuelles (films, vid\u00e9os) et produits multim\u00e9dias (sites Internet, CD-Rom, DVD-Rom, bornes, applications mobiles, nouvelles mus\u00e9ographies, etc.).  <\/p>\n<p><b>NOUVEAU\u00a0: <\/b>AVICOM est heureuse de vous annoncer que, compte tenu des dates de disponibilit\u00e9 du Jury, le d\u00e9p\u00f4t de vos candidatures peut se faire jusqu&#8217;au <u>7 juin 2012<\/u>.\u00a0 Consultez les d\u00e9tails\u00a0\u00bb <\/p>\n<p>\u00a0<\/p>\n<h3>Inscriptions<\/h3>\n<p>Inscrivez-vous d\u00e8s maintenant au colloque AVICOM Montr\u00e9al 2012 et le Festival International de l\u2019Audiovisuel &amp; du Multim\u00e9dia sur le Patrimoine (FIAMP). Les places sont limit\u00e9es. Jusqu\u2019au 15 juin, profitez des taux pr\u00e9f\u00e9rentiels.<b> <\/b>Inscrivez-vous avec Eventbrite\u00a0\u00bb <\/p>\n<p>\u00a0<\/p>\n<h3>L\u2019appel de communications<\/h3>\n<p>L\u2019appel de communications est maintenant ferm\u00e9. Nous tenons \u00e0 remercier tous les mus\u00e9es, les institutions culturelles ainsi que les soci\u00e9t\u00e9s priv\u00e9es qui ont soumis leurs propositions. Le programme pr\u00e9liminaire sera d\u00e9voil\u00e9 prochainement.<b><\/b> <\/p>\n<p>\u00a0<\/p>\n<h3>Les mus\u00e9es et leur ombre. De nouveaux doubles technologiques <\/h3>\n<p>Un article de la pr\u00e9sidente d\u2019AVICOM, Manon Blanchette, a paru dans la revue <i>Nouvelles de l\u2019ICOM<\/i>, Vol. 65 N\u00b0 1, mars 2012. <a href=\"http:\/\/avicom.icom.cust.oxymium.net\/activites\/articles\/les-musees-et-leur-ombre-2\/\" title=\"Opens internal link in current window\">Lisez le texte int\u00e9gral<\/a>\u00a0\u00bb  <\/p>\n<p>\u00a0<\/p>\n<h3>Les membres d\u2019AVICOM<\/h3>\n<p>Savez-vous que vous pouvez promouvoir votre mus\u00e9e ou institution culturelle sur le site d\u2019AVICOM en tant que membre? Nous souhaitons inclure des photos de vos mus\u00e9es dans nos albums photo. Nous cherchons \u00e9galement \u00e0 publier des communiqu\u00e9s et des articles de nos membres sur notre site Web. <a href=\"mailto:manon.blanchette@me.com\">Contactez-nous<\/a>\u00a0\u00bb  <\/p>\n<p>\u00a0<\/p>\n<h3>R\u00e9seaux sociaux<\/h3>\n<ul>\n<li> <a href=\"https:\/\/www.facebook.com\/AvicomICOM\" target=\"_blank\"><b>Facebook<\/b><\/a>\u00a0: Devenez FAN afin de collaborer avec d\u2019autres membres et vous tenir au courant de nos nouvelles.<\/li>\n<li> <a href=\"https:\/\/twitter.com\/#!\/fiamp2012\" target=\"_blank\"><b>Twitter<\/b><\/a>\u00a0: Suivez @FIAMP2012 pour en savoir plus sur la prochaine \u00e9dition du FIAMP.<\/li>\n<li> <a href=\"http:\/\/www.linkedin.com\/groups\/AVICOM-4127476\" target=\"_blank\"><b>LinkedIn<\/b><\/a>\u00a0: Joignez-vous au groupe AVICOM dans le r\u00e9seau social professionnel.<\/li>\n<li> <a href=\"http:\/\/pinterest.com\/museesmontreal\/avicom-montreal-2012\/\" target=\"_blank\"><b>Pinterest<\/b><\/a>\u00a0: Suivez nos babillards!<\/li>\n<\/ul>\n<p>\u00a0<\/p>\n<p>Manon Blanchette Ph.D<br \/> Pr\u00e9sidente d&#8217;AVICOM  <\/p>\n<p>\u00a0<\/p>\n<p> \t\t<!--  Text: [end] --> \t\t\t   \t<!--  \t\tBEGIN: Content of extension \"hpo_relatedlink\", plugin \"tx_hporelatedlink_pi1\"  \t--> \t<\/p>\n<div> \t\t \t<\/div>\n<p> \t \t<!-- END: Content of extension \"hpo_relatedlink\", plugin \"tx_hporelatedlink_pi1\" -->  \t<\/div>\n<p> \t<!--  CONTENT ELEMENT, uid:7595\/text [end] --> \t\t<!--TYPO3SEARCH_end--> <\/div>\n","protected":false},"excerpt":{"rendered":"<p>AVICOM et le FIAMP \u00e0 Montr\u00e9al Le Comit\u00e9 international pour l\u2019audiovisuel, les nouvelles technologies et le son dans les mus\u00e9es (AVICOM) et la Soci\u00e9t\u00e9 des directeurs des mus\u00e9es montr\u00e9alais s\u2019associent pour pr\u00e9senter le Festival International de l\u2019Audiovisuel &amp; du Multim\u00e9dia sur le Patrimoine (FIAMP) \u00e0 Montr\u00e9al. Le grand \u00e9v\u00e9nement mus\u00e9al aura lieu en octobre 2012 [&hellip;]<\/p>\n","protected":false},"author":1,"featured_media":0,"parent":322,"menu_order":9,"comment_status":"closed","ping_status":"closed","template":"","meta":{"footnotes":""},"yst_prominent_words":[],"acf":[],"_links":{"self":[{"href":"https:\/\/avicom.mini.icom.museum\/fr\/wp-json\/wp\/v2\/pages\/776"}],"collection":[{"href":"https:\/\/avicom.mini.icom.museum\/fr\/wp-json\/wp\/v2\/pages"}],"about":[{"href":"https:\/\/avicom.mini.icom.museum\/fr\/wp-json\/wp\/v2\/types\/page"}],"author":[{"embeddable":true,"href":"https:\/\/avicom.mini.icom.museum\/fr\/wp-json\/wp\/v2\/users\/1"}],"replies":[{"embeddable":true,"href":"https:\/\/avicom.mini.icom.museum\/fr\/wp-json\/wp\/v2\/comments?post=776"}],"version-history":[{"count":1,"href":"https:\/\/avicom.mini.icom.museum\/fr\/wp-json\/wp\/v2\/pages\/776\/revisions"}],"predecessor-version":[{"id":2035,"href":"https:\/\/avicom.mini.icom.museum\/fr\/wp-json\/wp\/v2\/pages\/776\/revisions\/2035"}],"up":[{"embeddable":true,"href":"https:\/\/avicom.mini.icom.museum\/fr\/wp-json\/wp\/v2\/pages\/322"}],"wp:attachment":[{"href":"https:\/\/avicom.mini.icom.museum\/fr\/wp-json\/wp\/v2\/media?parent=776"}],"wp:term":[{"taxonomy":"yst_prominent_words","embeddable":true,"href":"https:\/\/avicom.mini.icom.museum\/fr\/wp-json\/wp\/v2\/yst_prominent_words?post=776"}],"curies":[{"name":"wp","href":"https:\/\/api.w.org\/{rel}","templated":true}]}}