{"id":778,"date":"2019-01-03T20:38:06","date_gmt":"2019-01-03T20:38:06","guid":{"rendered":"http:\/\/avicom.icom.cust.oxymium.net\/activites\/bulletin\/mars-2012-2\/"},"modified":"2019-01-03T20:46:18","modified_gmt":"2019-01-03T20:46:18","slug":"mars-2012-2","status":"publish","type":"page","link":"https:\/\/avicom.mini.icom.museum\/fr\/activites\/bulletin\/mars-2012-2\/","title":{"rendered":"Mars 2012"},"content":{"rendered":"<div id=\"RTE_CONTENT\"> <!--TYPO3SEARCH_begin--> \t<!--  CONTENT ELEMENT, uid:6951\/text [begin] --> \t\t<\/p>\n<div id=\"c6951\"> \t\t<!--  Text: [begin] --> \t\t\t<\/p>\n<h3>AVICOM et le FIAMP \u00e0 Montr\u00e9al du 9 au 12 octobre 2012<\/h3>\n<p>AVICOM<b>,<\/b> le comit\u00e9 international pour l\u2019audiovisuel, les nouvelles technologies et le son, est tr\u00e8s heureux d\u2019annoncer que la prochaine rencontre annuelle et son festival (FIAMP) auront lieu \u00e0 Montr\u00e9al au Qu\u00e9bec du 9 au 12 octobre 2012.  <\/p>\n<p>R\u00e9alis\u00e9e en collaboration avec la <a href=\"http:\/\/www.museesmontreal.org\/fr\/Accueil.htm\" target=\"_blank\">Soci\u00e9t\u00e9 des directeurs des mus\u00e9es montr\u00e9alais<\/a>, la rencontre AVICOM se tiendra au <a href=\"http:\/\/www.cca.qc.ca\/fr\" target=\"_blank\">Centre canadien d\u2019architecture<\/a> et aura pour th\u00e8me\u00a0: <i>Le d\u00e9veloppement des nouvelles technologies et les nouveaux m\u00e9tiers des mus\u00e9es. <\/i> <\/p>\n<p>La date limite pour soumettre une proposition de conf\u00e9rence est le <b>9 mars 2012.<\/b> <\/p>\n<h2>Un invit\u00e9 de prestige\u00a0!<\/h2>\n<p>Le comit\u00e9 AVICOM est heureux d\u2019annoncer que <a href=\"http:\/\/three.org\/ippolito\/\" target=\"_blank\">Jon Ippolito<\/a> a accept\u00e9 de donner le coup d\u2019envoi \u00e0 la conf\u00e9rence annuelle. Artiste, th\u00e9oricien des nouveaux m\u00e9dias et ancien conservateur au Mus\u00e9e Guggenheim, il est un collaborateur r\u00e9gulier au quotidien <i>Washington Post <\/i>et aux revues sp\u00e9cialis\u00e9es que sont <i>Artforum<\/i> et <i>L\u00e9onardo<\/i>. Ippolito est professeur associ\u00e9 \u00e0 la University of Maine o\u00f9 il enseigne les nouveaux m\u00e9dias. Avec Richard Rinehart et la collaboration du MIT, Jon Ippolito pr\u00e9voit lancer un nouveau livre intitul\u00e9 <i>New Media and Social Memory<\/i>. <\/p>\n<p>Ceux qui souhaitent pr\u00e9senter des communications sont invit\u00e9s \u00e0 contacter <a href=\"mailto:manon.blanchette@me.com\">Manon Blanchette<\/a> et \u00e0 consulter le site pour les d\u00e9tails \u00e0 soumettre avec la demande. <\/p>\n<h2>FIAMP.2012<\/h2>\n<p>Depuis 15 ans AVICOM\u00a0 fait conna\u00eetre et reconna\u00eet l\u2019excellence des cr\u00e9ations audio-visuelles et multim\u00e9dias r\u00e9alis\u00e9es par les mus\u00e9es \u00e0 travers le monde. Encore cette ann\u00e9e, le festival cl\u00f4turera le colloque. Une c\u00e9r\u00e9monie de pr\u00e9sentation des gagnants aura lieu le 11 octobre. <a href=\"http:\/\/www.momentfactory.com\/fr\" target=\"_blank\"><i>Moment Factory<\/i><\/a>, une soci\u00e9t\u00e9 montr\u00e9alaise bien connue pour ses mises en sc\u00e8ne des spectacles de C\u00e9line Dion et de Madonna en assure la conception en collaboration avec <a href=\"http:\/\/sidlee.com\/fr\/\" target=\"_blank\">Sid Lee<\/a>. Une soir\u00e9e spectaculaire \u00e0 ne pas manquer\u00a0! <\/p>\n<p>Tous les mus\u00e9es sont invit\u00e9s \u00e0 soumettre leurs productions audio-visuelles et multim\u00e9dias avant le <b>30 avril 2012<\/b>. Les d\u00e9tails de l\u2019inscription se trouvent sur le site. <\/p>\n<p>Pour plus d\u2019information nous vous invitons \u00e0 contacter Manon Blanchette <a href=\"mailto:manon.blanchette@me.com\">par courriel<\/a> ou t\u00e9l\u00e9phonez le 514 872-1002 au Mus\u00e9e de Pointe-\u00e0-Calli\u00e8re. <\/p>\n<p>Manon Blanchette Ph.D<br \/> Pr\u00e9sidente d&#8217;AVICOM  <\/p>\n<p>\u00a0<\/p>\n<p> \t\t<!--  Text: [end] --> \t\t\t   \t<!--  \t\tBEGIN: Content of extension \"hpo_relatedlink\", plugin \"tx_hporelatedlink_pi1\"  \t--> \t<\/p>\n<div> \t\t \t<\/div>\n<p> \t \t<!-- END: Content of extension \"hpo_relatedlink\", plugin \"tx_hporelatedlink_pi1\" -->  \t<\/div>\n<p> \t<!--  CONTENT ELEMENT, uid:6951\/text [end] --> \t\t<!--TYPO3SEARCH_end--> <\/div>\n","protected":false},"excerpt":{"rendered":"<p>AVICOM et le FIAMP \u00e0 Montr\u00e9al du 9 au 12 octobre 2012 AVICOM, le comit\u00e9 international pour l\u2019audiovisuel, les nouvelles technologies et le son, est tr\u00e8s heureux d\u2019annoncer que la prochaine rencontre annuelle et son festival (FIAMP) auront lieu \u00e0 Montr\u00e9al au Qu\u00e9bec du 9 au 12 octobre 2012. R\u00e9alis\u00e9e en collaboration avec la Soci\u00e9t\u00e9 [&hellip;]<\/p>\n","protected":false},"author":1,"featured_media":0,"parent":322,"menu_order":10,"comment_status":"closed","ping_status":"closed","template":"","meta":{"footnotes":""},"yst_prominent_words":[],"acf":[],"_links":{"self":[{"href":"https:\/\/avicom.mini.icom.museum\/fr\/wp-json\/wp\/v2\/pages\/778"}],"collection":[{"href":"https:\/\/avicom.mini.icom.museum\/fr\/wp-json\/wp\/v2\/pages"}],"about":[{"href":"https:\/\/avicom.mini.icom.museum\/fr\/wp-json\/wp\/v2\/types\/page"}],"author":[{"embeddable":true,"href":"https:\/\/avicom.mini.icom.museum\/fr\/wp-json\/wp\/v2\/users\/1"}],"replies":[{"embeddable":true,"href":"https:\/\/avicom.mini.icom.museum\/fr\/wp-json\/wp\/v2\/comments?post=778"}],"version-history":[{"count":1,"href":"https:\/\/avicom.mini.icom.museum\/fr\/wp-json\/wp\/v2\/pages\/778\/revisions"}],"predecessor-version":[{"id":2034,"href":"https:\/\/avicom.mini.icom.museum\/fr\/wp-json\/wp\/v2\/pages\/778\/revisions\/2034"}],"up":[{"embeddable":true,"href":"https:\/\/avicom.mini.icom.museum\/fr\/wp-json\/wp\/v2\/pages\/322"}],"wp:attachment":[{"href":"https:\/\/avicom.mini.icom.museum\/fr\/wp-json\/wp\/v2\/media?parent=778"}],"wp:term":[{"taxonomy":"yst_prominent_words","embeddable":true,"href":"https:\/\/avicom.mini.icom.museum\/fr\/wp-json\/wp\/v2\/yst_prominent_words?post=778"}],"curies":[{"name":"wp","href":"https:\/\/api.w.org\/{rel}","templated":true}]}}