{"id":794,"date":"2019-01-03T20:38:14","date_gmt":"2019-01-03T20:38:14","guid":{"rendered":"http:\/\/avicom.icom.cust.oxymium.net\/activites\/reunions\/proces-verbal-8-juin-2011\/"},"modified":"2019-01-03T20:46:17","modified_gmt":"2019-01-03T20:46:17","slug":"proces-verbal-8-juin-2011","status":"publish","type":"page","link":"https:\/\/avicom.mini.icom.museum\/fr\/activites\/reunions\/proces-verbal-8-juin-2011\/","title":{"rendered":"Proc\u00e8s verbal : 8 juin 2011"},"content":{"rendered":"<div id=\"RTE_CONTENT\"> <!--TYPO3SEARCH_begin--> \t<!--  CONTENT ELEMENT, uid:5511\/text [begin] --> \t\t<\/p>\n<div id=\"c5511\"> \t\t<!--  Header: [begin] --> \t\t\t<\/p>\n<h2>R\u00e9union du conseil d&#8217;administration du comit\u00e9 AVICOM<\/h2>\n<p> \t\t<!--  Header: [end] --> \t\t\t \t\t<!--  Text: [begin] --> \t\t\t<\/p>\n<h4><strong>8 juin 2011 \u00e0 10 h au bureau d\u2019ICOM, rue Prospero<\/strong><\/h4>\n<p>\u00a0<\/p>\n<table cellpadding=\"5\" cellspacing=\"0\" bordercolor=\"#99CCFF\">\n<tr>\n<td valign=\"top\" bgcolor=\"#99CCFF\">\n<p><strong>10h<\/strong><\/p>\n<\/td>\n<td valign=\"top\" bgcolor=\"#99CCFF\">\n<p><strong>Mot de bienvenue de la pr\u00e9sidente <\/strong><\/p>\n<\/td>\n<\/tr>\n<tr>\n<td valign=\"top\">\n<p>\u00a0<\/p>\n<\/td>\n<td valign=\"top\">\n<p>La pr\u00e9sidente souhaite la bienvenue et explique  qu\u2019elle est tr\u00e8s heureuse de voir des membres qui sont venus express\u00e9ment  d\u2019Italie et de Hongrie pour cette r\u00e9union. \u00a0Comme il s\u2019agit de la premi\u00e8re r\u00e9union  officielle, elle sera un peu longue, mais importante, car elle nous permettra  de nous assurer que chacun adh\u00e8re au projet et \u00e0 la vision du comit\u00e9. Quelques  valeurs doivent sous-tendre notre action, dont celle de la transparence, quant  au point de vue financier qu\u2019\u00e0 celle de la mise en valeur des activit\u00e9s  d\u2019AVICOM.<\/p>\n<\/td>\n<\/tr>\n<tr>\n<td valign=\"top\" bgcolor=\"#99CCFF\">\n<p><strong>10h 05<\/strong><\/p>\n<\/td>\n<td valign=\"top\" bgcolor=\"#99CCFF\">\n<p><strong>Prise de pr\u00e9sence <\/strong><\/p>\n<\/td>\n<\/tr>\n<tr>\n<td valign=\"top\">\n<p>\u00a0<\/p>\n<\/td>\n<td valign=\"top\">\n<p>Marie-Fran\u00e7oise Delval (ad hoc) <br \/>       Simona Caraceni<br \/>       J\u00e1nos Tari<br \/>       B\u00e9atrice Sauvignet <br \/>       Manon Blanchette <\/p>\n<p> La pr\u00e9sidente mentionne qu\u2019elle a  eu un courriel d\u2019un de nos membres chinois disant qu\u2019il ne pouvait pas assister  \u00e0 la r\u00e9union faute d\u2019avoir pu obtenir un visa.<\/p>\n<\/td>\n<\/tr>\n<tr>\n<td valign=\"top\" bgcolor=\"#99CCFF\">\n<p><strong>10h 06<\/strong><\/p>\n<\/td>\n<td valign=\"top\" bgcolor=\"#99CCFF\">\n<p><strong>Ajouts \u00e0 l\u2019ordre du jour<br \/><\/strong><strong>Adoption  de l\u2019ordre du jour\u00a0 <\/strong><\/p>\n<\/td>\n<\/tr>\n<tr>\n<td valign=\"top\">\n<p>\u00a0<\/p>\n<\/td>\n<td valign=\"top\">\n<ul>\n<li> <strong>Nouveaux points<\/strong> (aucun nouveau point)<\/li>\n<li><strong>D\u00e9sir d\u2019implication de chacun<\/strong><\/li>\n<\/ul>\n<p>Chacun explique ses motivations. Celles-ci  sont\u00a0: partager ses connaissances, apprendre et \u00eatre stimul\u00e9 par  l\u2019interaction avec les coll\u00e8gues. <\/p>\n<\/td>\n<\/tr>\n<tr>\n<td valign=\"top\" bgcolor=\"#99CCFF\">\n<p><strong>10h 30<\/strong> <\/p>\n<\/td>\n<td valign=\"top\" bgcolor=\"#99CCFF\">\n<p><strong>Rapport de la pr\u00e9sidente <\/strong><\/p>\n<\/td>\n<\/tr>\n<tr>\n<td valign=\"top\">\n<p>\u00a0<\/p>\n<\/td>\n<td valign=\"top\">\n<p><strong>ICOM\u00a0: r\u00e9union  annuelle d\u2019ICOM et pr\u00e9sence des membres d\u2019AVICOM<br \/><\/strong>La  pr\u00e9sidente explique qu\u2019elle \u00e9tait pr\u00e9sente aux r\u00e9unions d\u2019ICOM et qu\u2019elle peut  t\u00e9moigner que l\u2019atmosph\u00e8re des discussions s\u2019est bien am\u00e9lior\u00e9e. Il semble  na\u00eetre un climat de confiance et de collaboration. Elle souhaite avoir le plus  de gens possible \u00e0 ces r\u00e9unions. AVICOM poss\u00e8de 5 votes, il serait judicieux de  les utiliser. (Si les membres ne peuvent \u00eatre pr\u00e9sents, il serait efficace de  remplir les d\u00e9l\u00e9gations de pouvoir.)       <\/p>\n<p>On propose des r\u00e9unions une fois  par mois. 18h Europe \/ 12h Am\u00e9rique <\/p>\n<ul>\n<li>premier  choix Skype<\/li>\n<li>email <\/li>\n<li>Twitter et  le t\u00e9l\u00e9phone <\/li>\n<\/ul>\n<p><strong>D\u00e9l\u00e9gation  de vote lors de l\u2019assembl\u00e9e annuelle<br \/><\/strong>La  pr\u00e9sidente explique le mode de votation et les d\u00e9l\u00e9gations de votes<\/p>\n<p><strong>Le site web  d\u2019AVICOM \/ votre implication via Montr\u00e9al \u00a0<br \/><\/strong>Le site  appartient \u00e0 tous. Vous pouvez me faire parvenir des id\u00e9es afin de le nourrir  et rendre visible votre travail ainsi que celui de tous les membres <\/p>\n<p> <strong>La base de  donn\u00e9es ICOM\u00a0: Utilit\u00e9 et mise \u00e0 jour<br \/><\/strong>La base est  accessible par la pr\u00e9sidente du comit\u00e9 international.<\/p>\n<p><strong>Plan strat\u00e9gique  et implication d\u2019AVICOM\u00a0:<\/strong><\/p>\n<ul>\n<li>Valoriser  l\u2019adh\u00e9sion et renforcer la transparence pour les membres de l\u2019ICOM <\/li>\n<li>Consolider  la position mondiale de l\u2019ICOM en tant que leader dans le secteur du patrimoine <\/li>\n<li>D\u00e9velopper  l\u2019expertise dans le secteur du patrimoine et le secteur des mus\u00e9es<\/li>\n<li>D\u00e9velopper  et g\u00e9rer les ressources n\u00e9cessaires \u00e0 la r\u00e9alisation du plan strat\u00e9gique <\/li>\n<\/ul>\n<p>Il est  entendu que plus les projets seront pr\u00e9par\u00e9s \u00e0 l\u2019avance plus il sera facile  d\u2019obtenir du financement.<\/p>\n<p><strong>Id\u00e9es suite au CA<\/strong><\/p>\n<ul>\n<li>Utiliser davantage  les medias sociaux et pas seulement Facebook <\/li>\n<li>Travailler  en collaboration avec d\u2019autres \u00e9v\u00e9nements\u00a0: <em>AZOLO Art Film Festival <\/em>(Italie)<\/li>\n<li>Partager les  nouvelles recherches<\/li>\n<li>\u00catre  attrayant gr\u00e2ce \u00e0 des th\u00e8mes plus pr\u00e9cis, plus pointus <\/li>\n<li>Best  Heritage Project est aussi un exemple <\/li>\n<li>Archimuse,  d\u00e9velopper des collaborations <\/li>\n<li>Avoir plus  de gens \u00e0 travers le monde qui donnent des conf\u00e9rences au nom d\u2019AVICOM et  publier les recherches sur le web<\/li>\n<li>Voir si dans  le site internet on veut am\u00e9liorer la possibilit\u00e9 de faire des commentaires sur  ce qui y appara\u00eet<\/li>\n<li>D\u00e9velopper  l\u2019id\u00e9e d\u2019ateliers de formation sur place dans les pays en voie de d\u00e9veloppement  et s\u2019unir \u00e0 ceux dont c\u2019est l\u2019objectif premier dont AFICOM<\/li>\n<li>Faire la promotion d\u2019AVICOM aupr\u00e8s des autres comit\u00e9s  internationaux<\/li>\n<\/ul>\n<\/td>\n<\/tr>\n<tr>\n<td valign=\"top\" bgcolor=\"#99CCFF\">\n<p><strong>11h 30 <\/strong><\/p>\n<\/td>\n<td valign=\"top\" bgcolor=\"#99CCFF\">\n<p><strong>R\u00e9union<\/strong><br \/><strong>Points de discussion <\/strong><\/p>\n<\/td>\n<\/tr>\n<tr>\n<td valign=\"top\">\n<p>\u00a0<\/p>\n<\/td>\n<td valign=\"top\">\n<p>1. R\u00e9union  annuelle de tous les membres\u00a0: une solution de rencontre \u00a0<\/p>\n<p>       2.      Plan  strat\u00e9gique AVICOM 2012- 2015 <\/p>\n<p>       3.      La  pr\u00e9sidente informe le comit\u00e9 que la prochaine r\u00e9union d\u2019AVICOM aura lieu \u00e0  Montr\u00e9al en octobre 2012. Le conseil confirme que les  dates sont bonnes.<\/p>\n<p>       4.      Rio 2013,  d\u00e9buter l\u2019organisation de la rencontre AVICOM avec les membres ICOM Br\u00e9sil et  d\u2019autres comit\u00e9s internationaux. Tout le monde est d\u2019accord que nous devons  d\u00e9j\u00e0 planifier la conf\u00e9rence de Rio.<\/p>\n<p>       5.      Th\u00e8mes  propos\u00e9s\u00a0:       <\/p>\n<ul>\n<li>Web et  d\u00e9mocratisation<\/li>\n<li>Le web et la  naissance de nouveaux m\u00e9tiers de la mus\u00e9ologie <\/li>\n<li>Web et pays \u00e0  \u00e9conomie \u00e9mergente<\/li>\n<li>Autres id\u00e9es  \u00e0 soumettre par courriel\n<p>           Le CA  accepte le th\u00e8me des <strong>technologies et les  nouveaux m\u00e9tiers de la mus\u00e9ologie<\/strong>. On sugg\u00e8re de collaborer avec CEDOC et  CECA.<\/li>\n<\/ul>\n<p>6. La relation  des comit\u00e9s internationaux \u00e0 ICOM international ou la gestion des comit\u00e9s<\/p>\n<p>7. Les  activit\u00e9s annuelles d\u2019ICOM<\/p>\n<ul>\n<li>forum de  discussion sur le web, <\/li>\n<li>les r\u00e9unions  en t\u00e9l\u00e9communication, Skype ou autre technologie, conf\u00e9rences t\u00e9l\u00e9phoniques<\/li>\n<li>les  recherches de chacun, le Journal de ICOM et l\u2019implication d\u2019AVICOM<\/li>\n<li>les  conf\u00e9rences donn\u00e9es par chacun (Les conf\u00e9rences seront reprises sur le web. Il  suffit de les faire parvenir \u00e0 Manon.)<\/li>\n<li>le r\u00f4le du  site web d\u2019AVICOM dans ces activit\u00e9s, <\/li>\n<li>les  publications web du comit\u00e9<\/li>\n<li>Actes du  colloque de 2012 <\/li>\n<li>Penser \u00e0  enregistrer de l\u2019audio des textes lors de la conf\u00e9rence pour ensuite les  utiliser sur le web <\/li>\n<\/ul>\n<p>8. Le  financement <\/p>\n<ul>\n<li>Les projets  sp\u00e9ciaux<\/li>\n<li>Le  financement au fonctionnement d\u2019AVICOM<\/li>\n<li>Les r\u00e8gles <\/li>\n<li>Les \u00e9tats  financiers actuels <\/li>\n<li>La nouvelle  organisation des finances <\/li>\n<li>La  tr\u00e9sori\u00e8re et son r\u00f4le au sein du conseil d\u2019administration. Le r\u00f4le de la  tr\u00e9sori\u00e8re est important pour les suivis financiers et pour la transparence du  comit\u00e9.<\/li>\n<li>Prochaine  r\u00e9union et son mode de communication\u00a0 <\/li>\n<\/ul>\n<p>9. Varia <\/p>\n<p>       10.\u00a0 Conclusion et suivi des  actions <\/td>\n<\/tr>\n<\/table>\n<p> <!--  Text: [end] --><!--  \t\tBEGIN: Content of extension \"hpo_relatedlink\", plugin \"tx_hporelatedlink_pi1\"  \t--><\/p>\n<div> \t\t \t<\/div>\n<p> \t \t<!-- END: Content of extension \"hpo_relatedlink\", plugin \"tx_hporelatedlink_pi1\" -->  \t<\/div>\n<p> \t<!--  CONTENT ELEMENT, uid:5511\/text [end] --> \t\t<!--TYPO3SEARCH_end--> <\/div>\n","protected":false},"excerpt":{"rendered":"<p>R\u00e9union du conseil d&#8217;administration du comit\u00e9 AVICOM 8 juin 2011 \u00e0 10 h au bureau d\u2019ICOM, rue Prospero \u00a0 10h Mot de bienvenue de la pr\u00e9sidente \u00a0 La pr\u00e9sidente souhaite la bienvenue et explique qu\u2019elle est tr\u00e8s heureuse de voir des membres qui sont venus express\u00e9ment d\u2019Italie et de Hongrie pour cette r\u00e9union. \u00a0Comme il [&hellip;]<\/p>\n","protected":false},"author":1,"featured_media":0,"parent":346,"menu_order":0,"comment_status":"closed","ping_status":"closed","template":"","meta":{"footnotes":""},"yst_prominent_words":[],"acf":[],"_links":{"self":[{"href":"https:\/\/avicom.mini.icom.museum\/fr\/wp-json\/wp\/v2\/pages\/794"}],"collection":[{"href":"https:\/\/avicom.mini.icom.museum\/fr\/wp-json\/wp\/v2\/pages"}],"about":[{"href":"https:\/\/avicom.mini.icom.museum\/fr\/wp-json\/wp\/v2\/types\/page"}],"author":[{"embeddable":true,"href":"https:\/\/avicom.mini.icom.museum\/fr\/wp-json\/wp\/v2\/users\/1"}],"replies":[{"embeddable":true,"href":"https:\/\/avicom.mini.icom.museum\/fr\/wp-json\/wp\/v2\/comments?post=794"}],"version-history":[{"count":1,"href":"https:\/\/avicom.mini.icom.museum\/fr\/wp-json\/wp\/v2\/pages\/794\/revisions"}],"predecessor-version":[{"id":2032,"href":"https:\/\/avicom.mini.icom.museum\/fr\/wp-json\/wp\/v2\/pages\/794\/revisions\/2032"}],"up":[{"embeddable":true,"href":"https:\/\/avicom.mini.icom.museum\/fr\/wp-json\/wp\/v2\/pages\/346"}],"wp:attachment":[{"href":"https:\/\/avicom.mini.icom.museum\/fr\/wp-json\/wp\/v2\/media?parent=794"}],"wp:term":[{"taxonomy":"yst_prominent_words","embeddable":true,"href":"https:\/\/avicom.mini.icom.museum\/fr\/wp-json\/wp\/v2\/yst_prominent_words?post=794"}],"curies":[{"name":"wp","href":"https:\/\/api.w.org\/{rel}","templated":true}]}}