{"id":932,"date":"2019-01-03T20:38:51","date_gmt":"2019-01-03T20:38:51","guid":{"rendered":"http:\/\/avicom.icom.cust.oxymium.net\/archives\/2013-2\/bureau-avicom-2010-2013\/"},"modified":"2019-01-03T20:46:16","modified_gmt":"2019-01-03T20:46:16","slug":"bureau-avicom-2010-2013","status":"publish","type":"page","link":"https:\/\/avicom.mini.icom.museum\/fr\/archives\/2013-2\/bureau-avicom-2010-2013\/","title":{"rendered":"bureau avicom 2010-2013"},"content":{"rendered":"<div id=\"RTE_CONTENT\"> <!--TYPO3SEARCH_begin--> \t<!--  CONTENT ELEMENT, uid:12397\/text [begin] --> \t\t<\/p>\n<div id=\"c12397\"> \t\t<!--  Header: [begin] --> \t\t\t<\/p>\n<h2>Bureau ex\u00e9cutif 2010-2013<\/h2>\n<p> \t\t<!--  Header: [end] --> \t\t\t \t\t<!--  Text: [begin] --> \t\t\t<\/p>\n<p>\u00a0<\/p>\n<p><b><a href=\"http:\/\/avicom.mini.icom.museum\/wp-content\/uploads\/sites\/3\/2019\/01\/bio cv_blanchette_2010.pdf\" title=\"TEXT, bio+cv blanchette 2010, bio+cv_blanchette_2010.pdf, 258 KB\" target=\"_blank\"><img decoding=\"async\" src=\"http:\/\/avicom.mini.icom.museum\/wp-content\/uploads\/sites\/3\/2019\/01\/RTEmagicC_ManonBLANCHETTE_BW.jpg.jpg\" alt=\"BLANCHETTE Manon, Ph.D.\" align=\"right\"><\/a>BLANCHETTE Manon, Ph.D.<br \/><\/b>Pr\u00e9sidente d&#8217;AVICOM<br \/><a href=\"http:\/\/network.icom.museum\/icom-canada.html\" target=\"_blank\">Pr\u00e9sidente du Comit\u00e9 international des mus\u00e9es pour le Canada<\/a><br \/> Directrice de l&#8217;exploitation<br \/> Pointe-\u00e0-Calli\u00e8re, mus\u00e9e d&#8217;arch\u00e9ologie et d&#8217;histoire de Montr\u00e9al<br \/> Canada<br \/><a href=\"http:\/\/avicom.mini.icom.museum\/wp-content\/uploads\/sites\/3\/2019\/01\/bio cv_blanchette_2010.pdf\" title=\"TEXT, bio+cv blanchette 2010, bio+cv_blanchette_2010.pdf, 258 KB\" target=\"_blank\">pr\u00e9sentation PDF<\/a> <\/p>\n<p>\u00a0<\/p>\n<hr>\n<p>\u00a0<\/p>\n<p> <b><a href=\"http:\/\/avicom.mini.icom.museum\/wp-content\/uploads\/sites\/3\/2019\/01\/bio cv_tari_2010.pdf\" title=\"TEXT, bio+cv tari 2010, bio+cv_tari_2010.pdf, 279 KB\" target=\"_blank\"><img decoding=\"async\" src=\"http:\/\/avicom.mini.icom.museum\/wp-content\/uploads\/sites\/3\/2019\/01\/RTEmagicC_JanosTARI_BW.jpg.jpg\" alt=\"TARI J\u00e1nos\" align=\"right\"><\/a>TARI J\u00e1nos<\/b><br \/> Vice-Pr\u00e9sident<br \/> Hungarian Ethnographical Museum<br \/> Director ethnographic film<br \/> Hongrie<br \/><a href=\"http:\/\/avicom.mini.icom.museum\/wp-content\/uploads\/sites\/3\/2019\/01\/bio_cv_tari_2013.pdf\" title=\"TEXT, bio cv tari 2013, bio_cv_tari_2013.pdf, 373 KB\">pr\u00e9sentation PDF<\/a>  <\/p>\n<p>\u00a0<\/p>\n<p>\u00a0<\/p>\n<p>\u00a0<\/p>\n<hr>\n<p>\u00a0<\/p>\n<p><b><a href=\"http:\/\/avicom.mini.icom.museum\/wp-content\/uploads\/sites\/3\/2019\/01\/bio cv_souvignet_2010.pdf\" title=\"TEXT, bio+cv souvignet 2010, bio+cv_souvignet_2010.pdf, 298 KB\" target=\"_blank\"><img decoding=\"async\" src=\"http:\/\/avicom.mini.icom.museum\/wp-content\/uploads\/sites\/3\/2019\/01\/RTEmagicC_BeatriceSOUVIGNET-CHECHU_BW.jpg.jpg\" alt=\"SOUVIGNET-CHEHU B\u00e9atrice\" align=\"right\"><\/a>SOUVIGNET-CHEHU B\u00e9atrice<br \/><\/b>Tr\u00e9sori\u00e8re<b><br \/><\/b>Documentaliste, charg\u00e9e des tournages, Agence photographique<br \/> Mus\u00e9e national de la Marine<br \/> France<br \/><a href=\"http:\/\/avicom.mini.icom.museum\/wp-content\/uploads\/sites\/3\/2019\/01\/bio cv_souvignet_2010.pdf\" title=\"TEXT, bio+cv souvignet 2010, bio+cv_souvignet_2010.pdf, 298 KB\" target=\"_blank\">pr\u00e9sentation PDF<\/a>  <\/p>\n<p>\u00a0<\/p>\n<p>\u00a0<\/p>\n<hr>\n<p>\u00a0<\/p>\n<p> <b><a href=\"http:\/\/avicom.mini.icom.museum\/wp-content\/uploads\/sites\/3\/2019\/01\/bio cv_caraceni_2010.pdf\" title=\"TEXT, bio+cv caraceni 2010, bio+cv_caraceni_2010.pdf, 317 KB\" target=\"_blank\"><img decoding=\"async\" src=\"http:\/\/avicom.mini.icom.museum\/wp-content\/uploads\/sites\/3\/2019\/01\/RTEmagicC_SimonaCARACENI_BW.jpg.jpg\" alt=\"CARACENI Simona\" align=\"right\"><\/a>CARACENI Simona<\/b><br \/> Professor of Museum Informatics &#8211; Project manager<br \/> Universita di Bologna &#8211; Dept. Computer Science<br \/> Italie<br \/><a href=\"http:\/\/avicom.mini.icom.museum\/wp-content\/uploads\/sites\/3\/2019\/01\/bio cv_caraceni_2010.pdf\" title=\"TEXT, bio+cv caraceni 2010, bio+cv_caraceni_2010.pdf, 317 KB\" target=\"_blank\">pr\u00e9sentation PDF<\/a> <\/p>\n<p>\u00a0<\/p>\n<p>\u00a0<\/p>\n<hr>\n<p>\u00a0<\/p>\n<p> <b><a href=\"http:\/\/avicom.mini.icom.museum\/wp-content\/uploads\/sites\/3\/2019\/01\/bio cv_delval_2010.pdf\" title=\"TEXT, bio+cv delval 2010, bio+cv_delval_2010.pdf, 343 KB\" target=\"_blank\"><img decoding=\"async\" src=\"http:\/\/avicom.mini.icom.museum\/wp-content\/uploads\/sites\/3\/2019\/01\/RTEmagicC_Marie-FrancoiseDELVAL_BW.jpg.jpg\" alt=\"DELVAL Marie-Fran\u00e7oise\" align=\"right\"><\/a>DELVAL Marie-Fran\u00e7oise<\/b><br \/> Membre coopt\u00e9<br \/> Sous-Direction des Syst\u00e8mes d&#8217;Information<br \/> Minist\u00e8re de la Culture et de la Communication<br \/> France<br \/><a href=\"http:\/\/avicom.mini.icom.museum\/wp-content\/uploads\/sites\/3\/2019\/01\/bio cv_delval_2010.pdf\" title=\"TEXT, bio+cv delval 2010, bio+cv_delval_2010.pdf, 343 KB\" target=\"_blank\">pr\u00e9sentation PDF<\/a>  <\/p>\n<p>\u00a0<\/p>\n<p>\u00a0<\/p>\n<hr>\n<p>\u00a0<\/p>\n<p><b><a href=\"http:\/\/avicom.mini.icom.museum\/wp-content\/uploads\/sites\/3\/2019\/01\/bio cv_HU_Jiang.pdf\" title=\"TEXT, bio+cv HU Jiang, bio+cv_HU_Jiang.pdf, 424 KB\" target=\"_blank\"><img decoding=\"async\" src=\"http:\/\/avicom.mini.icom.museum\/wp-content\/uploads\/sites\/3\/2019\/01\/RTEmagicC_JiangHU_BW.jpg.jpg\" alt=\"HU Jiang\" align=\"right\"><\/a>HU Jiang<\/b><br \/> Curator and director of Information &amp; Data Center, Shanghai Museum<br \/> Director of the Digitization Committee of Chinese Museum Association<br \/> Chine<br \/><a href=\"http:\/\/avicom.mini.icom.museum\/wp-content\/uploads\/sites\/3\/2019\/01\/bio cv_HU_Jiang.pdf\" title=\"TEXT, bio+cv HU Jiang, bio+cv_HU_Jiang.pdf, 424 KB\" target=\"_blank\">pr\u00e9sentation PDF<\/a>  <\/p>\n<p>\u00a0<\/p>\n<p>\u00a0<\/p>\n<hr>\n<p>\u00a0<\/p>\n<p> <b><a href=\"http:\/\/avicom.mini.icom.museum\/wp-content\/uploads\/sites\/3\/2019\/01\/bio cv_QI Qingguo_2010.pdf\" title=\"TEXT, bio+cv QI Qingguo 2010, bio+cv_QI Qingguo_2010.pdf, 253 KB\" target=\"_blank\"><img decoding=\"async\" src=\"http:\/\/avicom.mini.icom.museum\/wp-content\/uploads\/sites\/3\/2019\/01\/RTEmagicC_QingguoQI_BW.jpg.jpg\" align=\"right\" alt=\"\"><\/a>QI Qingguo<\/b><br \/> Director of the Exhibition Department, Capital Museum, Beijing<br \/> Secretary-general of the Digitization Committee, Chinese Museum Association<br \/> Chine<br \/><a href=\"http:\/\/avicom.mini.icom.museum\/wp-content\/uploads\/sites\/3\/2019\/01\/bio cv_QI Qingguo_2010.pdf\" title=\"TEXT, bio+cv QI Qingguo 2010, bio+cv_QI Qingguo_2010.pdf, 253 KB\" target=\"_blank\">pr\u00e9sentation PDF<\/a> <\/p>\n<p>\u00a0<\/p>\n<p>\u00a0<\/p>\n<hr>\n<p>\u00a0<\/p>\n<p><b><a href=\"http:\/\/avicom.mini.icom.museum\/wp-content\/uploads\/sites\/3\/2019\/01\/bio_santerne_2010.pdf\" title=\"TEXT, bio santerne 2010, bio_santerne_2010.pdf, 179 KB\" target=\"_blank\"><img decoding=\"async\" src=\"http:\/\/avicom.mini.icom.museum\/wp-content\/uploads\/sites\/3\/2019\/01\/RTEmagicC_Anne-LaureSANTERRE_BW.jpg.jpg\" alt=\"SANTERNE Anne-Laure\" align=\"right\"><\/a>SANTERNE Anne-Laure<\/b><br \/> Directrice MaDeSa Ingenierie Culturelle <br \/> France<br \/><a href=\"http:\/\/avicom.mini.icom.museum\/wp-content\/uploads\/sites\/3\/2019\/01\/bio_santerne_2010.pdf\" title=\"TEXT, bio santerne 2010, bio_santerne_2010.pdf, 179 KB\" target=\"_blank\">pr\u00e9sentation PDF<\/a>  <\/p>\n<p>\u00a0<\/p>\n<p>\u00a0<\/p>\n<p>\u00a0<\/p>\n<p>\u00a0<\/p>\n<p>\u00a0<\/p>\n<hr>\n<p>\u00a0<\/p>\n<p> <b><a href=\"http:\/\/avicom.mini.icom.museum\/wp-content\/uploads\/sites\/3\/2019\/01\/bio cv_ZHANG Xiaopeng_2010.pdf\" title=\"TEXT, bio+cv ZHANG Xiaopeng 2010, bio+cv_ZHANG Xiaopeng_2010.pdf, 217 KB\" target=\"_blank\"><img decoding=\"async\" src=\"http:\/\/avicom.mini.icom.museum\/wp-content\/uploads\/sites\/3\/2019\/01\/RTEmagicC_XiaopengZHANG_BW.jpg.jpg\" alt=\"ZHANG Xiaopeng\" align=\"right\"><\/a>ZHANG Xiaopeng<\/b><br \/> Computer scientist<br \/> Information Department, Nanjing Museum<br \/> Chine<br \/><a href=\"http:\/\/avicom.mini.icom.museum\/wp-content\/uploads\/sites\/3\/2019\/01\/bio cv_ZHANG Xiaopeng_2010.pdf\" title=\"TEXT, bio+cv ZHANG Xiaopeng 2010, bio+cv_ZHANG Xiaopeng_2010.pdf, 217 KB\" target=\"_blank\">pr\u00e9sentation PDF<\/a> <\/p>\n<p>\u00a0<\/p>\n<p>\u00a0<\/p>\n<p>\u00a0<\/p>\n<p>\u00a0<\/p>\n<hr>\n<h2>Les pr\u00e9c\u00e9dents Bureaux ex\u00e9cutifs d&#8217;AVICOM <\/h2>\n<p><b>Bureau ex\u00e9cutif 2007-2010<\/b><\/p>\n<ul>\n<li>Pr\u00e9sidente : Marie-Fran\u00e7oise DELVAL, France<\/li>\n<li>Vice-Pr\u00e9sidente : Karina DURAND, Mexique<\/li>\n<li>Vice-Pr\u00e9sident : Janos TARI, Hongrie<\/li>\n<li>Secr\u00e9taire G\u00e9n\u00e9ral : Alain MASSE, Canada<\/li>\n<li>Tr\u00e9sorier : Jean-Marcel HUMBERT, France<\/li>\n<\/ul>\n<p><b>Bureau ex\u00e9cutif 2004-2007<\/b><\/p>\n<ul>\n<li>Pr\u00e9sidente : Marie-Fran\u00e7oise DELVAL, France<\/li>\n<li>Vice-pr\u00e9sident : Jean-Marc BLAIS, Canada <\/li>\n<li>Vice-pr\u00e9sidente : Karina DURAND, Mexique <\/li>\n<li>Secr\u00e9taire g\u00e9n\u00e9ral : Alain MASSE, Canada <\/li>\n<li>Tr\u00e9sori\u00e8re : Claude-Nicole HOCQUARD, France<\/li>\n<li>Tr\u00e9sori\u00e8re adjointe : Anne-Laure SANTERNE <\/li>\n<\/ul>\n<p><b>Bureau ex\u00e9cutif 2001-2004<\/b><\/p>\n<ul>\n<li>Pr\u00e9sident : Jean-Marcel HUMBERT, France <\/li>\n<li>Vice-pr\u00e9sidente : Manon BLANCHETTE, Canada <\/li>\n<li>Vice-pr\u00e9sident : Janos TARI, Hongrie <\/li>\n<li>Secr\u00e9taire g\u00e9n\u00e9ral : Stephen A.H. DONE, Royaume-Uni <\/li>\n<li>Tr\u00e9sori\u00e8re : Claude-Nicole HOCQUARD, France <\/li>\n<\/ul>\n<p><b>Bureau ex\u00e9cutif 1998-2001<\/b><\/p>\n<ul>\n<li>Pr\u00e9sident : Jean-Marcel HUMBERT, France <\/li>\n<li>Vice-pr\u00e9sidente : Manon BLANCHETTE, Canada <\/li>\n<li>Vice-pr\u00e9sident : Asko MAKELA, Finlande <\/li>\n<li>Vice-pr\u00e9sident : Janos TARI, Hongrie <\/li>\n<li>Secr\u00e9taire g\u00e9n\u00e9ral : Stephen A.H. DONE, Royaume-Uni <\/li>\n<li>Tr\u00e9sori\u00e8re : Clotilde CUCCHI, France <\/li>\n<\/ul>\n<p><b>Bureau ex\u00e9cutif 1994-1998<\/b><\/p>\n<ul>\n<li>Pr\u00e9sident : Marco TONON, Italie <\/li>\n<li>Vice-pr\u00e9sidente : Karina DURAND, Mexique <\/li>\n<li>Vice-pr\u00e9sident : Michael FABER, RFA <\/li>\n<li>Vice-pr\u00e9sident : Asko MAKELA, Finlande <\/li>\n<li>Secr\u00e9taire g\u00e9n\u00e9ral : Claude-Nicole HOCQUARD <\/li>\n<li>Tr\u00e9sori\u00e8re : Clotilde CUCCHI, France <\/li>\n<\/ul>\n<p><b>Bureau ex\u00e9cutif 1991-1994<\/b><\/p>\n<ul>\n<li>Pr\u00e9sident : Marco TONON, Italie <\/li>\n<li>Vice-pr\u00e9sidente : Karina DURAND, Mexique <\/li>\n<li>Vice-pr\u00e9sident : Michael FABER, RFA <\/li>\n<li>Secr\u00e9taire g\u00e9n\u00e9ral : Claude-Nicole HOCQUARD <\/li>\n<li>Tr\u00e9sorier : Jean-Marcel HUMBERT, France<\/li>\n<\/ul>\n<p><\/p>\n<p>\u00a0<\/p>\n<p> \t\t<!--  Text: [end] --> \t\t\t   \t<!--  \t\tBEGIN: Content of extension \"hpo_relatedlink\", plugin \"tx_hporelatedlink_pi1\"  \t--> \t<\/p>\n<div> \t\t \t<\/div>\n<p> \t \t<!-- END: Content of extension \"hpo_relatedlink\", plugin \"tx_hporelatedlink_pi1\" -->  \t<\/div>\n<p> \t<!--  CONTENT ELEMENT, uid:12397\/text [end] --> \t\t<!--TYPO3SEARCH_end--> <\/div>\n","protected":false},"excerpt":{"rendered":"<p>Bureau ex\u00e9cutif 2010-2013 \u00a0 BLANCHETTE Manon, Ph.D.Pr\u00e9sidente d&#8217;AVICOMPr\u00e9sidente du Comit\u00e9 international des mus\u00e9es pour le Canada Directrice de l&#8217;exploitation Pointe-\u00e0-Calli\u00e8re, mus\u00e9e d&#8217;arch\u00e9ologie et d&#8217;histoire de Montr\u00e9al Canadapr\u00e9sentation PDF \u00a0 \u00a0 TARI J\u00e1nos Vice-Pr\u00e9sident Hungarian Ethnographical Museum Director ethnographic film Hongriepr\u00e9sentation PDF \u00a0 \u00a0 \u00a0 \u00a0 SOUVIGNET-CHEHU B\u00e9atriceTr\u00e9sori\u00e8reDocumentaliste, charg\u00e9e des tournages, Agence photographique Mus\u00e9e national de [&hellip;]<\/p>\n","protected":false},"author":1,"featured_media":0,"parent":608,"menu_order":0,"comment_status":"closed","ping_status":"closed","template":"","meta":{"footnotes":""},"yst_prominent_words":[],"acf":[],"_links":{"self":[{"href":"https:\/\/avicom.mini.icom.museum\/fr\/wp-json\/wp\/v2\/pages\/932"}],"collection":[{"href":"https:\/\/avicom.mini.icom.museum\/fr\/wp-json\/wp\/v2\/pages"}],"about":[{"href":"https:\/\/avicom.mini.icom.museum\/fr\/wp-json\/wp\/v2\/types\/page"}],"author":[{"embeddable":true,"href":"https:\/\/avicom.mini.icom.museum\/fr\/wp-json\/wp\/v2\/users\/1"}],"replies":[{"embeddable":true,"href":"https:\/\/avicom.mini.icom.museum\/fr\/wp-json\/wp\/v2\/comments?post=932"}],"version-history":[{"count":1,"href":"https:\/\/avicom.mini.icom.museum\/fr\/wp-json\/wp\/v2\/pages\/932\/revisions"}],"predecessor-version":[{"id":2027,"href":"https:\/\/avicom.mini.icom.museum\/fr\/wp-json\/wp\/v2\/pages\/932\/revisions\/2027"}],"up":[{"embeddable":true,"href":"https:\/\/avicom.mini.icom.museum\/fr\/wp-json\/wp\/v2\/pages\/608"}],"wp:attachment":[{"href":"https:\/\/avicom.mini.icom.museum\/fr\/wp-json\/wp\/v2\/media?parent=932"}],"wp:term":[{"taxonomy":"yst_prominent_words","embeddable":true,"href":"https:\/\/avicom.mini.icom.museum\/fr\/wp-json\/wp\/v2\/yst_prominent_words?post=932"}],"curies":[{"name":"wp","href":"https:\/\/api.w.org\/{rel}","templated":true}]}}