{"id":934,"date":"2019-01-03T20:38:55","date_gmt":"2019-01-03T20:38:55","guid":{"rendered":"http:\/\/avicom.icom.cust.oxymium.net\/archives\/2012-2\/2012-selection-officielle\/"},"modified":"2019-01-03T20:46:16","modified_gmt":"2019-01-03T20:46:16","slug":"2012-selection-officielle","status":"publish","type":"page","link":"https:\/\/avicom.mini.icom.museum\/fr\/archives\/2012-2\/2012-selection-officielle\/","title":{"rendered":"2012, S\u00e9lection officielle"},"content":{"rendered":"<div id=\"RTE_CONTENT\"> <!--TYPO3SEARCH_begin--> \t<!--  CONTENT ELEMENT, uid:5445\/text [begin] --> \t\t<\/p>\n<div id=\"c5445\"> \t\t<!--  Text: [begin] --> \t\t\t<\/p>\n<p>En septembre, le comit\u00e9 AVICOM d\u00e9voilera les finalistes dans chaque cat\u00e9gorie. Les r\u00e9alisations en finale seront pr\u00e9sent\u00e9es aux d\u00e9l\u00e9gu\u00e9s lors du colloque avant la remise officielle des prix, le jeudi 11 octobre 2012 au Centre Canadien d\u2019Architecture.  <\/p>\n<h2>Cat\u00e9gorie audiovisuel<\/h2>\n<table>\n<tbody>\n<tr>\n<td colspan=\"2\" valign=\"top\">\n<h3>COURT-M\u00c9TRAGE<\/h3>\n<\/td>\n<\/tr>\n<tr>\n<td valign=\"top\">\n<p><a href=\"http:\/\/www.npm.gov.tw\/en\/home.htm\" target=\"_blank\"><b>National Palace Museum<\/b><\/a> (Taiwan)<\/p>\n<\/td>\n<td valign=\"top\">\n<p>1 \u00a0\u00a0 Adventures in NPM: meet the painting and calligraphy masterpieces [5:40]<\/p>\n<\/td>\n<\/tr>\n<tr>\n<td valign=\"top\">\n<p><a href=\"http:\/\/www.ecsite.eu\/members\/directory\/mus&amp;eacute;um-dorl&amp;eacute;ans\" target=\"_blank\"><b>Mus\u00e9um d&#8217;Orl\u00e9ans<\/b><\/a> (France) <\/p>\n<\/td>\n<td valign=\"top\">\n<p>2 \u00a0\u00a0 Le chant du Dinosaure [7:52]<\/p>\n<\/td>\n<\/tr>\n<tr>\n<td valign=\"top\">\n<p><a href=\"http:\/\/www.museeairespace.fr\/\" target=\"_blank\"><b>Mus\u00e9e de l&#8217;air et de l&#8217;espace<\/b><\/a> (France)<\/p>\n<\/td>\n<td valign=\"top\">\n<p>3\u00a0\u00a0\u00a0 Super Frelon : Op\u00e9ration sauvetage en mer [10:57]<\/p>\n<\/td>\n<\/tr>\n<tr>\n<td valign=\"top\">\n<p><a href=\"http:\/\/www.quaibranly.fr\/en\/\" target=\"_blank\"><b>Mus\u00e9e du quai Branly<\/b><\/a> (France)<\/p>\n<\/td>\n<td valign=\"top\">\n<p>4\u00a0\u00a0\u00a0 V\u00e9nus Hottentote d\u00e9crypt\u00e9e [8:30]<\/p>\n<\/td>\n<\/tr>\n<tr>\n<td valign=\"top\">\n<p><b><a href=\"http:\/\/www.elranchito.es\/\" target=\"_blank\">El Ranchito<\/a><\/b> (Espagne)<\/p>\n<\/td>\n<td valign=\"top\">\n<p>5\u00a0\u00a0\u00a0 Cosmos in the beginning [7:00]<\/p>\n<\/td>\n<\/tr>\n<tr>\n<td valign=\"top\"><\/td>\n<td valign=\"top\">\n<p>6\u00a0\u00a0\u00a0 Alexandria, Alexander the great&#8217;s dream [10:00]<\/p>\n<\/td>\n<\/tr>\n<tr>\n<td valign=\"top\"><\/td>\n<td valign=\"top\">\n<p>7\u00a0\u00a0\u00a0 Leonardo Da Vinci, The Look of the Genius<\/p>\n<\/td>\n<\/tr>\n<tr>\n<td valign=\"top\">\n<p><a href=\"http:\/\/www.chateau-nantes.fr\/\" target=\"_blank\"><b>Ch\u00e2teau des ducs de Bretagne<\/b><\/a> (France)<\/p>\n<\/td>\n<td valign=\"top\">\n<p>8\u00a0\u00a0\u00a0 Le ch\u00e2teau des ducs de Bretagne [7:41]<\/p>\n<\/td>\n<\/tr>\n<tr>\n<td valign=\"top\">\n<p><a href=\"http:\/\/www.fhw.gr\/fhw\/index.php?lg=2\" target=\"_blank\"><b>Foundation of the Hellenic world<\/b><\/a> (Gr\u00e8ce)<\/p>\n<\/td>\n<td valign=\"top\">\n<p>9\u00a0\u00a0\u00a0 House of Dionysos [3:23]<\/p>\n<\/td>\n<\/tr>\n<tr>\n<td valign=\"top\">\n<p><a href=\"http:\/\/dhc-art.org\/\" target=\"_blank\"><b>DHC\/ART Fondation pour l&#8217;art contemporain <\/b><\/a>(Canada)<\/p>\n<\/td>\n<td valign=\"top\">\n<p>10\u00a0\u00a0Chroniques d&#8217;une disparition [3:56]<\/p>\n<\/td>\n<\/tr>\n<tr>\n<td valign=\"top\">\n<p><a href=\"http:\/\/www.dd.lv\/en\" target=\"_blank\"><b>Dd studio<\/b><\/a> (Lettonie)<\/p>\n<\/td>\n<td valign=\"top\">\n<p>11\u00a0\u00a0Gobustan&#8217;s Petroglyphs Interpretation [6:14]<\/p>\n<\/td>\n<\/tr>\n<tr>\n<td valign=\"top\">\n<p><a href=\"http:\/\/www.id3.com\/#\/fr\/\" target=\"_blank\"><b>Id\u00e9es au cube<\/b><\/a> (Canada)<\/p>\n<\/td>\n<td valign=\"top\">\n<p>12\u00a0\u00a0Biosph\u00e8re, mus\u00e9e de l&#8217;environnement [3:40]<\/p>\n<\/td>\n<\/tr>\n<tr>\n<td valign=\"top\">\n<p><a href=\"http:\/\/www.pretoebranco.com.br\/site\/\" target=\"_blank\"><b>Estudio Preto e Branco<\/b><\/a> (Br\u00e9sil)<\/p>\n<\/td>\n<td valign=\"top\">\n<p>13\u00a0\u00a0Portinari &#8211; Guerra e Paz<\/p>\n<\/td>\n<\/tr>\n<tr>\n<td valign=\"top\">\n<p><a href=\"http:\/\/www.artchiviumlab.com\/\" target=\"_blank\"><b>ARTCHIVIUMlab<\/b><\/a> (France)<\/p>\n<\/td>\n<td valign=\"top\">\n<p>14\u00a0\u00a0Les exp\u00e9ditions Anski<\/p>\n<\/td>\n<\/tr>\n<tr>\n<td colspan=\"2\" valign=\"top\">\n<h3>MOYEN M\u00c9TRAGE<\/h3>\n<\/td>\n<\/tr>\n<tr>\n<td valign=\"top\">\n<p><a href=\"http:\/\/www.npm.gov.tw\/en\/home.htm\" target=\"_blank\"><b>National Palace Museum<\/b><\/a> (Taiwan)<\/p>\n<\/td>\n<td valign=\"top\">\n<p>1\u00a0\u00a0\u00a0 The Heavenly Spirit of Calligraphy [19:00]<\/p>\n<\/td>\n<\/tr>\n<tr>\n<td valign=\"top\"><\/td>\n<td valign=\"top\">\n<p>2\u00a0\u00a0\u00a0 Journeying from Past to Present: A Life of Refined Tastes [13:00]<\/p>\n<\/td>\n<\/tr>\n<tr>\n<td valign=\"top\">\n<p><a href=\"http:\/\/www.quaibranly.fr\/en\/\" target=\"_blank\"><b>Mus\u00e9e du quai Branly<\/b><\/a> (France)<\/p>\n<\/td>\n<td valign=\"top\">\n<p>3\u00a0\u00a0\u00a0 M\u00e2t du clan de la grenouille [26:00]<\/p>\n<\/td>\n<\/tr>\n<tr>\n<td valign=\"top\"><\/td>\n<td valign=\"top\">\n<p>4\u00a0\u00a0\u00a0 Ethiopian Magic Scroll [26:00]<\/p>\n<\/td>\n<\/tr>\n<tr>\n<td valign=\"top\">\n<p><b>Collettivo Michaux<\/b> (Italie)<\/p>\n<\/td>\n<td valign=\"top\">\n<p>5\u00a0\u00a0\u00a0 Ritratto di Famiglia [15:00]<\/p>\n<\/td>\n<\/tr>\n<tr>\n<td valign=\"top\">\n<p><a href=\"http:\/\/www.cineca.it\/fr\" target=\"_blank\"><b>CINECA Interuniversity Consortium<\/b><\/a> (Italie)<\/p>\n<\/td>\n<td valign=\"top\">\n<p>6\u00a0\u00a0\u00a0 Apa l&#8217;Etrusco [16:00]<\/p>\n<\/td>\n<\/tr>\n<tr>\n<td colspan=\"2\" valign=\"top\">\n<h3>LONG M\u00c9TRAGE<\/h3>\n<\/td>\n<\/tr>\n<tr>\n<td valign=\"top\">\n<p><a href=\"http:\/\/www.aviation.technomuses.ca\/\" target=\"_blank\"><b>Mus\u00e9e de l&#8217;aviation et de l&#8217;espace du Canada<\/b><\/a> (Canada)\u00a0\u00a0<\/p>\n<\/td>\n<td valign=\"top\">\n<p>1\u00a0\u00a0\u00a0 Les voix du Mus\u00e9e de l&#8217;aviation et de l&#8217;espace du Canada [47:00]<\/p>\n<\/td>\n<\/tr>\n<tr>\n<td colspan=\"2\" valign=\"top\">\n<p>\u00a0<\/p>\n<h1>Cat\u00e9gorie multim\u00e9dia<\/h1>\n<\/td>\n<\/tr>\n<tr>\n<td colspan=\"2\" valign=\"top\">\n<h3>MULTIM\u00c9DI&#8217;ART : CD-Rom ou DVD-Rom<\/h3>\n<\/td>\n<\/tr>\n<tr>\n<td valign=\"top\">\n<p><b>Mus\u00e9e des cultures guyanaises<\/b> (France)<\/p>\n<\/td>\n<td valign=\"top\">\n<p>1\u00a0\u00a0\u00a0 Le mus\u00e9e virtuel<\/p>\n<\/td>\n<\/tr>\n<tr>\n<td valign=\"top\">\n<p><a href=\"http:\/\/www.dd.lv\/en\" target=\"_blank\"><b>Dd studio<\/b><\/a> (Lettonie)<\/p>\n<\/td>\n<td valign=\"top\">\n<p>2\u00a0\u00a0\u00a0 From Modernism to Postmodernism<\/p>\n<\/td>\n<\/tr>\n<tr>\n<td colspan=\"2\" valign=\"top\">\n<h3>WEB&#8217;ART : site internet<\/h3>\n<\/td>\n<\/tr>\n<tr>\n<td valign=\"top\">\n<p><a href=\"http:\/\/www.kirchen.net\/dommuseum\/\" target=\"_blank\"><b>Dommuseum zu Salzburg<\/b><\/a> (Autriche)<\/p>\n<\/td>\n<td valign=\"top\">\n<p>1\u00a0\u00a0\u00a0 <a href=\"http:\/\/MeinDeinDom.at\" target=\"_blank\">MeinDeinDom.at<\/a> &#8211; Salzburg Cathedr\u00e4l&#8217;s new homepage &#8211; made by young people for young people <\/p>\n<\/td>\n<\/tr>\n<tr>\n<td valign=\"top\">\n<p><a href=\"http:\/\/pacmusee.qc.ca\/fr\/accueil\" target=\"_blank\"><b>Pointe-\u00e0-Calli\u00e8re<\/b><\/a> (Canada)<\/p>\n<\/td>\n<td valign=\"top\">\n<p>2\u00a0\u00a0\u00a0 <a href=\"http:\/\/signemontreal.com\/\" target=\"_blank\">Sign\u00e9 Montr\u00e9al<\/a><\/p>\n<\/td>\n<\/tr>\n<tr>\n<td valign=\"top\">\n<p><a href=\"http:\/\/dhc-art.org\/\" target=\"_blank\"><b>DHC\/ART Fondation pour l&#8217;art contemporain<\/b><\/a> (Canada)<\/p>\n<\/td>\n<td valign=\"top\">\n<p>3\u00a0\u00a0\u00a0 <a href=\"http:\/\/dhc-art.org\/\" target=\"_blank\">Site internet de la Fondation<\/a><\/p>\n<\/td>\n<\/tr>\n<tr>\n<td valign=\"top\">\n<p><a href=\"http:\/\/www.institutculturelcri.ca\/fr\/\" target=\"_blank\"><b>Aanischaaukamikw l&#8217;Institut culturel cri<\/b><\/a> (Canada)<\/p>\n<\/td>\n<td valign=\"top\">\n<p>4\u00a0\u00a0\u00a0 M\u00eeshkut\u00fbunimat\u00fbut\u00e2u (Let&#8217;s Exchange) Project<\/p>\n<\/td>\n<\/tr>\n<tr>\n<td valign=\"top\">\n<p><a href=\"http:\/\/www.hybrideditions.com\/fr\/\" target=\"_blank\"><b>Hybrid \u00c9ditions Multim\u00e9dia<\/b><\/a> (France)<\/p>\n<\/td>\n<td valign=\"top\">\n<p>5\u00a0\u00a0\u00a0 <a href=\"http:\/\/www.museebasque.com\/\" target=\"_blank\">Mus\u00e9e Basque et de l&#8217;histoire de la ville de Bayonne<\/a><\/p>\n<\/td>\n<\/tr>\n<tr>\n<td valign=\"top\">\n<p>\u00a0<\/p>\n<\/td>\n<td valign=\"top\">\n<p>6\u00a0\u00a0\u00a0 <a href=\"http:\/\/www.whereuart.com\/\" target=\"_blank\">WhereUart<\/a><\/p>\n<\/td>\n<\/tr>\n<tr>\n<td colspan=\"2\" valign=\"top\">\n<h3>SPECIAL WEB&#8217;ART : programme ou exposition en ligne<\/h3>\n<\/td>\n<\/tr>\n<tr>\n<td valign=\"top\">\n<p><a href=\"http:\/\/www.centredessciencesdemontreal.com\/\" target=\"_blank\"><b>Centre des sciences de Montr\u00e9al<\/b><\/a> (Canada)<\/p>\n<\/td>\n<td valign=\"top\">\n<p>1\u00a0\u00a0\u00a0 Branle-bas de combat! La vie au port de Montr\u00e9al, 1939-1945<\/p>\n<\/td>\n<\/tr>\n<tr>\n<td valign=\"top\">\n<p><a href=\"http:\/\/www.civilisations.ca\/accueil\" target=\"_blank\"><b>Canadian Museum of Civilization<\/b><\/a> (Canada)<\/p>\n<\/td>\n<td valign=\"top\">\n<p>2\u00a0\u00a0\u00a0 Virtual Museum of New France<\/p>\n<\/td>\n<\/tr>\n<tr>\n<td valign=\"top\"><\/td>\n<td valign=\"top\">\n<p>3\u00a0\u00a0\u00a0 Canada&#8217;s naval history<\/p>\n<\/td>\n<\/tr>\n<tr>\n<td valign=\"top\"><\/td>\n<td valign=\"top\">\n<p>4\u00a0\u00a0\u00a0 1812<\/p>\n<\/td>\n<\/tr>\n<tr>\n<td valign=\"top\">\n<p><a href=\"http:\/\/nt2.uqam.ca\/\" target=\"_blank\"><b>NT2<\/b><\/a> (Canada)<\/p>\n<\/td>\n<td valign=\"top\">\n<p>5\u00a0\u00a0\u00a0 Ab\u00e9c\u00e9daire du Web<\/p>\n<\/td>\n<\/tr>\n<tr>\n<td valign=\"top\">\n<p><a href=\"http:\/\/www.sistemasfuturo.pt\/\" target=\"_blank\"><b>Sistemas do Futuro<\/b><\/a> (Portugal)<\/p>\n<\/td>\n<td valign=\"top\">\n<p>6\u00a0\u00a0\u00a0 Ludi Saeculares<\/p>\n<\/td>\n<\/tr>\n<tr>\n<td colspan=\"2\" valign=\"top\">\n<h3>MULTIM\u00c9DI&#8217;ART INTERACTIF : bornes interactives, audioguides, applications mobiles<\/h3>\n<\/td>\n<\/tr>\n<tr>\n<td valign=\"top\">\n<p><a href=\"http:\/\/www.centredessciencesdemontreal.com\/\" target=\"_blank\"><b>Centre des sciences de Montr\u00e9al<\/b><\/a> (Canada)<\/p>\n<\/td>\n<td valign=\"top\">\n<p>1\u00a0\u00a0\u00a0 Cinq g\u00e9n\u00e9rations, un port &#8211; Parcours audioguid\u00e9<\/p>\n<\/td>\n<\/tr>\n<tr>\n<td valign=\"top\">\n<p><a href=\"http:\/\/www.npm.gov.tw\/en\/home.htm\" target=\"_blank\"><b>National Palace Museum<\/b><\/a> (Taiwan)<\/p>\n<\/td>\n<td valign=\"top\">\n<p>2\u00a0\u00a0\u00a0 Must-See Paintings and Calligraphy Interactive Tabletop <\/p>\n<\/td>\n<\/tr>\n<tr>\n<td valign=\"top\"><\/td>\n<td valign=\"top\">\n<p>3\u00a0\u00a0\u00a0 Turning Rust Into Gold<\/p>\n<\/td>\n<\/tr>\n<tr>\n<td valign=\"top\">\n<p><a href=\"http:\/\/www.museum-spittal.com\/\" target=\"_blank\"><b>Museum of Folkart &amp; Tradition<\/b><\/a> (Autriche)<\/p>\n<\/td>\n<td valign=\"top\">\n<p>4\u00a0\u00a0\u00a0 Smartphone Audioguide<\/p>\n<\/td>\n<\/tr>\n<tr>\n<td valign=\"top\">\n<p><a href=\"http:\/\/dhc-art.org\/\" target=\"_blank\"><b>DHC\/ART Fondation pour l&#8217;art contemporain<\/b><\/a> (Canada)<\/p>\n<\/td>\n<td valign=\"top\">\n<p>5\u00a0\u00a0\u00a0 Application iPhone DHC\/ART<\/p>\n<\/td>\n<\/tr>\n<tr>\n<td valign=\"top\">\n<p><a href=\"http:\/\/www.dd.lv\/en\" target=\"_blank\"><b>Dd studio<\/b><\/a> (Lettonie)<\/p>\n<\/td>\n<td valign=\"top\">\n<p>6\u00a0\u00a0\u00a0 Program &#8220;Animation&#8221; for Riga Film Museum (kiosk)<\/p>\n<\/td>\n<\/tr>\n<tr>\n<td valign=\"top\"><\/td>\n<td valign=\"top\">\n<p>7\u00a0\u00a0\u00a0 Petroglyphs of the world<\/p>\n<\/td>\n<\/tr>\n<tr>\n<td valign=\"top\">\n<p><a href=\"http:\/\/www.id3.com\/#\/fr\/\" target=\"_blank\"><b>Id\u00e9es au cube<\/b><\/a> (Canada)<\/p>\n<\/td>\n<td valign=\"top\">\n<p>8\u00a0\u00a0\u00a0 Montr\u00e9al, ville fortifi\u00e9e<\/p>\n<\/td>\n<\/tr>\n<tr>\n<td valign=\"top\">\n<p><a href=\"http:\/\/pacmusee.qc.ca\/fr\/accueil\" target=\"_blank\"><b>Pointe-\u00e0-Calli\u00e8re<\/b><\/a> (Canada)<\/p>\n<\/td>\n<td valign=\"top\">\n<p>9\u00a0\u00a0\u00a0 Ici naquit Montr\u00e9al<\/p>\n<\/td>\n<\/tr>\n<tr>\n<td valign=\"top\">\n<p><a href=\"http:\/\/on1.zkm.de\/zkm\/e\/\" target=\"_blank\"><b>ZKM | Center for Art and Media Karlsruhe<\/b><\/a> (Allemagne)<\/p>\n<\/td>\n<td valign=\"top\">\n<p>10\u00a0\u00a0Sonor Field<\/p>\n<\/td>\n<\/tr>\n<tr>\n<td valign=\"top\"><\/td>\n<td valign=\"top\">\n<p>11\u00a0\u00a0SoundART<\/p>\n<\/td>\n<\/tr>\n<tr>\n<td valign=\"top\"><\/td>\n<td valign=\"top\">\n<p>12\u00a0\u00a0Traffic<\/p>\n<\/td>\n<\/tr>\n<tr>\n<td valign=\"top\"><\/td>\n<td valign=\"top\">\n<p>13\u00a0\u00a0App Art Award <\/p>\n<\/td>\n<\/tr>\n<tr>\n<td valign=\"top\">\n<p><a href=\"http:\/\/www.mcq.org\/index_fr.php\" target=\"_blank\"><b>Mus\u00e9e de la civilisation<\/b><\/a> (Canada)<\/p>\n<\/td>\n<td valign=\"top\">\n<p>14\u00a0\u00a0Application mobile du Mus\u00e9e : MCQ <\/p>\n<\/td>\n<\/tr>\n<tr>\n<td valign=\"top\"><\/td>\n<td valign=\"top\">\n<p>15\u00a0\u00a0Application mobile du Mus\u00e9e : Parcours LSQ<\/p>\n<\/td>\n<\/tr>\n<tr>\n<td valign=\"top\">\n<p><a href=\"http:\/\/www.civilisations.ca\/accueil\" target=\"_blank\"><b>Canadian Museum of Civilization<\/b><\/a> (Canada)<\/p>\n<\/td>\n<td valign=\"top\">\n<p>16\u00a0\u00a0Canadian War Museum mobile application<\/p>\n<\/td>\n<\/tr>\n<tr>\n<td valign=\"top\"><\/td>\n<td valign=\"top\">\n<p>17\u00a0\u00a0GOD(s): A User&#8217;s Guide<\/p>\n<\/td>\n<\/tr>\n<tr>\n<td valign=\"top\">\n<p><a href=\"http:\/\/www.mopa.org\/\" target=\"_blank\"><b>Museum of Photographic Arts<\/b><\/a> (USA)<\/p>\n<\/td>\n<td valign=\"top\">\n<p>18\u00a0\u00a0Soapbox! The Audience Speaks<\/p>\n<\/td>\n<\/tr>\n<tr>\n<td valign=\"top\">\n<p><a href=\"http:\/\/www.mccord-museum.qc.ca\/fr\/\" target=\"_blank\"><b>Mus\u00e9e McCord<\/b><\/a> (Canada)<\/p>\n<\/td>\n<td valign=\"top\">\n<p>19\u00a0\u00a0Mus\u00e9e urbain MTL<\/p>\n<\/td>\n<\/tr>\n<tr>\n<td valign=\"top\">\n<p><a href=\"http:\/\/www.capitaleducanada.gc.ca\/\" target=\"_blank\"><b>Commission de la capitale nationale<\/b><\/a> (Canada)<\/p>\n<\/td>\n<td valign=\"top\">\n<p>20\u00a0\u00a0D\u00e9cod&#8217;ART (Decoding ART)<\/p>\n<\/td>\n<\/tr>\n<tr>\n<td valign=\"top\">\n<p><a href=\"http:\/\/www.sistemasfuturo.pt\/\" target=\"_blank\"><b>Sistemas do Futuro<\/b><\/a> (Portugal)<\/p>\n<\/td>\n<td valign=\"top\">\n<p>21\u00a0\u00a0Marvelous Douro Route<\/p>\n<\/td>\n<\/tr>\n<tr>\n<td valign=\"top\">\n<p><a href=\"http:\/\/www.artchiviumlab.com\/\" target=\"_blank\"><b>ARTCHIVIUMlab<\/b><\/a> (France)<\/p>\n<\/td>\n<td valign=\"top\">\n<p>22\u00a0\u00a0Le massacre des innocents<\/p>\n<\/td>\n<\/tr>\n<tr>\n<td colspan=\"2\" valign=\"top\">\n<h3>MUS\u00c9OGRAPHIE NOUVELLE<\/h3>\n<\/td>\n<\/tr>\n<tr>\n<td valign=\"top\">\n<p><a href=\"http:\/\/www.capitaleducanada.gc.ca\/\" target=\"_blank\"><b>Commission de la capitale nationale<\/b><\/a> (Canada)<\/p>\n<\/td>\n<td valign=\"top\">\n<p>1\u00a0\u00a0\u00a0 Mosaika. Le Canada racont\u00e9 par son peuple <\/p>\n<\/td>\n<\/tr>\n<tr>\n<td valign=\"top\">\n<p><a href=\"http:\/\/www.dd.lv\/en\" target=\"_blank\"><b>Dd studio<\/b><\/a> (Lettonie)<\/p>\n<\/td>\n<td valign=\"top\">\n<p>2\u00a0\u00a0\u00a0 Museum permanent exhibition in Gobustan&#8217;s National Historical-Artistic Preserve museum<\/p>\n<\/td>\n<\/tr>\n<tr>\n<td valign=\"top\">\n<p><a href=\"http:\/\/www.id3.com\/#\/fr\/\" target=\"_blank\"><b>Id\u00e9es au cube<\/b><\/a>  (Canada)<\/p>\n<\/td>\n<td valign=\"top\">\n<p>3\u00a0\u00a0\u00a0 Terra Mutant\u00e8s. Exp\u00e9rience sensorielle renversante<\/p>\n<\/td>\n<\/tr>\n<tr>\n<td valign=\"top\">\n<p><a href=\"http:\/\/www.mbam.qc.ca\/\" target=\"_blank\"><b>Mus\u00e9e des beaux-arts de Montr\u00e9al <\/b><\/a>(Canada) <\/p>\n<\/td>\n<td valign=\"top\">\n<p>4\u00a0\u00a0\u00a0 La plan\u00e8te mode de Jean-Paul Gaultier. De la rue aux \u00e9toiles<\/p>\n<\/td>\n<\/tr>\n<tr>\n<td valign=\"top\">\n<p><a href=\"http:\/\/pacmusee.qc.ca\/fr\/accueil\" target=\"_blank\"><b>Pointe-\u00e0-Calli\u00e8re<\/b><\/a> (Canada)<\/p>\n<\/td>\n<td valign=\"top\">\n<p>5\u00a0\u00a0\u00a0 Sign\u00e9 Montr\u00e9al<\/p>\n<\/td>\n<\/tr>\n<tr>\n<td valign=\"top\">\n<p><a href=\"http:\/\/allardpiersonmuseum.nl\/english\/\" target=\"_blank\"><b>Allard Pierson Museum<\/b><\/a> (Pays-Bas)<\/p>\n<\/td>\n<td valign=\"top\">\n<p>6\u00a0\u00a0\u00a0 Etruscanning 3D<\/p>\n<\/td>\n<\/tr>\n<\/tbody>\n<\/table>\n<p> <!--  Text: [end] --><!--  \t\tBEGIN: Content of extension \"hpo_relatedlink\", plugin \"tx_hporelatedlink_pi1\"  \t--><\/p>\n<div> \t\t \t<\/div>\n<p> \t \t<!-- END: Content of extension \"hpo_relatedlink\", plugin \"tx_hporelatedlink_pi1\" -->  \t<\/div>\n<p> \t<!--  CONTENT ELEMENT, uid:5445\/text [end] --> \t\t<!--TYPO3SEARCH_end--> <\/div>\n","protected":false},"excerpt":{"rendered":"<p>En septembre, le comit\u00e9 AVICOM d\u00e9voilera les finalistes dans chaque cat\u00e9gorie. Les r\u00e9alisations en finale seront pr\u00e9sent\u00e9es aux d\u00e9l\u00e9gu\u00e9s lors du colloque avant la remise officielle des prix, le jeudi 11 octobre 2012 au Centre Canadien d\u2019Architecture. Cat\u00e9gorie audiovisuel COURT-M\u00c9TRAGE National Palace Museum (Taiwan) 1 \u00a0\u00a0 Adventures in NPM: meet the painting and calligraphy masterpieces [&hellip;]<\/p>\n","protected":false},"author":1,"featured_media":0,"parent":614,"menu_order":0,"comment_status":"closed","ping_status":"closed","template":"","meta":{"footnotes":""},"yst_prominent_words":[],"acf":[],"_links":{"self":[{"href":"https:\/\/avicom.mini.icom.museum\/fr\/wp-json\/wp\/v2\/pages\/934"}],"collection":[{"href":"https:\/\/avicom.mini.icom.museum\/fr\/wp-json\/wp\/v2\/pages"}],"about":[{"href":"https:\/\/avicom.mini.icom.museum\/fr\/wp-json\/wp\/v2\/types\/page"}],"author":[{"embeddable":true,"href":"https:\/\/avicom.mini.icom.museum\/fr\/wp-json\/wp\/v2\/users\/1"}],"replies":[{"embeddable":true,"href":"https:\/\/avicom.mini.icom.museum\/fr\/wp-json\/wp\/v2\/comments?post=934"}],"version-history":[{"count":1,"href":"https:\/\/avicom.mini.icom.museum\/fr\/wp-json\/wp\/v2\/pages\/934\/revisions"}],"predecessor-version":[{"id":2026,"href":"https:\/\/avicom.mini.icom.museum\/fr\/wp-json\/wp\/v2\/pages\/934\/revisions\/2026"}],"up":[{"embeddable":true,"href":"https:\/\/avicom.mini.icom.museum\/fr\/wp-json\/wp\/v2\/pages\/614"}],"wp:attachment":[{"href":"https:\/\/avicom.mini.icom.museum\/fr\/wp-json\/wp\/v2\/media?parent=934"}],"wp:term":[{"taxonomy":"yst_prominent_words","embeddable":true,"href":"https:\/\/avicom.mini.icom.museum\/fr\/wp-json\/wp\/v2\/yst_prominent_words?post=934"}],"curies":[{"name":"wp","href":"https:\/\/api.w.org\/{rel}","templated":true}]}}