{"id":936,"date":"2019-01-03T20:38:58","date_gmt":"2019-01-03T20:38:58","guid":{"rendered":"http:\/\/avicom.icom.cust.oxymium.net\/archives\/2012-2\/le-site-web-davicom\/"},"modified":"2019-01-03T20:46:16","modified_gmt":"2019-01-03T20:46:16","slug":"le-site-web-davicom","status":"publish","type":"page","link":"https:\/\/avicom.mini.icom.museum\/fr\/archives\/2012-2\/le-site-web-davicom\/","title":{"rendered":"Le site Web d&#8217;AVICOM"},"content":{"rendered":"<div id=\"RTE_CONTENT\"> <!--TYPO3SEARCH_begin--> \t<!--  CONTENT ELEMENT, uid:7355\/text [begin] --> \t\t<\/p>\n<div id=\"c7355\"> \t\t<!--  Text: [begin] --> \t\t\t<\/p>\n<p>Depuis quelques ann\u00e9es, des mus\u00e9es disposent d&#8217;applications mobiles pour bonifier leurs expositions et collections. Le Web est aussi une pr\u00e9sence certaine dans le domaine de mus\u00e9e avec des sites d&#8217;exposition et des archives num\u00e9riques en ligne donnant \u00e0 l&#8217;utilisateur un acc\u00e8s sans pr\u00e9c\u00e9dent \u00e0 de riches collections mus\u00e9ales.<\/p>\n<h3>Le site Web d&#8217;AVICOM vous appartient.<\/h3>\n<p><a href=\"mailto:jlapalme@museesmontreal.org\">Aidez-nous<\/a> \u00e0 le d\u00e9velopper. Nous le mettrons \u00e0 jour  gr\u00e2ce \u00e0 vos suggestions.<\/p>\n<ul>\n<li> <a href=\"http:\/\/avicom.icom.cust.oxymium.net\/technologies\/reseaux-sociaux\/\" title=\"Opens internal link in current window\"><strong>R\u00e9seaux sociaux<\/strong><\/a>\u00a0: les r\u00e9seaux sociaux dans le domaine mus\u00e9al que vous affectionnez<\/li>\n<li> <a href=\"http:\/\/avicom.icom.cust.oxymium.net\/technologies\/applications-mobiles\/\" title=\"Opens internal link in current window\"><strong>Applications mobiles<\/strong><\/a>\u00a0: vos applications mobiles mus\u00e9ales pr\u00e9f\u00e9r\u00e9es<\/li>\n<li> <a href=\"http:\/\/avicom.icom.cust.oxymium.net\/technologies\/audiovisuel\/\" title=\"Opens internal link in current window\"><strong>Audiovisue<\/strong>l<\/a>\u00a0: vos vid\u00e9os mus\u00e9ales pr\u00e9f\u00e9r\u00e9es <\/li>\n<li> <a href=\"http:\/\/avicom.icom.cust.oxymium.net\/technologies\/archives-numeriques\/\" title=\"Opens internal link in current window\"><strong>Archives num\u00e9riques<\/strong><\/a>\u00a0: les archives num\u00e9riques auxquelles vous faites souvent recours<\/li>\n<li> <a href=\"http:\/\/avicom.icom.cust.oxymium.net\/technologies\/technologies\/\" title=\"Opens internal link in current window\"><strong>Technologies<\/strong><\/a>\u00a0: les technologies de pointe qui transforment la mus\u00e9ologie <\/li>\n<li> <a href=\"http:\/\/avicom.icom.cust.oxymium.net\/technologies\/sites-web\/\" title=\"Opens internal link in current window\"><strong>Sites Web<\/strong><\/a>\u00a0: vos sites pr\u00e9f\u00e9r\u00e9s <\/li>\n<\/ul>\n<h2>Les avantages \u00e0 \u00eatre membre d\u2019AVICOM<\/h2>\n<p> Comme Institution mus\u00e9ologique vous pouvez promouvoir votre Mus\u00e9e sur le  site AVICOM en nous acheminant une photographie et un court texte institutionnel. De courts textes informatifs sur le th\u00e8me des technologies et des mus\u00e9es sont \u00e9galement bienvenus. <a href=\"mailto:manon.blanchette@me.com\">Veuillez nous contacter<\/a> afin que nous puissions les publier sur le site Web d&#8217;AVICOM. <\/p>\n<p> \t\t<!--  Text: [end] --> \t\t\t   \t<!--  \t\tBEGIN: Content of extension \"hpo_relatedlink\", plugin \"tx_hporelatedlink_pi1\"  \t--> \t<\/p>\n<div> \t\t \t<\/div>\n<p> \t \t<!-- END: Content of extension \"hpo_relatedlink\", plugin \"tx_hporelatedlink_pi1\" -->  \t<\/div>\n<p> \t<!--  CONTENT ELEMENT, uid:7355\/text [end] --> \t\t<!--TYPO3SEARCH_end--> <\/div>\n","protected":false},"excerpt":{"rendered":"<p>Depuis quelques ann\u00e9es, des mus\u00e9es disposent d&#8217;applications mobiles pour bonifier leurs expositions et collections. Le Web est aussi une pr\u00e9sence certaine dans le domaine de mus\u00e9e avec des sites d&#8217;exposition et des archives num\u00e9riques en ligne donnant \u00e0 l&#8217;utilisateur un acc\u00e8s sans pr\u00e9c\u00e9dent \u00e0 de riches collections mus\u00e9ales. Le site Web d&#8217;AVICOM vous appartient. Aidez-nous [&hellip;]<\/p>\n","protected":false},"author":1,"featured_media":0,"parent":614,"menu_order":1,"comment_status":"closed","ping_status":"closed","template":"","meta":{"footnotes":""},"yst_prominent_words":[],"acf":[],"_links":{"self":[{"href":"https:\/\/avicom.mini.icom.museum\/fr\/wp-json\/wp\/v2\/pages\/936"}],"collection":[{"href":"https:\/\/avicom.mini.icom.museum\/fr\/wp-json\/wp\/v2\/pages"}],"about":[{"href":"https:\/\/avicom.mini.icom.museum\/fr\/wp-json\/wp\/v2\/types\/page"}],"author":[{"embeddable":true,"href":"https:\/\/avicom.mini.icom.museum\/fr\/wp-json\/wp\/v2\/users\/1"}],"replies":[{"embeddable":true,"href":"https:\/\/avicom.mini.icom.museum\/fr\/wp-json\/wp\/v2\/comments?post=936"}],"version-history":[{"count":1,"href":"https:\/\/avicom.mini.icom.museum\/fr\/wp-json\/wp\/v2\/pages\/936\/revisions"}],"predecessor-version":[{"id":2025,"href":"https:\/\/avicom.mini.icom.museum\/fr\/wp-json\/wp\/v2\/pages\/936\/revisions\/2025"}],"up":[{"embeddable":true,"href":"https:\/\/avicom.mini.icom.museum\/fr\/wp-json\/wp\/v2\/pages\/614"}],"wp:attachment":[{"href":"https:\/\/avicom.mini.icom.museum\/fr\/wp-json\/wp\/v2\/media?parent=936"}],"wp:term":[{"taxonomy":"yst_prominent_words","embeddable":true,"href":"https:\/\/avicom.mini.icom.museum\/fr\/wp-json\/wp\/v2\/yst_prominent_words?post=936"}],"curies":[{"name":"wp","href":"https:\/\/api.w.org\/{rel}","templated":true}]}}