{"id":964,"date":"2019-01-03T20:39:17","date_gmt":"2019-01-03T20:39:17","guid":{"rendered":"http:\/\/avicom.icom.cust.oxymium.net\/archives\/2011-2\/mot-de-la-presidente-15-decembre-2011\/"},"modified":"2019-01-03T20:46:15","modified_gmt":"2019-01-03T20:46:15","slug":"mot-de-la-presidente-15-decembre-2011","status":"publish","type":"page","link":"https:\/\/avicom.mini.icom.museum\/fr\/archives\/2011-2\/mot-de-la-presidente-15-decembre-2011\/","title":{"rendered":"Mot de la pr\u00e9sidente : 15 d\u00e9cembre 2011"},"content":{"rendered":"<div id=\"RTE_CONTENT\"> <!--TYPO3SEARCH_begin--> \t<!--  CONTENT ELEMENT, uid:6391\/textpic [begin] --> \t\t<\/p>\n<div id=\"c6391\"> \t\t<!--  Image block: [begin] --> \t\t\t<\/p>\n<div>\n<div><img decoding=\"async\" src=\"http:\/\/avicom.mini.icom.museum\/wp-content\/uploads\/sites\/3\/2019\/01\/Encart_Manon_Blanchette_15.jpg\" alt=\"\"><\/div>\n<div> \t\t<!--  Text: [begin] --> \t\t\t<\/p>\n<h4>Montr\u00e9al le 15 decembre 2011<\/h4>\n<h2>Joyeuses f\u00eates <\/h2>\n<p>Chers membres d\u2019AVICOM, <\/p>\n<p>\u00c0 l\u2019approche des f\u00eates, permettez-moi de vous souhaiter une  ann\u00e9e de succ\u00e8s pour vous-m\u00eames et pour les mus\u00e9es dans lesquels vous \u00eates  impliqu\u00e9s. \u00a0 <\/p>\n<p>\u00c0 l\u2019aube de 2012, je vous rappelle \u00e9galement que c\u2019est \u00e0  Montr\u00e9al du 9 au 12 octobre que je vous donne rendez-vous. D\u2019ailleurs,  l\u2019organisation de la rencontre va tr\u00e8s bien. Plusieurs nouveaux partenaires ont  accept\u00e9 de travailler avec nous pour vous accueillir dans le Montr\u00e9al que nous  aimons et qui saura vous plaire.\u00a0\u00a0  <\/p>\n<p>Je vous invite \u00e0 prendre connaissance des documents  d\u2019enregistrement de vos conf\u00e9rences. N\u2019oubliez pas qu\u2019AVICOM est une plateforme  d\u2019\u00e9change qui est riche de chacune de vos collaborations.  <\/p>\n<p>Ne tardez donc pas,  inscrivez vos sujets de communications et les documents audio-visuels que vous  aimeriez voir r\u00e9compenser par le Jury.  <\/p>\n<p>\u00a0<\/p>\n<p>Manon Blanchette Ph.D.<br \/>   Pr\u00e9sidente d&#8217;AVICOM<\/p>\n<p> \t\t<!--  Text: [end] --> \t\t\t<\/div>\n<\/p><\/div>\n<div><!-- --><\/div>\n<p> \t\t<!--  Image block: [end] --> \t\t\t   \t<!--  \t\tBEGIN: Content of extension \"hpo_relatedlink\", plugin \"tx_hporelatedlink_pi1\"  \t--> \t<\/p>\n<div> \t\t \t<\/div>\n<p> \t \t<!-- END: Content of extension \"hpo_relatedlink\", plugin \"tx_hporelatedlink_pi1\" -->  \t<\/div>\n<p> \t<!--  CONTENT ELEMENT, uid:6391\/textpic [end] --> \t\t<!--TYPO3SEARCH_end--> <\/div>\n","protected":false},"excerpt":{"rendered":"<p>Montr\u00e9al le 15 decembre 2011 Joyeuses f\u00eates Chers membres d\u2019AVICOM, \u00c0 l\u2019approche des f\u00eates, permettez-moi de vous souhaiter une ann\u00e9e de succ\u00e8s pour vous-m\u00eames et pour les mus\u00e9es dans lesquels vous \u00eates impliqu\u00e9s. \u00a0 \u00c0 l\u2019aube de 2012, je vous rappelle \u00e9galement que c\u2019est \u00e0 Montr\u00e9al du 9 au 12 octobre que je vous donne [&hellip;]<\/p>\n","protected":false},"author":1,"featured_media":0,"parent":616,"menu_order":3,"comment_status":"closed","ping_status":"closed","template":"","meta":{"footnotes":""},"yst_prominent_words":[],"acf":[],"_links":{"self":[{"href":"https:\/\/avicom.mini.icom.museum\/fr\/wp-json\/wp\/v2\/pages\/964"}],"collection":[{"href":"https:\/\/avicom.mini.icom.museum\/fr\/wp-json\/wp\/v2\/pages"}],"about":[{"href":"https:\/\/avicom.mini.icom.museum\/fr\/wp-json\/wp\/v2\/types\/page"}],"author":[{"embeddable":true,"href":"https:\/\/avicom.mini.icom.museum\/fr\/wp-json\/wp\/v2\/users\/1"}],"replies":[{"embeddable":true,"href":"https:\/\/avicom.mini.icom.museum\/fr\/wp-json\/wp\/v2\/comments?post=964"}],"version-history":[{"count":1,"href":"https:\/\/avicom.mini.icom.museum\/fr\/wp-json\/wp\/v2\/pages\/964\/revisions"}],"predecessor-version":[{"id":2019,"href":"https:\/\/avicom.mini.icom.museum\/fr\/wp-json\/wp\/v2\/pages\/964\/revisions\/2019"}],"up":[{"embeddable":true,"href":"https:\/\/avicom.mini.icom.museum\/fr\/wp-json\/wp\/v2\/pages\/616"}],"wp:attachment":[{"href":"https:\/\/avicom.mini.icom.museum\/fr\/wp-json\/wp\/v2\/media?parent=964"}],"wp:term":[{"taxonomy":"yst_prominent_words","embeddable":true,"href":"https:\/\/avicom.mini.icom.museum\/fr\/wp-json\/wp\/v2\/yst_prominent_words?post=964"}],"curies":[{"name":"wp","href":"https:\/\/api.w.org\/{rel}","templated":true}]}}