{"id":970,"date":"2019-01-03T20:39:19","date_gmt":"2019-01-03T20:39:19","guid":{"rendered":"http:\/\/avicom.icom.cust.oxymium.net\/archives\/2011-2\/nomination-de-la-presidente-2\/"},"modified":"2019-01-03T20:46:15","modified_gmt":"2019-01-03T20:46:15","slug":"nomination-de-la-presidente-2","status":"publish","type":"page","link":"https:\/\/avicom.mini.icom.museum\/fr\/archives\/2011-2\/nomination-de-la-presidente-2\/","title":{"rendered":"Nomination de la pr\u00e9sidente"},"content":{"rendered":"<div id=\"RTE_CONTENT\"> <!--TYPO3SEARCH_begin--> \t<!--  CONTENT ELEMENT, uid:7357\/textpic [begin] --> \t\t<\/p>\n<div id=\"c7357\"> \t\t<!--  Header: [begin] --> \t\t\t<\/p>\n<h2>Archives<\/h2>\n<p> \t\t<!--  Header: [end] --> \t\t\t \t\t<!--  Image block: [begin] --> \t\t\t<\/p>\n<div>\n<div>\n<dl>\n<dt><img decoding=\"async\" src=\"http:\/\/avicom.mini.icom.museum\/wp-content\/uploads\/sites\/3\/2019\/01\/blanchette_manon_312px_bord_14.jpg\" alt=\"\"><\/dt>\n<dd>Manon Blanchette, Ph.D.<\/dd>\n<\/dl>\n<\/div>\n<div> \t\t<!--  Text: [begin] --> \t\t\t<\/p>\n<h2>Manon Blanchette est nomm\u00e9e directrice de l\u2019exploitation \u00e0 Pointe-\u00e0-Calli\u00e8re<\/h2>\n<p>Montr\u00e9al, le 9 d\u00e9cembre 2012 \u2014 Francine Leli\u00e8vre, directrice g\u00e9n\u00e9rale  de Pointe-\u00e0-Calli\u00e8re, mus\u00e9e d\u2019arch\u00e9ologie et d\u2019histoire de Montr\u00e9al, a le  plaisir d\u2019annoncer la nomination de Manon Blanchette au poste de directrice de  l\u2019exploitation.\u00a0 Elle entrera en fonction  le 31 janvier 2012 et \u00e0 ce titre, elle sera responsable de la gestion du  fonctionnement du Mus\u00e9e.  <\/p>\n<p>Manon Blanchette poss\u00e8de une longue exp\u00e9rience dans le domaine  mus\u00e9al et culturel ainsi qu\u2019en administration publique et  financement corporatif. Historienne de l\u2019art et titulaire d\u2019un doctorat de l\u2019Universit\u00e9  du Qu\u00e9bec \u00e0 Montr\u00e9al, elle a occup\u00e9 jusqu\u2019\u00e0 tout r\u00e9cemment le poste de  directrice g\u00e9n\u00e9rale de la Soci\u00e9t\u00e9 des directeurs des mus\u00e9es montr\u00e9alais. Elle a  \u00e9galement occup\u00e9 les postes de conservatrice en chef et de directrice des  communications et du marketing au Mus\u00e9e d\u2019art contemporain de Montr\u00e9al. Elle a aussi  \u00e9t\u00e9 diplomate \u00e0 titre de Conseill\u00e8re culturelle \u00e0 l\u2019Ambassade du Canada \u00e0 Paris  o\u00f9 elle a dirig\u00e9 le Centre culturel canadien. Toujours active au niveau  international, elle est actuellement pr\u00e9sidente du Comit\u00e9 international des  Mus\u00e9es (ICOM Canada) et pr\u00e9sidente du Comit\u00e9 international AVICOM (Comit\u00e9 international  des mus\u00e9es pour l\u2019audiovisuel et les technologies de l\u2019image et du son).\u00a0 <\/p>\n<p>Elle entre en poste au moment o\u00f9 le Mus\u00e9e s\u2019appr\u00eate \u00e0  c\u00e9l\u00e9brer, en 2012, son 20e anniversaire avec une programmation  d\u2019activit\u00e9s et d\u2019\u00e9v\u00e9nements qui seront d\u00e9ploy\u00e9s tout au long de l\u2019ann\u00e9e. Le  Mus\u00e9e a \u00e9galement entam\u00e9 l\u2019an dernier un important projet d\u2019expansion qui  comprend, dans sa phase 1, la r\u00e9habilitation de la Maison-des-Marins dont  l\u2019ouverture est pr\u00e9vue en 2012. \u00c0 plus long terme, le Mus\u00e9e entend cr\u00e9er, d\u2019ici  2017, <i>La  Cit\u00e9 de l\u2019arch\u00e9ologie et de l\u2019histoire<\/i>,  un complexe culturel d\u2019envergure internationale<b> <\/b>d\u00e9clin\u00e9e en neuf lieux, dans le  Vieux-Montr\u00e9al. <\/p>\n<p>\u00a0<\/p>\n<h3>\u00c0  propos de Pointe-\u00e0-Calli\u00e8re<\/h3>\n<p>Seul grand  Mus\u00e9e d\u2019arch\u00e9ologie au Qu\u00e9bec et au Canada, <a href=\"http:\/\/pacmusee.qc.ca\/fr\/medias\/communiques-de-presse\/manon-blanchette-est-nommee-directrice-de-l-exploitation-a-pointe-a-calliere\" target=\"_blank\">Pointe-\u00e0-Calli\u00e8re<\/a> est un complexe  mus\u00e9al \u00e9rig\u00e9 sur une concentration de sites historiques et arch\u00e9ologiques  d\u2019envergure nationale qui permettent de retracer de grands pans de l\u2019histoire  de Montr\u00e9al, du Qu\u00e9bec et du Canada. Inaugur\u00e9 en 1992, \u00e0 l\u2019occasion du 350e  anniversaire de la fondation de Montr\u00e9al, Pointe-\u00e0-Calli\u00e8re a pour mission de  faire aimer et conna\u00eetre l\u2019histoire de la m\u00e9tropole du Qu\u00e9bec et de b\u00e2tir des  liens avec les r\u00e9seaux r\u00e9gionaux, nationaux et internationaux pr\u00e9occup\u00e9s  d\u2019arch\u00e9ologie, d\u2019histoire et d\u2019urbanit\u00e9.  <\/p>\n<p>Source  : \u00a0\u00a0\u00a0\u00a0\u00a0\u00a0\u00a0\u00a0\u00a0\u00a0  <\/p>\n<p><a href=\"mailto:croberge@pacmusee.qc.ca\">Catherine Roberge<\/a><br \/>   Service des  communications<br \/>   Pointe-\u00e0-Calli\u00e8re,  mus\u00e9e d\u2019arch\u00e9ologie et d\u2019histoire de Montr\u00e9al<br \/>   T\u00e9l.  (514) 872-7858<br \/><a href=\"http:\/\/pacmusee.qc.ca\" target=\"_blank\">pacmusee.qc.ca<\/a><\/p>\n<p> \t\t<!--  Text: [end] --> \t\t\t<\/div>\n<\/p><\/div>\n<div><!-- --><\/div>\n<p> \t\t<!--  Image block: [end] --> \t\t\t   \t<!--  \t\tBEGIN: Content of extension \"hpo_relatedlink\", plugin \"tx_hporelatedlink_pi1\"  \t--> \t<\/p>\n<div> \t\t \t<\/div>\n<p> \t \t<!-- END: Content of extension \"hpo_relatedlink\", plugin \"tx_hporelatedlink_pi1\" -->  \t<\/div>\n<p> \t<!--  CONTENT ELEMENT, uid:7357\/textpic [end] --> \t\t<!--TYPO3SEARCH_end--> <\/div>\n","protected":false},"excerpt":{"rendered":"<p>Archives Manon Blanchette, Ph.D. Manon Blanchette est nomm\u00e9e directrice de l\u2019exploitation \u00e0 Pointe-\u00e0-Calli\u00e8re Montr\u00e9al, le 9 d\u00e9cembre 2012 \u2014 Francine Leli\u00e8vre, directrice g\u00e9n\u00e9rale de Pointe-\u00e0-Calli\u00e8re, mus\u00e9e d\u2019arch\u00e9ologie et d\u2019histoire de Montr\u00e9al, a le plaisir d\u2019annoncer la nomination de Manon Blanchette au poste de directrice de l\u2019exploitation.\u00a0 Elle entrera en fonction le 31 janvier 2012 et [&hellip;]<\/p>\n","protected":false},"author":1,"featured_media":0,"parent":616,"menu_order":4,"comment_status":"closed","ping_status":"closed","template":"","meta":{"footnotes":""},"yst_prominent_words":[],"acf":[],"_links":{"self":[{"href":"https:\/\/avicom.mini.icom.museum\/fr\/wp-json\/wp\/v2\/pages\/970"}],"collection":[{"href":"https:\/\/avicom.mini.icom.museum\/fr\/wp-json\/wp\/v2\/pages"}],"about":[{"href":"https:\/\/avicom.mini.icom.museum\/fr\/wp-json\/wp\/v2\/types\/page"}],"author":[{"embeddable":true,"href":"https:\/\/avicom.mini.icom.museum\/fr\/wp-json\/wp\/v2\/users\/1"}],"replies":[{"embeddable":true,"href":"https:\/\/avicom.mini.icom.museum\/fr\/wp-json\/wp\/v2\/comments?post=970"}],"version-history":[{"count":1,"href":"https:\/\/avicom.mini.icom.museum\/fr\/wp-json\/wp\/v2\/pages\/970\/revisions"}],"predecessor-version":[{"id":2018,"href":"https:\/\/avicom.mini.icom.museum\/fr\/wp-json\/wp\/v2\/pages\/970\/revisions\/2018"}],"up":[{"embeddable":true,"href":"https:\/\/avicom.mini.icom.museum\/fr\/wp-json\/wp\/v2\/pages\/616"}],"wp:attachment":[{"href":"https:\/\/avicom.mini.icom.museum\/fr\/wp-json\/wp\/v2\/media?parent=970"}],"wp:term":[{"taxonomy":"yst_prominent_words","embeddable":true,"href":"https:\/\/avicom.mini.icom.museum\/fr\/wp-json\/wp\/v2\/yst_prominent_words?post=970"}],"curies":[{"name":"wp","href":"https:\/\/api.w.org\/{rel}","templated":true}]}}