{"id":976,"date":"2019-01-03T20:39:23","date_gmt":"2019-01-03T20:39:23","guid":{"rendered":"http:\/\/avicom.icom.cust.oxymium.net\/archives\/2011-2\/mot-de-la-presidente-28-septembre-2011\/"},"modified":"2019-01-03T20:46:15","modified_gmt":"2019-01-03T20:46:15","slug":"mot-de-la-presidente-28-septembre-2011","status":"publish","type":"page","link":"https:\/\/avicom.mini.icom.museum\/fr\/archives\/2011-2\/mot-de-la-presidente-28-septembre-2011\/","title":{"rendered":"Mot de la pr\u00e9sidente : 28 septembre 2011"},"content":{"rendered":"<div id=\"RTE_CONTENT\"> <!--TYPO3SEARCH_begin--> \t<!--  CONTENT ELEMENT, uid:6043\/textpic [begin] --> \t\t<\/p>\n<div id=\"c6043\"> \t\t<!--  Image block: [begin] --> \t\t\t<\/p>\n<div>\n<div><img decoding=\"async\" src=\"http:\/\/avicom.mini.icom.museum\/wp-content\/uploads\/sites\/3\/2019\/01\/Encart_Manon_Blanchette_09.jpg\" alt=\"\"><\/div>\n<div> \t\t<!--  Text: [begin] --> \t\t\t<\/p>\n<h4>Montr\u00e9al le 28 septembre 2011<\/h4>\n<h2>Bienvenue sur le nouveau site AVICOM<\/h2>\n<p>Fortement inspir\u00e9 de  l\u2019image de marque d\u2019ICOM, notre site se veut en constante \u00e9volution. Au fil du  temps vous y puiserez des informations pr\u00e9cieuses sur les activit\u00e9s d\u2019AVICOM et  sur l\u2019\u00e9tat de nos recherches. De nombreuses photographies vous d\u00e9criront  \u00e9galement l\u2019atmosph\u00e8re qui r\u00e8gne dans nos rencontres scientifiques et vous  inviteront \u00e0 vous joindre \u00e0 nous. Le nouveau site web a aussi pour but de faire  la promotion des nouvelles publications, et d\u2019annoncer les activit\u00e9s de notre  comit\u00e9.  <\/p>\n<p>Je vous invite \u00e0 visiter la section technologies du site  afin de nous faire part de vos projets. Qu\u2019ils soient li\u00e9s au d\u00e9veloppement de  technologies innovantes, aux mus\u00e9es virtuels, \u00e0 votre site web, \u00e0 la cr\u00e9ation  d\u2019applications mobiles, \u00e0 vos projets audiovisuels, aux bornes interactives, \u00e0  vos r\u00e9seaux sociaux, ou \u00e0 la production DVD-Rom ou de c\u00e9d\u00e9rom, <a href=\"mailto:manon.blanchette@me.com\">nous sommes \u00e0  l\u2019\u00e9coute<\/a>. \u00a0 <\/p>\n<p>\u00a0<\/p>\n<h3>Le prochain FIAMP<\/h3>\n<p>C\u2019est \u00e0 Montr\u00e9al le <a href=\"http:\/\/avicom.icom.cust.oxymium.net\/fiamp\/presentation\/\" title=\"Opens internal link in current window\">9-10-11-12 octobre 2012<\/a> que se tiendra la  r\u00e9union annuelle d\u2019AVICOM et le festival qui s\u2019y rattache. Tous ceux qui  s\u2019int\u00e9ressent au th\u00e8me du d\u00e9veloppement des technologies et la naissance de  nouveaux m\u00e9tiers de la mus\u00e9ologie sont invit\u00e9s \u00e0 nous faire parvenir leur  proposition de conf\u00e9rence par un court texte de 250 mots.  <\/p>\n<p>C\u2019est \u00e0 la m\u00eame occasion que le festival FIAMP reprendra son  envol suite \u00e0 une courte pause en 2011. Visitez r\u00e9guli\u00e8rement notre site afin  d\u2019\u00eatre inform\u00e9s du moment o\u00f9 vous devrez nous faire parvenir vos documents audiovisuels  et num\u00e9riques. Les formulaires d\u2019inscription seront disponible sur le site prochainement et vous  donneront les d\u00e9tails quant au processus de traitement des candidatures pour la comp\u00e9tition, la participation au colloque ainsi que l&#8217;appel de conf\u00e9rence.  <\/p>\n<p>\u00a0<\/p>\n<h3>Rio de Janeiro 2013, appel de candidatures pour  l\u2019organisation du FIAMP et de la conf\u00e9rence annuelle. <\/h3>\n<p>L\u2019organisation d\u2019une conf\u00e9rence et d\u2019un festival n\u00e9cessite  du temps, aussi me fait-il plaisir de vous inviter \u00e0 d\u00e9poser d\u00e8s maintenant votre candidature  pour l\u2019organisation de la grande conf\u00e9rence de 2013. Le document que vous me  ferez parvenir devrait comporter les informations suivantes\u00a0: <\/p>\n<ol start=\"1\" type=\"1\">\n<li>Les motifs de votre       int\u00e9r\u00eat pour la conf\u00e9rence en 2013 <\/li>\n<li>La pr\u00e9cision du th\u00e8me que       vous voulez explorer<\/li>\n<li>Les ressources financi\u00e8res       et humaines dont vous comptez b\u00e9n\u00e9ficier dans l\u2019organisation de la       rencontre et du festival <\/li>\n<\/ol>\n<p>La date limite de d\u00e9p\u00f4t des candidatures est le 19 d\u00e9cembre  2011. \u00a0Les r\u00e9ponses seront donn\u00e9es d\u00e8s le  15 janvier 2012. <\/p>\n<p>\u00a0<\/p>\n<h3>Les m\u00e9dias sociaux <\/h3>\n<p>Afin de vous donner la parole, AVICOM relance ses activit\u00e9s  sur <a href=\"https:\/\/www.facebook.com\/AvicomICOM\" target=\"_blank\">Facebook<\/a>, <a href=\"http:\/\/twitter.com\/#!\/FIAMP2012\" target=\"_blank\">Twitter<\/a> et <a href=\"http:\/\/www.linkedin.com\/groups\/AVICOM-4127476\" target=\"_blank\">LinkedIn<\/a>. Partagez donc vos points d\u2019int\u00e9r\u00eat.\u00a0 <\/p>\n<p>\u00a0<\/p>\n<h3>Les avantages \u00e0 \u00eatre membre d\u2019AVICOM<\/h3>\n<p>Comme Institution mus\u00e9ologique vous pouvez promouvoir votre  mus\u00e9e sur le nouveau site AVICOM. \u00c0 cet effet veuillez contacter <a href=\"mailto:jlapalme@museesmontreal.org\">Julie Lapalme<\/a>. <\/p>\n<p>\u00a0<\/p>\n<p>Manon Blanchette, Ph.D.<br \/> Pr\u00e9sidente d&#8217;AVICOM <\/p>\n<p> \t\t<!--  Text: [end] --> \t\t\t<\/div>\n<\/p><\/div>\n<div><!-- --><\/div>\n<p> \t\t<!--  Image block: [end] --> \t\t\t   \t<!--  \t\tBEGIN: Content of extension \"hpo_relatedlink\", plugin \"tx_hporelatedlink_pi1\"  \t--> \t<\/p>\n<div> \t\t \t<\/div>\n<p> \t \t<!-- END: Content of extension \"hpo_relatedlink\", plugin \"tx_hporelatedlink_pi1\" -->  \t<\/div>\n<p> \t<!--  CONTENT ELEMENT, uid:6043\/textpic [end] --> \t\t<!--TYPO3SEARCH_end--> <\/div>\n","protected":false},"excerpt":{"rendered":"<p>Montr\u00e9al le 28 septembre 2011 Bienvenue sur le nouveau site AVICOM Fortement inspir\u00e9 de l\u2019image de marque d\u2019ICOM, notre site se veut en constante \u00e9volution. Au fil du temps vous y puiserez des informations pr\u00e9cieuses sur les activit\u00e9s d\u2019AVICOM et sur l\u2019\u00e9tat de nos recherches. De nombreuses photographies vous d\u00e9criront \u00e9galement l\u2019atmosph\u00e8re qui r\u00e8gne dans [&hellip;]<\/p>\n","protected":false},"author":1,"featured_media":0,"parent":616,"menu_order":5,"comment_status":"closed","ping_status":"closed","template":"","meta":{"footnotes":""},"yst_prominent_words":[],"acf":[],"_links":{"self":[{"href":"https:\/\/avicom.mini.icom.museum\/fr\/wp-json\/wp\/v2\/pages\/976"}],"collection":[{"href":"https:\/\/avicom.mini.icom.museum\/fr\/wp-json\/wp\/v2\/pages"}],"about":[{"href":"https:\/\/avicom.mini.icom.museum\/fr\/wp-json\/wp\/v2\/types\/page"}],"author":[{"embeddable":true,"href":"https:\/\/avicom.mini.icom.museum\/fr\/wp-json\/wp\/v2\/users\/1"}],"replies":[{"embeddable":true,"href":"https:\/\/avicom.mini.icom.museum\/fr\/wp-json\/wp\/v2\/comments?post=976"}],"version-history":[{"count":1,"href":"https:\/\/avicom.mini.icom.museum\/fr\/wp-json\/wp\/v2\/pages\/976\/revisions"}],"predecessor-version":[{"id":2017,"href":"https:\/\/avicom.mini.icom.museum\/fr\/wp-json\/wp\/v2\/pages\/976\/revisions\/2017"}],"up":[{"embeddable":true,"href":"https:\/\/avicom.mini.icom.museum\/fr\/wp-json\/wp\/v2\/pages\/616"}],"wp:attachment":[{"href":"https:\/\/avicom.mini.icom.museum\/fr\/wp-json\/wp\/v2\/media?parent=976"}],"wp:term":[{"taxonomy":"yst_prominent_words","embeddable":true,"href":"https:\/\/avicom.mini.icom.museum\/fr\/wp-json\/wp\/v2\/yst_prominent_words?post=976"}],"curies":[{"name":"wp","href":"https:\/\/api.w.org\/{rel}","templated":true}]}}