{"id":982,"date":"2019-01-03T20:39:26","date_gmt":"2019-01-03T20:39:26","guid":{"rendered":"http:\/\/avicom.icom.cust.oxymium.net\/archives\/2011-2\/mot-de-la-presidente-10-juin-2011\/"},"modified":"2019-01-03T20:46:14","modified_gmt":"2019-01-03T20:46:14","slug":"mot-de-la-presidente-10-juin-2011","status":"publish","type":"page","link":"https:\/\/avicom.mini.icom.museum\/fr\/archives\/2011-2\/mot-de-la-presidente-10-juin-2011\/","title":{"rendered":"Mot de la pr\u00e9sidente : 10 juin 2011"},"content":{"rendered":"<div id=\"RTE_CONTENT\"> <!--TYPO3SEARCH_begin--> \t<!--  CONTENT ELEMENT, uid:5962\/textpic [begin] --> \t\t<\/p>\n<div id=\"c5962\"> \t\t<!--  Image block: [begin] --> \t\t\t<\/p>\n<div>\n<div><img decoding=\"async\" src=\"http:\/\/avicom.mini.icom.museum\/wp-content\/uploads\/sites\/3\/2019\/01\/Encart_Manon_Blanchette_11.jpg\" alt=\"\"><\/div>\n<div> \t\t<!--  Text: [begin] --> \t\t\t<\/p>\n<h4>Paris le 10 juin 2011<\/h4>\n<h2>Premi\u00e8re r\u00e9union du  nouveau Conseil d\u2019administration d\u2019AVICOM<\/h2>\n<p>Plusieurs membres du Conseil d\u2019administration d\u2019AVICOM se  sont d\u00e9plac\u00e9s aux bureaux d\u2019ICOM rue Prosp\u00e9ro pour participer \u00e0 la premi\u00e8re  r\u00e9union du conseil d\u2019administration d\u2019AVICOM . \u00c9taient alors pr\u00e9sents\u00a0:  Simona Caraceni (membre r\u00e9gulier, Italie), Janos Tari (secr\u00e9taire g\u00e9n\u00e9ral,  Hongrie) B\u00e9atrice Sauvignet (tr\u00e9sori\u00e8re, France), Marie-Fran\u00e7oise Delval (  membre coopt\u00e9, France) et Manon Blanchette (pr\u00e9sidente, Canada). <\/p>\n<p>Le <a href=\"http:\/\/avicom.icom.cust.oxymium.net\/activites\/reunions\/proces-verbal-8-juin-2011\/\" title=\"Opens internal link in current window\">proc\u00e8s verbal<\/a> de cette r\u00e9union sera rendu public d\u2019ici  quelques jours sur le site web d\u2019AVICOM. Je vous invite \u00e0 le consulter et \u00e0 me  faire part de votre point de vue. Le conseil d\u2019administration se rencontrera virtuellement et  physiquement plusieurs fois par ann\u00e9e. Des projets seront \u00e9labor\u00e9s et votre  collaboration sera sollicit\u00e9e.  <\/p>\n<h2>Rio de Janeiro 2013 <\/h2>\n<p>L\u2019organisation de la rencontre AVICOM \u00e0 Rio de Janeiro au  Br\u00e9sil a \u00e9t\u00e9 \u00e9voqu\u00e9e et nous devrions r\u00e9fl\u00e9chir d\u00e8s maintenant \u00e0 plusieurs  tables rondes. Je fais donc appel \u00e0 vous afin de proposer des conf\u00e9renciers,  vous-m\u00eame, ou d\u2019autres sp\u00e9cialistes de la question de l\u2019image et du son dans  les mus\u00e9es. Il faut garder \u00e0 l\u2019esprit que le th\u00e8me de la Conf\u00e9rence g\u00e9n\u00e9rale  2013 est\u00a0: <b>\u00ab\u00a0Les Mus\u00e9es (m\u00e9moire  + cr\u00e9ativit\u00e9 = changement social)\u00a0\u00bb.<\/b> <\/p>\n<h2>Montr\u00e9al 2012 <\/h2>\n<p>De plus, \u00e0 l\u2019automne 2012, la r\u00e9union d\u2019AVICOM se tiendra \u00e0  Montr\u00e9al.\u00a0 Le th\u00e8me choisi est\u00a0: <b>Le d\u00e9veloppement des technologies et la naissance  de nouveaux m\u00e9tiers de la mus\u00e9ologie. <\/b>Je vous invite \u00e0 soumettre vos  recherches sur cette question afin que l\u2019on puisse pr\u00e9parer une r\u00e9union  stimulante pour tous. \u00c0 cette occasion le festival FIAMP reprendra son envol  apr\u00e8s une courte pause en 2011. Restez en contact avec nous afin de conna\u00eetre  le moment o\u00f9 vous devrez nous faire parvenir vos documents audio-visuels et  num\u00e9riques.\u00a0 Consultez donc notre <a href=\"http:\/\/avicom.icom.cust.oxymium.net\/fiamp\/presentation\/\" title=\"Opens internal link in current window\">site  web<\/a> r\u00e9guli\u00e8rement.  <\/p>\n<h2>Vos recherches sur le  site web d\u2019AVICOM<\/h2>\n<p>Enfin, le site web d\u2019AVICOM doit refl\u00e9ter votre implication.  Aussi, afin que tous b\u00e9n\u00e9ficient de l\u2019action de chacun vous \u00eates invit\u00e9s \u00e0 nous  faire parvenir des nouvelles qui concernent vos recherches, vos publications  voire les conf\u00e9rences que vous donnez sur des questions qui entourent les  pr\u00e9occupations d\u2019AVICOM.  <\/p>\n<p>     Manon Blanchette Ph.D.<br \/> Pr\u00e9sident d&#8217;AVICOM <\/p>\n<p> \t\t<!--  Text: [end] --> \t\t\t<\/div>\n<\/p><\/div>\n<div><!-- --><\/div>\n<p> \t\t<!--  Image block: [end] --> \t\t\t   \t<!--  \t\tBEGIN: Content of extension \"hpo_relatedlink\", plugin \"tx_hporelatedlink_pi1\"  \t--> \t<\/p>\n<div> \t\t \t<\/div>\n<p> \t \t<!-- END: Content of extension \"hpo_relatedlink\", plugin \"tx_hporelatedlink_pi1\" -->  \t<\/div>\n<p> \t<!--  CONTENT ELEMENT, uid:5962\/textpic [end] --> \t\t<!--TYPO3SEARCH_end--> <\/div>\n","protected":false},"excerpt":{"rendered":"<p>Paris le 10 juin 2011 Premi\u00e8re r\u00e9union du nouveau Conseil d\u2019administration d\u2019AVICOM Plusieurs membres du Conseil d\u2019administration d\u2019AVICOM se sont d\u00e9plac\u00e9s aux bureaux d\u2019ICOM rue Prosp\u00e9ro pour participer \u00e0 la premi\u00e8re r\u00e9union du conseil d\u2019administration d\u2019AVICOM . \u00c9taient alors pr\u00e9sents\u00a0: Simona Caraceni (membre r\u00e9gulier, Italie), Janos Tari (secr\u00e9taire g\u00e9n\u00e9ral, Hongrie) B\u00e9atrice Sauvignet (tr\u00e9sori\u00e8re, France), Marie-Fran\u00e7oise [&hellip;]<\/p>\n","protected":false},"author":1,"featured_media":0,"parent":616,"menu_order":6,"comment_status":"closed","ping_status":"closed","template":"","meta":{"footnotes":""},"yst_prominent_words":[],"acf":[],"_links":{"self":[{"href":"https:\/\/avicom.mini.icom.museum\/fr\/wp-json\/wp\/v2\/pages\/982"}],"collection":[{"href":"https:\/\/avicom.mini.icom.museum\/fr\/wp-json\/wp\/v2\/pages"}],"about":[{"href":"https:\/\/avicom.mini.icom.museum\/fr\/wp-json\/wp\/v2\/types\/page"}],"author":[{"embeddable":true,"href":"https:\/\/avicom.mini.icom.museum\/fr\/wp-json\/wp\/v2\/users\/1"}],"replies":[{"embeddable":true,"href":"https:\/\/avicom.mini.icom.museum\/fr\/wp-json\/wp\/v2\/comments?post=982"}],"version-history":[{"count":1,"href":"https:\/\/avicom.mini.icom.museum\/fr\/wp-json\/wp\/v2\/pages\/982\/revisions"}],"predecessor-version":[{"id":2016,"href":"https:\/\/avicom.mini.icom.museum\/fr\/wp-json\/wp\/v2\/pages\/982\/revisions\/2016"}],"up":[{"embeddable":true,"href":"https:\/\/avicom.mini.icom.museum\/fr\/wp-json\/wp\/v2\/pages\/616"}],"wp:attachment":[{"href":"https:\/\/avicom.mini.icom.museum\/fr\/wp-json\/wp\/v2\/media?parent=982"}],"wp:term":[{"taxonomy":"yst_prominent_words","embeddable":true,"href":"https:\/\/avicom.mini.icom.museum\/fr\/wp-json\/wp\/v2\/yst_prominent_words?post=982"}],"curies":[{"name":"wp","href":"https:\/\/api.w.org\/{rel}","templated":true}]}}