{"id":988,"date":"2019-01-03T20:39:29","date_gmt":"2019-01-03T20:39:29","guid":{"rendered":"http:\/\/avicom.icom.cust.oxymium.net\/archives\/2011-2\/mot-de-la-presidente-26-avril-2011\/"},"modified":"2019-01-03T20:46:14","modified_gmt":"2019-01-03T20:46:14","slug":"mot-de-la-presidente-26-avril-2011","status":"publish","type":"page","link":"https:\/\/avicom.mini.icom.museum\/fr\/archives\/2011-2\/mot-de-la-presidente-26-avril-2011\/","title":{"rendered":"Mot de la pr\u00e9sidente : 26 avril 2011"},"content":{"rendered":"<div id=\"RTE_CONTENT\"> <!--TYPO3SEARCH_begin--> \t<!--  CONTENT ELEMENT, uid:5939\/textpic [begin] --> \t\t<\/p>\n<div id=\"c5939\"> \t\t<!--  Image block: [begin] --> \t\t\t<\/p>\n<div>\n<div><img decoding=\"async\" src=\"http:\/\/avicom.mini.icom.museum\/wp-content\/uploads\/sites\/3\/2019\/01\/Encart_Manon_Blanchette_07.jpg\" alt=\"\"><\/div>\n<div> \t\t<!--  Text: [begin] --> \t\t\t<\/p>\n<h4>Montr\u00e9al le 26 avril 2011<\/h4>\n<h2>Au Pr\u00e9sident de ICAMT, Dr Stephen Cannon-Brookes<\/h2>\n<p>Chers coll\u00e8gues,<\/p>\n<p> J\u2019accuse r\u00e9ception de la lettre de Dr Stephen Cannon-Brookes, pr\u00e9sident de ICAMT. <\/p>\n<p> Si je remercie Dr Cannon-Brookes de m\u2019avoir fait parvenir ce document, \u00e0 titre de pr\u00e9sidente d\u2019AVICOM et de nouvelle pr\u00e9sidente de ICOM Canada, je suis d\u00e9sol\u00e9e de vous signifier qu\u2019il m\u2019est impossible d\u2019adh\u00e9rer \u00e0 cette lettre et aux objectifs qu&#8217;elle contient.<\/p>\n<p> Plusieurs raisons motivent ma position.\u00a0 Vous comprendrez d\u2019abord que, selon moi, d\u2019opposer les comit\u00e9s internationaux aux comit\u00e9s nationaux ne me semble pas une m\u00e9thode constructive.\u00a0 En ce qui concerne l\u2019apport intellectuel des comit\u00e9s internationaux ou ce que vous appeler une contribution majeure, il me semble que tant les comit\u00e9s internationaux que nationaux apportent une participation valable \u00e0 ICOM.\u00a0 Votre proposition tente de hi\u00e9rarchiser les deux types de comit\u00e9s. \u00c0 mon avis cela se ferait au d\u00e9triment de l\u2019implication des membres des comit\u00e9s nationaux. Dans chacun des pays, des b\u00e9n\u00e9voles travaillent \u00e0 faire conna\u00eetre l\u2019ICOM aupr\u00e8s de leurs coll\u00e8gues. J\u2019imagine mal des comit\u00e9s internationaux qui feraient la promotion de l\u2019ensemble des activit\u00e9s possible aupr\u00e8s des diff\u00e9rents comit\u00e9s. Les comit\u00e9s nationaux assurent une certaine objectivit\u00e9.<\/p>\n<p> Je comprends que les comit\u00e9s internationaux souhaitent obtenir deux choses bien distinctes. D\u2019une part, plus de moyens financiers et d\u2019autre part un acc\u00e8s direct au Comit\u00e9 ex\u00e9cutif d\u2019ICOM. Si je consid\u00e8re qu\u2019ICOM et ses comit\u00e9s nationaux et internationaux ont besoin de moyens financiers accrus, je vous ferai remarquer que la r\u00e9flexion sur le plan d\u2019action 2011-2013 auquel j\u2019ai eu le plaisir de participer \u00e0 Shanghai faisait \u00e9tat de ce besoin. Il me semble qu\u2019il faut donner la chance \u00e0 ICOM de mettre en place ce nouveau plan avant de prendre une position qui, bien que respectueuse, me semble hi\u00e9rarchiser les deux types de comit\u00e9s. <\/p>\n<p> En ce qui concerne le canal privil\u00e9gi\u00e9 que vous souhaitez mettre en place, il ne me semble pas n\u00e9cessaire.\u00a0 Sauf erreur de ma part, les comit\u00e9s internationaux ont r\u00e9guli\u00e8rement acc\u00e8s au bureau d\u2019ICOM. J\u2019ai moi-m\u00eame pass\u00e9 plusieurs heures avec le directeur d\u2019ICOM\u00a0 en janvier afin de l\u2019informer des nouveaux projets que nous ch\u00e9rissons \u00e0 AVICOM. Mettre en place un autre structure de liaison ne me semble pas souhaitable d\u2019autant qu\u2019elle fonctionnariserait et augmenterait encore la gestion de cette immense structure qu\u2019est ICOM. Dans votre lettre vous parl\u00e9 de p\u00e9naliser les comit\u00e9s internationaux. J\u2019ajoute avant de conclure que cette p\u00e9nalit\u00e9 \u00e9tait due \u00e0 un manque de fonds, si ma m\u00e9moire est bonne. Un manque de fonds peut tr\u00e8s bien survenir dans une entreprise comme celle d\u2019ICOM car sa stabilit\u00e9 financi\u00e8re repose sur des apports parfois instables \u00e0 cause d\u2019un climat \u00e9conomique changeant.\u00a0 \u00c0 titre d\u2019exemple le Conseil des arts du Canada o\u00f9 j\u2019ai eu la chance de si\u00e9ger comme membre du conseil d\u2019administration pendant 3 ans a v\u00e9cu la m\u00eame situation par rapport \u00e0 la fluctuation de la valeur des devises \u00e9trang\u00e8res. <br \/> \u00a0<br \/> Cela dit, Je trouve que l\u2019intention de votre lettre en louable dans la mesure o\u00f9 elle sugg\u00e8re une meilleure communication entre les comit\u00e9s et les membres du Conseil d\u2019administration.<\/p>\n<p> Sur cette question, j\u2019adh\u00e8re \u00e0 votre position. Il me semble cependant que cette communication est d\u00e9j\u00e0 tr\u00e8s formelle lors des r\u00e9unions du comit\u00e9 consultatif qu\u2019il n\u2019est pas souhaitable de formaliser d\u2019avantage le flux d\u2019informations surtout que ce vous sugg\u00e9rez aurait comme cons\u00e9quence d\u2019opposer les comit\u00e9s internationaux aux comit\u00e9s nationaux.<\/p>\n<p> En esp\u00e9rant que cette note apportera un point de discussion \u00e0 votre lettre, je vous prie d\u2019accepter me sentiments distingu\u00e9s.<\/p>\n<p> Manon Blanchette Ph.D.<br \/> Pr\u00e9sidente AVICOM<br \/> Pr\u00e9sidente ICOM Canada\u00a0<\/p>\n<p> \t\t<!--  Text: [end] --> \t\t\t<\/div>\n<\/p><\/div>\n<div><!-- --><\/div>\n<p> \t\t<!--  Image block: [end] --> \t\t\t   \t<!--  \t\tBEGIN: Content of extension \"hpo_relatedlink\", plugin \"tx_hporelatedlink_pi1\"  \t--> \t<\/p>\n<div> \t\t \t<\/div>\n<p> \t \t<!-- END: Content of extension \"hpo_relatedlink\", plugin \"tx_hporelatedlink_pi1\" -->  \t<\/div>\n<p> \t<!--  CONTENT ELEMENT, uid:5939\/textpic [end] --> \t\t<!--TYPO3SEARCH_end--> <\/div>\n","protected":false},"excerpt":{"rendered":"<p>Montr\u00e9al le 26 avril 2011 Au Pr\u00e9sident de ICAMT, Dr Stephen Cannon-Brookes Chers coll\u00e8gues, J\u2019accuse r\u00e9ception de la lettre de Dr Stephen Cannon-Brookes, pr\u00e9sident de ICAMT. Si je remercie Dr Cannon-Brookes de m\u2019avoir fait parvenir ce document, \u00e0 titre de pr\u00e9sidente d\u2019AVICOM et de nouvelle pr\u00e9sidente de ICOM Canada, je suis d\u00e9sol\u00e9e de vous signifier [&hellip;]<\/p>\n","protected":false},"author":1,"featured_media":0,"parent":616,"menu_order":7,"comment_status":"closed","ping_status":"closed","template":"","meta":{"footnotes":""},"yst_prominent_words":[],"acf":[],"_links":{"self":[{"href":"https:\/\/avicom.mini.icom.museum\/fr\/wp-json\/wp\/v2\/pages\/988"}],"collection":[{"href":"https:\/\/avicom.mini.icom.museum\/fr\/wp-json\/wp\/v2\/pages"}],"about":[{"href":"https:\/\/avicom.mini.icom.museum\/fr\/wp-json\/wp\/v2\/types\/page"}],"author":[{"embeddable":true,"href":"https:\/\/avicom.mini.icom.museum\/fr\/wp-json\/wp\/v2\/users\/1"}],"replies":[{"embeddable":true,"href":"https:\/\/avicom.mini.icom.museum\/fr\/wp-json\/wp\/v2\/comments?post=988"}],"version-history":[{"count":1,"href":"https:\/\/avicom.mini.icom.museum\/fr\/wp-json\/wp\/v2\/pages\/988\/revisions"}],"predecessor-version":[{"id":2015,"href":"https:\/\/avicom.mini.icom.museum\/fr\/wp-json\/wp\/v2\/pages\/988\/revisions\/2015"}],"up":[{"embeddable":true,"href":"https:\/\/avicom.mini.icom.museum\/fr\/wp-json\/wp\/v2\/pages\/616"}],"wp:attachment":[{"href":"https:\/\/avicom.mini.icom.museum\/fr\/wp-json\/wp\/v2\/media?parent=988"}],"wp:term":[{"taxonomy":"yst_prominent_words","embeddable":true,"href":"https:\/\/avicom.mini.icom.museum\/fr\/wp-json\/wp\/v2\/yst_prominent_words?post=988"}],"curies":[{"name":"wp","href":"https:\/\/api.w.org\/{rel}","templated":true}]}}